{"id":1469,"date":"2013-05-10T15:20:59","date_gmt":"2013-05-10T15:20:59","guid":{"rendered":"https:\/\/webs.uab.cat\/cedid\/formacio-0\/"},"modified":"2022-12-13T14:25:50","modified_gmt":"2022-12-13T14:25:50","slug":"formacio-0","status":"publish","type":"page","link":"https:\/\/webs.uab.cat\/cedid\/formacio-0\/","title":{"rendered":"Formaci\u00f3"},"content":{"rendered":"\n<p><a href=\"https:\/\/webs.uab.cat\/cedid\/tesis-doctorals\/\" data-type=\"page\" data-id=\"295\">Tesis doctorals<\/a><\/p>\n\n\n\n<p><a href=\"https:\/\/webs.uab.cat\/cedid\/jornades-dactualitzacio-cientifica-i-didactica-0\/\">Jornades d&#8217;Actualizaci\u00f3 Cient\u00edfica i Did\u00e0ctica<\/a><\/p>\n\n\n\n<p><a href=\"https:\/\/webs.uab.cat\/cedid\/programa-argo\/\" data-type=\"page\" data-id=\"1016\">Programa Arg\u00f3<\/a><\/p>\n","protected":false},"excerpt":{"rendered":"<p>Tesis doctorals Jornades d&#8217;Actualizaci\u00f3 Cient\u00edfica i Did\u00e0ctica Programa Arg\u00f3<\/p>\n","protected":false},"author":20,"featured_media":0,"parent":0,"menu_order":0,"comment_status":"closed","ping_status":"closed","template":"","meta":{"footnotes":""},"class_list":["post-1469","page","type-page","status-publish","hentry"],"_links":{"self":[{"href":"https:\/\/webs.uab.cat\/cedid\/wp-json\/wp\/v2\/pages\/1469","targetHints":{"allow":["GET"]}}],"collection":[{"href":"https:\/\/webs.uab.cat\/cedid\/wp-json\/wp\/v2\/pages"}],"about":[{"href":"https:\/\/webs.uab.cat\/cedid\/wp-json\/wp\/v2\/types\/page"}],"author":[{"embeddable":true,"href":"https:\/\/webs.uab.cat\/cedid\/wp-json\/wp\/v2\/users\/20"}],"replies":[{"embeddable":true,"href":"https:\/\/webs.uab.cat\/cedid\/wp-json\/wp\/v2\/comments?post=1469"}],"version-history":[{"count":2,"href":"https:\/\/webs.uab.cat\/cedid\/wp-json\/wp\/v2\/pages\/1469\/revisions"}],"predecessor-version":[{"id":6238,"href":"https:\/\/webs.uab.cat\/cedid\/wp-json\/wp\/v2\/pages\/1469\/revisions\/6238"}],"wp:attachment":[{"href":"https:\/\/webs.uab.cat\/cedid\/wp-json\/wp\/v2\/media?parent=1469"}],"curies":[{"name":"wp","href":"https:\/\/api.w.org\/{rel}","templated":true}]}}