{"id":1810,"date":"2013-05-16T17:49:06","date_gmt":"2013-05-16T17:49:06","guid":{"rendered":"https:\/\/webs.uab.cat\/cedid\/catalunya-durant-el-franquisme\/"},"modified":"2025-02-20T17:26:37","modified_gmt":"2025-02-20T17:26:37","slug":"catalunya-durant-el-franquisme","status":"publish","type":"page","link":"https:\/\/webs.uab.cat\/cedid\/catalunya-durant-el-franquisme\/","title":{"rendered":"Catalunya durant el franquisme"},"content":{"rendered":"\n<p>La Base de Dades Catalunya durant el franquisme, elaborada pel CEFID amb la participaci\u00f3 d&#8217;un centenar d&#8217;especialistes en el per\u00edode, agrupa m\u00e9s de 700 registres sobre organitzacions, institucions, biografies, fen\u00f2mens i esdeveniments viscuts durant el per\u00edode franquista a Catalunya. El seu disseny t\u00e8cnic permet cerques per paraules clau generals (qualsevol paraula que contingui la base de dades), t\u00edtol de l&#8217;entrada, per organitzacions (Moviment Socialista de Catalunya, Confraria de la Mare de D\u00e9u de Montserrat, etc.), noms (Raimon, Merc\u00e8 Rodoreda, etc.), descriptors tem\u00e0tics (per ex: organitzaci\u00f3 social, repressi\u00f3, pres\u00f3, escriptor, etc.), fen\u00f2mens (Escola de Barcelona, Novel\u00b7la a l&#8217;exili, etc.) o esdeveniments (Visites de Franco a Catalunya, Caputxinada, etc.) i per la conjunci\u00f3 de diferents vectors de cerca. Des del 2006 est\u00e0 a disposici\u00f3 dels investigadors del per\u00edode franquista, com a eina de suport a les seves recerques, i del p\u00fablic en general interessat en el coneixement d&#8217;aquest per\u00edode de la hist\u00f2ria de Catalunya.<\/p>\n\n\n\n<p><a href=\"http:\/\/sibhilla.uab.cat\/cefid\/wfran\/form.htm\" target=\"_blank\" rel=\"noreferrer noopener\">Acc\u00e9s a la base de dades<\/a><\/p>\n\n\n\n<div class=\"wp-block-media-text alignwide is-stacked-on-mobile\" style=\"grid-template-columns:20% auto\"><figure class=\"wp-block-media-text__media\"><img loading=\"lazy\" decoding=\"async\" width=\"702\" height=\"1024\" src=\"https:\/\/webs.uab.cat\/cedid\/wp-content\/uploads\/sites\/151\/2023\/05\/81ev0lxBfjL-702x1024.jpg\" alt=\"\" class=\"wp-image-7033 size-full\" srcset=\"https:\/\/webs.uab.cat\/cedid\/wp-content\/uploads\/sites\/151\/2023\/05\/81ev0lxBfjL-702x1024.jpg 702w, https:\/\/webs.uab.cat\/cedid\/wp-content\/uploads\/sites\/151\/2023\/05\/81ev0lxBfjL-206x300.jpg 206w, https:\/\/webs.uab.cat\/cedid\/wp-content\/uploads\/sites\/151\/2023\/05\/81ev0lxBfjL-768x1120.jpg 768w, https:\/\/webs.uab.cat\/cedid\/wp-content\/uploads\/sites\/151\/2023\/05\/81ev0lxBfjL-1053x1536.jpg 1053w, https:\/\/webs.uab.cat\/cedid\/wp-content\/uploads\/sites\/151\/2023\/05\/81ev0lxBfjL.jpg 1085w\" sizes=\"auto, (max-width: 702px) 100vw, 702px\" \/><\/figure><div class=\"wp-block-media-text__content\">\n<p><strong>Diversos Autors, <em>Catalunya durant el franquisme. Diccionari<\/em> (Molinero, Carme, Aznar Soler, Manuel, Baras, Montserrat, Campillo Maria, Mar\u00edn, Mart\u00ed, Riquer, Borja de, Vilanova, Francesc, Ys\u00e0s, Pere dirs.), Barcelona, Eumo, 2006.<\/strong><\/p>\n\n\n\n<p>El diccionari sobre franquisme \u00e9s la primera obra col\u00b7lectiva del CEFID, constituint una aportaci\u00f3 valuosa i un instrument \u00fatil tant pels especialistes sobre franquisme, at\u00e8s que recull les definicions m\u00e9s importants sobre personatges, entitats, fets i activitats relatives al franquisme a Catalunya, com per tot aquell p\u00fablic m\u00e9s general que es vulgui aproximar a la realitat d&#8217;aquest per\u00edode.<\/p>\n<\/div><\/div>\n","protected":false},"excerpt":{"rendered":"<p>La Base de Dades Catalunya durant el franquisme, elaborada pel CEFID amb la participaci\u00f3 d&#8217;un centenar d&#8217;especialistes en el per\u00edode, agrupa m\u00e9s de 700 registres sobre organitzacions, institucions, biografies, fen\u00f2mens i esdeveniments viscuts durant el per\u00edode franquista a Catalunya. El seu disseny t\u00e8cnic permet cerques per paraules clau generals (qualsevol paraula que contingui la base [&hellip;]<\/p>\n","protected":false},"author":20,"featured_media":0,"parent":0,"menu_order":0,"comment_status":"closed","ping_status":"closed","template":"","meta":{"footnotes":""},"class_list":["post-1810","page","type-page","status-publish","hentry"],"_links":{"self":[{"href":"https:\/\/webs.uab.cat\/cedid\/wp-json\/wp\/v2\/pages\/1810","targetHints":{"allow":["GET"]}}],"collection":[{"href":"https:\/\/webs.uab.cat\/cedid\/wp-json\/wp\/v2\/pages"}],"about":[{"href":"https:\/\/webs.uab.cat\/cedid\/wp-json\/wp\/v2\/types\/page"}],"author":[{"embeddable":true,"href":"https:\/\/webs.uab.cat\/cedid\/wp-json\/wp\/v2\/users\/20"}],"replies":[{"embeddable":true,"href":"https:\/\/webs.uab.cat\/cedid\/wp-json\/wp\/v2\/comments?post=1810"}],"version-history":[{"count":4,"href":"https:\/\/webs.uab.cat\/cedid\/wp-json\/wp\/v2\/pages\/1810\/revisions"}],"predecessor-version":[{"id":9306,"href":"https:\/\/webs.uab.cat\/cedid\/wp-json\/wp\/v2\/pages\/1810\/revisions\/9306"}],"wp:attachment":[{"href":"https:\/\/webs.uab.cat\/cedid\/wp-json\/wp\/v2\/media?parent=1810"}],"curies":[{"name":"wp","href":"https:\/\/api.w.org\/{rel}","templated":true}]}}