{"id":1816,"date":"2013-05-24T17:40:14","date_gmt":"2013-05-24T17:40:14","guid":{"rendered":"https:\/\/webs.uab.cat\/cedid\/sibhilla\/"},"modified":"2013-05-24T17:40:14","modified_gmt":"2013-05-24T17:40:14","slug":"sibhilla","status":"publish","type":"page","link":"https:\/\/webs.uab.cat\/cedid\/sibhilla\/","title":{"rendered":"SIBHIL\u00b7LA"},"content":{"rendered":"<p align=\"justify\"><a href=\"http:\/\/sct.uab.cat\/sibhilla\/content\/presentaci%C3%B3\" target=\"_blank\" rel=\"noopener\">SIBHIL\u00b7LA<\/a> \u00e9s el nou servei cient\u00edficot\u00e8cnic de la UAB que neix amb la voluntat de difondre el fons documental bibliogr\u00e0fic m\u00e9s complet sobre la hist\u00f2ria de Catalunya i la llengua i literatura catalanes. \u00c9s responsable dels productes, projectes i serveis de l&#8217;antic <a href=\"http:\/\/sct.uab.cat\/sibhilla\/content\/antic-sdhlc\" target=\"_blank\" rel=\"noopener\">Servei de Documentaci\u00f3 d\u2019Hist\u00f2ria Local de Catalunya (SDHLC)<\/a>, com la gesti\u00f3, manteniment i difusi\u00f3 del <a href=\"http:\/\/sibhilla.uab.cat\/fonshl\" target=\"_blank\" rel=\"noopener\">Fons d&#8217;Hist\u00f2ria Local de Catalunya<\/a>, base de dades bibliogr\u00e0fica d\u2019hist\u00f2ria de Catalunya, cat\u00e0leg bibliogr\u00e0fic d\u2019acc\u00e9s p\u00fablic i gratu\u00eft sobre hist\u00f2ria de Catalunya i que cont\u00e9 m\u00e9s de 138.000 refer\u00e8ncies bibliogr\u00e0fiques.<\/p>\n<p align=\"justify\"><a href=\"mailto:sibhilla@uab.cat\">sibhilla@uab.cat<\/a><\/p>\n","protected":false},"excerpt":{"rendered":"<p>SIBHIL\u00b7LA \u00e9s el nou servei cient\u00edficot\u00e8cnic de la UAB que neix amb la voluntat de difondre el fons documental bibliogr\u00e0fic m\u00e9s complet sobre la hist\u00f2ria de Catalunya i la llengua i literatura catalanes. \u00c9s responsable dels productes, projectes i serveis de l&#8217;antic Servei de Documentaci\u00f3 d\u2019Hist\u00f2ria Local de Catalunya (SDHLC), com la gesti\u00f3, manteniment i [&hellip;]<\/p>\n","protected":false},"author":20,"featured_media":0,"parent":0,"menu_order":0,"comment_status":"closed","ping_status":"closed","template":"","meta":{"footnotes":""},"class_list":["post-1816","page","type-page","status-publish","hentry"],"_links":{"self":[{"href":"https:\/\/webs.uab.cat\/cedid\/wp-json\/wp\/v2\/pages\/1816","targetHints":{"allow":["GET"]}}],"collection":[{"href":"https:\/\/webs.uab.cat\/cedid\/wp-json\/wp\/v2\/pages"}],"about":[{"href":"https:\/\/webs.uab.cat\/cedid\/wp-json\/wp\/v2\/types\/page"}],"author":[{"embeddable":true,"href":"https:\/\/webs.uab.cat\/cedid\/wp-json\/wp\/v2\/users\/20"}],"replies":[{"embeddable":true,"href":"https:\/\/webs.uab.cat\/cedid\/wp-json\/wp\/v2\/comments?post=1816"}],"version-history":[{"count":0,"href":"https:\/\/webs.uab.cat\/cedid\/wp-json\/wp\/v2\/pages\/1816\/revisions"}],"wp:attachment":[{"href":"https:\/\/webs.uab.cat\/cedid\/wp-json\/wp\/v2\/media?parent=1816"}],"curies":[{"name":"wp","href":"https:\/\/api.w.org\/{rel}","templated":true}]}}