{"id":1986,"date":"2016-11-02T13:16:18","date_gmt":"2016-11-02T13:16:18","guid":{"rendered":"https:\/\/webs.uab.cat\/cedid\/grup-de-recerca-en-historia-actual-greha\/"},"modified":"2016-11-02T13:16:18","modified_gmt":"2016-11-02T13:16:18","slug":"grup-de-recerca-en-historia-actual-greha","status":"publish","type":"page","link":"https:\/\/webs.uab.cat\/cedid\/grup-de-recerca-en-historia-actual-greha\/","title":{"rendered":"Grup de Recerca en Hist\u00f2ria Actual (GReHA)"},"content":{"rendered":"<p align=\"justify\">El <strong>Grup de Recerca en Hist\u00f2ria Actual<\/strong>, actualment SGR 956 (2014), \u00e9s el de m\u00e9s recent creaci\u00f3 dins l&#8217;\u00e0mbit del <a href=\"http:\/\/www.uab.cat\/departament\/historia-moderna-contemporania\/\" target=\"_blank\" rel=\"noopener\">Departament d&#8217;Hist\u00f2ria Contempor\u00e0nia de la UAB<\/a>. Degut a aix\u00f2, incorpora alguns elements distintius nous. El grup, per exemple, t\u00e9 blog propi, dissenyat per mantenir les seves publicacions i materials, o establir relacions directes amb institucions afins en altres universitats.<br \/> Tamb\u00e9 compta amb una revista pr\u00f2pia, publicada pel Servei de Revistes Digitals de la UAB: <a href=\"http:\/\/revistes.uab.cat\/tdevorado\" target=\"_blank\" rel=\"noopener\">Tiempo devorado<\/a>, que de moment publica tres n\u00fameros a l&#8217;any amb articles en catal\u00e0, castell\u00e0 i angl\u00e8s. Com a complement de la publicaci\u00f3 regular de <em>Tiempo devorado<\/em> i com a repositori de documentataci\u00f3 hemerogr\u00e0fica i \u00e0mbit de noves propostes de recerca i publicaci\u00f3, s&#8217;ha posat en marxa un bloc espec\u00edfic.<br \/> D\u2019altra banda, el <strong>GReHA<\/strong> incorpora a professors i investigadors d&#8217;altres facultats i fins i tot d&#8217;universitats estrangeres. At\u00e9s el recurs a fonts vives que utilitza la Hist\u00f2ria Actual, resulta de gran utilitat el recurs als estudis interdisciplinaris.<\/p>\n<p><a href=\"http:\/\/www.uab.cat\/web\/la-recerca\/greha-1293090778021.html\" target=\"_blank\" rel=\"noopener\">M\u00e9s informaci\u00f3<\/a>&nbsp;<br \/><a href=\"http:\/\/revistes.uab.cat\/tdevorado\" target=\"_blank\" rel=\"noopener\">Tiempo devorado<\/a>&nbsp;<br \/><a href=\"https:\/\/tiempodevorado.wordpress.com\/\" target=\"_blank\" rel=\"noopener\">Tiempo devorado, el blog<\/a><br \/><a href=\"https:\/\/greha.wordpress.com\/\" target=\"_blank\" rel=\"noopener\">Blog del GReHA<\/a><\/p>\n","protected":false},"excerpt":{"rendered":"<p>El Grup de Recerca en Hist\u00f2ria Actual, actualment SGR 956 (2014), \u00e9s el de m\u00e9s recent creaci\u00f3 dins l&#8217;\u00e0mbit del Departament d&#8217;Hist\u00f2ria Contempor\u00e0nia de la UAB. Degut a aix\u00f2, incorpora alguns elements distintius nous. El grup, per exemple, t\u00e9 blog propi, dissenyat per mantenir les seves publicacions i materials, o establir relacions directes amb institucions [&hellip;]<\/p>\n","protected":false},"author":20,"featured_media":0,"parent":0,"menu_order":0,"comment_status":"closed","ping_status":"closed","template":"","meta":{"footnotes":""},"class_list":["post-1986","page","type-page","status-publish","hentry"],"_links":{"self":[{"href":"https:\/\/webs.uab.cat\/cedid\/wp-json\/wp\/v2\/pages\/1986","targetHints":{"allow":["GET"]}}],"collection":[{"href":"https:\/\/webs.uab.cat\/cedid\/wp-json\/wp\/v2\/pages"}],"about":[{"href":"https:\/\/webs.uab.cat\/cedid\/wp-json\/wp\/v2\/types\/page"}],"author":[{"embeddable":true,"href":"https:\/\/webs.uab.cat\/cedid\/wp-json\/wp\/v2\/users\/20"}],"replies":[{"embeddable":true,"href":"https:\/\/webs.uab.cat\/cedid\/wp-json\/wp\/v2\/comments?post=1986"}],"version-history":[{"count":0,"href":"https:\/\/webs.uab.cat\/cedid\/wp-json\/wp\/v2\/pages\/1986\/revisions"}],"wp:attachment":[{"href":"https:\/\/webs.uab.cat\/cedid\/wp-json\/wp\/v2\/media?parent=1986"}],"curies":[{"name":"wp","href":"https:\/\/api.w.org\/{rel}","templated":true}]}}