{"id":2170,"date":"2017-02-09T13:39:03","date_gmt":"2017-02-09T13:39:03","guid":{"rendered":"https:\/\/webs.uab.cat\/cedid\/greha\/"},"modified":"2025-01-29T10:18:37","modified_gmt":"2025-01-29T10:18:37","slug":"greha","status":"publish","type":"page","link":"https:\/\/webs.uab.cat\/cedid\/greha\/","title":{"rendered":"GReHA"},"content":{"rendered":"\n<p><\/p>\n\n\n\n<p><\/p>\n\n\n\n<div class=\"wp-block-media-text alignwide is-stacked-on-mobile\" style=\"grid-template-columns:20% auto\"><figure class=\"wp-block-media-text__media\"><img loading=\"lazy\" decoding=\"async\" width=\"768\" height=\"1024\" src=\"https:\/\/webs.uab.cat\/cedid\/wp-content\/uploads\/sites\/151\/2025\/01\/GReDD-GReHA_20250121-768x1024.png\" alt=\"\" class=\"wp-image-8906 size-full\" srcset=\"https:\/\/webs.uab.cat\/cedid\/wp-content\/uploads\/sites\/151\/2025\/01\/GReDD-GReHA_20250121-768x1024.png 768w, https:\/\/webs.uab.cat\/cedid\/wp-content\/uploads\/sites\/151\/2025\/01\/GReDD-GReHA_20250121-225x300.png 225w, https:\/\/webs.uab.cat\/cedid\/wp-content\/uploads\/sites\/151\/2025\/01\/GReDD-GReHA_20250121-1152x1536.png 1152w, https:\/\/webs.uab.cat\/cedid\/wp-content\/uploads\/sites\/151\/2025\/01\/GReDD-GReHA_20250121-1200x1600.png 1200w, https:\/\/webs.uab.cat\/cedid\/wp-content\/uploads\/sites\/151\/2025\/01\/GReDD-GReHA_20250121.png 1280w\" sizes=\"auto, (max-width: 768px) 100vw, 768px\" \/><\/figure><div class=\"wp-block-media-text__content\">\n<p class=\"has-normal-font-size\"><span style=\"text-decoration: underline\">Seminari conjunt GReDD-GReHA<\/span><\/p>\n\n\n\n<p class=\"has-normal-font-size\"><strong>Conflictos modernos y desmovilizaci\u00f3n: la construcci\u00f3n de la cultura del veterano de guerra en el mundo actual (1965-2021)<\/strong><\/p>\n\n\n\n<p class=\"has-normal-font-size\">A c\u00e0rrec d&#8217;Albert Soler Ruda (UAB)<\/p>\n\n\n\n<p class=\"has-normal-font-size\">Data: 21 de gener de 2025<\/p>\n\n\n\n<p><\/p>\n<\/div><\/div>\n\n\n\n<hr class=\"wp-block-separator has-alpha-channel-opacity\" \/>\n\n\n\n<div class=\"wp-block-media-text alignwide is-stacked-on-mobile\" style=\"grid-template-columns:20% auto\"><figure class=\"wp-block-media-text__media\"><img loading=\"lazy\" decoding=\"async\" width=\"768\" height=\"1024\" src=\"https:\/\/webs.uab.cat\/cedid\/wp-content\/uploads\/sites\/151\/2024\/05\/GReHA_20240528-768x1024.jpg\" alt=\"\" class=\"wp-image-8338 size-full\" srcset=\"https:\/\/webs.uab.cat\/cedid\/wp-content\/uploads\/sites\/151\/2024\/05\/GReHA_20240528-768x1024.jpg 768w, https:\/\/webs.uab.cat\/cedid\/wp-content\/uploads\/sites\/151\/2024\/05\/GReHA_20240528-225x300.jpg 225w, https:\/\/webs.uab.cat\/cedid\/wp-content\/uploads\/sites\/151\/2024\/05\/GReHA_20240528-1152x1536.jpg 1152w, https:\/\/webs.uab.cat\/cedid\/wp-content\/uploads\/sites\/151\/2024\/05\/GReHA_20240528-1200x1600.jpg 1200w, https:\/\/webs.uab.cat\/cedid\/wp-content\/uploads\/sites\/151\/2024\/05\/GReHA_20240528.jpg 1280w\" sizes=\"auto, (max-width: 768px) 100vw, 768px\" \/><\/figure><div class=\"wp-block-media-text__content\">\n<p class=\"has-normal-font-size\"><\/p>\n\n\n\n<p class=\"has-normal-font-size\"><strong>Relacions de g\u00e8nere a l&#8217;\u00c0sia: hist\u00f2ria i poder<\/strong><\/p>\n\n\n\n<p>A c\u00e0rrec de: H\u00fclya Adak (Freie Universit\u00e4t Berlin\/Orient Institut Istanbul), Alice Marie-Sophie van den Bogaert (UAB) i Manuel Pav\u00f3n Beliz\u00f3n (UAB)<\/p>\n\n\n\n<p>Coordinaci\u00f3 i moderaci\u00f3: Fatma Sinem Eryilmaz \u00dcnsal (UAB)<\/p>\n\n\n\n<p>Data: 28 de maig de 2024<\/p>\n<\/div><\/div>\n\n\n\n<hr class=\"wp-block-separator has-alpha-channel-opacity\" \/>\n\n\n\n<div class=\"wp-block-media-text alignwide is-stacked-on-mobile\" style=\"grid-template-columns:20% auto\"><figure class=\"wp-block-media-text__media\"><img loading=\"lazy\" decoding=\"async\" width=\"724\" height=\"1024\" src=\"https:\/\/webs.uab.cat\/cedid\/wp-content\/uploads\/sites\/151\/2023\/11\/Cartell_GReHA_20231114_LQ-724x1024.jpeg\" alt=\"\" class=\"wp-image-7887 size-full\" srcset=\"https:\/\/webs.uab.cat\/cedid\/wp-content\/uploads\/sites\/151\/2023\/11\/Cartell_GReHA_20231114_LQ-724x1024.jpeg 724w, https:\/\/webs.uab.cat\/cedid\/wp-content\/uploads\/sites\/151\/2023\/11\/Cartell_GReHA_20231114_LQ-212x300.jpeg 212w, https:\/\/webs.uab.cat\/cedid\/wp-content\/uploads\/sites\/151\/2023\/11\/Cartell_GReHA_20231114_LQ-768x1086.jpeg 768w, https:\/\/webs.uab.cat\/cedid\/wp-content\/uploads\/sites\/151\/2023\/11\/Cartell_GReHA_20231114_LQ-1086x1536.jpeg 1086w, https:\/\/webs.uab.cat\/cedid\/wp-content\/uploads\/sites\/151\/2023\/11\/Cartell_GReHA_20231114_LQ.jpeg 1131w\" sizes=\"auto, (max-width: 724px) 100vw, 724px\" \/><\/figure><div class=\"wp-block-media-text__content\">\n<p class=\"has-normal-font-size\"><strong>Sol ixent i Sol ponent: segle i mig de relacions hispano-japoneses<\/strong><\/p>\n\n\n\n<p>A c\u00e0rrec de: Rub\u00e9n Bartolom\u00e9 Sopena (UAB) i Florentino Rodao Garc\u00eda (UCM)<\/p>\n\n\n\n<p>Data: 14 de novembre de 2023<\/p>\n<\/div><\/div>\n\n\n\n<hr class=\"wp-block-separator has-alpha-channel-opacity\" \/>\n\n\n\n<div class=\"wp-block-media-text alignwide is-stacked-on-mobile\" style=\"grid-template-columns:20% auto\"><figure class=\"wp-block-media-text__media\"><img loading=\"lazy\" decoding=\"async\" width=\"724\" height=\"1024\" src=\"https:\/\/webs.uab.cat\/cedid\/wp-content\/uploads\/sites\/151\/2023\/10\/Seminari_Colombia_20231025_LQ-724x1024.jpg\" alt=\"\" class=\"wp-image-7731 size-full\" srcset=\"https:\/\/webs.uab.cat\/cedid\/wp-content\/uploads\/sites\/151\/2023\/10\/Seminari_Colombia_20231025_LQ-724x1024.jpg 724w, https:\/\/webs.uab.cat\/cedid\/wp-content\/uploads\/sites\/151\/2023\/10\/Seminari_Colombia_20231025_LQ-212x300.jpg 212w, https:\/\/webs.uab.cat\/cedid\/wp-content\/uploads\/sites\/151\/2023\/10\/Seminari_Colombia_20231025_LQ-768x1086.jpg 768w, https:\/\/webs.uab.cat\/cedid\/wp-content\/uploads\/sites\/151\/2023\/10\/Seminari_Colombia_20231025_LQ-1086x1536.jpg 1086w, https:\/\/webs.uab.cat\/cedid\/wp-content\/uploads\/sites\/151\/2023\/10\/Seminari_Colombia_20231025_LQ-1448x2048.jpg 1448w, https:\/\/webs.uab.cat\/cedid\/wp-content\/uploads\/sites\/151\/2023\/10\/Seminari_Colombia_20231025_LQ-1200x1697.jpg 1200w, https:\/\/webs.uab.cat\/cedid\/wp-content\/uploads\/sites\/151\/2023\/10\/Seminari_Colombia_20231025_LQ-1980x2800.jpg 1980w, https:\/\/webs.uab.cat\/cedid\/wp-content\/uploads\/sites\/151\/2023\/10\/Seminari_Colombia_20231025_LQ-scaled.jpg 1810w\" sizes=\"auto, (max-width: 724px) 100vw, 724px\" \/><\/figure><div class=\"wp-block-media-text__content\">\n<p class=\"has-normal-font-size\"><em><strong>Colombia: \u00bfun conflicto armado interminable? Actores de guerra y de paz. 1958-2023<\/strong><\/em><\/p>\n\n\n\n<p>A c\u00e0rrec de: Sandra Torres (UJI i GReHA-CEDID), Tom\u00e0s Gisbert (Centre Del\u00e0s) i Edinson Cu\u00e9llar (UB i Universidad Externado, Col\u00f2mbia)<\/p>\n\n\n\n<p>Data: 25 d&#8217;octubre de 2023<\/p>\n\n\n\n<p><a href=\"https:\/\/www.youtube.com\/watch?v=4FUqCkKEPUc\" target=\"_blank\" rel=\"noreferrer noopener\">Ve al v\u00eddeo<\/a><\/p>\n<\/div><\/div>\n\n\n\n<hr class=\"wp-block-separator has-alpha-channel-opacity\" \/>\n\n\n\n<div class=\"wp-block-media-text alignwide is-stacked-on-mobile\" style=\"grid-template-columns:20% auto\"><figure class=\"wp-block-media-text__media\"><img loading=\"lazy\" decoding=\"async\" width=\"724\" height=\"1024\" src=\"https:\/\/webs.uab.cat\/cedid\/wp-content\/uploads\/sites\/151\/2023\/05\/Seminari_Kirasirova_20230523_LQ-724x1024.jpg\" alt=\"\" class=\"wp-image-7096 size-full\" srcset=\"https:\/\/webs.uab.cat\/cedid\/wp-content\/uploads\/sites\/151\/2023\/05\/Seminari_Kirasirova_20230523_LQ-724x1024.jpg 724w, https:\/\/webs.uab.cat\/cedid\/wp-content\/uploads\/sites\/151\/2023\/05\/Seminari_Kirasirova_20230523_LQ-212x300.jpg 212w, https:\/\/webs.uab.cat\/cedid\/wp-content\/uploads\/sites\/151\/2023\/05\/Seminari_Kirasirova_20230523_LQ-768x1086.jpg 768w, https:\/\/webs.uab.cat\/cedid\/wp-content\/uploads\/sites\/151\/2023\/05\/Seminari_Kirasirova_20230523_LQ-1086x1536.jpg 1086w, https:\/\/webs.uab.cat\/cedid\/wp-content\/uploads\/sites\/151\/2023\/05\/Seminari_Kirasirova_20230523_LQ-1448x2048.jpg 1448w, https:\/\/webs.uab.cat\/cedid\/wp-content\/uploads\/sites\/151\/2023\/05\/Seminari_Kirasirova_20230523_LQ-1200x1697.jpg 1200w, https:\/\/webs.uab.cat\/cedid\/wp-content\/uploads\/sites\/151\/2023\/05\/Seminari_Kirasirova_20230523_LQ-1980x2800.jpg 1980w, https:\/\/webs.uab.cat\/cedid\/wp-content\/uploads\/sites\/151\/2023\/05\/Seminari_Kirasirova_20230523_LQ-scaled.jpg 1810w\" sizes=\"auto, (max-width: 724px) 100vw, 724px\" \/><\/figure><div class=\"wp-block-media-text__content\">\n<p class=\"has-normal-font-size\"><em><strong>The Eastern International: Arabs, Central Asians, and Jews in the Soviet Union&#8217;s Anticolonial Empire<\/strong><\/em>.<\/p>\n\n\n\n<p>A c\u00e0rrec de: Masha Kirasirova (New York University Abu Dhabi)<\/p>\n\n\n\n<p>Organitza: Fatma Sinem Eryilmaz \u00dcnsal<\/p>\n\n\n\n<p>Data: 23 de maig de 2023<\/p>\n<\/div><\/div>\n\n\n\n<hr class=\"wp-block-separator has-alpha-channel-opacity\" \/>\n\n\n\n<div class=\"wp-block-media-text alignwide is-stacked-on-mobile\" style=\"grid-template-columns:20% auto\"><figure class=\"wp-block-media-text__media\"><img loading=\"lazy\" decoding=\"async\" width=\"724\" height=\"1024\" src=\"https:\/\/webs.uab.cat\/cedid\/wp-content\/uploads\/sites\/151\/2023\/04\/Seminari_20230503_LQ-724x1024.jpg\" alt=\"\" class=\"wp-image-6801 size-full\" srcset=\"https:\/\/webs.uab.cat\/cedid\/wp-content\/uploads\/sites\/151\/2023\/04\/Seminari_20230503_LQ-724x1024.jpg 724w, https:\/\/webs.uab.cat\/cedid\/wp-content\/uploads\/sites\/151\/2023\/04\/Seminari_20230503_LQ-212x300.jpg 212w, https:\/\/webs.uab.cat\/cedid\/wp-content\/uploads\/sites\/151\/2023\/04\/Seminari_20230503_LQ-768x1086.jpg 768w, https:\/\/webs.uab.cat\/cedid\/wp-content\/uploads\/sites\/151\/2023\/04\/Seminari_20230503_LQ-1086x1536.jpg 1086w, https:\/\/webs.uab.cat\/cedid\/wp-content\/uploads\/sites\/151\/2023\/04\/Seminari_20230503_LQ-1448x2048.jpg 1448w, https:\/\/webs.uab.cat\/cedid\/wp-content\/uploads\/sites\/151\/2023\/04\/Seminari_20230503_LQ-1200x1697.jpg 1200w, https:\/\/webs.uab.cat\/cedid\/wp-content\/uploads\/sites\/151\/2023\/04\/Seminari_20230503_LQ-1980x2800.jpg 1980w, https:\/\/webs.uab.cat\/cedid\/wp-content\/uploads\/sites\/151\/2023\/04\/Seminari_20230503_LQ-scaled.jpg 1810w\" sizes=\"auto, (max-width: 724px) 100vw, 724px\" \/><\/figure><div class=\"wp-block-media-text__content\">\n<p class=\"has-normal-font-size\"><strong><em>La &#8220;Nueva Derecha Espa\u00f1ola&#8221;. Claves hist\u00f3ricas y discursivas sobre la lucha por el poder cultural en la extrema derecha en Espa\u00f1a, 1975-2022.<\/em><\/strong><\/p>\n\n\n\n<p>A c\u00e0rrec de: Pau Hern\u00e1ndez (GReHA-CEDID, UAB), Arsenio Cuenca (EPHE\/CNRSI) i Roger Suso (UB). <\/p>\n\n\n\n<p>Data: 3 de maig de 2023<\/p>\n\n\n\n<p><a href=\"https:\/\/www.youtube.com\/watch?v=J-RyOd3mEZA\">Ves al video<\/a><\/p>\n<\/div><\/div>\n\n\n\n<hr class=\"wp-block-separator has-alpha-channel-opacity\" \/>\n\n\n\n<div class=\"wp-block-media-text alignwide is-stacked-on-mobile\" style=\"grid-template-columns:20% auto\"><figure class=\"wp-block-media-text__media\"><img loading=\"lazy\" decoding=\"async\" width=\"724\" height=\"1024\" src=\"https:\/\/webs.uab.cat\/cedid\/wp-content\/uploads\/sites\/151\/2023\/04\/Seminari_Taiwan_20230419_LQ-724x1024.jpg\" alt=\"\" class=\"wp-image-6798 size-full\" srcset=\"https:\/\/webs.uab.cat\/cedid\/wp-content\/uploads\/sites\/151\/2023\/04\/Seminari_Taiwan_20230419_LQ-724x1024.jpg 724w, https:\/\/webs.uab.cat\/cedid\/wp-content\/uploads\/sites\/151\/2023\/04\/Seminari_Taiwan_20230419_LQ-212x300.jpg 212w, https:\/\/webs.uab.cat\/cedid\/wp-content\/uploads\/sites\/151\/2023\/04\/Seminari_Taiwan_20230419_LQ-768x1086.jpg 768w, https:\/\/webs.uab.cat\/cedid\/wp-content\/uploads\/sites\/151\/2023\/04\/Seminari_Taiwan_20230419_LQ-1086x1536.jpg 1086w, https:\/\/webs.uab.cat\/cedid\/wp-content\/uploads\/sites\/151\/2023\/04\/Seminari_Taiwan_20230419_LQ-1448x2048.jpg 1448w, https:\/\/webs.uab.cat\/cedid\/wp-content\/uploads\/sites\/151\/2023\/04\/Seminari_Taiwan_20230419_LQ-1200x1697.jpg 1200w, https:\/\/webs.uab.cat\/cedid\/wp-content\/uploads\/sites\/151\/2023\/04\/Seminari_Taiwan_20230419_LQ-1980x2800.jpg 1980w, https:\/\/webs.uab.cat\/cedid\/wp-content\/uploads\/sites\/151\/2023\/04\/Seminari_Taiwan_20230419_LQ-scaled.jpg 1810w\" sizes=\"auto, (max-width: 724px) 100vw, 724px\" \/><\/figure><div class=\"wp-block-media-text__content\">\n<p class=\"has-normal-font-size\"><strong><em>Taiwan des de l&#8217;ull de l&#8217;hurac\u00e0. Claus sobre Taiwan per entendre el conflicte Xina-Taiwan<\/em><\/strong><\/p>\n\n\n\n<p>A c\u00e0rrec de: Just Castillo (UAB i UPF) i Manel Oll\u00e9 (UPF). <\/p>\n\n\n\n<p>Coordinaci\u00f3 i moderaci\u00f3: Chiao-In Chen (CEDID-UAB) <\/p>\n\n\n\n<p>Data: 19 d&#8217;abril de 2023<\/p>\n\n\n\n<p><a href=\"https:\/\/www.youtube.com\/watch?v=3vgD7ofxHZM\">Ves al v\u00eddeo<\/a><\/p>\n<\/div><\/div>\n\n\n\n<hr class=\"wp-block-separator has-alpha-channel-opacity\" \/>\n\n\n\n<div class=\"wp-block-media-text alignwide is-stacked-on-mobile\" style=\"grid-template-columns:20% auto\"><figure class=\"wp-block-media-text__media\"><img loading=\"lazy\" decoding=\"async\" width=\"724\" height=\"1024\" src=\"https:\/\/webs.uab.cat\/cedid\/wp-content\/uploads\/sites\/151\/2023\/03\/Seminari_SanzVeiga_20230321_LQ-724x1024.jpg\" alt=\"\" class=\"wp-image-6706 size-full\" srcset=\"https:\/\/webs.uab.cat\/cedid\/wp-content\/uploads\/sites\/151\/2023\/03\/Seminari_SanzVeiga_20230321_LQ-724x1024.jpg 724w, https:\/\/webs.uab.cat\/cedid\/wp-content\/uploads\/sites\/151\/2023\/03\/Seminari_SanzVeiga_20230321_LQ-212x300.jpg 212w, https:\/\/webs.uab.cat\/cedid\/wp-content\/uploads\/sites\/151\/2023\/03\/Seminari_SanzVeiga_20230321_LQ-768x1086.jpg 768w, https:\/\/webs.uab.cat\/cedid\/wp-content\/uploads\/sites\/151\/2023\/03\/Seminari_SanzVeiga_20230321_LQ-1086x1536.jpg 1086w, https:\/\/webs.uab.cat\/cedid\/wp-content\/uploads\/sites\/151\/2023\/03\/Seminari_SanzVeiga_20230321_LQ-1448x2048.jpg 1448w, https:\/\/webs.uab.cat\/cedid\/wp-content\/uploads\/sites\/151\/2023\/03\/Seminari_SanzVeiga_20230321_LQ-1200x1697.jpg 1200w, https:\/\/webs.uab.cat\/cedid\/wp-content\/uploads\/sites\/151\/2023\/03\/Seminari_SanzVeiga_20230321_LQ-1980x2800.jpg 1980w, https:\/\/webs.uab.cat\/cedid\/wp-content\/uploads\/sites\/151\/2023\/03\/Seminari_SanzVeiga_20230321_LQ-scaled.jpg 1810w\" sizes=\"auto, (max-width: 724px) 100vw, 724px\" \/><\/figure><div class=\"wp-block-media-text__content\">\n<p class=\"has-normal-font-size\"><strong>Situant el conflicte d&#8217;Ucra\u00efna en la Hist\u00f2ria contempor\u00e0nia. Un debat historiogr\u00e0fic<\/strong> <\/p>\n\n\n\n<p>A c\u00e0rrec de: Carlos Sanz (UCM) i Francisco Veiga (UAB)<\/p>\n\n\n\n<p>21 de mar\u00e7 de 2023.<\/p>\n\n\n\n<p><strong><a href=\"https:\/\/www.youtube.com\/watch?v=64GXTqEz1bU\" target=\"_blank\" rel=\"noreferrer noopener\">Ves al v\u00eddeo<\/a><\/strong><\/p>\n<\/div><\/div>\n\n\n\n<hr class=\"wp-block-separator has-alpha-channel-opacity\" \/>\n\n\n\n<p><strong>Una investigaci\u00f3 d&#8217;Hist\u00f2ria Actual: La nova ultradreta. Alguns aspectes per a la seva caracteritzaci\u00f3<\/strong><\/p>\n\n\n\n<p>Organitzat pel Grup de Recerca en Hist\u00f2ria Actual (GReHA-CEDID), en el marc del projecte <em>Perfiles de la extrema derecha europea en la posguerra fria. Tendencias transideol\u00f3gicas y transversalidad de las bases sociales<\/em> (HAR2015-68452-P)<\/p>\n\n\n\n<p>Abril-Maig de 2018<\/p>\n\n\n\n<p><a href=\"https:\/\/webs.uab.cat\/cedid\/wp-content\/uploads\/sites\/151\/2023\/06\/Seminari_GReHA_AbrMai2018.pdf\" target=\"_blank\" rel=\"noreferrer noopener\">Programa<\/a> (Les sessions programades per al 24 i el 31 de maig es van intercanviar).<\/p>\n\n\n\n<hr class=\"wp-block-separator has-alpha-channel-opacity\" \/>\n\n\n\n<p><strong>Entre dos octubres. Revolucions i contrarevolucions a R\u00fassia (1905-1917) i guerra civil a Eur\u00e0sia<\/strong><\/p>\n\n\n\n<p>A c\u00e0rrec de: Francesc Veiga (CEFID-UAB)<br>Data: 8 de mar\u00e7 de 2017<br>Seminari conjunt amb el Grup de Recerca sobre l&#8217;\u00c8poca Franquista&nbsp;(GREF-CEFID)<\/p>\n","protected":false},"excerpt":{"rendered":"<p>Seminari conjunt GReDD-GReHA Conflictos modernos y desmovilizaci\u00f3n: la construcci\u00f3n de la cultura del veterano de guerra en el mundo actual (1965-2021) A c\u00e0rrec d&#8217;Albert Soler Ruda (UAB) Data: 21 de gener de 2025 Relacions de g\u00e8nere a l&#8217;\u00c0sia: hist\u00f2ria i poder A c\u00e0rrec de: H\u00fclya Adak (Freie Universit\u00e4t Berlin\/Orient Institut Istanbul), Alice Marie-Sophie van den [&hellip;]<\/p>\n","protected":false},"author":20,"featured_media":0,"parent":0,"menu_order":0,"comment_status":"closed","ping_status":"closed","template":"","meta":{"footnotes":""},"class_list":["post-2170","page","type-page","status-publish","hentry"],"_links":{"self":[{"href":"https:\/\/webs.uab.cat\/cedid\/wp-json\/wp\/v2\/pages\/2170","targetHints":{"allow":["GET"]}}],"collection":[{"href":"https:\/\/webs.uab.cat\/cedid\/wp-json\/wp\/v2\/pages"}],"about":[{"href":"https:\/\/webs.uab.cat\/cedid\/wp-json\/wp\/v2\/types\/page"}],"author":[{"embeddable":true,"href":"https:\/\/webs.uab.cat\/cedid\/wp-json\/wp\/v2\/users\/20"}],"replies":[{"embeddable":true,"href":"https:\/\/webs.uab.cat\/cedid\/wp-json\/wp\/v2\/comments?post=2170"}],"version-history":[{"count":20,"href":"https:\/\/webs.uab.cat\/cedid\/wp-json\/wp\/v2\/pages\/2170\/revisions"}],"predecessor-version":[{"id":8957,"href":"https:\/\/webs.uab.cat\/cedid\/wp-json\/wp\/v2\/pages\/2170\/revisions\/8957"}],"wp:attachment":[{"href":"https:\/\/webs.uab.cat\/cedid\/wp-json\/wp\/v2\/media?parent=2170"}],"curies":[{"name":"wp","href":"https:\/\/api.w.org\/{rel}","templated":true}]}}