{"id":2174,"date":"2013-05-15T16:46:10","date_gmt":"2013-05-15T16:46:10","guid":{"rendered":"https:\/\/webs.uab.cat\/cedid\/activitats-realitzades-1\/"},"modified":"2023-01-17T10:07:17","modified_gmt":"2023-01-17T10:07:17","slug":"activitats-realitzades-1","status":"publish","type":"page","link":"https:\/\/webs.uab.cat\/cedid\/activitats-realitzades-1\/","title":{"rendered":"Activitats realitzades"},"content":{"rendered":"\n<p><a href=\"https:\/\/webs.uab.cat\/cedid\/congressos-del-cefid\/\" data-type=\"page\" data-id=\"604\">Congressos<\/a><\/p>\n\n\n\n<p><a href=\"https:\/\/webs.uab.cat\/cedid\/seminaris-permanents\/\" data-type=\"page\" data-id=\"609\">Seminaris permanents<\/a><\/p>\n\n\n\n<p><a href=\"https:\/\/webs.uab.cat\/cedid\/jornades-dactualitzacio-cientifica-i-didactica-0\/\">Jornades d&#8217;Actualitzaci\u00f3 Cient\u00edfica i Did\u00e0ctica<\/a><\/p>\n\n\n\n<p><a href=\"https:\/\/webs.uab.cat\/cedid\/cicle-de-conferencies-gref\/\" data-type=\"page\" data-id=\"651\">Cicle de confer\u00e8ncies GREF<\/a><\/p>\n\n\n\n<p><a href=\"https:\/\/webs.uab.cat\/cedid\/altres-activitats\/\" data-type=\"page\" data-id=\"1794\">Simposis, workshops, reunions cient\u00edfiques<\/a><\/p>\n","protected":false},"excerpt":{"rendered":"<p>Congressos Seminaris permanents Jornades d&#8217;Actualitzaci\u00f3 Cient\u00edfica i Did\u00e0ctica Cicle de confer\u00e8ncies GREF Simposis, workshops, reunions cient\u00edfiques<\/p>\n","protected":false},"author":20,"featured_media":0,"parent":0,"menu_order":0,"comment_status":"closed","ping_status":"closed","template":"","meta":{"footnotes":""},"class_list":["post-2174","page","type-page","status-publish","hentry"],"_links":{"self":[{"href":"https:\/\/webs.uab.cat\/cedid\/wp-json\/wp\/v2\/pages\/2174","targetHints":{"allow":["GET"]}}],"collection":[{"href":"https:\/\/webs.uab.cat\/cedid\/wp-json\/wp\/v2\/pages"}],"about":[{"href":"https:\/\/webs.uab.cat\/cedid\/wp-json\/wp\/v2\/types\/page"}],"author":[{"embeddable":true,"href":"https:\/\/webs.uab.cat\/cedid\/wp-json\/wp\/v2\/users\/20"}],"replies":[{"embeddable":true,"href":"https:\/\/webs.uab.cat\/cedid\/wp-json\/wp\/v2\/comments?post=2174"}],"version-history":[{"count":6,"href":"https:\/\/webs.uab.cat\/cedid\/wp-json\/wp\/v2\/pages\/2174\/revisions"}],"predecessor-version":[{"id":6393,"href":"https:\/\/webs.uab.cat\/cedid\/wp-json\/wp\/v2\/pages\/2174\/revisions\/6393"}],"wp:attachment":[{"href":"https:\/\/webs.uab.cat\/cedid\/wp-json\/wp\/v2\/media?parent=2174"}],"curies":[{"name":"wp","href":"https:\/\/api.w.org\/{rel}","templated":true}]}}