{"id":2550,"date":"2021-02-12T11:52:46","date_gmt":"2021-02-12T11:52:46","guid":{"rendered":"https:\/\/webs.uab.cat\/cedid\/basesdedades\/"},"modified":"2023-06-29T09:45:18","modified_gmt":"2023-06-29T09:45:18","slug":"basesdedades","status":"publish","type":"page","link":"https:\/\/webs.uab.cat\/cedid\/basesdedades\/","title":{"rendered":"Bases de dades"},"content":{"rendered":"\n<p>* <a href=\"https:\/\/webs.uab.cat\/cedid\/catalunya-durant-el-franquisme\/\" data-type=\"page\" data-id=\"1810\"><strong>Catalunya durant el franquisme<\/strong><\/a><\/p>\n\n\n\n<p>* <a href=\"https:\/\/webs.uab.cat\/cedid\/lesquerra-la-transicio\/\" data-type=\"page\" data-id=\"1950\"><strong>L&#8217;Esquerra a la transici\u00f3<\/strong><\/a><\/p>\n\n\n\n<p>* <a href=\"https:\/\/webs.uab.cat\/cedid\/transicions\/\" data-type=\"page\" data-id=\"2553\"><strong>Transicions a la democr\u00e0cia a Europa i a l&#8217;Am\u00e8rica Llatina: Espanya, Portugal, Argentina i Xile<\/strong><\/a><\/p>\n\n\n\n<p><strong>*<\/strong> <strong><a href=\"https:\/\/webs.uab.cat\/cedid\/governadors-civils\/\" data-type=\"page\" data-id=\"1950\">Governadors Civils<\/a><\/strong><\/p>\n","protected":false},"excerpt":{"rendered":"<p>* Catalunya durant el franquisme * L&#8217;Esquerra a la transici\u00f3 * Transicions a la democr\u00e0cia a Europa i a l&#8217;Am\u00e8rica Llatina: Espanya, Portugal, Argentina i Xile * Governadors Civils<\/p>\n","protected":false},"author":20,"featured_media":0,"parent":0,"menu_order":0,"comment_status":"closed","ping_status":"closed","template":"","meta":{"footnotes":""},"class_list":["post-2550","page","type-page","status-publish","hentry"],"_links":{"self":[{"href":"https:\/\/webs.uab.cat\/cedid\/wp-json\/wp\/v2\/pages\/2550","targetHints":{"allow":["GET"]}}],"collection":[{"href":"https:\/\/webs.uab.cat\/cedid\/wp-json\/wp\/v2\/pages"}],"about":[{"href":"https:\/\/webs.uab.cat\/cedid\/wp-json\/wp\/v2\/types\/page"}],"author":[{"embeddable":true,"href":"https:\/\/webs.uab.cat\/cedid\/wp-json\/wp\/v2\/users\/20"}],"replies":[{"embeddable":true,"href":"https:\/\/webs.uab.cat\/cedid\/wp-json\/wp\/v2\/comments?post=2550"}],"version-history":[{"count":4,"href":"https:\/\/webs.uab.cat\/cedid\/wp-json\/wp\/v2\/pages\/2550\/revisions"}],"predecessor-version":[{"id":7474,"href":"https:\/\/webs.uab.cat\/cedid\/wp-json\/wp\/v2\/pages\/2550\/revisions\/7474"}],"wp:attachment":[{"href":"https:\/\/webs.uab.cat\/cedid\/wp-json\/wp\/v2\/media?parent=2550"}],"curies":[{"name":"wp","href":"https:\/\/api.w.org\/{rel}","templated":true}]}}