{"id":2553,"date":"2021-02-12T11:56:24","date_gmt":"2021-02-12T11:56:24","guid":{"rendered":"https:\/\/webs.uab.cat\/cedid\/transicions\/"},"modified":"2023-05-09T10:03:21","modified_gmt":"2023-05-09T10:03:21","slug":"transicions","status":"publish","type":"page","link":"https:\/\/webs.uab.cat\/cedid\/transicions\/","title":{"rendered":"Transicions al Sud d&#8217;Europa i a l&#8217;Am\u00e8rica Llatina"},"content":{"rendered":"\n<p>&nbsp;<\/p>\n\n\n\n<p>Un equip de recerca del CEDID, amb la participaci\u00f3 d\u2019altres investigadors i investigadores, va desenvolupar entre 2016 i 2019 el projecte <em>Transicions a la democr\u00e0cia al sud d\u2019Europa i a l\u2019Am\u00e8rica Llatina: Espanya, Portugal, Argentina i Xile<\/em> (HAR2015-63657-P), finan\u00e7at pel Mineco. El projecte, els investigadors principals del qual van ser Carme Molinero i Pere Ys\u00e0s, va permetre un aven\u00e7 rellevant en l\u2019an\u00e0lisi i el coneixement dels processos de transici\u00f3 en els quatre casos estudiats, en particular gr\u00e0cies a l\u2019adopci\u00f3 d\u2019una perspectiva marcadament comparativa. Entre els productes del projecte destaquen la construcci\u00f3 d\u2019una <strong>base de dades bibliogr\u00e0fica<\/strong> amb m\u00e9s de 200 entrades i la confecci\u00f3 d\u2019una llista amb tots els <strong>arxius i fons documentals consultats<\/strong>. Totes dues eines es poden consultar <em>online<\/em>:<\/p>\n\n\n\n<p>\u00a0* <a rel=\"noopener\" href=\"http:\/\/basedadestransicions.uab.cat\/iah4\/ca\/index.htm\" target=\"_blank\"><strong>Acc\u00e9s a la base de dades<\/strong><\/a><\/p>\n\n\n\n<p>* <a href=\"https:\/\/centresderecerca.uab.cat\/cedid\/arxius\"><strong>Arxius i fons documentals consultats<\/strong><\/a><\/p>\n\n\n\n<p>Com a resultat de la recerca duta a terme, s\u2019han publicat els volums:<\/p>\n\n\n\n<div class=\"wp-block-media-text alignwide is-stacked-on-mobile\" style=\"grid-template-columns:25% auto\"><figure class=\"wp-block-media-text__media\"><img loading=\"lazy\" decoding=\"async\" width=\"436\" height=\"615\" src=\"https:\/\/webs.uab.cat\/cedid\/wp-content\/uploads\/sites\/151\/2023\/05\/De-dictaduras-a-democracias.jpg\" alt=\"\" class=\"wp-image-7052 size-full\" srcset=\"https:\/\/webs.uab.cat\/cedid\/wp-content\/uploads\/sites\/151\/2023\/05\/De-dictaduras-a-democracias.jpg 436w, https:\/\/webs.uab.cat\/cedid\/wp-content\/uploads\/sites\/151\/2023\/05\/De-dictaduras-a-democracias-213x300.jpg 213w\" sizes=\"auto, (max-width: 436px) 100vw, 436px\" \/><\/figure><div class=\"wp-block-media-text__content\">\n<p><strong>Carme Molinero i Pere Ys\u00e0s (eds.). <em>De Dictaduras a Democracias<\/em>. <em>Portugal, Espa\u00f1a, Argentina, Chile<\/em>, Granada, Comares, 2020.<\/strong><\/p>\n\n\n\n<p>Aquest llibre analitza les claus del pas de dictadures a democr\u00e0cies a Portugal i Espanya als anys setanta i a Argentina i Xile als vuitanta. Per explicar els processos de transici\u00f3 i poder-los comparar cal partir del marc temporal i espacial de cada cas, de la naturalesa i caracter\u00edstiques dels r\u00e8gims dictatorials, de la seva traject\u00f2ria i dels factors determinants de la seva crisi. Per altra banda, el paper dels principals actors pol\u00edtics i socials, la pr\u00f2pia din\u00e0mica dels esdeveniments i la configuraci\u00f3 de les democr\u00e0cies, ha de ser objecte de particular atenci\u00f3. En aquest sentit, \u00e9s destacable que, tot i la proximitat temporal, el marc econ\u00f2mic, cultural i pol\u00edtic d\u2019una i altra d\u00e8cada foren molt diferents, com ho eren els escenaris propers: l\u2019europeu amb democr\u00e0cies s\u00f2lides i estats del benestar desenvolupats i el llatinoameric\u00e0 amb la persist\u00e8ncia de democr\u00e0cies fr\u00e0gils i la permanent influ\u00e8ncia dels EE.UU. Les dues dictadures ib\u00e8riques tenien els seus or\u00edgens en l\u2019\u00e8poca d\u2019entreguerres, en el temps dels feixismes, mentre que les d\u2019Argentina i Xile als anys setanta s\u2019establiren sota el paradigma de la lluita contra la subversi\u00f3 comunista i la doctrina de la Seguretat Nacional. <em>De Dictadures a Democr\u00e0cies<\/em> analitza els trets caracter\u00edstics dels quatre processos de canvi pol\u00edtic, destacant tant les seves semblances com les seves difer\u00e8ncies.<\/p>\n\n\n\n<p><strong><a rel=\"noopener\" href=\"https:\/\/webs.uab.cat\/cedid\/wp-content\/uploads\/sites\/151\/2020\/09\/index_dictaduras.pdf\" target=\"_blank\">Enlla\u00e7 a l&#8217;\u00cdndex<\/a><\/strong><\/p>\n<\/div><\/div>\n\n\n\n<div class=\"wp-block-media-text alignwide is-stacked-on-mobile\" style=\"grid-template-columns:25% auto\"><figure class=\"wp-block-media-text__media\"><img loading=\"lazy\" decoding=\"async\" width=\"240\" height=\"377\" src=\"https:\/\/webs.uab.cat\/cedid\/wp-content\/uploads\/sites\/151\/2023\/05\/Transiciones.gif\" alt=\"\" class=\"wp-image-7054 size-full\" \/><\/figure><div class=\"wp-block-media-text__content\">\n<p><strong>Carme Molinero i Pere Ys\u00e0s (eds.): <em>Transiciones. Estudios sobre Europa del Sur y Am\u00e9rica Latina<\/em>, Madrid, Los Libros de la Catarata, 2019.<\/strong><\/p>\n\n\n\n<p>Portugal, Espanya, Xile i l\u2019Argentina van viure, entre mitjan anys setanta i els vuitanta, un proc\u00e9s de transici\u00f3 despr\u00e9s del final de les respectives dictadures que havien hagut de patir. No sempre \u00e9s cert que despr\u00e9s de la tempesta arribi la calma, ja que la lluita contra la in\u00e8rcia d\u2019aquells r\u00e8gims sol esdevenir un tena\u00e7 obstacle en el cam\u00ed cap a la democr\u00e0cia. Per\u00f2 \u00bf\u00e9s aquest el dest\u00ed que realment s\u2019assoleix o \u00e9s la normalitzaci\u00f3 \u2013l\u2019adaptaci\u00f3- dels anteriors engranatges al mecanisme democr\u00e0tic? En qualsevol cas, van ser processos protagonitzats per la pugna entre el canvi i la cntinu\u00eftat, all\u00f2 nou i all\u00f2 vell, el di\u00e0leg i les armes, la mem\u00f2ria i l\u2019oblit; i, igualment, van ser moltes les persones que, tamb\u00e9 des d\u2019\u00e0mbits que transcendien l\u2019esfera pol\u00edtica, perseveraren en exigir els molts sanejaments i reparacions de les ferides causades per les dictadures. Quatre transicions amb algunes semblances i amb notables difer\u00e8ncies, desenvolupades en contextos espacials&nbsp; temporals diversos, sobre les quals en aquest llibre s\u2019analitzen aspectes clau. Quatre processos transicionals particularment rellevants de la tercera onada de democratitzacions, sobre els quals els autors, a trav\u00e9s d\u2019una detallada i necess\u00e0ria contextualitzaci\u00f3, aporten nous coneixements i reflexions per a la seva millor comprensi\u00f3. El llibre \u00e9s producte del projecte de recerca <em>Transiciones a la democracia en el sur de Europa y en Am\u00e9rica Latina: Espa\u00f1a, Portugal, Argentina y Chile<\/em><br>(HAR2015-63657-P).<\/p>\n\n\n\n<p><a rel=\"noopener\" href=\"http:\/\/centresderecerca.uab.cat\/cedid\/sites\/centresderecerca.uab.cat.cedid\/files\/indtr.pdf\" target=\"_blank\"><strong>Enlla\u00e7 a l&#8217;\u00cdndex<\/strong><\/a><\/p>\n<\/div><\/div>\n\n\n\n<p>Per accedir a una s\u00edntesi dels principals resultats del projecte: <strong><a href=\"https:\/\/webs.uab.cat\/cedid\/wp-content\/uploads\/sites\/151\/2021\/02\/resum_har2015-63657-p_cat.pdf\">Resum<\/a><\/strong><\/p>\n","protected":false},"excerpt":{"rendered":"<p>&nbsp; Un equip de recerca del CEDID, amb la participaci\u00f3 d\u2019altres investigadors i investigadores, va desenvolupar entre 2016 i 2019 el projecte Transicions a la democr\u00e0cia al sud d\u2019Europa i a l\u2019Am\u00e8rica Llatina: Espanya, Portugal, Argentina i Xile (HAR2015-63657-P), finan\u00e7at pel Mineco. El projecte, els investigadors principals del qual van ser Carme Molinero i Pere [&hellip;]<\/p>\n","protected":false},"author":20,"featured_media":0,"parent":0,"menu_order":0,"comment_status":"closed","ping_status":"closed","template":"","meta":{"footnotes":""},"class_list":["post-2553","page","type-page","status-publish","hentry"],"_links":{"self":[{"href":"https:\/\/webs.uab.cat\/cedid\/wp-json\/wp\/v2\/pages\/2553","targetHints":{"allow":["GET"]}}],"collection":[{"href":"https:\/\/webs.uab.cat\/cedid\/wp-json\/wp\/v2\/pages"}],"about":[{"href":"https:\/\/webs.uab.cat\/cedid\/wp-json\/wp\/v2\/types\/page"}],"author":[{"embeddable":true,"href":"https:\/\/webs.uab.cat\/cedid\/wp-json\/wp\/v2\/users\/20"}],"replies":[{"embeddable":true,"href":"https:\/\/webs.uab.cat\/cedid\/wp-json\/wp\/v2\/comments?post=2553"}],"version-history":[{"count":2,"href":"https:\/\/webs.uab.cat\/cedid\/wp-json\/wp\/v2\/pages\/2553\/revisions"}],"predecessor-version":[{"id":7056,"href":"https:\/\/webs.uab.cat\/cedid\/wp-json\/wp\/v2\/pages\/2553\/revisions\/7056"}],"wp:attachment":[{"href":"https:\/\/webs.uab.cat\/cedid\/wp-json\/wp\/v2\/media?parent=2553"}],"curies":[{"name":"wp","href":"https:\/\/api.w.org\/{rel}","templated":true}]}}