{"id":275,"date":"2010-06-22T16:20:27","date_gmt":"2010-06-22T16:20:27","guid":{"rendered":"https:\/\/webs.uab.cat\/cedid\/2005-2006\/"},"modified":"2022-12-15T11:19:15","modified_gmt":"2022-12-15T11:19:15","slug":"2005-2006","status":"publish","type":"page","link":"https:\/\/webs.uab.cat\/cedid\/2005-2006\/","title":{"rendered":"2005-2006"},"content":{"rendered":"\n<div class=\"wp-block-media-text alignwide is-stacked-on-mobile\" style=\"grid-template-columns:15% auto\"><figure class=\"wp-block-media-text__media\"><img loading=\"lazy\" decoding=\"async\" width=\"200\" height=\"286\" src=\"https:\/\/webs.uab.cat\/cedid\/wp-content\/uploads\/sites\/151\/2017\/01\/pasadoymemoria2006.png\" alt=\"pasadoymemoria2006\" class=\"wp-image-288 size-full\" \/><\/figure><div class=\"wp-block-media-text__content\">\n<p class=\"has-small-font-size\">El n\u00famero 5 de la revista <strong><em>Pasado y Memoria<\/em><\/strong> (2006) porta per t\u00edtol &#8220;Espa\u00f1a en los a\u00f1os 60. La percepci\u00f3n de los cambios&#8221;. S&#8217;hi recullen diversos aspectes dels canvis que van tenir lloc en aquella \u00e8poca, tant en refer\u00e8ncia al seu propi significat respecte a l&#8217;estat en qu\u00e8 es trobaven en l&#8217;etapa anterior del r\u00e8gim com en relaci\u00f3 a la seva repecussi\u00f3 sobre l&#8217;actitud dels grups socials protagonistes dels canvis, repercussi\u00f3 que arribaria a capes m\u00e9s extenses de la societat, impulsant-les a prosseguir el proc\u00e9s de modernitzaci\u00f3 social, pol\u00edtica i cultural. Entre d&#8217;altres, destaquen els articles d&#8217;\u00c1lvaro Soto Carmona, Nicol\u00e1s Sesma Landrin i Alberto Carillo-Linares.<\/p>\n<\/div><\/div>\n\n\n\n<hr class=\"wp-block-separator has-alpha-channel-opacity\" \/>\n\n\n\n<div class=\"wp-block-media-text alignwide is-stacked-on-mobile\" style=\"grid-template-columns:15% auto\"><figure class=\"wp-block-media-text__media\"><img loading=\"lazy\" decoding=\"async\" width=\"227\" height=\"289\" src=\"https:\/\/webs.uab.cat\/cedid\/wp-content\/uploads\/sites\/151\/2017\/01\/historia_social_56.png\" alt=\"historia_social_56\" class=\"wp-image-286 size-full\" \/><\/figure><div class=\"wp-block-media-text__content\">\n<p class=\"has-small-font-size\">El n\u00famero 56 (2006) de la revista <strong><em>Historia Social<\/em><\/strong> publica el dossier &#8220;Gobernar la Victoria&#8221;, adre\u00e7at a l&#8217;estudi de les pol\u00edtiques socials, locals i migrat\u00f2ries del franquisme. En s\u00f3n autors Carme Molinero (&#8220;El reclamo de la \u2018justicia social&#8217; en las pol\u00edticas de consenso del r\u00e9gimen franquista&#8221;), Antonio Francisco Canales (&#8220;Las l\u00f3gicas de la Victoria. Modelos de funcionamiento pol\u00edtico local bajo el primer franquismo&#8221;) i Mart\u00ed Mar\u00edn (&#8220;Franquismo e inmigraci\u00f3n interior: el caso de Sabadell (1939-1960)&#8221;). A m\u00e9s a m\u00e9s, aquest n\u00famero tamb\u00e9 cont\u00e9 l&#8217;an\u00e0lisi historiogr\u00e1fic de \u00d3scar J. Rodr\u00edguez Barreira &#8220;La historia social y local del franquismo en la democracia, 1976-2003. Datos para una reflexi\u00f3n&#8221;.<\/p>\n<\/div><\/div>\n\n\n\n<hr class=\"wp-block-separator has-alpha-channel-opacity\" \/>\n\n\n\n<div class=\"wp-block-media-text alignwide is-stacked-on-mobile\" style=\"grid-template-columns:15% auto\"><figure class=\"wp-block-media-text__media\"><img loading=\"lazy\" decoding=\"async\" width=\"276\" height=\"404\" src=\"https:\/\/webs.uab.cat\/cedid\/wp-content\/uploads\/sites\/151\/2017\/01\/pas_memo_4.png\" alt=\"pas_memo_4\" class=\"wp-image-284 size-full\" srcset=\"https:\/\/webs.uab.cat\/cedid\/wp-content\/uploads\/sites\/151\/2017\/01\/pas_memo_4.png 276w, https:\/\/webs.uab.cat\/cedid\/wp-content\/uploads\/sites\/151\/2017\/01\/pas_memo_4-205x300.png 205w\" sizes=\"auto, (max-width: 276px) 100vw, 276px\" \/><\/figure><div class=\"wp-block-media-text__content\">\n<p class=\"has-small-font-size\">La revista <strong><em>Pasado y Memoria<\/em><\/strong>, en el seu quart n\u00famero (2005), ha dedicat un extens dossier a l&#8217;estudi de la repressi\u00f3 i viol\u00e8ncia franquista entre 1936 i 1945, en el qual s&#8217;han analitzat gran diversistat de tem\u00e0tiques entorn a aquesta q\u00fcesti\u00f3. S&#8217;ha tractat l&#8217;origen propagand\u00edstic de la Causa General (Francisco Espinosa), la pol\u00edtica penitenci\u00e0ria (Juli\u00e1n Chaves), les caracter\u00edstiques de la viol\u00e8ncia pol\u00edtica a Guip\u00fascoa durant al Guerra Civil i el primer franquisme (Pedro Barruso), el cas de l&#8217;Stanbrook, vaixell que va acceptar refugiats atrapats al port d&#8217;Alacant, en finalitzar la guerra (Juan Mart\u00ednez Leal) i la construcci\u00f3 de la mem\u00f2ria de la Divisi\u00f3n Azul (Xos\u00e9 Mantel N\u00fa\u00f1ez).<\/p>\n<\/div><\/div>\n\n\n\n<hr class=\"wp-block-separator has-alpha-channel-opacity\" \/>\n\n\n\n<div class=\"wp-block-media-text alignwide is-stacked-on-mobile\" style=\"grid-template-columns:15% auto\"><figure class=\"wp-block-media-text__media\"><img loading=\"lazy\" decoding=\"async\" width=\"709\" height=\"940\" src=\"https:\/\/webs.uab.cat\/cedid\/wp-content\/uploads\/sites\/151\/2017\/01\/dez_eme_MMSS.png\" alt=\"dez_eme_MMSS\" class=\"wp-image-282 size-full\" srcset=\"https:\/\/webs.uab.cat\/cedid\/wp-content\/uploads\/sites\/151\/2017\/01\/dez_eme_MMSS.png 709w, https:\/\/webs.uab.cat\/cedid\/wp-content\/uploads\/sites\/151\/2017\/01\/dez_eme_MMSS-226x300.png 226w\" sizes=\"auto, (max-width: 709px) 100vw, 709px\" \/><\/figure><div class=\"wp-block-media-text__content\">\n<p class=\"has-small-font-size\">El n\u00famero 11, de 2006, de la revista <strong><em>Dez Eme<\/em><\/strong> est\u00e0 dedicat als moviments socials durant el franquisme. Les aportacions que es realitzen tenen com a tem\u00e0tiques les mobilitzacions agr\u00e0ries durant el franquisme (amb un article de Ramon Garc\u00eda Pi\u00f1eiro i un altre de V\u00edctor Santidri\u00e1n \u00c0ries), el Moviment Democr\u00e0tic de Dones (Claudia Cabrero Blanco) i l&#8217;oposici\u00f3 al franquisme en l&#8217;Administraci\u00f3 de just\u00edcia (Ana Fern\u00e1ndez Asperilla). Per altra banda, compta amb l&#8217;article &#8220;Per qu\u00e8 parlem de mem\u00f2ria quan volem dir hist\u00f2ria?&#8221;, de Juan Jos\u00e9 Carreras Ares.<\/p>\n<\/div><\/div>\n\n\n\n<hr class=\"wp-block-separator has-alpha-channel-opacity\" \/>\n\n\n\n<div class=\"wp-block-media-text alignwide is-stacked-on-mobile\" style=\"grid-template-columns:15% auto\"><figure class=\"wp-block-media-text__media\"><img loading=\"lazy\" decoding=\"async\" width=\"200\" height=\"284\" src=\"https:\/\/webs.uab.cat\/cedid\/wp-content\/uploads\/sites\/151\/2017\/01\/recerques3.png\" alt=\"recerques3\" class=\"wp-image-280 size-full\" \/><\/figure><div class=\"wp-block-media-text__content\">\n<p class=\"has-small-font-size\"><strong><em>Recerques. Hist\u00f2ria, economia, cultura<\/em>, 50 (2005).<\/strong><br>La revista, que celebra el seu cinquant\u00e8 aniversari, publica una s\u00e8rie de articles sobre diversos aspectes del franquisme. Entre d&#8217;altres hi escriuen: Luciano Casali, &#8220;Ramiro Ledesma Ramos, o la pol\u00edtica com a propaganda&#8221;; Carme Molinero, &#8220;El fantasma de la lluita de classes en l&#8217;imaginari franquista&#8221;; \u00c1ngela Cenarro, &#8220;Protonatalisme, reeducaci\u00f3 i disciplina: els projectes m\u00e8dics i pedag\u00f2gics a Auxilio Social, 1937-1940&#8221;; Francesc Vilanova, &#8220;Beligerantes morales&#8221;: la Barcelona franquista i la guerra contra els bolxevics l&#8217;estiu de 1941&#8243;; Pere Ys\u00e0s &#8220;Entre l&#8217;alarma i el desconcert. Els franquistes i la &#8220;crisis de desembre&#8221; de 1970&#8243;.<\/p>\n<\/div><\/div>\n\n\n\n<hr class=\"wp-block-separator has-alpha-channel-opacity\" \/>\n\n\n\n<div class=\"wp-block-media-text alignwide is-stacked-on-mobile\" style=\"grid-template-columns:15% auto\"><figure class=\"wp-block-media-text__media\"><img loading=\"lazy\" decoding=\"async\" width=\"200\" height=\"286\" src=\"https:\/\/webs.uab.cat\/cedid\/wp-content\/uploads\/sites\/151\/2017\/01\/avenc_20N.png\" alt=\"aven\u00e7_20N\" class=\"wp-image-278 size-full\" \/><\/figure><div class=\"wp-block-media-text__content\">\n<p class=\"has-small-font-size\">El n\u00famero 307 de <strong><em>L&#8217;Aven\u00e7<\/em><\/strong> (novembre de 2005) proposa un dossier sobre l&#8217;\u00faltim franquisme i la transici\u00f3. Hi col\u00b7laboren Carme Molinero, Pere Ys\u00e0s, Santos Juli\u00e1 i Jos\u00e9 M. Mar\u00edn, amb reflexions sobre aspectes pol\u00edtics, socials i econ\u00f2mics. Els tres escenaris escollits, sobre la base dels temes tractats dins del Congr\u00e8s La Transici\u00f3 de la Dictadura a la Democr\u00e0cia, coorganitzat per CEFID i el Centre de Cultura Contempor\u00e0nia de Barcelona, son la crisi de la dictadura, els primers moments del proc\u00e9s de transici\u00f3 i els condicionants econ\u00f2mics i socials.<\/p>\n<\/div><\/div>\n\n\n\n<hr class=\"wp-block-separator has-alpha-channel-opacity\" \/>\n\n\n\n<div class=\"wp-block-media-text alignwide is-stacked-on-mobile\" style=\"grid-template-columns:15% auto\"><figure class=\"wp-block-media-text__media\"><img loading=\"lazy\" decoding=\"async\" width=\"200\" height=\"268\" src=\"https:\/\/webs.uab.cat\/cedid\/wp-content\/uploads\/sites\/151\/2017\/01\/dez_eme_memo.png\" alt=\"dez_eme_memo\" class=\"wp-image-276 size-full\" \/><\/figure><div class=\"wp-block-media-text__content\">\n<p class=\"has-small-font-size\">La revista <strong><em>Dez Eme<\/em><\/strong> (Revista de Historia e Ciencias Sociais da Fundaci\u00f3n 10 de Marzo) dedica el seu n\u00famero 10 (octubre de 2005) a la mem\u00f2ria hist\u00f2rica i als debats historiogr\u00e0fics que s&#8217;hi puguin relacionar. Aix\u00ed ens proposa, entre d&#8217;altres, la traducci\u00f3 de la intervenci\u00f3 d&#8217;Eric Hobsbawn dins del Col\u00b7loqui de la British Academy sobre historiografia marxista, les reflexions sobre el nou Memorial Democr\u00e0tic de la m\u00e0 de Pere Ys\u00e0s, sobre la mem\u00f2ria i l&#8217;oblit de Gloria Bayona Fern\u00e1ndez i sobre la mem\u00f2ria col\u00b7lectiva de Francisco Erice. Tamb\u00e9 assenyalem l&#8217;article sobre l&#8217;experi\u00e8ncia de resist\u00e8ncia obrera de Manuel Amor Deus, dirigent de les CCOO gallegues.<\/p>\n<\/div><\/div>\n","protected":false},"excerpt":{"rendered":"<p>El n\u00famero 5 de la revista Pasado y Memoria (2006) porta per t\u00edtol &#8220;Espa\u00f1a en los a\u00f1os 60. La percepci\u00f3n de los cambios&#8221;. S&#8217;hi recullen diversos aspectes dels canvis que van tenir lloc en aquella \u00e8poca, tant en refer\u00e8ncia al seu propi significat respecte a l&#8217;estat en qu\u00e8 es trobaven en l&#8217;etapa anterior del r\u00e8gim [&hellip;]<\/p>\n","protected":false},"author":20,"featured_media":0,"parent":0,"menu_order":0,"comment_status":"closed","ping_status":"closed","template":"","meta":{"footnotes":""},"class_list":["post-275","page","type-page","status-publish","hentry"],"_links":{"self":[{"href":"https:\/\/webs.uab.cat\/cedid\/wp-json\/wp\/v2\/pages\/275","targetHints":{"allow":["GET"]}}],"collection":[{"href":"https:\/\/webs.uab.cat\/cedid\/wp-json\/wp\/v2\/pages"}],"about":[{"href":"https:\/\/webs.uab.cat\/cedid\/wp-json\/wp\/v2\/types\/page"}],"author":[{"embeddable":true,"href":"https:\/\/webs.uab.cat\/cedid\/wp-json\/wp\/v2\/users\/20"}],"replies":[{"embeddable":true,"href":"https:\/\/webs.uab.cat\/cedid\/wp-json\/wp\/v2\/comments?post=275"}],"version-history":[{"count":10,"href":"https:\/\/webs.uab.cat\/cedid\/wp-json\/wp\/v2\/pages\/275\/revisions"}],"predecessor-version":[{"id":6324,"href":"https:\/\/webs.uab.cat\/cedid\/wp-json\/wp\/v2\/pages\/275\/revisions\/6324"}],"wp:attachment":[{"href":"https:\/\/webs.uab.cat\/cedid\/wp-json\/wp\/v2\/media?parent=275"}],"curies":[{"name":"wp","href":"https:\/\/api.w.org\/{rel}","templated":true}]}}