{"id":304,"date":"2010-06-22T16:27:01","date_gmt":"2010-06-22T16:27:01","guid":{"rendered":"https:\/\/webs.uab.cat\/cedid\/historial-de-projectes\/"},"modified":"2023-10-30T19:31:48","modified_gmt":"2023-10-30T19:31:48","slug":"historial-de-projectes","status":"publish","type":"page","link":"https:\/\/webs.uab.cat\/cedid\/historial-de-projectes\/","title":{"rendered":"Historial de projectes"},"content":{"rendered":"<p><strong>Projectes de recerca dirigits per membres del CEFID\/CEDID<\/strong><\/p>\n<p><em>Estudi historiogr\u00e0fic sobre el poble gitano a Sabadell\u00a0 \u00a0 \u00a0 \u00a0 \u00a0 \u00a0 \u00a0 \u00a0 \u00a0 \u00a0 \u00a0 \u00a0 \u00a0 \u00a0 \u00a0 \u00a0 \u00a0 \u00a0 \u00a0 \u00a0 \u00a0 \u00a0 \u00a0 \u00a0 \u00a0 \u00a0 \u00a0 \u00a0 \u00a0 \u00a0 \u00a0 \u00a0 \u00a0 \u00a0 \u00a0 \u00a0 <\/em>Investigador principal: Mart\u00ed Mar\u00edn\u00a0 \u00a0 \u00a0 \u00a0 \u00a0 \u00a0 \u00a0 \u00a0 \u00a0 \u00a0 \u00a0 \u00a0 \u00a0 \u00a0 \u00a0 \u00a0 \u00a0 \u00a0 \u00a0 \u00a0 \u00a0 \u00a0 \u00a0 \u00a0 \u00a0 \u00a0 \u00a0 \u00a0 \u00a0 \u00a0 \u00a0 \u00a0 \u00a0 \u00a0 \u00a0 \u00a0 \u00a0 \u00a0 \u00a0 \u00a0 \u00a0 \u00a0 \u00a0 \u00a0 \u00a0 \u00a0 \u00a0 \u00a0 \u00a0 \u00a0 \u00a0 \u00a0 \u00a0 \u00a0 \u00a0 \u00a0 \u00a0 Refer\u00e8ncia: Exp. 2022\/264 (Ajuntament de Sabadell)\u00a0 \u00a0 \u00a0 \u00a0 \u00a0 \u00a0 \u00a0 \u00a0 \u00a0 \u00a0 \u00a0 \u00a0 \u00a0 \u00a0 \u00a0 \u00a0 \u00a0 \u00a0 \u00a0 \u00a0 \u00a0 \u00a0 \u00a0 \u00a0 \u00a0 \u00a0 \u00a0 \u00a0 \u00a0 \u00a0 \u00a0 \u00a0 \u00a0 \u00a0 \u00a0 \u00a0 Durada: 2022<\/p>\n<p><em>Estudi per recuperar la mem\u00f2ria hist\u00f2rica de les dones de Castelldefels i la seva aportaci\u00f3 al desenvolupament de la ciutat de Castelldefels<\/em><br \/>\nInvestigador principal: Carlos Ord\u00e1s Garc\u00eda<br \/>\nRefer\u00e8ncia: Exp. PART 2022\/617<br \/>\nAjuntament de Castelldefels<br \/>\nDurada: 2022<\/p>\n<p><em>Topografia dels espais de repressi\u00f3 franquista a la ciutat de Barcelona. (1939-1978)<\/em><br \/>\nInvestigador principal: Mart\u00ed Mar\u00edn<br \/>\nRefer\u00e8ncia: 21002007<br \/>\nAjuntament de Barcelona<br \/>\nDurada: 2021-2022<\/p>\n<p><em>Informe i realitzaci\u00f3 del Pla de Mem\u00f2ria Hist\u00f2rica de Sabadell\u00a0 \u00a0 \u00a0 \u00a0 \u00a0 \u00a0 \u00a0 \u00a0 \u00a0 \u00a0 \u00a0 \u00a0 \u00a0 \u00a0 \u00a0 \u00a0 \u00a0 \u00a0 \u00a0 \u00a0 \u00a0 \u00a0 \u00a0 \u00a0 \u00a0 \u00a0 <\/em>Investigador principal: Mart\u00ed Mar\u00edn\u00a0 \u00a0 \u00a0 \u00a0 \u00a0 \u00a0 \u00a0 \u00a0 \u00a0 \u00a0 \u00a0 \u00a0 \u00a0 \u00a0 \u00a0 \u00a0 \u00a0 \u00a0 \u00a0 \u00a0 \u00a0 \u00a0 \u00a0 \u00a0 \u00a0 \u00a0 \u00a0 \u00a0 \u00a0 \u00a0 \u00a0 \u00a0 \u00a0 \u00a0 \u00a0 \u00a0 \u00a0 \u00a0 \u00a0 \u00a0 \u00a0 \u00a0 \u00a0 \u00a0 \u00a0 \u00a0 \u00a0 \u00a0 \u00a0 \u00a0 \u00a0 \u00a0 \u00a0 \u00a0 \u00a0 \u00a0 \u00a0 Refer\u00e8ncies: Exp. 2020\/451 i Exp. 2021\/67\u00a0 \u00a0 \u00a0 \u00a0 \u00a0 \u00a0 \u00a0 \u00a0 \u00a0 \u00a0 \u00a0 \u00a0 \u00a0 \u00a0 \u00a0 \u00a0 \u00a0 \u00a0 \u00a0 \u00a0 \u00a0 \u00a0 \u00a0 \u00a0 \u00a0 \u00a0 \u00a0 \u00a0 \u00a0 \u00a0 \u00a0 \u00a0 \u00a0 \u00a0 \u00a0 \u00a0 \u00a0 \u00a0 \u00a0 \u00a0 \u00a0 \u00a0 \u00a0 \u00a0 \u00a0 \u00a0 \u00a0 \u00a0 Durada: 2020-2021<\/p>\n<p><em>Sabadell: ciudadan\u00eda y libertades p\u00fablicas. Un modelo para la memoria democr\u00e1tica en contextos urbanos<\/em><br \/>\nInvestigador principal: Mart\u00ed Mar\u00edn<br \/>\nRefer\u00e8ncia: 167-MD-2020 \/ 782-248529\u00a0(Ministerio de la Presidencia)<br \/>\nDurada: 2021<\/p>\n<p><em>Mem\u00f2ria i patrimoni de l\u2019exili a l\u2019Euroregi\u00f3 (1936-1945)<\/em><br \/>\nInvestigadora principal: Laia Ara\u00f1\u00f3<br \/>\nRefer\u00e8ncia: APC-2019-13 (Euroregi\u00f3 Pirineus Mediterr\u00e0nia)<br \/>\nDurada: 2020-2021<\/p>\n<p><em>Imaginaries of the Future of the Youth(s)<\/em><br \/>\nInvestigadora principal: Ol\u00edvia Gassol (amb Nat\u00e0lia Cant\u00f3)<br \/>\nRefer\u00e8ncia: CSO2017-88594-P<br \/>\nDurada: 2017-2020 (Prorrogat)<\/p>\n<p><em>La historia de la literatura espa\u00f1ola y el exilio republicano de 1939: final<br \/>\n<\/em>Investigadors principals: Manuel Aznar Soler y Jos\u00e9 Ram\u00f3n L\u00f3pez Garc\u00eda<br \/>\nRefer\u00e8ncia: FFI2017-84768-R<br \/>\nDurada: 2018-2020 (Prorrogat)<\/p>\n<p><em>Transiciones a la democracia en el sur de Europa y en Am\u00e9rica Latina: Espa\u00f1a, Portugal, Argentina y Chile<\/em><br \/>\nInvestigadors principals: Carme Molinero Ruiz i Pere Ys\u00e0s Solanes<br \/>\nRefer\u00e8ncia: HAR2015-63657-P<br \/>\nDurada: 2016-2019<\/p>\n<p>Projecte de recerca i publicaci\u00f3 <em>Francesc Montserrat, alcalde de Les Franqueses<\/em><br \/>\nInvestigadors responsables: Mart\u00ed Mar\u00edn i Helena Saavedra<br \/>\nContracte amb l\u2019Ajuntament de Les Franqueses del Vall\u00e8s<br \/>\nDurada: 2017-2019<\/p>\n<p>Projecte de recerca i publicaci\u00f3 <em>Julio Mu\u00f1oz Ramonet i el seu temps<\/em><br \/>\nInvestigadora responsable: Carme Molinero<br \/>\nContracte amb la Fundaci\u00f3 Julio Mu\u00f1oz Ramonet<br \/>\nDurada: 2017-2018<\/p>\n<p><em>Perfiles de la extrema derecha europea en la posguerra fria. Tendencias transideol\u00f3gicas y transversalidad de las bases sociales\u00a0<\/em><br \/>\nInvestigador principal: Francesc Veiga<br \/>\nRefer\u00e8ncia: HAR2015-68452-P<br \/>\nDurada: 2016-2018 (prorrogat)<\/p>\n<p><em>Proyecto de epistemolog\u00eda para un diccionario de la memoria colectiva: conceptos, expresiones, marcas y pol\u00edticas<\/em><br \/>\nInvestigador principal: Manel Risques<br \/>\nRefer\u00e8ncia: HAR2014-52902-P<br \/>\nDurada: 2015-2017<\/p>\n<p><em>La historia de la literatura espa\u00f1ola y el exilio republicano de 1939<\/em><br \/>\nInvestigador principal: Manuel Aznar Soler<br \/>\nRefer\u00e8ncia: FFI2013-42431-P<br \/>\nDurada: 2014-2016 (prorrogat)<\/p>\n<p><em>Continguts, criteris i consideracions per a l&#8217;establiment d&#8217;una pol\u00edtica p\u00fablica de mem\u00f2ria a Barcelona en relaci\u00f3 al Pla d&#8217;Actuaci\u00f3 Municipal de la ciutat (Assist\u00e8ncia t\u00e8cnica al Comissionat de Projectes Estrat\u00e8gics i Mem\u00f2ria Hist\u00f2rica de l&#8217;Ajuntament de Barcelona)<\/em><br \/>\nInvestigadora responsable: Carme Molinero<br \/>\nInstituci\u00f3 finan\u00e7adora: Ajuntament de Barcelona<br \/>\nRefer\u00e8ncia: Exp. 2015\/245<br \/>\nDurada: 2015-2016<\/p>\n<p><em>Recuperar, conservar i difondre. La creaci\u00f3 d&#8217;un fons oral sobre dones universit\u00e0ries a Barcelona durant el franquisme<\/em><br \/>\nInvestigadores responsables: Carme Molinero i Helena Saavedra<br \/>\nInstituci\u00f3 finan\u00e7adora: Ajuntament de Barcelona<br \/>\nRefer\u00e8ncia: 15S02918-001<br \/>\nDurada: 2015<\/p>\n<p><em><em>La izquierda en la transici\u00f3n espa\u00f1ola<\/em><\/em><br \/>\nInvestigador Principal: Pere Ys\u00e0s<br \/>\nRefer\u00e8ncia: HAR2012-31431<br \/>\nDurada: 2013-2015<\/p>\n<p><em>Salvador Espriu: estudi gen\u00e8tic i interart\u00edstic de la seva obra.<\/em><br \/>\nInvestigador principal: V\u00edctor Mart\u00ednez Gil<br \/>\nRefer\u00e8ncia: FFI2011-25037<br \/>\nDurada: 2012-2014<\/p>\n<p><em>Escriptors catalans de la Rep\u00fablica (1931-1936)<\/em><br \/>\nInvestigador principal: Jordi Castellanos (\u2020 19\/10\/2012) &#8211; substitu\u00eft per Enric Cassany i Cels (no membre)<br \/>\nRefer\u00e8ncia: FFI2011-25051<br \/>\nDurada: 2012-2014<\/p>\n<p><em>Perseguidos y salvados. La huida de refugiados jud\u00edos y aliados durante la segunda guerra mundial a trav\u00e9s de los Pirineos.<\/em><br \/>\n<span style=\"line-height: 20.8px\">Investigador Principal: Conxita Mir Curc\u00f3<\/span><br \/>\n<span style=\"line-height: 20.8px\">Referencia: Action 4\/selection 2012\/ Ref. 533301<\/span><br \/>\n<span style=\"line-height: 20.8px\">Duraci\u00f3n: 2012-2014<\/span><\/p>\n<p><em><em>Memoria y sociedad. Las pol\u00edticas de reparaci\u00f3n y memoria y los procesos sociales en\u00a0la construcci\u00f3n de la memoria p\u00fablica contempor\u00e1nea en Espa\u00f1a<\/em><\/em><br \/>\nInvestigador principal: Ricard Vinyes.<br \/>\nRefer\u00e8ncia:\u00a0MICINN, HAR2011-23490<br \/>\nDuraci\u00f3:\u00a02012-2014<\/p>\n<p><em><em>Estado e mem\u00f3ria: pol\u00edticas p\u00fablicas da mem\u00f3ria da ditadura portuguesa<\/em><\/em>\u00a0(1974-2009).<br \/>\nInvestigador principal: Manuel Loff (Universidade do Porto)<br \/>\nInvestigadors del CEFID participants: Carme Molinero i Pere Ys\u00e0s<br \/>\nRefer\u00e8ncia:PTDC\/HIS-HIS\/121001\/2010 (Funda\u00e7\u00e3o para a Ci\u00eancia e\u00a0Tecnologia)<br \/>\nDuraci\u00f3:\u00a02012-2013<\/p>\n<p><em>Historia, memoria y justicia: los espacios de duelo y memoria de las v\u00edctimas de la violencia franquista.<\/em><br \/>\nInvestigadora principal: Conxita Mir Curc\u00f3<br \/>\nRefer\u00e8ncia: HAR 2010-15791<br \/>\nDuraci\u00f3: 2011-2013<\/p>\n<p><em>Escena y literatura dram\u00e1tica en el exilio republicano de 1939<\/em><br \/>\nInvestigador principal: Manuel Aznar Soler<br \/>\nRefer\u00e8ncia:\u00a0FFI2010-21031<br \/>\nDuraci\u00f3:\u00a02011-2013<\/p>\n<p><em>Escena y literatura dram\u00e1tica en el exilio republicano de 1939<\/em><br \/>\nInvestigador principal:\u00a0Manuel Aznar Soler<br \/>\nRefer\u00e8ncia:\u00a0MICINN, FFI2010-21031<br \/>\nDuraci\u00f3:\u00a02010-2013<\/p>\n<p><em><em><em>El Tribunal de Orden P\u00fablico. Actors i din\u00e0miques pol\u00edtiques. Catalunya,\u00a01963-1976.<\/em><\/em><\/em><br \/>\nInvestigador principal: Javier T\u00e9bar<br \/>\nRefer\u00e8ncia:\u00a0Ministerio de la Presidencia, ref. 240<br \/>\nDuraci\u00f3:\u00a02011-2012<\/p>\n<p><em>Catalu\u00f1a en la transici\u00f3n espa\u00f1ola<\/em><br \/>\nInvestigadora principal: Carme Molinero<br \/>\nRefer\u00e8ncia: HAR 2009-07825<br \/>\nDuraci\u00f3: 2010-2012<\/p>\n<p><em>Diccionario biogr\u00e1fico de los parlamentarios de Catalu\u00f1a, 1810-1868<\/em><br \/>\nInvestigador principal:\u00a0Borja de Riquer i Permanyer<br \/>\nRefer\u00e8ncia:\u00a0MICINN\u00a0HAR2009-08989<br \/>\nDuraci\u00f3:\u00a02010-2012<\/p>\n<p><em>Cultura i literatura a Catalunya, 1939-1959.<\/em><br \/>\nInvestigador principal:\u00a0Jordi Castellanos Vila<br \/>\nRefer\u00e8ncia:\u00a0MICINN, FFI2008-030408<br \/>\nDuraci\u00f3:\u00a02009-2011<\/p>\n<p><em>Intercambios entre sistemas literarios: mediaci\u00f3n y mediadores desde la literatura catalana (s.XX)<\/em><br \/>\nInvestigador principal: V\u00edctor Mart\u00ednez-Gil<br \/>\nRefer\u00e8ncia:\u00a0MICINN, FFI2008-02987<br \/>\nDuraci\u00f3:\u00a02009-2011<\/p>\n<p><em>Realitzaci\u00f3 d&#8217;un Tesaurus sobre la mem\u00f2ria democr\u00e0tica a Catalunya (1931-1980)<\/em><br \/>\nInvestigador principal:\u00a0Borja de Riquer<br \/>\nRefer\u00e8ncia:Conveni amb el Departament d\u2019Interior, Relacions Institucionals i Participaci\u00f3 de la Generalitat de Catalunya<br \/>\nDuraci\u00f3:\u00a02009-2010<\/p>\n<p><em>Escena y literatura dram\u00e1tica en el exilio republicano de 1939.<\/em><br \/>\nInvestigador principal:\u00a0Manuel Aznar Soler.<br \/>\nRefer\u00e8ncia:\u00a0MEC, HUM2007-60545<br \/>\nDuraci\u00f3:\u00a02007-2010<\/p>\n<p><em>Inventari d&#8217;iconografia i simbologia franquista a les comarques de Barcelona i possibles mesures de senyalitzaci\u00f3 i retirada<\/em><br \/>\nInvestigador principal: Pere Ys\u00e0s<br \/>\nRefer\u00e8ncia:Conveni amb el Departament d&#8217;Interior, Relacions Institucionals i Participaci\u00f3 de la Generalitat de Catalunya<br \/>\nDuraci\u00f3:\u00a02009<\/p>\n<p><em>Construint la ciutat democr\u00e0tica: el moviment ve\u00efnal durant el tardofranquisme i la transici\u00f3 (1964-1980)<\/em>, en el marc del projecte<em> El moviment ve\u00efnal a Catalunya durant la transici\u00f3: la seva hist\u00f2ria, la seva mem\u00f2ria<\/em><br \/>\nInvestigadors principals: Pere Ys\u00e0s i Carme Molinero<br \/>\nRefer\u00e8ncia:\u00a0Conveni amb la Direcci\u00f3 General de la Mem\u00f2ria Democr\u00e0tica-Dept. d\u2019Interior\u00a0Relacions Institucionals i Participaci\u00f3 de la Generalitat de Catalunya.<br \/>\nDuraci\u00f3:\u00a02008-2009<\/p>\n<p><em>Selecci\u00f3, an\u00e0lisi i difusi\u00f3 d\u2019articles sobre Hist\u00f2ria de Catalunya.<\/em><br \/>\nInvestigador principal:\u00a0Borja de Riquer i Permanyer<br \/>\nRefer\u00e8ncia:Conveni amb la\u00a0Biblioteca de Catalunya<br \/>\nDuraci\u00f3:\u00a02008-2009<\/p>\n<p><em>La repressi\u00f3 pol\u00edtica de postguerra: els empresonats a Barcelona, 1939-1944.<\/em><br \/>\nInvestigador principal:<br \/>\nRefer\u00e8ncia:\u00a0AGAUR,\u00a02007EBRE6<br \/>\nDuraci\u00f3:\u00a02007-2009<\/p>\n<p><em>Los partidos de \u00e1mbito no estatal en el sistema pol\u00edtico espa\u00f1ol. Una perspectiva comparada.<\/em><br \/>\nInvestigador principal:\u00a0Montserrat Baras.<br \/>\nRefer\u00e8ncia:\u00a0MEC-DGICYT, SEJ2006-1576-C03-02<br \/>\nDuraci\u00f3:\u00a02006-2009.<\/p>\n<p><em>Projecte TRACES<\/em><br \/>\nInvestigador principal:\u00a0Jordi Castellanos<br \/>\nRefer\u00e8ncia:\u00a0Conveni amb Caixa de Terrassa<br \/>\nDuraci\u00f3:\u00a02007-2008<\/p>\n<p><em>Auge y crisis de la movilizaci\u00f3n socio-pol\u00edtica en Espa\u00f1a durante los a\u00f1os 70<\/em>.<br \/>\nInvestigador principal: Pere Ys\u00e0s.<br \/>\nRefer\u00e8ncia:\u00a0MEC,\u00a0HUM2006-06947.<br \/>\nDuraci\u00f3:\u00a02006-2008.<\/p>\n<p><em>Diccionari biogr\u00e0fic dels parlamentaris de Catalunya. Segona fase. 1869-1901<\/em>.\u00a0\u00a0(2005-2008).<br \/>\nInvestigador principal: Borja de Riquer.<br \/>\nRefer\u00e8ncia:\u00a0MEC,\u00a0HUM2005-01485<br \/>\nDuraci\u00f3:\u00a02005-2008<\/p>\n<p><em>Concepcions i discursos sobre la modernitat en la literatura catalana dels segles XIX i XX<\/em><br \/>\nInvestigador principal: Jordi Castellanos\u00a0 (2005-2008).<br \/>\nRefer\u00e8ncia:\u00a0HUM2005-01109\/FILO<br \/>\nDuraci\u00f3:\u00a02005-2008<\/p>\n<p><em>Mem\u00f2ria d\u2019un moviment: els estudiants catalans contra Franco<\/em><br \/>\nInvestigadora responsable: Carme Molinero.<br \/>\nRefer\u00e8ncia:\u00a0AGAUR,2005AREM1003 (2006-2007).<br \/>\nDuraci\u00f3:\u00a02006-2007<\/p>\n<p><em>Diccionario bio-bibliogr\u00e1fico de los escritores, editoriales y revistas del exilio republicano espa\u00f1ol de 1939: final.<\/em><br \/>\nInvestigador principal: Manuel Aznar Soler.<br \/>\nRefer\u00e8ncia:\u00a0MEC, HUM2004-02870<br \/>\nDuraci\u00f3:\u00a02004-2007<\/p>\n<p><em><em>El franquismo en Catalunya. Instituciones, organizaciones y personal pol\u00edtico.<\/em><\/em><br \/>\nInvestigador principal: Pere Ys\u00e0s.<br \/>\nRefer\u00e8ncia:\u00a0DGI,\u00a0BHA2003-04165<br \/>\nDuraci\u00f3:\u00a02004-2006<\/p>\n<p><em><em>Las pol\u00edticas sociales del R\u00e9gimen franquista<\/em>.<\/em><br \/>\nInvestigadora principal: Carme Molinero<br \/>\nRefer\u00e8ncia:\u00a0DGI, BHA2000-0179<br \/>\nDuraci\u00f3:\u00a02001-2003<\/p>\n<p><em>Diccionario bio-bibliogr\u00e1fico de los escritores, editoriales y revistas del exilio\u00a0republicano espa\u00f1ol de 1939 en Inglaterra, Uni\u00f3n Sovi\u00e9tica y resto de Am\u00e9rica.<\/em><br \/>\nInvestigador principal:\u00a0Manuel Aznar Soler<br \/>\nRefer\u00e8ncia:\u00a0BFF2000-0070 (Ministerio de Ciencia y Tecnolog\u00eda)<br \/>\nDuraci\u00f3:\u00a02000-2003<\/p>\n<p><strong>Ajudes a grups de recerca coordinats per membres del CEFID<\/strong><\/p>\n<p>Grup de Recerca Sobre l&#8217;\u00c8poca Franquista (GREF). 2017 SGR 169. (2017-2020). Investigador responsable: Pere Ys\u00e0s<\/p>\n<p>Grup d&#8217;Estudis de l&#8217;Exili Literari (GEXEL). 2017 SGR 1324. (2017-2020). Investigador responsable: Manuel Aznar Soler.<\/p>\n<p>Grups d&#8217;Estudis de l&#8217;Exili Literari (GEXEL). 2014 SGR 1376. (2014-2016). Investigador responsable: Manuel Aznar Soler.<\/p>\n<p>Grup de Recerca en Hist\u00f2ria Actual (GReHA). <span style=\"line-height: 20.8px\">2014 SGR 956. (2014-2016). Coordinador del grup: Francisco Veiga.<\/span><\/p>\n<p>Grup d\u2019Estudis de l\u2019Exili Literari (GEXEL). 2009 SGR 1286. (2009-2013). Investigador\u00a0responsable: Manuel Aznar Soler.<\/p>\n<p>Grup de Recerca sobre l\u2019\u00c8poca Franquista (GREF). 2009 SGR 710. (2009-2013).\u00a0Investigador responsable: Pere Ys\u00e0s Solanes.<\/p>\n<p>Grup d\u2019Estudis de Literatura Catalana Contempor\u00e0nia. 2009 SGR 349. (2009-2013).\u00a0Investigador responsable: Jordi Castellanos i Vila.<\/p>\n<p>Grup d\u2019Hist\u00f2ria del Parlamentarisme. 2009 SGR 920. (2009-2013). Investigador\u00a0responsable: Borja de Riquer i Permanyer.<\/p>\n<p>Grup de Recerca sobre Elits i Partits Pol\u00edtics (GREP).Refer\u00e8ncia: 2009 SGR 1290.\u00a0Coordinadora del grup: Montserrat Baras.<\/p>\n<p>Grup de Recerca en Arts Esc\u00e8niques (GRAE). 2009 SGR 1034. Investigador\u00a0responsable: Francesc Foguet.<\/p>\n<p>Grup de Recerca sobre l\u2019\u00c8poca Franquista. Grup de recerca reconegut per la\u00a0Generalitat de Catalunya, SGR2005-00809 (2005-2008). Investigadora responsable:\u00a0Carme Molinero.<\/p>\n<p>Grup d\u2019Estudis de Literatura Catalana Contempor\u00e0nia. Grup de recerca reconegut per la\u00a0Generalitat de Catalunya, SGR2005-00473 (2005-2008).\u00a0Investigador responsable: Jordi Castellanos.<\/p>\n<p>Grup d\u2019Hist\u00f2ria del Parlamentarisme. Grup de recerca reconegut per la\u00a0Generalitat de Catalunya, SGR2005-00802 (2005-2008). Investigador responsable:\u00a0Borja de Riquer.<\/p>\n<p>Grup de Recerca sobre l\u2019\u00c8poca Franquista. Grup de recerca reconegut per la\u00a0Generalitat de Catalunya, SGR2002-0196 (2002-2005). Investigadora responsable:\u00a0Carme Molinero.<\/p>\n<p><em>\u00a0<\/em><\/p>\n","protected":false},"excerpt":{"rendered":"<p>Projectes de recerca dirigits per membres del CEFID\/CEDID Estudi historiogr\u00e0fic sobre el poble gitano a Sabadell\u00a0 \u00a0 \u00a0 \u00a0 \u00a0 \u00a0 \u00a0 \u00a0 \u00a0 \u00a0 \u00a0 \u00a0 \u00a0 \u00a0 \u00a0 \u00a0 \u00a0 \u00a0 \u00a0 \u00a0 \u00a0 \u00a0 \u00a0 \u00a0 \u00a0 \u00a0 \u00a0 \u00a0 \u00a0 \u00a0 \u00a0 \u00a0 \u00a0 \u00a0 \u00a0 \u00a0 Investigador principal: Mart\u00ed Mar\u00edn\u00a0 [&hellip;]<\/p>\n","protected":false},"author":20,"featured_media":0,"parent":0,"menu_order":0,"comment_status":"closed","ping_status":"closed","template":"","meta":{"footnotes":""},"class_list":["post-304","page","type-page","status-publish","hentry"],"_links":{"self":[{"href":"https:\/\/webs.uab.cat\/cedid\/wp-json\/wp\/v2\/pages\/304","targetHints":{"allow":["GET"]}}],"collection":[{"href":"https:\/\/webs.uab.cat\/cedid\/wp-json\/wp\/v2\/pages"}],"about":[{"href":"https:\/\/webs.uab.cat\/cedid\/wp-json\/wp\/v2\/types\/page"}],"author":[{"embeddable":true,"href":"https:\/\/webs.uab.cat\/cedid\/wp-json\/wp\/v2\/users\/20"}],"replies":[{"embeddable":true,"href":"https:\/\/webs.uab.cat\/cedid\/wp-json\/wp\/v2\/comments?post=304"}],"version-history":[{"count":7,"href":"https:\/\/webs.uab.cat\/cedid\/wp-json\/wp\/v2\/pages\/304\/revisions"}],"predecessor-version":[{"id":7829,"href":"https:\/\/webs.uab.cat\/cedid\/wp-json\/wp\/v2\/pages\/304\/revisions\/7829"}],"wp:attachment":[{"href":"https:\/\/webs.uab.cat\/cedid\/wp-json\/wp\/v2\/media?parent=304"}],"curies":[{"name":"wp","href":"https:\/\/api.w.org\/{rel}","templated":true}]}}