{"id":61,"date":"2009-05-08T11:23:04","date_gmt":"2009-05-08T11:23:04","guid":{"rendered":"https:\/\/webs.uab.cat\/cedid\/historia-i-dades-0\/"},"modified":"2022-11-29T09:52:05","modified_gmt":"2022-11-29T09:52:05","slug":"historia-i-dades-0","status":"publish","type":"page","link":"https:\/\/webs.uab.cat\/cedid\/historia-i-dades-0\/","title":{"rendered":"Hist\u00f2ria i dades"},"content":{"rendered":"\n<p><a href=\"https:\/\/webs.uab.cat\/cedid\/el-centre\/\" data-type=\"page\" data-id=\"1466\">El CEDID<\/a><\/p>\n\n\n\n<p><a href=\"https:\/\/webs.uab.cat\/cedid\/equip-directiu\/\" data-type=\"page\" data-id=\"978\">Equip de Direcci\u00f3<\/a><\/p>\n\n\n\n<p><a href=\"https:\/\/webs.uab.cat\/cedid\/consell-assessor\/\" data-type=\"page\" data-id=\"979\">Consell Assessor<\/a><\/p>\n\n\n\n<p><a href=\"https:\/\/webs.uab.cat\/cedid\/reglament\/\" data-type=\"page\" data-id=\"982\">Reglament<\/a><\/p>\n\n\n\n<p><a href=\"https:\/\/webs.uab.cat\/cedid\/memories-anuals-del-cefid\/\" data-type=\"page\" data-id=\"447\">Mem\u00f2ries anuals<\/a><\/p>\n\n\n\n<p><a href=\"https:\/\/webs.uab.cat\/cedid\/ressenya-historica\/\" data-type=\"page\" data-id=\"68\">Ressenya hist\u00f2rica<\/a><\/p>\n","protected":false},"excerpt":{"rendered":"<p>El CEDID Equip de Direcci\u00f3 Consell Assessor Reglament Mem\u00f2ries anuals Ressenya hist\u00f2rica<\/p>\n","protected":false},"author":20,"featured_media":0,"parent":0,"menu_order":0,"comment_status":"closed","ping_status":"closed","template":"","meta":{"footnotes":""},"class_list":["post-61","page","type-page","status-publish","hentry"],"_links":{"self":[{"href":"https:\/\/webs.uab.cat\/cedid\/wp-json\/wp\/v2\/pages\/61","targetHints":{"allow":["GET"]}}],"collection":[{"href":"https:\/\/webs.uab.cat\/cedid\/wp-json\/wp\/v2\/pages"}],"about":[{"href":"https:\/\/webs.uab.cat\/cedid\/wp-json\/wp\/v2\/types\/page"}],"author":[{"embeddable":true,"href":"https:\/\/webs.uab.cat\/cedid\/wp-json\/wp\/v2\/users\/20"}],"replies":[{"embeddable":true,"href":"https:\/\/webs.uab.cat\/cedid\/wp-json\/wp\/v2\/comments?post=61"}],"version-history":[{"count":4,"href":"https:\/\/webs.uab.cat\/cedid\/wp-json\/wp\/v2\/pages\/61\/revisions"}],"predecessor-version":[{"id":4822,"href":"https:\/\/webs.uab.cat\/cedid\/wp-json\/wp\/v2\/pages\/61\/revisions\/4822"}],"wp:attachment":[{"href":"https:\/\/webs.uab.cat\/cedid\/wp-json\/wp\/v2\/media?parent=61"}],"curies":[{"name":"wp","href":"https:\/\/api.w.org\/{rel}","templated":true}]}}