{"id":62,"date":"2009-05-08T11:25:32","date_gmt":"2009-05-08T11:25:32","guid":{"rendered":"https:\/\/webs.uab.cat\/cedid\/entitats-collaboradores-0\/"},"modified":"2009-05-08T11:25:32","modified_gmt":"2009-05-08T11:25:32","slug":"entitats-collaboradores-0","status":"publish","type":"page","link":"https:\/\/webs.uab.cat\/cedid\/entitats-collaboradores-0\/","title":{"rendered":"Entitats col\u00b7laboradores"},"content":{"rendered":"<p><a href=\"http:\/\/www.diba.cat\/\" target=\"_blank\" rel=\"noopener\">Diputaci\u00f3 de Barcelona<\/a><\/p>\n<p><a href=\"http:\/\/www20.gencat.cat\/portal\/site\/memorialdemocratic\" target=\"_blank\" rel=\"noopener\">Memorial Democr\u00e0tic<\/a><\/p>\n<p><a href=\"http:\/\/www.fciprianogarcia.ccoo.cat\/ciprianogarcia\/index.aspx\" target=\"_blank\" rel=\"noopener\">Fundaci\u00f3 Cipriano Garc\u00eda<\/a><\/p>\n<p><a href=\"http:\/\/www.mhcat.cat\/\" target=\"_blank\" rel=\"noopener\">Museu d&#8217;Hist\u00f2ria de Catalunya<\/a><\/p>\n<p><a href=\"http:\/\/www10.gencat.net\/agaur_web\/AppJava\/catala\/index.jsp\" target=\"_blank\" rel=\"noopener\">Ag\u00e8ncia de Gesti\u00f3 d&#8217;Ajuts Universitaris i de Recerca<\/a><\/p>\n<p><a href=\"http:\/\/www.storia-culture-civilta.unibo.it\/it\" target=\"_blank\" rel=\"noopener\">Dipartamento di Storia Culture Civilt\u00e0 della Universit\u00e0 di Bologna<\/a><\/p>\n<p><a href=\"http:\/\/www.filosofia.uchile.cl\/\" target=\"_blank\" rel=\"noopener\">Facultad de Filosof\u00eda y Humanidades de la Universidad de Chile<\/a><\/p>\n<p><a href=\"http:\/\/www.uniroma3.it\/\" target=\"_blank\" rel=\"noopener\">Universit\u00e0 degli Studi Roma Tre<\/a><\/p>\n<p><a href=\"http:\/\/sigarra.up.pt\/up\/pt\/web_page.inicial\" target=\"_blank\" rel=\"noopener\">Universidade do Porto<\/a><\/p>\n<p><a href=\"http:\/\/www.univ-paris8.fr\/\" target=\"_blank\" rel=\"noopener\">Universit\u00e9 Paris 8<\/a><\/p>\n","protected":false},"excerpt":{"rendered":"<p>Diputaci\u00f3 de Barcelona Memorial Democr\u00e0tic Fundaci\u00f3 Cipriano Garc\u00eda Museu d&#8217;Hist\u00f2ria de Catalunya Ag\u00e8ncia de Gesti\u00f3 d&#8217;Ajuts Universitaris i de Recerca Dipartamento di Storia Culture Civilt\u00e0 della Universit\u00e0 di Bologna Facultad de Filosof\u00eda y Humanidades de la Universidad de Chile Universit\u00e0 degli Studi Roma Tre Universidade do Porto Universit\u00e9 Paris 8<\/p>\n","protected":false},"author":20,"featured_media":0,"parent":0,"menu_order":0,"comment_status":"closed","ping_status":"closed","template":"","meta":{"footnotes":""},"class_list":["post-62","page","type-page","status-publish","hentry"],"_links":{"self":[{"href":"https:\/\/webs.uab.cat\/cedid\/wp-json\/wp\/v2\/pages\/62","targetHints":{"allow":["GET"]}}],"collection":[{"href":"https:\/\/webs.uab.cat\/cedid\/wp-json\/wp\/v2\/pages"}],"about":[{"href":"https:\/\/webs.uab.cat\/cedid\/wp-json\/wp\/v2\/types\/page"}],"author":[{"embeddable":true,"href":"https:\/\/webs.uab.cat\/cedid\/wp-json\/wp\/v2\/users\/20"}],"replies":[{"embeddable":true,"href":"https:\/\/webs.uab.cat\/cedid\/wp-json\/wp\/v2\/comments?post=62"}],"version-history":[{"count":0,"href":"https:\/\/webs.uab.cat\/cedid\/wp-json\/wp\/v2\/pages\/62\/revisions"}],"wp:attachment":[{"href":"https:\/\/webs.uab.cat\/cedid\/wp-json\/wp\/v2\/media?parent=62"}],"curies":[{"name":"wp","href":"https:\/\/api.w.org\/{rel}","templated":true}]}}