{"id":668,"date":"2012-07-02T15:00:46","date_gmt":"2012-07-02T15:00:46","guid":{"rendered":"https:\/\/webs.uab.cat\/cedid\/2007-2008\/"},"modified":"2022-12-15T11:21:22","modified_gmt":"2022-12-15T11:21:22","slug":"2007-2008","status":"publish","type":"page","link":"https:\/\/webs.uab.cat\/cedid\/2007-2008\/","title":{"rendered":"2007-2008"},"content":{"rendered":"\n<div class=\"wp-block-media-text alignwide is-stacked-on-mobile\" style=\"grid-template-columns:15% auto\"><figure class=\"wp-block-media-text__media\"><img loading=\"lazy\" decoding=\"async\" width=\"200\" height=\"286\" src=\"https:\/\/webs.uab.cat\/cedid\/wp-content\/uploads\/sites\/151\/2017\/01\/Spagna_Cont.png\" alt=\"Spagna_Cont\" class=\"wp-image-687 size-full\" \/><\/figure><div class=\"wp-block-media-text__content\">\n<p class=\"has-small-font-size\">El n\u00famero 34 (2008) de la revista italiana d&#8217;investigacions hispanistes<em><strong> Spagna Contemporanea<\/strong><\/em> incorpora un&#8217;article de recerca del membre del CEFID Andrea Geniola sobre les actituds de l&#8217;esgl\u00e9sia espanyola durant la transici\u00f3 pel que fa a la q\u00fcesti\u00f3 auton\u00f2mica i nacional. A &#8220;Iglesia y transici\u00f3n en las p\u00e1ginas de <em>Ecclesia<\/em> (1976-1983)&#8221; l&#8217;autor indaga el tractament i el seguiment que la revista d&#8217;Acci\u00f3 Cat\u00f2lica va fer sobre la progresiva articulaci\u00f3 de l&#8217;Estat de les Autonomies. En aquest recorregut &#8220;Ecclesia&#8221; es revela com a un important altaveu dels diferents plantejaments que es donen dins l&#8217;esgl\u00e9sia espanyola.<\/p>\n<\/div><\/div>\n\n\n\n<hr class=\"wp-block-separator has-alpha-channel-opacity\" \/>\n\n\n\n<div class=\"wp-block-media-text alignwide is-stacked-on-mobile\" style=\"grid-template-columns:15% auto\"><figure class=\"wp-block-media-text__media\"><img loading=\"lazy\" decoding=\"async\" width=\"200\" height=\"294\" src=\"https:\/\/webs.uab.cat\/cedid\/wp-content\/uploads\/sites\/151\/2017\/01\/NH_Gramsci.png\" alt=\"NH_Gramsci\" class=\"wp-image-685 size-full\" \/><\/figure><div class=\"wp-block-media-text__content\">\n<p class=\"has-small-font-size\">Amb l&#8217;excusa del setant\u00e8 aniversari de la mort d&#8217;Antonio Gramsci, el n\u00famero 191 (2008) de la revista <em><strong>Nous Horitzons<\/strong><\/em> aborda la figura i el pensament del fundador del Partit Comunista Itali\u00e0. El n\u00famero, coordinat per Mari\u00e0 Hispano i Tommaso Nencioni, abasta diferents moments de la vida del pol\u00edtic sard, amb una especial atenci\u00f3 a la interpretaci\u00f3 gramsciana de Marx i a la recepci\u00f3 a Catalunya de l&#8217;obra de Gramsci, gr\u00e0cies a les traduccions de Manuel Sacrist\u00e1n. En aquest &#8220;homenatge a Gramsci&#8221; poden trobar-se les aportacions de dos membres del CEFID, Andrea Geniola i Steven Forti. Geniola analitza la postura de Gramsci en relaci\u00f3 a la q\u00fcesti\u00f3 nacional sarda, i es det\u00e9 en la reflexi\u00f3 de l&#8217;autor dels Quaderns de la pres\u00f3 sobre Sardenya i els seus problemes pol\u00edtics, socials i culturals. Al seu torn, Forti se cenyeix en el Gramsci del biennio rosso, tot proposant una nova lectura de la postura del grup de l&#8217;Ordine Nuovo en el debat sobre els soviets i els consells de f\u00e0brica en la It\u00e0lia del 1919-1920.<\/p>\n<\/div><\/div>\n\n\n\n<hr class=\"wp-block-separator has-alpha-channel-opacity\" \/>\n\n\n\n<div class=\"wp-block-media-text alignwide is-stacked-on-mobile\" style=\"grid-template-columns:15% auto\"><figure class=\"wp-block-media-text__media\"><img loading=\"lazy\" decoding=\"async\" width=\"200\" height=\"289\" src=\"https:\/\/webs.uab.cat\/cedid\/wp-content\/uploads\/sites\/151\/2017\/01\/cuad_historia_cont.png\" alt=\"cuad_historia_cont\" class=\"wp-image-683 size-full\" \/><\/figure><div class=\"wp-block-media-text__content\">\n<p class=\"has-small-font-size\">La revista<strong><em> Cuadernos de Historia Contempor\u00e1nea<\/em><\/strong>, publicaci\u00f3 del Departamento de Historia Contempor\u00e1nea de la Universidad Complutense de Madrid, dedica aquest volum, el n\u00famero 30 (2008), a la figura de l&#8217;historiador Manuel Tu\u00f1\u00f3n de Lara, desaparegut el 1997, i a dues de les seves principals l\u00ednies d&#8217;investigaci\u00f3, la hist\u00f2ria social i la del moviment obrer. Pere Ys\u00e0s signa una de les aportacions que integren aquest monogr\u00e0fic, &#8220;El movimiento obrero durante el franquismo. De la resistencia a la movilizaci\u00f3n (1940-1975)&#8221;. En l&#8217;article s&#8217;analitzen les diferents etapes que visqu\u00e9 el moviment obrer durant la dictadura franquista: una primera fase, durant la postguerra, de submissi\u00f3 a l&#8217;Estat i als patrons, conseq\u00fc\u00e8ncia de la brutal repressi\u00f3 patida, per\u00f2 en la qual van fer-se tamb\u00e9 evidents certes formes de rebuig, resist\u00e8ncia i, fins i tot, protesta; i una segona etapa, a partir dels anys seixanta, de reorganitzaci\u00f3 -principalment a trav\u00e9s de les CCOO- i generalitzaci\u00f3 de la conflictivitat, afirmant-se el moviment, d&#8217;aquesta manera, com un agent determinant per al desenvolupament de la crisi final de la dictadura.<\/p>\n<\/div><\/div>\n\n\n\n<hr class=\"wp-block-separator has-alpha-channel-opacity\" \/>\n\n\n\n<div class=\"wp-block-media-text alignwide is-stacked-on-mobile\" style=\"grid-template-columns:15% auto\"><figure class=\"wp-block-media-text__media\"><img loading=\"lazy\" decoding=\"async\" width=\"200\" height=\"287\" src=\"https:\/\/webs.uab.cat\/cedid\/wp-content\/uploads\/sites\/151\/2017\/01\/segle_xx.png\" alt=\"segle_xx\" class=\"wp-image-681 size-full\" \/><\/figure><div class=\"wp-block-media-text__content\">\n<p class=\"has-small-font-size\">El proc\u00e9s de renovaci\u00f3 de les revistes d&#8217;hist\u00f2ria que ha tingut lloc els darrers anys ha donat peu a l&#8217;aparici\u00f3 de diverses publicacions. \u00c9s el cas de <strong><em>Segle XX, Revista catalana d&#8217;hist\u00f2ria<\/em><\/strong>, de la qual aquest 2008 ha sortit el primer n\u00famero. La revista, impulsada per la Fundaci\u00f3 Cipriano Garc\u00eda &#8211; Arxiu Hist\u00f2ric de la CONC i editada per Afers, neix amb la voluntat de ser &#8220;un espai de relaci\u00f3 entre la Universitat i la societat, amb l&#8217;objectiu de donar a con\u00e8ixer la recerca hist\u00f2rica i els principals debats historiogr\u00e0fics amb una voluntat cr\u00edtica i plural, tenint en compte els departaments universitaris, centres de recerca consolidats i associacions interessades en el passat recent&#8221;. Formen part del seu consell de redacci\u00f3, entre altres, Pere Ys\u00e0s i N\u00e0dia Varo Moral, i n&#8217;\u00e9s subdirector Javier T\u00e9bar. En aquest primer n\u00famero hi trobem, a m\u00e9s d&#8217;articles de recerca i assag\u00edstics, un espai dedicat al debat, i tamb\u00e9 un bon nombre de ressenyes i notes de lectura.<\/p>\n<\/div><\/div>\n\n\n\n<hr class=\"wp-block-separator has-alpha-channel-opacity\" \/>\n\n\n\n<div class=\"wp-block-media-text alignwide is-stacked-on-mobile\" style=\"grid-template-columns:15% auto\"><figure class=\"wp-block-media-text__media\"><img loading=\"lazy\" decoding=\"async\" width=\"200\" height=\"282\" src=\"https:\/\/webs.uab.cat\/cedid\/wp-content\/uploads\/sites\/151\/2017\/01\/hist_pol.png\" alt=\"hist_pol\" class=\"wp-image-679 size-full\" \/><\/figure><div class=\"wp-block-media-text__content\">\n<p class=\"has-small-font-size\">El n\u00famero 20, de 2008, de la <em>revista <strong>Historia y Pol\u00edtica<\/strong><\/em> dedica la seva part monogr\u00e0fica a un dossier sobre el recorregut de les esquerres a l&#8217;Espanya democr\u00e0tica. El primer article del dossier &#8220;Las izquierdas en la Espa\u00f1a democr\u00e1tica&#8221; \u00e9s un assaig de Carme Molinero i Pere Ys\u00e0s sobre les esquerres durant els anys setanta i la transici\u00f3. En &#8220;Las izquierdas en los a\u00f1os setenta&#8221; s&#8217;analitza el protagonisme del PSOE i del PCE durant la fase de descomposici\u00f3 del franquisme i llur destacat paper en la transici\u00f3. A m\u00e9s a m\u00e9s s&#8217;hi fa especial referencia al doble proc\u00e9s de consolidaci\u00f3 del PSOE, per una banda, i de crisi del PCE, per l&#8217;altra, que portaria el primer a conquerir el govern i el segon a un espectacular proc\u00e9s destructiu.<\/p>\n<\/div><\/div>\n\n\n\n<hr class=\"wp-block-separator has-alpha-channel-opacity\" \/>\n\n\n\n<div class=\"wp-block-media-text alignwide is-stacked-on-mobile\" style=\"grid-template-columns:15% auto\"><figure class=\"wp-block-media-text__media\"><img loading=\"lazy\" decoding=\"async\" width=\"200\" height=\"284\" src=\"https:\/\/webs.uab.cat\/cedid\/wp-content\/uploads\/sites\/151\/2017\/01\/hispania229.png\" alt=\"hispania229\" class=\"wp-image-677 size-full\" \/><\/figure><div class=\"wp-block-media-text__content\">\n<p class=\"has-small-font-size\">El n\u00famero 229 (2008) d\u2019<strong><em>Hispania. Revista Espa\u00f1ola de Historia<\/em><\/strong>, editada pel CSIC, consta de diversos articles de tem\u00e0tica diversa entre els que cal fer esment del treball realitzat pel membre del CEFID \u00c0lex Amaya Quer, titulat \u201cLa figura de Franco en el discurso de la Organizaci\u00f3n Sindical Espa\u00f1ola durante los a\u00f1os del Desarrollismo a trav\u00e9s del Diario Pueblo (1957-1969)\u201d. L\u2019article planteja un an\u00e0lisi de la imatge propagand\u00edstica de Franco emesa per la premsa de la OSE durant els anys seixanta, periode de grans transformacions socio-econ\u00f2miques a Espanya i en qu\u00e8 el falangisme va trobar el context addient per impulsar el discurs de la Organizaci\u00f3n Sindical com a via d\u2019ampliaci\u00f3 de la seva base social. Una eina important en aquest proc\u00e9s va ser la renovaci\u00f3 de la imatge mitificada de Franco, ajustada als interessos del nacional-sindicalisme. Per altra banda, en aquest n\u00famero d\u2019Hispania tamb\u00e9 es pot trobar una ressenya del llibre de la professora Carme Molinero <em>La captaci\u00f3n de las masas. Pol\u00edtica social y propaganda en el r\u00e9gimen franquista<\/em> (2006), escrita pel professor Luciano Casali, de la Universit\u00e0 di Bolonia.<\/p>\n<\/div><\/div>\n\n\n\n<hr class=\"wp-block-separator has-alpha-channel-opacity\" \/>\n\n\n\n<div class=\"wp-block-media-text alignwide is-stacked-on-mobile\" style=\"grid-template-columns:15% auto\"><figure class=\"wp-block-media-text__media\"><img loading=\"lazy\" decoding=\"async\" width=\"150\" height=\"211\" src=\"https:\/\/webs.uab.cat\/cedid\/wp-content\/uploads\/sites\/151\/2017\/01\/Storia.png\" alt=\"Storia\" class=\"wp-image-675 size-full\" \/><\/figure><div class=\"wp-block-media-text__content\">\n<p class=\"has-small-font-size\">El n\u00famero 47 de la revista <strong><em>Storia e problemi contemporanei<\/em><\/strong> (2008) est\u00e0 dedicat a la pacificaci\u00f3 i la reconciliaci\u00f3 a Espanya, en la l\u00ednea encetada pel congr\u00e8s celebrat a Alessandria-Novi Ligure al novembre de 2006 sota el t\u00edtol &#8220;Spagna 1936- 2006: tra pacificazione franchista e riconciliazione democratica&#8221;. Cal destacar les aportaciones de la professsora Carme Molinero, titulada &#8220;La politica di riconciziliazione nazionale, patto per la libert\u00e0 o patto per l&#8217;oblio?&#8221;, i del professor Pere Ys\u00e0s, que porta el nom de &#8220;Vittoria e riconciliazione nella classe politica franchista degli anni setanta&#8221;. En el primer cas es reflexiona sobre les interpretacions interessades sobre l&#8217;estrat\u00e8gia de reconciliaci\u00f3 nacional del PCE llan\u00e7ada al 1956, per justificar posteriorment la necessitat d&#8217;oblit. En la segona aportaci\u00f3 esmentada, es mostra, a trav\u00e9s d&#8217;abundant documentaci\u00f3 d&#8217;arxiu, la preocupaci\u00f3 dels dirigents franquistes pel tema de la reconciliaci\u00f3.<\/p>\n<\/div><\/div>\n\n\n\n<hr class=\"wp-block-separator has-alpha-channel-opacity\" \/>\n\n\n\n<div class=\"wp-block-media-text alignwide is-stacked-on-mobile\" style=\"grid-template-columns:15% auto\"><figure class=\"wp-block-media-text__media\"><img loading=\"lazy\" decoding=\"async\" width=\"667\" height=\"1024\" src=\"https:\/\/webs.uab.cat\/cedid\/wp-content\/uploads\/sites\/151\/2017\/01\/ayer68-667x1024.png\" alt=\"ayer68\" class=\"wp-image-673 size-full\" srcset=\"https:\/\/webs.uab.cat\/cedid\/wp-content\/uploads\/sites\/151\/2017\/01\/ayer68-667x1024.png 667w, https:\/\/webs.uab.cat\/cedid\/wp-content\/uploads\/sites\/151\/2017\/01\/ayer68-195x300.png 195w, https:\/\/webs.uab.cat\/cedid\/wp-content\/uploads\/sites\/151\/2017\/01\/ayer68-768x1180.png 768w, https:\/\/webs.uab.cat\/cedid\/wp-content\/uploads\/sites\/151\/2017\/01\/ayer68.png 802w\" sizes=\"auto, (max-width: 667px) 100vw, 667px\" \/><\/figure><div class=\"wp-block-media-text__content\">\n<p class=\"has-small-font-size\">El n\u00famero 68 de la revista<strong><em> Ayer<\/em> <\/strong>(2007) publica el dossier &#8220;Crisis y descomposici\u00f3n del franquismo&#8221;, editat per Ismael Saz Campos. Els articles reunits configuren una imatge poc ben\u00e8vola de la darrera fase del franquisme en els \u00e0mbits de la societat, la cultura i els nacionalismes, de la pol\u00edtica exterior i de la interior. A tots hi \u00e9s present la voluntat de no simplificar la complexitat dels diferents processos, de superar la tend\u00e8ncia a la compartimentaci\u00f3 dels diversos nivells d&#8217;an\u00e0lisi, d&#8217;articular el que hi va haver de canvis i continu\u00eftats en el r\u00e8gim franquista. El n\u00famero inclou tamb\u00e9 un article de Pere Ys\u00e0s titulat &#8220;\u00bfUna sociedad pasiva? Actitudes, activismo y conflictividad social en el franquismo tard\u00edo&#8221;, en el qual s&#8217;expliquen els fonaments, `les caracter\u00edstiques i els efectes d&#8217;un conjunt de fen\u00f2mens que no sols desmenteixen la imatge d&#8217;una societat passiva, sin\u00f3 que van tenir un paper molt rellevant en la vida sociopol\u00edtica dels tres darrers lustres de la dictadura.<\/p>\n<\/div><\/div>\n\n\n\n<hr class=\"wp-block-separator has-alpha-channel-opacity\" \/>\n\n\n\n<div class=\"wp-block-media-text alignwide is-stacked-on-mobile\" style=\"grid-template-columns:15% auto\"><figure class=\"wp-block-media-text__media\"><img loading=\"lazy\" decoding=\"async\" width=\"663\" height=\"1024\" src=\"https:\/\/webs.uab.cat\/cedid\/wp-content\/uploads\/sites\/151\/2017\/01\/ayer66-663x1024.png\" alt=\"ayer66\" class=\"wp-image-671 size-full\" srcset=\"https:\/\/webs.uab.cat\/cedid\/wp-content\/uploads\/sites\/151\/2017\/01\/ayer66-663x1024.png 663w, https:\/\/webs.uab.cat\/cedid\/wp-content\/uploads\/sites\/151\/2017\/01\/ayer66-194x300.png 194w, https:\/\/webs.uab.cat\/cedid\/wp-content\/uploads\/sites\/151\/2017\/01\/ayer66-768x1186.png 768w, https:\/\/webs.uab.cat\/cedid\/wp-content\/uploads\/sites\/151\/2017\/01\/ayer66.png 802w\" sizes=\"auto, (max-width: 663px) 100vw, 663px\" \/><\/figure><div class=\"wp-block-media-text__content\">\n<p class=\"has-small-font-size\">El n\u00famero 66 de la revista <strong><em>Ayer<\/em> <\/strong>(2007) porta per t\u00edtol &#8220;Poderes privados y recursos p\u00fablicos&#8221;, i reuneix articles que intenten reprendre, des de posicions no reduccionistes, l&#8217;\u00e0nalisi de les relacions entre l&#8217;esfera pol\u00edtica i l&#8217;econ\u00f2mica, per tal de paliar la creixent tend\u00e8ncia a la separaci\u00f3 entre ambd\u00f3s camps d&#8217;estudi. El n\u00famero tamb\u00e9 inclou un article de Carme Molinero, que porta per t\u00edtol &#8220;La pol\u00edtica de reconciliaci\u00f3n nacional. Su contenido durante el franquismo, su lectura en la Transici\u00f3n&#8221;, en qu\u00e8 l&#8217;autora fa un rep\u00e0s a la g\u00e8nesi i l&#8217;evoluci\u00f3 de la pol\u00edtica de &#8220;reconciliaci\u00f3 nacional&#8221; pregonada pel PCE des de 1956.<\/p>\n<\/div><\/div>\n\n\n\n<hr class=\"wp-block-separator has-alpha-channel-opacity\" \/>\n\n\n\n<div class=\"wp-block-media-text alignwide is-stacked-on-mobile\" style=\"grid-template-columns:15% auto\"><figure class=\"wp-block-media-text__media\"><img loading=\"lazy\" decoding=\"async\" width=\"391\" height=\"479\" src=\"https:\/\/webs.uab.cat\/cedid\/wp-content\/uploads\/sites\/151\/2017\/01\/historiadelpresente_0.png\" alt=\"historiadelpresente_0\" class=\"wp-image-669 size-full\" srcset=\"https:\/\/webs.uab.cat\/cedid\/wp-content\/uploads\/sites\/151\/2017\/01\/historiadelpresente_0.png 391w, https:\/\/webs.uab.cat\/cedid\/wp-content\/uploads\/sites\/151\/2017\/01\/historiadelpresente_0-245x300.png 245w\" sizes=\"auto, (max-width: 391px) 100vw, 391px\" \/><\/figure><div class=\"wp-block-media-text__content\">\n<p class=\"has-small-font-size\">La revista <strong><em>Historia del Present<\/em>e<\/strong>, en el n\u00famero 9 (2007), dedica el seu expedient a l&#8217;an\u00e0lisi de les relacions entre la dictadura franquista i la seva oposici\u00f3, posant un \u00e8mfasi especial en la import\u00e0ncia de l&#8217;estudi del desenvolupament d&#8217;aquestes relacions a partir dels anys seixanta. Pere Ys\u00e0s tracta l&#8217;impacte de la protesta social (&#8220;La imposible paz social. El movimiento obrero y la dictadura&#8221;), Carmen Gonz\u00e1lez i Manuel Ortiz Heras fan un ampli an\u00e0lisi de la naturalesa repressiva del franquisme (&#8220;Control social y control policial en la dictadura franquista&#8221;) i Abd\u00f3n Mateos se centra en el paper de la deslegitimaci\u00f3 exterior de la dictadura (&#8220;El impacto de la denuncia internacional y del exilio pol\u00edtico&#8221;).<\/p>\n<\/div><\/div>\n","protected":false},"excerpt":{"rendered":"<p>El n\u00famero 34 (2008) de la revista italiana d&#8217;investigacions hispanistes Spagna Contemporanea incorpora un&#8217;article de recerca del membre del CEFID Andrea Geniola sobre les actituds de l&#8217;esgl\u00e9sia espanyola durant la transici\u00f3 pel que fa a la q\u00fcesti\u00f3 auton\u00f2mica i nacional. A &#8220;Iglesia y transici\u00f3n en las p\u00e1ginas de Ecclesia (1976-1983)&#8221; l&#8217;autor indaga el tractament i [&hellip;]<\/p>\n","protected":false},"author":20,"featured_media":0,"parent":0,"menu_order":0,"comment_status":"closed","ping_status":"closed","template":"","meta":{"footnotes":""},"class_list":["post-668","page","type-page","status-publish","hentry"],"_links":{"self":[{"href":"https:\/\/webs.uab.cat\/cedid\/wp-json\/wp\/v2\/pages\/668","targetHints":{"allow":["GET"]}}],"collection":[{"href":"https:\/\/webs.uab.cat\/cedid\/wp-json\/wp\/v2\/pages"}],"about":[{"href":"https:\/\/webs.uab.cat\/cedid\/wp-json\/wp\/v2\/types\/page"}],"author":[{"embeddable":true,"href":"https:\/\/webs.uab.cat\/cedid\/wp-json\/wp\/v2\/users\/20"}],"replies":[{"embeddable":true,"href":"https:\/\/webs.uab.cat\/cedid\/wp-json\/wp\/v2\/comments?post=668"}],"version-history":[{"count":11,"href":"https:\/\/webs.uab.cat\/cedid\/wp-json\/wp\/v2\/pages\/668\/revisions"}],"predecessor-version":[{"id":6327,"href":"https:\/\/webs.uab.cat\/cedid\/wp-json\/wp\/v2\/pages\/668\/revisions\/6327"}],"wp:attachment":[{"href":"https:\/\/webs.uab.cat\/cedid\/wp-json\/wp\/v2\/media?parent=668"}],"curies":[{"name":"wp","href":"https:\/\/api.w.org\/{rel}","templated":true}]}}