{"id":70,"date":"2010-06-22T16:13:15","date_gmt":"2010-06-22T16:13:15","guid":{"rendered":"https:\/\/webs.uab.cat\/cedid\/llibres-i-capitols-de-llibres\/"},"modified":"2025-10-09T16:29:31","modified_gmt":"2025-10-09T16:29:31","slug":"llibres-i-capitols-de-llibres","status":"publish","type":"page","link":"https:\/\/webs.uab.cat\/cedid\/llibres-i-capitols-de-llibres\/","title":{"rendered":"Llibres i cap\u00edtols de llibres"},"content":{"rendered":"\n<p><\/p>\n\n\n\n<p><strong><em><a href=\"https:\/\/memoria.gencat.cat\/ca\/detalls\/publicacio\/IV-Colloqui-Internacional-sobre-violencia-politica-al-segle-XX\" target=\"_blank\" rel=\"noreferrer noopener\">Actes del IV Col\u00b7loqui Internacional Sobre Viol\u00e8ncia Pol\u00edtica al Segle XX<\/a><\/em><\/strong><\/p>\n\n\n\n<p><strong><a href=\"https:\/\/webs.uab.cat\/cedid\/diccionario-bio-bibliografico-de-los-escritores-editoriales-y-revistas-del-exilio\/\" data-type=\"page\" data-id=\"1837\"><em>Diccionario bio-bibliogr\u00e1fico de los escritores, editoriales y revistas del exilio republicano de 1939<\/em><\/a><\/strong><\/p>\n\n\n\n<p><\/p>\n\n\n\n<p><a href=\"https:\/\/webs.uab.cat\/cedid\/llibres-2025\/\" data-type=\"page\" data-id=\"9138\" target=\"_blank\" rel=\"noreferrer noopener\">2025<\/a><\/p>\n\n\n\n<p><a href=\"https:\/\/webs.uab.cat\/cedid\/llibres-2024\/\" target=\"_blank\" rel=\"noreferrer noopener\">2024<\/a><\/p>\n\n\n\n<p><a href=\"https:\/\/webs.uab.cat\/cedid\/2023-2\/\">2023<\/a><\/p>\n\n\n\n<p><a href=\"https:\/\/webs.uab.cat\/cedid\/2022-2\/\" data-type=\"page\" data-id=\"2632\">2022<\/a><\/p>\n\n\n\n<p><a href=\"https:\/\/webs.uab.cat\/cedid\/2021-2\/\" data-type=\"page\" data-id=\"2586\">2021<\/a><\/p>\n\n\n\n<p><a href=\"https:\/\/webs.uab.cat\/cedid\/2020-2\/\" data-type=\"page\" data-id=\"2516\">2020<\/a><\/p>\n\n\n\n<p><a href=\"https:\/\/webs.uab.cat\/cedid\/2019-2\/\" data-type=\"page\" data-id=\"2306\">2019<\/a><\/p>\n\n\n\n<p><a href=\"https:\/\/webs.uab.cat\/cedid\/2018-2\/\" data-type=\"page\" data-id=\"2177\">2018<\/a><\/p>\n\n\n\n<p><a href=\"https:\/\/webs.uab.cat\/cedid\/2017-2\/\" data-type=\"page\" data-id=\"1990\">2017<\/a><\/p>\n\n\n\n<p><a href=\"https:\/\/webs.uab.cat\/cedid\/2016-2\/\" data-type=\"page\" data-id=\"1910\">2016<\/a><\/p>\n\n\n\n<p><a href=\"https:\/\/webs.uab.cat\/cedid\/2015-2\/\" data-type=\"page\" data-id=\"1860\">2015<\/a><\/p>\n\n\n\n<p><a href=\"https:\/\/webs.uab.cat\/cedid\/2014-2\/\" data-type=\"page\" data-id=\"1853\">2014<\/a><\/p>\n\n\n\n<p><a href=\"https:\/\/webs.uab.cat\/cedid\/2013-2\/\" data-type=\"page\" data-id=\"993\">2013<\/a><\/p>\n\n\n\n<p><a href=\"https:\/\/webs.uab.cat\/cedid\/apartat-21\/\" data-type=\"page\" data-id=\"316\">2012<\/a><\/p>\n\n\n\n<p><a href=\"https:\/\/webs.uab.cat\/cedid\/2011-2\/\" data-type=\"page\" data-id=\"188\">2011<\/a><\/p>\n\n\n\n<p><a href=\"https:\/\/webs.uab.cat\/cedid\/2010-2\/\" data-type=\"page\" data-id=\"217\">2010<\/a><\/p>\n\n\n\n<p><a href=\"https:\/\/webs.uab.cat\/cedid\/2009-2\/\" data-type=\"page\" data-id=\"773\">2009<\/a><\/p>\n\n\n\n<p><a href=\"https:\/\/webs.uab.cat\/cedid\/2008-2\/\" data-type=\"page\" data-id=\"800\">2008<\/a><\/p>\n\n\n\n<p><a href=\"https:\/\/webs.uab.cat\/cedid\/2007-2\/\" data-type=\"page\" data-id=\"847\">2007<\/a><\/p>\n\n\n\n<p><a href=\"https:\/\/webs.uab.cat\/cedid\/2006-2\/\" data-type=\"page\" data-id=\"882\">2006<\/a><\/p>\n\n\n\n<p><a href=\"https:\/\/webs.uab.cat\/cedid\/2005-2\/\" data-type=\"page\" data-id=\"897\">2005<\/a><\/p>\n\n\n\n<p><a href=\"https:\/\/webs.uab.cat\/cedid\/2004-2\/\" data-type=\"page\" data-id=\"918\">2004<\/a><\/p>\n\n\n\n<p><a href=\"https:\/\/webs.uab.cat\/cedid\/2003-2\/\" data-type=\"page\" data-id=\"931\">2003<\/a><\/p>\n\n\n\n<p><a href=\"https:\/\/webs.uab.cat\/cedid\/2002-2\/\" data-type=\"page\" data-id=\"936\">2002<\/a><\/p>\n\n\n\n<p><a href=\"https:\/\/webs.uab.cat\/cedid\/2001-2\/\" data-type=\"page\" data-id=\"949\">2001<\/a><\/p>\n\n\n\n<p><a href=\"https:\/\/webs.uab.cat\/cedid\/2000-2\/\" data-type=\"page\" data-id=\"964\">2000<\/a><\/p>\n","protected":false},"excerpt":{"rendered":"<p>Actes del IV Col\u00b7loqui Internacional Sobre Viol\u00e8ncia Pol\u00edtica al Segle XX Diccionario bio-bibliogr\u00e1fico de los escritores, editoriales y revistas del exilio republicano de 1939 2025 2024 2023 2022 2021 2020 2019 2018 2017 2016 2015 2014 2013 2012 2011 2010 2009 2008 2007 2006 2005 2004 2003 2002 2001 2000<\/p>\n","protected":false},"author":20,"featured_media":0,"parent":0,"menu_order":0,"comment_status":"closed","ping_status":"closed","template":"","meta":{"footnotes":""},"class_list":["post-70","page","type-page","status-publish","hentry"],"_links":{"self":[{"href":"https:\/\/webs.uab.cat\/cedid\/wp-json\/wp\/v2\/pages\/70","targetHints":{"allow":["GET"]}}],"collection":[{"href":"https:\/\/webs.uab.cat\/cedid\/wp-json\/wp\/v2\/pages"}],"about":[{"href":"https:\/\/webs.uab.cat\/cedid\/wp-json\/wp\/v2\/types\/page"}],"author":[{"embeddable":true,"href":"https:\/\/webs.uab.cat\/cedid\/wp-json\/wp\/v2\/users\/20"}],"replies":[{"embeddable":true,"href":"https:\/\/webs.uab.cat\/cedid\/wp-json\/wp\/v2\/comments?post=70"}],"version-history":[{"count":12,"href":"https:\/\/webs.uab.cat\/cedid\/wp-json\/wp\/v2\/pages\/70\/revisions"}],"predecessor-version":[{"id":9944,"href":"https:\/\/webs.uab.cat\/cedid\/wp-json\/wp\/v2\/pages\/70\/revisions\/9944"}],"wp:attachment":[{"href":"https:\/\/webs.uab.cat\/cedid\/wp-json\/wp\/v2\/media?parent=70"}],"curies":[{"name":"wp","href":"https:\/\/api.w.org\/{rel}","templated":true}]}}