{"id":7470,"date":"2023-06-29T09:42:29","date_gmt":"2023-06-29T09:42:29","guid":{"rendered":"https:\/\/webs.uab.cat\/cedid\/?page_id=7470"},"modified":"2023-07-05T13:26:28","modified_gmt":"2023-07-05T13:26:28","slug":"governadors-civils","status":"publish","type":"page","link":"https:\/\/webs.uab.cat\/cedid\/basesdedades\/governadors-civils\/","title":{"rendered":"Governadors Civils"},"content":{"rendered":"\n<p>La Base de Dades &#8220;<strong>Gobernadores civiles (1936-1982)<\/strong>&#8220;, ha estat recentment publicada al portal web de l&#8217;equip&nbsp;<em>Estado y poder en la Espa\u00f1a del Siglo XX<\/em>&nbsp;de la Universidad de Sevilla. A l&#8217;elaboraci\u00f3 hi ha format part el&nbsp;nostre company Mart\u00ed Mar\u00edn (CEDID-UAB), juntament amb Julio Ponce (Universidad de Sevilla) i Juli\u00e1n Sanz (Universitat de Val\u00e8ncia).<\/p>\n\n\n\n<p>L&#8217;Excel resultant es pot descarregar lliurement a&nbsp;<a href=\"https:\/\/grupo.us.es\/estadoypoder\/base-de-datos-de-gobernadores-civiles\/\" target=\"_blank\" rel=\"noreferrer noopener\">https:\/\/grupo.us.es\/estadoypoder\/base-de-datos-de-gobernadores-civiles\/<\/a>, on tamb\u00e9 trobareu altres bases de dades sobre la mateixa tem\u00e0tica. Es tracta, sens dubte, d&#8217;una eina que pot tenir elevada utilitat per a futures recerques.<\/p>\n\n\n\n<p>L&#8217;acc\u00e9s \u00e9s lliure\u00a0i obert i us el posem a disposici\u00f3.<\/p>\n","protected":false},"excerpt":{"rendered":"<p>La Base de Dades &#8220;Gobernadores civiles (1936-1982)&#8220;, ha estat recentment publicada al portal web de l&#8217;equip&nbsp;Estado y poder en la Espa\u00f1a del Siglo XX&nbsp;de la Universidad de Sevilla. A l&#8217;elaboraci\u00f3 hi ha format part el&nbsp;nostre company Mart\u00ed Mar\u00edn (CEDID-UAB), juntament amb Julio Ponce (Universidad de Sevilla) i Juli\u00e1n Sanz (Universitat de Val\u00e8ncia). L&#8217;Excel resultant es [&hellip;]<\/p>\n","protected":false},"author":2687,"featured_media":0,"parent":2550,"menu_order":0,"comment_status":"closed","ping_status":"closed","template":"","meta":{"footnotes":""},"class_list":["post-7470","page","type-page","status-publish","hentry"],"_links":{"self":[{"href":"https:\/\/webs.uab.cat\/cedid\/wp-json\/wp\/v2\/pages\/7470","targetHints":{"allow":["GET"]}}],"collection":[{"href":"https:\/\/webs.uab.cat\/cedid\/wp-json\/wp\/v2\/pages"}],"about":[{"href":"https:\/\/webs.uab.cat\/cedid\/wp-json\/wp\/v2\/types\/page"}],"author":[{"embeddable":true,"href":"https:\/\/webs.uab.cat\/cedid\/wp-json\/wp\/v2\/users\/2687"}],"replies":[{"embeddable":true,"href":"https:\/\/webs.uab.cat\/cedid\/wp-json\/wp\/v2\/comments?post=7470"}],"version-history":[{"count":2,"href":"https:\/\/webs.uab.cat\/cedid\/wp-json\/wp\/v2\/pages\/7470\/revisions"}],"predecessor-version":[{"id":7502,"href":"https:\/\/webs.uab.cat\/cedid\/wp-json\/wp\/v2\/pages\/7470\/revisions\/7502"}],"up":[{"embeddable":true,"href":"https:\/\/webs.uab.cat\/cedid\/wp-json\/wp\/v2\/pages\/2550"}],"wp:attachment":[{"href":"https:\/\/webs.uab.cat\/cedid\/wp-json\/wp\/v2\/media?parent=7470"}],"curies":[{"name":"wp","href":"https:\/\/api.w.org\/{rel}","templated":true}]}}