{"id":882,"date":"2012-07-04T15:23:00","date_gmt":"2012-07-04T15:23:00","guid":{"rendered":"https:\/\/webs.uab.cat\/cedid\/2006-2\/"},"modified":"2022-12-13T10:34:24","modified_gmt":"2022-12-13T10:34:24","slug":"2006-2","status":"publish","type":"page","link":"https:\/\/webs.uab.cat\/cedid\/2006-2\/","title":{"rendered":"2006"},"content":{"rendered":"\n<div class=\"wp-block-media-text alignwide is-stacked-on-mobile\" style=\"grid-template-columns:15% auto\"><figure class=\"wp-block-media-text__media\"><img loading=\"lazy\" decoding=\"async\" width=\"352\" height=\"526\" src=\"https:\/\/webs.uab.cat\/cedid\/wp-content\/uploads\/sites\/151\/2022\/11\/00106517452832____2__600x600-e1669568398871.jpg\" alt=\"\" class=\"wp-image-4692 size-full\" srcset=\"https:\/\/webs.uab.cat\/cedid\/wp-content\/uploads\/sites\/151\/2022\/11\/00106517452832____2__600x600-e1669568398871.jpg 352w, https:\/\/webs.uab.cat\/cedid\/wp-content\/uploads\/sites\/151\/2022\/11\/00106517452832____2__600x600-e1669568398871-201x300.jpg 201w\" sizes=\"auto, (max-width: 352px) 100vw, 352px\" \/><\/figure><div class=\"wp-block-media-text__content\">\n<p><strong>Lard\u00edn Oliver, Antoni, <em>Activitats comunistes clandestines. Sumari de la causa 555-IV-51 contra Gregorio L\u00f3pez Raimundo i altres lluitadors antifranquistes<\/em>. Barcelona, Edicions 62, 2006.<\/strong><\/p>\n\n\n\n<p>En aquest volum, el doctor Antoni Lard\u00edn Oliver presenta per primer cop la transcripci\u00f3 de les parts fonamentals del sumari de la causa ordin\u00e0ria 555-IV-51. Aquesta edici\u00f3 no constitueix solament un document de valor hist\u00f2ric i testimonial, sin\u00f3 que vol ser un homenatge a totes le persones que van comprometre la seva llibertat i fins i tot la seva vida en la lluita per una societat m\u00e9s lliure i m\u00e9s justa.<\/p>\n<\/div><\/div>\n\n\n\n<p><\/p>\n\n\n\n<hr class=\"wp-block-separator has-alpha-channel-opacity\" \/>\n\n\n\n<div class=\"wp-block-media-text alignwide is-stacked-on-mobile\" style=\"grid-template-columns:15% auto\"><figure class=\"wp-block-media-text__media\"><img loading=\"lazy\" decoding=\"async\" width=\"419\" height=\"619\" src=\"https:\/\/webs.uab.cat\/cedid\/wp-content\/uploads\/sites\/151\/2022\/11\/tebar.png\" alt=\"\" class=\"wp-image-3923 size-full\" srcset=\"https:\/\/webs.uab.cat\/cedid\/wp-content\/uploads\/sites\/151\/2022\/11\/tebar.png 419w, https:\/\/webs.uab.cat\/cedid\/wp-content\/uploads\/sites\/151\/2022\/11\/tebar-203x300.png 203w\" sizes=\"auto, (max-width: 419px) 100vw, 419px\" \/><\/figure><div class=\"wp-block-media-text__content\">\n<p><strong>T\u00e9bar Hurtado, Javier, <em>Reforma, revoluci\u00f3n y contrarrevoluci\u00f3n agraria. Conflicto social y lucha pol\u00edtica en el campo (1931-1939)<\/em>. Madrid, Flor del Viento, 2006.<\/strong><\/p>\n\n\n\n<p>La reforma de la propietat de la terra va convertir la q\u00fcesti\u00f3 agr\u00e0ria en un dels eixos fonamentals del debat pol\u00edtic dels anys trenta a Espanya. Els objectius de la pol\u00edtica reformista eren els de modernitzar una agricultura tradicional, que patia un retard relatiu, i el de consolidar l&#8217;estabilitat social en el camp. No obstant aix\u00f2, les causes del conflicte agrari estaven profundament arrelades en la desigualtat social i en les formes tradicionals de poder en l&#8217;\u00e0mbit rural. Quines van ser les expectatives i els l\u00edmits de les pol\u00edtiques de reforma en el camp? Quines actituds van mantenir els diferents grups camperols? Com es van articular els discursos i pr\u00e0ctiques empleades per les organitzacions de propietaris i el sindicalisme agrari? I en definitiva, com un problema social, que era una her\u00e8ncia del passat, es va alterar de forma tan profunda com per a situar-se en el centre de les lluites pol\u00edtiques? L&#8217;autor analitza cadascuna d&#8217;aquestes q\u00fcestions i, sense situar la Rep\u00fablica com un mer antecedent, ofereix una s\u00edntesi sobre els processos de &#8220;revoluci\u00f3 camperola&#8221; i de &#8220;contrarevoluci\u00f3 agr\u00e0ria&#8221; oberts amb l&#8217;inici de la Guerra Civil i la derrota republicana.<\/p>\n<\/div><\/div>\n\n\n\n<p><\/p>\n\n\n\n<hr class=\"wp-block-separator has-alpha-channel-opacity\" \/>\n\n\n\n<div class=\"wp-block-media-text alignwide is-stacked-on-mobile\" style=\"grid-template-columns:15% auto\"><figure class=\"wp-block-media-text__media\"><img loading=\"lazy\" decoding=\"async\" width=\"552\" height=\"895\" src=\"https:\/\/webs.uab.cat\/cedid\/wp-content\/uploads\/sites\/151\/2022\/11\/9788430606221.jpg\" alt=\"\" class=\"wp-image-3928 size-full\" srcset=\"https:\/\/webs.uab.cat\/cedid\/wp-content\/uploads\/sites\/151\/2022\/11\/9788430606221.jpg 552w, https:\/\/webs.uab.cat\/cedid\/wp-content\/uploads\/sites\/151\/2022\/11\/9788430606221-185x300.jpg 185w\" sizes=\"auto, (max-width: 552px) 100vw, 552px\" \/><\/figure><div class=\"wp-block-media-text__content\">\n<p><strong>Juli\u00e1, Santos (dir.), <em>Memoria de la guerra y del franquismo<\/em>. Madrid, Taurus, 2006.<\/strong><\/p>\n\n\n\n<p>El llibre inclou aportacions de diferents especialistes sobre el franquisme, reflexionant sobre la amn\u00e8sia col\u00b7lectiva de la Guerra Civil i del r\u00e8gim. Una amn\u00e8sia que en realitat ha deixat molts rastres en la mem\u00f2ria de la poblaci\u00f3, malgrat l&#8217;aparent contradicci\u00f3 dels termes. Les aportacions tracten la q\u00fcesti\u00f3 des de diferents punt de vista, dibuixant les representacions de l&#8217;imaginari col\u00b7lectiu actual. El cap\u00edtol de Carme Molinero ens proporciona unes consideracions sobre la relaci\u00f3 entre hist\u00f2ria i mem\u00f2ria i entre la pr\u00f2pia experi\u00e8ncia de la repressi\u00f3 i el treball investigador dels historiadors, els quals lluiten contra un passat de silenci. El discurs toca moltes de les repercussions que tot aix\u00f2 va tenir no tan sols sobre la mem\u00f2ria hist\u00f2rica, sin\u00f3 tamb\u00e9 sobre les actituds i els comportaments socials. El text incorpora nombroses refer\u00e8ncies a obres dedicades a la repressi\u00f3. Aix\u00ed mateix l&#8217;autora ens proporciona en els \u00faltims par\u00e0grafs unes reflexions sobre la mem\u00f2ria del franquisme en general, at\u00e8s que la mem\u00f2ria de la repressi\u00f3 constitueix nom\u00e9s una part de la mem\u00f2ria del r\u00e8gim franquista, amb un crida final respecte al paper de les institucions en la recuperaci\u00f3 de la mem\u00f2ria hist\u00f2rica.<\/p>\n<\/div><\/div>\n\n\n\n<p><\/p>\n\n\n\n<hr class=\"wp-block-separator has-alpha-channel-opacity\" \/>\n\n\n\n<p><\/p>\n\n\n\n<div class=\"wp-block-media-text alignwide is-stacked-on-mobile\" style=\"grid-template-columns:15% auto\"><figure class=\"wp-block-media-text__media\"><img loading=\"lazy\" decoding=\"async\" width=\"543\" height=\"846\" src=\"https:\/\/webs.uab.cat\/cedid\/wp-content\/uploads\/sites\/151\/2022\/11\/H_franq_catalunya.png\" alt=\"\" class=\"wp-image-3931 size-full\" srcset=\"https:\/\/webs.uab.cat\/cedid\/wp-content\/uploads\/sites\/151\/2022\/11\/H_franq_catalunya.png 543w, https:\/\/webs.uab.cat\/cedid\/wp-content\/uploads\/sites\/151\/2022\/11\/H_franq_catalunya-193x300.png 193w\" sizes=\"auto, (max-width: 543px) 100vw, 543px\" \/><\/figure><div class=\"wp-block-media-text__content\">\n<p><strong>Mar\u00edn, Mart\u00ed, <em>Hist\u00f2ria del franquisme a Catalunya.<\/em> Barcelona, Eumo \/ Pag\u00e8s, 2006.<\/strong><\/p>\n\n\n\n<p>Mart\u00ed Mar\u00edn ha elaborat una panor\u00e0mica completa i solvent de la dictadura franquista a Catalunya. Examina la naturalesa feixista del r\u00e8gim i n\u2019explica la implantaci\u00f3 a partir de la dur\u00edssima repressi\u00f3 pol\u00edtica i cultural exercida pels vencedors. Exposa l\u2019evoluci\u00f3 pol\u00edtica del franquisme i la sortida de l\u2019autarquia, que va donar pas a una liberalitzaci\u00f3 econ\u00f2mica del r\u00e8gim. Analitza tamb\u00e9 les importants transformacions econ\u00f2miques i socials que el pa\u00eds va experimentar a partir de la d\u00e8cada dels 60 i les repercussions en les condicions de vida, penoses els primers anys, i progressivament millors els seg\u00fcents. Remarca, finalment, com la manca de suport al r\u00e8gim de les noves generacions i l\u2019\u00e0mplia mobilitzaci\u00f3 social i pol\u00edtica antifranquista van accelerar-ne la descomposici\u00f3, que va donar pas a la transici\u00f3 cap a la democr\u00e0cia.<\/p>\n<\/div><\/div>\n\n\n\n<p><\/p>\n\n\n\n<hr class=\"wp-block-separator has-alpha-channel-opacity\" \/>\n\n\n\n<div class=\"wp-block-media-text alignwide is-stacked-on-mobile\" style=\"grid-template-columns:15% auto\"><figure class=\"wp-block-media-text__media\"><img loading=\"lazy\" decoding=\"async\" width=\"217\" height=\"318\" src=\"https:\/\/webs.uab.cat\/cedid\/wp-content\/uploads\/sites\/151\/2022\/11\/51ZIMtQyu1L._SR600315_PIWhiteStripBottomLeft035_SCLZZZZZZZ_FMpng_BG255255255-e1669568468483.png\" alt=\"\" class=\"wp-image-4695 size-full\" srcset=\"https:\/\/webs.uab.cat\/cedid\/wp-content\/uploads\/sites\/151\/2022\/11\/51ZIMtQyu1L._SR600315_PIWhiteStripBottomLeft035_SCLZZZZZZZ_FMpng_BG255255255-e1669568468483.png 217w, https:\/\/webs.uab.cat\/cedid\/wp-content\/uploads\/sites\/151\/2022\/11\/51ZIMtQyu1L._SR600315_PIWhiteStripBottomLeft035_SCLZZZZZZZ_FMpng_BG255255255-e1669568468483-205x300.png 205w\" sizes=\"auto, (max-width: 217px) 100vw, 217px\" \/><\/figure><div class=\"wp-block-media-text__content\">\n<p><strong>DDAA, <em>Catalunya durant el franquisme. Diccionari<\/em>. Barcelona, Eumo, 2006.<\/strong><\/p>\n\n\n\n<p>El diccionari sobre el franquisme a Catalunya \u00e9s la primera obra col\u00b7lectiva del CEFID, constituint una aportaci\u00f3 valuosa i un instrument \u00fatil tant pels especialistes sobre el per\u00edode, at\u00e8s que recull les definicions m\u00e9s importants sobre personatges, entitats, fets i activitats relatives al franquisme a Catalunya, com per tot aquell p\u00fablic m\u00e9s general que es vulgui aproximar a la realitat d&#8217;aquest per\u00edode.<\/p>\n<\/div><\/div>\n\n\n\n<p><\/p>\n\n\n\n<p><\/p>\n\n\n\n<hr class=\"wp-block-separator has-alpha-channel-opacity\" \/>\n\n\n\n<div class=\"wp-block-media-text alignwide is-stacked-on-mobile\" style=\"grid-template-columns:15% auto\"><figure class=\"wp-block-media-text__media\"><img loading=\"lazy\" decoding=\"async\" width=\"333\" height=\"499\" src=\"https:\/\/webs.uab.cat\/cedid\/wp-content\/uploads\/sites\/151\/2022\/11\/51QUCFtrEJL._SX331_BO1204203200_.jpg\" alt=\"\" class=\"wp-image-3940 size-full\" srcset=\"https:\/\/webs.uab.cat\/cedid\/wp-content\/uploads\/sites\/151\/2022\/11\/51QUCFtrEJL._SX331_BO1204203200_.jpg 333w, https:\/\/webs.uab.cat\/cedid\/wp-content\/uploads\/sites\/151\/2022\/11\/51QUCFtrEJL._SX331_BO1204203200_-200x300.jpg 200w\" sizes=\"auto, (max-width: 333px) 100vw, 333px\" \/><\/figure><div class=\"wp-block-media-text__content\">\n<p><strong>Carme Molinero (ed.), <em>La Transici\u00f3n. Treinta a\u00f1os despu\u00e9s.<\/em> Barcelona, Pen\u00ednsula, 2006.<\/strong><\/p>\n\n\n\n<p>La transici\u00f3 que va viure l&#8217;Estat espanyol fa trenta anys segueix provocant amplis debats i pol\u00e8miques en l&#8217;actualitat, a causa de la forma que es va gestionar i als temes que encara queden oberts d&#8217;aquell proc\u00e9s de canvi pol\u00edtic. El text, integrat per escrits de diversos especialistes de diferents \u00e0mbits (Carme Molinero, Pere Ys\u00e0s, Santos Juli\u00e1, Jos\u00e9 Maria Mar\u00edn, Manuel P\u00e9rez Ledesma, Jos\u00e9-Carlos Mainer, Joaquim Moles, Javier Ugarte, Rafael Chirbes) vol revisar els t\u00f2pics i ampliar la visi\u00f3 que s&#8217;ha mantingut al llarg dels anys sobre aquella etapa tan problem\u00e0tica.<\/p>\n<\/div><\/div>\n\n\n\n<p><\/p>\n\n\n\n<hr class=\"wp-block-separator has-alpha-channel-opacity\" \/>\n\n\n\n<div class=\"wp-block-media-text alignwide is-stacked-on-mobile\" style=\"grid-template-columns:15% auto\"><figure class=\"wp-block-media-text__media\"><img loading=\"lazy\" decoding=\"async\" width=\"204\" height=\"313\" src=\"https:\/\/webs.uab.cat\/cedid\/wp-content\/uploads\/sites\/151\/2022\/11\/513rysSEyxL._SR600315_PIWhiteStripBottomLeft035_SCLZZZZZZZ_FMpng_BG255255255-e1668088915931.png\" alt=\"\" class=\"wp-image-3944 size-full\" srcset=\"https:\/\/webs.uab.cat\/cedid\/wp-content\/uploads\/sites\/151\/2022\/11\/513rysSEyxL._SR600315_PIWhiteStripBottomLeft035_SCLZZZZZZZ_FMpng_BG255255255-e1668088915931.png 204w, https:\/\/webs.uab.cat\/cedid\/wp-content\/uploads\/sites\/151\/2022\/11\/513rysSEyxL._SR600315_PIWhiteStripBottomLeft035_SCLZZZZZZZ_FMpng_BG255255255-e1668088915931-196x300.png 196w\" sizes=\"auto, (max-width: 204px) 100vw, 204px\" \/><\/figure><div class=\"wp-block-media-text__content\">\n<p><strong>Vilanova i Vila-Abadal, Francesc, <em>Exiliats, proscrits, deportats<\/em>. Barcelona, Emp\u00faries, 2006<\/strong>.<\/p>\n\n\n\n<p>La caiguda de la Segona Rep\u00fablica espanyola va provocar un dels \u00e8xodes m\u00e9s impressionants del segle XX. Entre el 26 de gener i el 10 de febrer de 1939, gaireb\u00e9 mig mili\u00f3 de persones van creuar la frontera amb Fran\u00e7a. La majoria dels refugiats coneixerien la duresa dels camps d\u2019internament a les platges roselloneses i respirarien l\u2019hostilitat dels sectors m\u00e9s conservadors de la III Rep\u00fablica, que veien amb simpatia la vict\u00f2ria franquista. El llibre repassa aquest primer exili dels republicans, aquell que neix amb la caiguda de Catalunya i viu la derrota francesa a mans dels alemanys al juny de 1940. Un primer exili marcat per la duresa, la mis\u00e8ria i els patiments, per\u00f2 tamb\u00e8 pel coratge, la voluntat de sobreviure i reorganitzar-se mentre es continuava lluitant per un futur millor.&nbsp;<\/p>\n<\/div><\/div>\n\n\n\n<p><\/p>\n","protected":false},"excerpt":{"rendered":"<p>Lard\u00edn Oliver, Antoni, Activitats comunistes clandestines. Sumari de la causa 555-IV-51 contra Gregorio L\u00f3pez Raimundo i altres lluitadors antifranquistes. Barcelona, Edicions 62, 2006. En aquest volum, el doctor Antoni Lard\u00edn Oliver presenta per primer cop la transcripci\u00f3 de les parts fonamentals del sumari de la causa ordin\u00e0ria 555-IV-51. Aquesta edici\u00f3 no constitueix solament un document [&hellip;]<\/p>\n","protected":false},"author":20,"featured_media":0,"parent":0,"menu_order":0,"comment_status":"closed","ping_status":"closed","template":"","meta":{"footnotes":""},"class_list":["post-882","page","type-page","status-publish","hentry"],"_links":{"self":[{"href":"https:\/\/webs.uab.cat\/cedid\/wp-json\/wp\/v2\/pages\/882","targetHints":{"allow":["GET"]}}],"collection":[{"href":"https:\/\/webs.uab.cat\/cedid\/wp-json\/wp\/v2\/pages"}],"about":[{"href":"https:\/\/webs.uab.cat\/cedid\/wp-json\/wp\/v2\/types\/page"}],"author":[{"embeddable":true,"href":"https:\/\/webs.uab.cat\/cedid\/wp-json\/wp\/v2\/users\/20"}],"replies":[{"embeddable":true,"href":"https:\/\/webs.uab.cat\/cedid\/wp-json\/wp\/v2\/comments?post=882"}],"version-history":[{"count":12,"href":"https:\/\/webs.uab.cat\/cedid\/wp-json\/wp\/v2\/pages\/882\/revisions"}],"predecessor-version":[{"id":6232,"href":"https:\/\/webs.uab.cat\/cedid\/wp-json\/wp\/v2\/pages\/882\/revisions\/6232"}],"wp:attachment":[{"href":"https:\/\/webs.uab.cat\/cedid\/wp-json\/wp\/v2\/media?parent=882"}],"curies":[{"name":"wp","href":"https:\/\/api.w.org\/{rel}","templated":true}]}}