{"id":918,"date":"2012-07-04T15:24:18","date_gmt":"2012-07-04T15:24:18","guid":{"rendered":"https:\/\/webs.uab.cat\/cedid\/2004-2\/"},"modified":"2022-12-13T10:32:18","modified_gmt":"2022-12-13T10:32:18","slug":"2004-2","status":"publish","type":"page","link":"https:\/\/webs.uab.cat\/cedid\/2004-2\/","title":{"rendered":"2004"},"content":{"rendered":"\n<div class=\"wp-block-media-text alignwide is-stacked-on-mobile\" style=\"grid-template-columns:15% auto\"><figure class=\"wp-block-media-text__media\"><img loading=\"lazy\" decoding=\"async\" width=\"150\" height=\"199\" src=\"https:\/\/webs.uab.cat\/cedid\/wp-content\/uploads\/sites\/151\/2022\/11\/diario_soldado.png\" alt=\"\" class=\"wp-image-3858 size-full\" \/><\/figure><div class=\"wp-block-media-text__content\">\n<p><strong>Santidr\u00edan Arias, Victor Manuel, <em>Diario del soldado republicano Casimiro Jabonero. Campo de prisioneros de lavacolla prisi\u00f3n de Santiago de Compostela, 1939-1940<\/em>. Santiago de Compostela, Fundaci\u00f3n 10 de Marzo-GREF, 2004.<\/strong><\/p>\n\n\n\n<p>El GREF ha col\u00b7laborat en la publicaci\u00f3 d&#8217;aquest llibre que recull el testimoni del soldat republic\u00e0 Casimiro Jabonero. La recuperaci\u00f3 del seu tr\u00e0gic testimoni, gr\u00e0cies al treball del seu fill, Mariano Jabonero i de Victor M. Santidr\u00edan, s&#8217;inscriu en la necess\u00e0ria revisi\u00f3 que en els darrers anys s&#8217;aixeca contra la desmem\u00f2ria que, per acci\u00f3 o omissi\u00f3, s&#8217;aplic\u00e0 sobre una de les pitjors trag\u00e8dies que s&#8217;han viscut a l&#8217;estat espanyol.<\/p>\n<\/div><\/div>\n\n\n\n<p><\/p>\n\n\n\n<hr class=\"wp-block-separator has-alpha-channel-opacity\" \/>\n\n\n\n<div class=\"wp-block-media-text alignwide is-stacked-on-mobile\" style=\"grid-template-columns:15% auto\"><figure class=\"wp-block-media-text__media\"><img loading=\"lazy\" decoding=\"async\" width=\"165\" height=\"163\" src=\"https:\/\/webs.uab.cat\/cedid\/wp-content\/uploads\/sites\/151\/2022\/11\/978843936399.jpg\" alt=\"\" class=\"wp-image-3863 size-full\" \/><\/figure><div class=\"wp-block-media-text__content\">\n<p><strong>DDAA, <em>Les presons de Franco<\/em>. Barcelona, Museu d&#8217;Hist\u00f2ria de Catalunya, 2004<\/strong>.<\/p>\n\n\n\n<p>Les presons de Franco mostra per primera vegada a l&#8217;Estat espanyol la cara m\u00e9s fosca del franquisme: la pres\u00f3 com a dest\u00ed final dels opositors al r\u00e8gim i com a instrument de control social, i el drama hum\u00e0 dels presoners i de les seves fam\u00edlies. Entre 1939 i 1977 el r\u00e8gim franquista va fer de la pres\u00f3 una pe\u00e7a clau de la repressi\u00f3 de la ciutadania i aplic\u00e0 de manera sistem\u00e0tica el c\u00e0stig i la tortura contra la discrep\u00e0ncia pol\u00edtica. Aquesta exposici\u00f3, reclamada per l&#8217;Associaci\u00f3 Catalana d&#8217;Expressos Pol\u00edtics i pels participants del congr\u00e9s sobre els camps de concentraci\u00f3 i el m\u00f3n penitenciari a Espanya durant la guerra civil i el franquisme, neix del convenciment que \u00e9s necessari recuperar i reivindicar la mem\u00f2ria dels milers de persones que patiren i moriren a les presons franquistes.Con\u00e8ixer la seva hist\u00f2ria \u00e9s con\u00e8ixer un passat molt proper, que ha estat ocultat fins fa poc.<\/p>\n<\/div><\/div>\n\n\n\n<p><\/p>\n\n\n\n<hr class=\"wp-block-separator has-alpha-channel-opacity\" \/>\n\n\n\n<div class=\"wp-block-media-text alignwide is-stacked-on-mobile\" style=\"grid-template-columns:15% auto\"><figure class=\"wp-block-media-text__media\"><img loading=\"lazy\" decoding=\"async\" width=\"677\" height=\"1024\" src=\"https:\/\/webs.uab.cat\/cedid\/wp-content\/uploads\/sites\/151\/2022\/11\/81cpi7yRygL-677x1024.jpg\" alt=\"\" class=\"wp-image-3866 size-full\" srcset=\"https:\/\/webs.uab.cat\/cedid\/wp-content\/uploads\/sites\/151\/2022\/11\/81cpi7yRygL-677x1024.jpg 677w, https:\/\/webs.uab.cat\/cedid\/wp-content\/uploads\/sites\/151\/2022\/11\/81cpi7yRygL-198x300.jpg 198w, https:\/\/webs.uab.cat\/cedid\/wp-content\/uploads\/sites\/151\/2022\/11\/81cpi7yRygL-768x1161.jpg 768w, https:\/\/webs.uab.cat\/cedid\/wp-content\/uploads\/sites\/151\/2022\/11\/81cpi7yRygL-1016x1536.jpg 1016w, https:\/\/webs.uab.cat\/cedid\/wp-content\/uploads\/sites\/151\/2022\/11\/81cpi7yRygL.jpg 1062w\" sizes=\"auto, (max-width: 677px) 100vw, 677px\" \/><\/figure><div class=\"wp-block-media-text__content\">\n<p><strong>Pere Ys\u00e0s, <em>Disidencia y subversi\u00f3n. La lucha del r\u00e9gimen franquista por su supervivencia, 1960-1975<\/em>. Barcelona, Cr\u00edtica, 2004.<\/strong><\/p>\n\n\n\n<p>&#8220;Franco muri\u00f3 en la cama&#8221;, &#8220;el r\u00e9gimen no estaba entonces seriamente amenazado&#8221;, s\u00f3n expressions habituals. El cert \u00e9s que, pel contrari, la dictadura estava minada per l&#8217;oposici\u00f3 que, des dels anys seixanta, protagonitzaven obrers i estudiants, i per les actituds cr\u00edtics d&#8217;intel\u00b7lectuals i d&#8217;amplis sectors de l&#8217;esgl\u00e9sia. La import\u00e0ncia d&#8217;aquesta oposici\u00f3 fou silenciada pel r\u00e8gim i ha estat ignorada pels que despr\u00e9s s&#8217;atribueixen el protagonisme de la transici\u00f3. All\u00f2 que aquest llibre ens ofereix, a partir d&#8217;una documentaci\u00f3 interna fins el moment desconeguda, \u00e9s la visi\u00f3 que el mateix r\u00e8gim tenia del problema i els seus esfor\u00e7os per fer-li front. Coneixerem les llistes negres d&#8217;escriptors, actors o eclesi\u00e0stics; les temptatives per neutralitzar la creixent conflictivitat social i el dissentiment pol\u00edtic, les tensions internes de la dictadura; les propostes per subornar dissidents i molts altres aspectes, massa ignorats, que aporten noves llums a la hist\u00f2ria del franquisme i permeten entendre millor el seu esgotament final.<\/p>\n<\/div><\/div>\n\n\n\n<p><\/p>\n\n\n\n<hr class=\"wp-block-separator has-alpha-channel-opacity\" \/>\n\n\n\n<div class=\"wp-block-media-text alignwide is-stacked-on-mobile\" style=\"grid-template-columns:15% auto\"><figure class=\"wp-block-media-text__media\"><img loading=\"lazy\" decoding=\"async\" width=\"689\" height=\"1024\" src=\"https:\/\/webs.uab.cat\/cedid\/wp-content\/uploads\/sites\/151\/2022\/11\/71ifzGdirJL-689x1024.jpg\" alt=\"\" class=\"wp-image-3870 size-full\" srcset=\"https:\/\/webs.uab.cat\/cedid\/wp-content\/uploads\/sites\/151\/2022\/11\/71ifzGdirJL-689x1024.jpg 689w, https:\/\/webs.uab.cat\/cedid\/wp-content\/uploads\/sites\/151\/2022\/11\/71ifzGdirJL-202x300.jpg 202w, https:\/\/webs.uab.cat\/cedid\/wp-content\/uploads\/sites\/151\/2022\/11\/71ifzGdirJL-768x1142.jpg 768w, https:\/\/webs.uab.cat\/cedid\/wp-content\/uploads\/sites\/151\/2022\/11\/71ifzGdirJL.jpg 944w\" sizes=\"auto, (max-width: 689px) 100vw, 689px\" \/><\/figure><div class=\"wp-block-media-text__content\">\n<p><strong>Enric Prat (coord.), <em>Els moviments socials a la Catalunya contempor\u00e0nia<\/em>. Barcelona, Publicacions i edicions de la Universitat de Barcelona, 2004.<\/strong><\/p>\n\n\n\n<p>L&#8217;obra <em>Els moviments socials a la Catalunya contempor\u00e0nia<\/em> recull una s\u00e8rie d&#8217;articles de diversos autors que escriuen des de disciplines i enfocaments diferents en una triple aposta pel que fa a l&#8217;estudi dels moviments socials. En primer lloc, \u00e9s una aposta per la inclusi\u00f3 de tots els actors i sectors socials que formen els moviments socials, sense excloure classes, pobles o g\u00e8neres que tradicionalment ho han estat. En segon lloc, per integrar la tem\u00e0tica dels moviments socials dins els estudis i s\u00edntesis hist\u00f2riques, dels que tamb\u00e9 han estat sovint marginats. I en tercer lloc, \u00e9s una aposta pel di\u00e0leg interdisciplinar en l&#8217;estudi dels moviments socials, la qual cosa permet una millor comprensi\u00f3 d&#8217;aquesta tem\u00e0tica. Pel que fa als articles del llibre referits al per\u00edode franquista i la transici\u00f3 s\u00f3n de destacar els treballs de Ricard Mart\u00ednez Muntada sobre el moviment ve\u00efnal i de Xavier Dom\u00e8nech sobre el moviment obrer. D&#8217;altra banda, treballs com el de Carme Alemany sobre el feminisme, Jordi Petit sobre el moviment de lesbianes i gais i Pere Mora sobre l&#8217;ecologisme tenen les seves arrels en aquest mateix per\u00edode.<\/p>\n<\/div><\/div>\n\n\n\n<p><\/p>\n\n\n\n<hr class=\"wp-block-separator has-alpha-channel-opacity\" \/>\n\n\n\n<div class=\"wp-block-media-text alignwide is-stacked-on-mobile\" style=\"grid-template-columns:15% auto\"><figure class=\"wp-block-media-text__media\"><img loading=\"lazy\" decoding=\"async\" width=\"150\" height=\"152\" src=\"https:\/\/webs.uab.cat\/cedid\/wp-content\/uploads\/sites\/151\/2022\/11\/maternitat_exposits.png\" alt=\"\" class=\"wp-image-3875 size-full\" \/><\/figure><div class=\"wp-block-media-text__content\">\n<p><strong>Montserrat Carbonell; Jos\u00e9 Montiel; Ra\u00fcl Aguilar i Eva Gimeno, <em>La Casa de Maternitat i Exp\u00f2sits. Les Corts<\/em>. Barcelona, Ajuntament de Barcelona-Les Corts, 2004.<\/strong><\/p>\n\n\n\n<p>Aquest llibre \u00e9s una obra conjunta de diferents autors que analitza la hist\u00f2ria arquitect\u00f2nica, institucional i social de la Casa de Maternitat i Exp\u00f2sits de Barcelona des de la seva creaci\u00f3 a mitjans del s. XIX fins a la seva desaparici\u00f3 el 1977. Ra\u00fcl Aguilar, membre del CEFID, \u00e9s l&#8217;encarregat d&#8217;oferir-nos una visi\u00f3 de l&#8217;evoluci\u00f3 de la Instituci\u00f3 des de 1939 a 1977, on destaca l&#8217;an\u00e0lisi de la vida del centre en relaci\u00f3 amb l&#8217;evoluci\u00f3 del r\u00e8gim i la societat.<\/p>\n<\/div><\/div>\n\n\n\n<p><\/p>\n\n\n\n<hr class=\"wp-block-separator has-alpha-channel-opacity\" \/>\n\n\n\n<div class=\"wp-block-media-text alignwide is-stacked-on-mobile\" style=\"grid-template-columns:15% auto\"><figure class=\"wp-block-media-text__media\"><img decoding=\"async\" src=\"https:\/\/webs.uab.cat\/cedid\/wp-content\/uploads\/sites\/151\/2022\/11\/246426-360x480-1.jpg\" alt=\"\" class=\"wp-image-3878 size-full\" \/><\/figure><div class=\"wp-block-media-text__content\">\n<p><strong>Vinyes, Ricard, <em>El da\u00f1o y la memoria. Las prisiones de Maria Salvo<\/em>. Barcelona, Plaza &amp; Janes, 2004.<\/strong><\/p>\n\n\n\n<p><em>El da\u00f1o y la memoria<\/em> de l&#8217;historiador Ricard Vinyes no nom\u00e9s reconstrueix l&#8217;univers penitenciari franquista a partir de la vida i la mirada de Maria Salvo, aportant nova documentaci\u00f3 i dades in\u00e8dites sobre els efectes socials de la pres\u00f3, sin\u00f3 que mostra la forma en que aquelles dones han fet us de la mem\u00f2ria per afirmar la seva identitat i han sabut convertir-la en patrimoni civil col\u00b7lectiu.<\/p>\n<\/div><\/div>\n\n\n\n<p><\/p>\n","protected":false},"excerpt":{"rendered":"<p>Santidr\u00edan Arias, Victor Manuel, Diario del soldado republicano Casimiro Jabonero. Campo de prisioneros de lavacolla prisi\u00f3n de Santiago de Compostela, 1939-1940. Santiago de Compostela, Fundaci\u00f3n 10 de Marzo-GREF, 2004. El GREF ha col\u00b7laborat en la publicaci\u00f3 d&#8217;aquest llibre que recull el testimoni del soldat republic\u00e0 Casimiro Jabonero. La recuperaci\u00f3 del seu tr\u00e0gic testimoni, gr\u00e0cies al [&hellip;]<\/p>\n","protected":false},"author":20,"featured_media":0,"parent":0,"menu_order":0,"comment_status":"closed","ping_status":"closed","template":"","meta":{"footnotes":""},"class_list":["post-918","page","type-page","status-publish","hentry"],"_links":{"self":[{"href":"https:\/\/webs.uab.cat\/cedid\/wp-json\/wp\/v2\/pages\/918","targetHints":{"allow":["GET"]}}],"collection":[{"href":"https:\/\/webs.uab.cat\/cedid\/wp-json\/wp\/v2\/pages"}],"about":[{"href":"https:\/\/webs.uab.cat\/cedid\/wp-json\/wp\/v2\/types\/page"}],"author":[{"embeddable":true,"href":"https:\/\/webs.uab.cat\/cedid\/wp-json\/wp\/v2\/users\/20"}],"replies":[{"embeddable":true,"href":"https:\/\/webs.uab.cat\/cedid\/wp-json\/wp\/v2\/comments?post=918"}],"version-history":[{"count":9,"href":"https:\/\/webs.uab.cat\/cedid\/wp-json\/wp\/v2\/pages\/918\/revisions"}],"predecessor-version":[{"id":6230,"href":"https:\/\/webs.uab.cat\/cedid\/wp-json\/wp\/v2\/pages\/918\/revisions\/6230"}],"wp:attachment":[{"href":"https:\/\/webs.uab.cat\/cedid\/wp-json\/wp\/v2\/media?parent=918"}],"curies":[{"name":"wp","href":"https:\/\/api.w.org\/{rel}","templated":true}]}}