{"id":964,"date":"2012-07-04T15:26:21","date_gmt":"2012-07-04T15:26:21","guid":{"rendered":"https:\/\/webs.uab.cat\/cedid\/2000-2\/"},"modified":"2022-12-13T10:29:16","modified_gmt":"2022-12-13T10:29:16","slug":"2000-2","status":"publish","type":"page","link":"https:\/\/webs.uab.cat\/cedid\/2000-2\/","title":{"rendered":"2000"},"content":{"rendered":"\n<p><\/p>\n\n\n\n<div class=\"wp-block-media-text alignwide is-stacked-on-mobile\" style=\"grid-template-columns:15% auto\"><figure class=\"wp-block-media-text__media\"><img loading=\"lazy\" decoding=\"async\" width=\"462\" height=\"728\" src=\"https:\/\/webs.uab.cat\/cedid\/wp-content\/uploads\/sites\/151\/2022\/11\/qa-4.jpg\" alt=\"\" class=\"wp-image-4679 size-full\" srcset=\"https:\/\/webs.uab.cat\/cedid\/wp-content\/uploads\/sites\/151\/2022\/11\/qa-4.jpg 462w, https:\/\/webs.uab.cat\/cedid\/wp-content\/uploads\/sites\/151\/2022\/11\/qa-4-190x300.jpg 190w\" sizes=\"auto, (max-width: 462px) 100vw, 462px\" \/><\/figure><div class=\"wp-block-media-text__content\">\n<p><strong>Campillo, Maria; Vilanova, Francesc (eds.), <em>La cultura catalana en el primer exili (1939-1940). Cartes d&#8217;escriptors, intel\u00b7lectuals i cient\u00edfics<\/em>. Barcelona, Fundaci\u00f3 Carles Pi i Sunyer d&#8217;Estudis Auton\u00f2mics i Locals, 2000.<\/strong><\/p>\n\n\n\n<p>Aquesta obra pertany a la col\u00b7lecci\u00f3 Quaderns de l&#8217;Arxiu Pi i Sunyer que, dins de la s\u00e8rie Ruptures de l&#8217;any 1939, ens presenta amb esperit de difusi\u00f3 documents originals de l&#8217;Arxiu Pi i Sunyer que formen part d&#8217;edicions cr\u00edtiques o de treballs d&#8217;investigaci\u00f3 relacionats amb les principals tem\u00e0tiques que tenen cabuda dins d&#8217;aquest arxiu: la Guerra Civil Espanyola, l&#8217;exili republic\u00e0 de 1939, el primer franquisme i els anys trenta i quaranta en el seu context europeu. En aquest cas, el llibre en q\u00fcesti\u00f3 ens presenta una important relaci\u00f3 de la correspond\u00e8ncia que Carles Pi i Sunyer va mantenir amb personalitats rellevants del tramat cultural catal\u00e0 durant la Guerra Civil en la seva condici\u00f3, b\u00e0sicament, d&#8217;exconseller de Cultura de la Generalitat republicana, concretament 108 cartes escrites entre el final de gener de 1939 i el comen\u00e7ament de juny de 1940. D&#8217;aquesta forma, la col\u00b7lecci\u00f3 de la Fundaci\u00f3 Carles Pi i Sunyer posa a la disposici\u00f3 dels investigadors i dels lectors interessats per aquests temes uns materials.<\/p>\n<\/div><\/div>\n\n\n\n<hr class=\"wp-block-separator has-alpha-channel-opacity\" \/>\n\n\n\n<p><\/p>\n\n\n\n<div class=\"wp-block-media-text alignwide is-stacked-on-mobile\" style=\"grid-template-columns:15% auto\"><figure class=\"wp-block-media-text__media\"><img loading=\"lazy\" decoding=\"async\" width=\"300\" height=\"484\" src=\"https:\/\/webs.uab.cat\/cedid\/wp-content\/uploads\/sites\/151\/2022\/11\/4571identitats-contemporanies-catalunya-i-espana001jpg.jpg\" alt=\"\" class=\"wp-image-4681 size-full\" srcset=\"https:\/\/webs.uab.cat\/cedid\/wp-content\/uploads\/sites\/151\/2022\/11\/4571identitats-contemporanies-catalunya-i-espana001jpg.jpg 300w, https:\/\/webs.uab.cat\/cedid\/wp-content\/uploads\/sites\/151\/2022\/11\/4571identitats-contemporanies-catalunya-i-espana001jpg-186x300.jpg 186w\" sizes=\"auto, (max-width: 300px) 100vw, 300px\" \/><\/figure><div class=\"wp-block-media-text__content\">\n<p><strong>Riquer i Permanyer, Borja de, <em>Identitats contempor\u00e0nies: Catalunya i Espanya<\/em>. Vic, Eumo, 2000.<\/strong><\/p>\n\n\n\n<p>\u00c9s aquest un llibre que recull part de les nombroses aportacions que Borja de Riquer ha fet al debat sobre les identitats nacionals i el seu proc\u00e9s de formaci\u00f3 dins la Catalunya i Espanya contempor\u00e0nies. Es recullen aix\u00ed les fecundes hip\u00f2tesis que Borja de Riquer ha introdu\u00eft en el debat historiogr\u00e0fic sobre la d\u00e8bil nacionalitzaci\u00f3 del projecte espanyol, les explicacions sobre el naixement del nacionalisme catal\u00e0 contemporani o les contradiccions en qu\u00e8 es mogueren les primeres propostes pol\u00edtiques de car\u00e0cter catalanista. Tanmateix aquest no \u00e9s nom\u00e9s un llibre de debat, o combat, historiogr\u00e0fic, sin\u00f3 que s&#8217;ha realitzat des de la voluntat d&#8217;intervenir en les pol\u00e8miques del nostre present fundades en el desconeixement, quan no en el t\u00f2pic, del nostre passat. S&#8217;inscriu aix\u00ed en aquella tasca que els historiadors han de realitzar si volen ajudar, com diu Vilar, a pensar hist\u00f2ricament el nostre present.<\/p>\n<\/div><\/div>\n\n\n\n<hr class=\"wp-block-separator has-alpha-channel-opacity\" \/>\n\n\n\n<div class=\"wp-block-media-text alignwide is-stacked-on-mobile\" style=\"grid-template-columns:15% auto\"><figure class=\"wp-block-media-text__media\"><img loading=\"lazy\" decoding=\"async\" width=\"343\" height=\"499\" src=\"https:\/\/webs.uab.cat\/cedid\/wp-content\/uploads\/sites\/151\/2022\/11\/41hYdncASL._SX341_BO1204203200_.jpg\" alt=\"\" class=\"wp-image-4684 size-full\" srcset=\"https:\/\/webs.uab.cat\/cedid\/wp-content\/uploads\/sites\/151\/2022\/11\/41hYdncASL._SX341_BO1204203200_.jpg 343w, https:\/\/webs.uab.cat\/cedid\/wp-content\/uploads\/sites\/151\/2022\/11\/41hYdncASL._SX341_BO1204203200_-206x300.jpg 206w\" sizes=\"auto, (max-width: 343px) 100vw, 343px\" \/><\/figure><div class=\"wp-block-media-text__content\">\n<p><strong>Mir, Conxita, <em>Vivir es sobrevivir. Justicia, orden y marginaci\u00f3n en la Catalu\u00f1a rural de posguerra<\/em>. Lleida, Milenio, 2000.<\/strong><\/p>\n\n\n\n<p><em>Vivir es sobrevivir<\/em> reflexa el viure quotidi\u00e0 d&#8217;una societat rural de postguerra, a partir de l&#8217;estudi del control pol\u00edtic, econ\u00f2mic o moral desplegat per la just\u00edcia franquista. Concretant tant l&#8217;impacte de la just\u00edcia militar com de la civil, el llibre ens introdueix en l&#8217;\u00e0mbit de les relacions entre poder i societat, aix\u00ed mateix contempla diversos aspectes de la viol\u00e8ncia pol\u00edtica franquista, alguns dels quals encara resten poc estudiats. El fenomen del su\u00efcidi, la protecci\u00f3 de la fam\u00edlia o la situaci\u00f3 de la dona, per exemple, s&#8217;investiguen en el context quotidi\u00e0 de mis\u00e8ria i control social que va acompanyar la construcci\u00f3 del nou r\u00e8gim, que va afectar especialment als grups marginals, protagonistes especials en aquesta hist\u00f2ria. S&#8217;aborda, tamb\u00e9, la funci\u00f3 pol\u00edtica de l&#8217;esgl\u00e9sia a partir de les actituds mostrades pels clergues rurals davant les sol\u00b7licituds d&#8217;informaci\u00f3 de les autoritats. I s&#8217;analitza el car\u00e0cter de la repressi\u00f3 militar en un poble de la Catalunya interior, a fi de con\u00e8ixer una mica m\u00e9s la dimensi\u00f3 p\u00fablica i privada del proc\u00e9s repressiu, ja sigui a partir dels comportaments dels nous poders locals o de les xarxes familiars i ve\u00efnals de col\u00b7laboraci\u00f3 amb aquests.<\/p>\n<\/div><\/div>\n\n\n\n<p><\/p>\n","protected":false},"excerpt":{"rendered":"<p>Campillo, Maria; Vilanova, Francesc (eds.), La cultura catalana en el primer exili (1939-1940). Cartes d&#8217;escriptors, intel\u00b7lectuals i cient\u00edfics. Barcelona, Fundaci\u00f3 Carles Pi i Sunyer d&#8217;Estudis Auton\u00f2mics i Locals, 2000. Aquesta obra pertany a la col\u00b7lecci\u00f3 Quaderns de l&#8217;Arxiu Pi i Sunyer que, dins de la s\u00e8rie Ruptures de l&#8217;any 1939, ens presenta amb esperit de [&hellip;]<\/p>\n","protected":false},"author":20,"featured_media":0,"parent":0,"menu_order":0,"comment_status":"closed","ping_status":"closed","template":"","meta":{"footnotes":""},"class_list":["post-964","page","type-page","status-publish","hentry"],"_links":{"self":[{"href":"https:\/\/webs.uab.cat\/cedid\/wp-json\/wp\/v2\/pages\/964","targetHints":{"allow":["GET"]}}],"collection":[{"href":"https:\/\/webs.uab.cat\/cedid\/wp-json\/wp\/v2\/pages"}],"about":[{"href":"https:\/\/webs.uab.cat\/cedid\/wp-json\/wp\/v2\/types\/page"}],"author":[{"embeddable":true,"href":"https:\/\/webs.uab.cat\/cedid\/wp-json\/wp\/v2\/users\/20"}],"replies":[{"embeddable":true,"href":"https:\/\/webs.uab.cat\/cedid\/wp-json\/wp\/v2\/comments?post=964"}],"version-history":[{"count":7,"href":"https:\/\/webs.uab.cat\/cedid\/wp-json\/wp\/v2\/pages\/964\/revisions"}],"predecessor-version":[{"id":6226,"href":"https:\/\/webs.uab.cat\/cedid\/wp-json\/wp\/v2\/pages\/964\/revisions\/6226"}],"wp:attachment":[{"href":"https:\/\/webs.uab.cat\/cedid\/wp-json\/wp\/v2\/media?parent=964"}],"curies":[{"name":"wp","href":"https:\/\/api.w.org\/{rel}","templated":true}]}}