{"id":976,"date":"2013-04-19T17:45:45","date_gmt":"2013-04-19T17:45:45","guid":{"rendered":"https:\/\/webs.uab.cat\/cedid\/recursos\/"},"modified":"2023-06-29T20:14:31","modified_gmt":"2023-06-29T20:14:31","slug":"recursos","status":"publish","type":"page","link":"https:\/\/webs.uab.cat\/cedid\/recursos\/","title":{"rendered":"Recursos"},"content":{"rendered":"<p><a href=\"http:\/\/www.filosofia.org\/hem\/med\/m018.htm\" target=\"_blank\" rel=\"noopener\">Cuadernos de Ruedo Ib\u00e9rico<\/a><\/p>\n<p><a href=\"http:\/\/www.nodo50.org\/despage\/\" target=\"_blank\" rel=\"noopener\">Desaparecidos de la Guerra Civil y el Exilio republicano<\/a><\/p>\n<p><a href=\"https:\/\/raco.cat\/index.php\/Dictatorships-Democracies\" target=\"_blank\" rel=\"noopener\">Dictatorships &amp; Democracies<\/a><\/p>\n<p><a href=\"http:\/\/www.luiscalandre.com\/\" target=\"_blank\" rel=\"noopener\">Dr. Luis Calandre<\/a><\/p>\n<p><a href=\"http:\/\/www.ruedoiberico.org\/\" target=\"_blank\" rel=\"noopener\">\u00c9ditions Ruedo Ib\u00e9rico<\/a><\/p>\n<p><a href=\"http:\/\/www.xtec.cat\/~aguiu1\/socials\/franquisme.htm\" target=\"_blank\" rel=\"noopener\">L&#8217;Espanya de Franco<\/a><\/p>\n<p><a href=\"http:\/\/www.exiliadosrepublicanos.info\/\" target=\"_blank\" rel=\"noopener\">E-xiliad@s. Exiliados republicanos espa\u00f1oles<\/a><\/p>\n<p><a href=\"http:\/\/elfeminismealpsuc.adpc.cat\/\" target=\"_blank\" rel=\"noopener\">El feminisme al PSUC, anys setanta i vuitanta del segle XX<\/a><\/p>\n<p><a href=\"http:\/\/exiliorepublicano.net\/mexicans-a-catalunya\/\" target=\"_blank\" rel=\"noopener\">Fills i n\u00e9ts de l&#8217;exili republic\u00e0 a M\u00e8xic. Mexicans a Catalunya<\/a><\/p>\n<p><a href=\"http:\/\/www.tv3.cat\/franquisme\/\" target=\"_blank\" rel=\"noopener\">Franquisme: oblidar o recordar<\/a><\/p>\n<p><a href=\"http:\/\/fuentesguerracivil.blogspot.com.es\/\" target=\"_blank\" rel=\"noopener\">Fuentes para la historia de la Segunda Rep\u00fablica, la Guerra Civil y el Franquismo<\/a><\/p>\n<p><a href=\"http:\/\/www.lbocanegra.eu\/\" target=\"_blank\" rel=\"noopener\">Guerra Civil espa\u00f1ola y exilio republicano<\/a><\/p>\n<p><a href=\"https:\/\/memoriadimmigracio.com\/\" target=\"_blank\" rel=\"noopener\">Hist\u00f2ria i mem\u00f2ries d&#8217;immigraci\u00f3 (Angelina Puig)<\/a><\/p>\n<p><a href=\"https:\/\/justiciaydictadura.wordpress.com\/\" target=\"_blank\" rel=\"noopener\">Justicia y Dictadura<\/a><\/p>\n<p><a href=\"http:\/\/hoenigsfeld.com\/\">Familia\u00a0Hoenigsfeld<\/a><\/p>\n<p><a href=\"https:\/\/ihr.world\/ca\/\" target=\"_blank\" rel=\"noopener\">Innovation and Human Rights<\/a><\/p>\n<p><a href=\"http:\/\/www.intute.ac.uk\/\" target=\"_blank\" rel=\"noopener\">Intute<\/a><\/p>\n<p><a href=\"http:\/\/www.ine.es\/\" target=\"_blank\" rel=\"noopener\">Instituto Nacional de Estad\u00edstica<\/a><\/p>\n<p><a href=\"http:\/\/lamemoriarevoltada.blogspot.com\/\" target=\"_blank\" rel=\"noopener\">La mem\u00f2ria revoltada<\/a><\/p>\n<p><a href=\"http:\/\/www.le-mur-des-oublies.labascule.tv\/es\/\" target=\"_blank\" rel=\"noopener\">El muro de los olvidados<\/a><\/p>\n<p><a href=\"http:\/\/www.fuenterrebollo.com\/Gobiernos\/caudillo.html\" target=\"_blank\" rel=\"noopener\">Portal Fuenterrebollo<\/a><\/p>\n<p><a href=\"http:\/\/clio.rediris.es\/index.html\" target=\"_blank\" rel=\"noopener\">Proyecto Cl\u00edo<\/a><\/p>\n<p><a href=\"http:\/\/clio.rediris.es\/ztiaexilio.htm\" target=\"_blank\" rel=\"noopener\">Proyecto Cl\u00edo. Memoria de la Guerra y el Exilio<\/a><\/p>\n<p><a href=\"http:\/\/www.retratsperlamemoria.cat\/\" target=\"_blank\" rel=\"noopener\">Retrats per la me\u00f2ria. Persones i lluita antifranquista al districte de Sant Andreu (1939-1982)<\/a><\/p>\n<p><a href=\"http:\/\/www.spagnacontemporanea.it\/\" target=\"_blank\" rel=\"noopener\">Revista <em>Spagna Contemporanea<\/em><\/a><\/p>\n<p><a href=\"http:\/\/hispanianova.rediris.es\/\" target=\"_blank\" rel=\"noopener\">Revista <em>Hispania Nova<\/em><\/a><\/p>\n<p><a href=\"http:\/\/www.totselsnoms.org\/\" target=\"_blank\" rel=\"noopener\">Tots els Noms. Recuperaci\u00f3 de la mem\u00f2ria hist\u00f2ria del per\u00edode 1931-1978 al Pened\u00e8s<\/a><\/p>\n<p><a href=\"http:\/\/www.salman-psl.com\/la-transicion\/\" target=\"_blank\" rel=\"noopener\">La Transici\u00f3n Espa\u00f1ola<\/a><\/p>\n<p><a href=\"http:\/\/www.vespito.net\/historia\/\" target=\"_blank\" rel=\"noopener\">Vespito.net<\/a><\/p>\n","protected":false},"excerpt":{"rendered":"<p>Cuadernos de Ruedo Ib\u00e9rico Desaparecidos de la Guerra Civil y el Exilio republicano Dictatorships &amp; Democracies Dr. Luis Calandre \u00c9ditions Ruedo Ib\u00e9rico L&#8217;Espanya de Franco E-xiliad@s. Exiliados republicanos espa\u00f1oles El feminisme al PSUC, anys setanta i vuitanta del segle XX Fills i n\u00e9ts de l&#8217;exili republic\u00e0 a M\u00e8xic. Mexicans a Catalunya Franquisme: oblidar o recordar [&hellip;]<\/p>\n","protected":false},"author":20,"featured_media":0,"parent":0,"menu_order":0,"comment_status":"closed","ping_status":"closed","template":"","meta":{"footnotes":""},"class_list":["post-976","page","type-page","status-publish","hentry"],"_links":{"self":[{"href":"https:\/\/webs.uab.cat\/cedid\/wp-json\/wp\/v2\/pages\/976","targetHints":{"allow":["GET"]}}],"collection":[{"href":"https:\/\/webs.uab.cat\/cedid\/wp-json\/wp\/v2\/pages"}],"about":[{"href":"https:\/\/webs.uab.cat\/cedid\/wp-json\/wp\/v2\/types\/page"}],"author":[{"embeddable":true,"href":"https:\/\/webs.uab.cat\/cedid\/wp-json\/wp\/v2\/users\/20"}],"replies":[{"embeddable":true,"href":"https:\/\/webs.uab.cat\/cedid\/wp-json\/wp\/v2\/comments?post=976"}],"version-history":[{"count":2,"href":"https:\/\/webs.uab.cat\/cedid\/wp-json\/wp\/v2\/pages\/976\/revisions"}],"predecessor-version":[{"id":7493,"href":"https:\/\/webs.uab.cat\/cedid\/wp-json\/wp\/v2\/pages\/976\/revisions\/7493"}],"wp:attachment":[{"href":"https:\/\/webs.uab.cat\/cedid\/wp-json\/wp\/v2\/media?parent=976"}],"curies":[{"name":"wp","href":"https:\/\/api.w.org\/{rel}","templated":true}]}}