{"id":977,"date":"2013-04-19T17:51:21","date_gmt":"2013-04-19T17:51:21","guid":{"rendered":"https:\/\/webs.uab.cat\/cedid\/el-cefid\/"},"modified":"2013-04-19T17:51:21","modified_gmt":"2013-04-19T17:51:21","slug":"el-cefid","status":"publish","type":"page","link":"https:\/\/webs.uab.cat\/cedid\/el-cefid\/","title":{"rendered":"El CEFID"},"content":{"rendered":"<p align=\"justify\">El Centre d\u2019Estudis sobre les \u00c8poques Franquista i Democr\u00e0tica \u00e9s un Centre d&#8217;Estudi i Recerca Propi de la UAB format per m\u00e9s d&#8217;un centenar d&#8217;investigadors de diferents disciplines \u2013historiadors, fil\u00f2legs, polit\u00f2legs, comunic\u00f2legs, soci\u00f2legs, economistes\u2013 especialitzats en l\u2019estudi d\u2019aquest per\u00edode hist\u00f2ric; la majoria estan adscrits a diversos departaments o grups de recerca de la UAB, per\u00f2 tamb\u00e9 en formen part professors i investigadors d\u2019altres universitats catalanes.<\/p>\n<p>El car\u00e0cter interdisciplinari del CEFID ha perm\u00e8s aplegar en un \u00fanic centre de recerca una part molt destacada de la investigaci\u00f3 que a Catalunya es desenvolupa sobre aquest per\u00edode hist\u00f2ric. Al CEFID hi estan integrats el Grup de Recerca sobre l\u2019\u00c8poca Franquista \u2013GREF\u2013, el Grupo de Estudios del Exilio Literario \u2013GEXEL\u2013 i el Grup de Recerca en Hist\u00f2ria Actual \u2013GReHA\u2013, a m\u00e9s de nombrosos investigadors que encap\u00e7alen altres grups o en formen part, o b\u00e9 desenvolupen la seva recerca de manera individual. D\u2019altra banda, el CEFID t\u00e9 relacions de col.laboraci\u00f3 permanent amb el Servei d\u2019Hist\u00f2ria Local de Catalunya, L&#8217;Institut de Ci\u00e8ncies de l&#8217;Educaci\u00f3 i el Centre Documental de la Comunicaci\u00f3, tots tres de la UAB.<\/p>\n","protected":false},"excerpt":{"rendered":"<p>El Centre d\u2019Estudis sobre les \u00c8poques Franquista i Democr\u00e0tica \u00e9s un Centre d&#8217;Estudi i Recerca Propi de la UAB format per m\u00e9s d&#8217;un centenar d&#8217;investigadors de diferents disciplines \u2013historiadors, fil\u00f2legs, polit\u00f2legs, comunic\u00f2legs, soci\u00f2legs, economistes\u2013 especialitzats en l\u2019estudi d\u2019aquest per\u00edode hist\u00f2ric; la majoria estan adscrits a diversos departaments o grups de recerca de la UAB, per\u00f2 [&hellip;]<\/p>\n","protected":false},"author":20,"featured_media":0,"parent":0,"menu_order":0,"comment_status":"closed","ping_status":"closed","template":"","meta":{"footnotes":""},"class_list":["post-977","page","type-page","status-publish","hentry"],"_links":{"self":[{"href":"https:\/\/webs.uab.cat\/cedid\/wp-json\/wp\/v2\/pages\/977","targetHints":{"allow":["GET"]}}],"collection":[{"href":"https:\/\/webs.uab.cat\/cedid\/wp-json\/wp\/v2\/pages"}],"about":[{"href":"https:\/\/webs.uab.cat\/cedid\/wp-json\/wp\/v2\/types\/page"}],"author":[{"embeddable":true,"href":"https:\/\/webs.uab.cat\/cedid\/wp-json\/wp\/v2\/users\/20"}],"replies":[{"embeddable":true,"href":"https:\/\/webs.uab.cat\/cedid\/wp-json\/wp\/v2\/comments?post=977"}],"version-history":[{"count":0,"href":"https:\/\/webs.uab.cat\/cedid\/wp-json\/wp\/v2\/pages\/977\/revisions"}],"wp:attachment":[{"href":"https:\/\/webs.uab.cat\/cedid\/wp-json\/wp\/v2\/media?parent=977"}],"curies":[{"name":"wp","href":"https:\/\/api.w.org\/{rel}","templated":true}]}}