{"id":989,"date":"2013-04-22T16:37:03","date_gmt":"2013-04-22T16:37:03","guid":{"rendered":"https:\/\/webs.uab.cat\/cedid\/grupo-de-estudios-del-exilio-literario-gexel\/"},"modified":"2013-04-22T16:37:03","modified_gmt":"2013-04-22T16:37:03","slug":"grupo-de-estudios-del-exilio-literario-gexel","status":"publish","type":"page","link":"https:\/\/webs.uab.cat\/cedid\/grupo-de-estudios-del-exilio-literario-gexel\/","title":{"rendered":"GRUPO DE ESTUDIOS DEL EXILIO LITERARIO (GEXEL)"},"content":{"rendered":"<p align=\"justify\">El Grupo de Estudios del Exilio Literario (GEXEL) \u00e9s un grup d&#8217;investigaci\u00f3, adscrit al Departament de Filologia Espanyola de la UAB, que treballa en l&#8217;estudi, edici\u00f3 i divulgaci\u00f3 del patrimoni cultural i literari de l&#8217;exili republic\u00e0 de 1939. Des de l&#8217;octubre de 1994 prepara, amb financiaci\u00f3 institucional, un &#8220;Diccionari bio-bibliogr\u00e0fic dels escriptors, editorials i revistes de l&#8217;exili republic\u00e0 de 1939&#8221;, a publicar durant l&#8217;any 2008 i en el qual col\u00b7laboren investigadors del GEXEL i de les universitats d&#8217;arreu del m\u00f3n.<\/p>\n<p>Ha organitzat tres Congresos internacionals sobre les literatures de l&#8217;exili, celebrats a Bellaterra durant els anys 1995, 1999 i 2003. Amb la col\u00b7laboraci\u00f3 d&#8217;AEMIC, organitz\u00e0 a Bellaterra l&#8217;any 1998 un Seminari Internacional sobre &#8220;Literatura y cultura del exilio espa\u00f1ol de 1939 en Francia&#8221;. Com a treballs col\u00b7lectius, el GEXEL ha publicat quatre n\u00fameros monogr\u00e0fics de revistes: <em>Taifa<\/em>, 4 (1997), <em>Oj\u00e1ncano<\/em>, 13 i 14 (1997 i 1998), <em>Guaraguao<\/em>, 5 (1997) i <em>Renacimiento<\/em>, 27-30 (2000). El GEXEL ha disposat de publicacions pr\u00f2pies i des de l&#8217;any 2000 impulsa, amb les editorials Renacimiento i Edici\u00f3s do Castro, la publicaci\u00f3 d&#8217;una nova col\u00b7lecci\u00f3 editorial: la &#8220;Biblioteca del Exilio&#8221;.<\/p>\n<p><a href=\"http:\/\/www.gexel.es\/\" target=\"_blank\" rel=\"noopener\">M\u00e9s informaci\u00f3<\/a><\/p>\n<p><a href=\"mailto:gr.exililiterari@uab.es\">gr.exililiterari@uab.es<\/a><\/p>\n","protected":false},"excerpt":{"rendered":"<p>El Grupo de Estudios del Exilio Literario (GEXEL) \u00e9s un grup d&#8217;investigaci\u00f3, adscrit al Departament de Filologia Espanyola de la UAB, que treballa en l&#8217;estudi, edici\u00f3 i divulgaci\u00f3 del patrimoni cultural i literari de l&#8217;exili republic\u00e0 de 1939. Des de l&#8217;octubre de 1994 prepara, amb financiaci\u00f3 institucional, un &#8220;Diccionari bio-bibliogr\u00e0fic dels escriptors, editorials i revistes [&hellip;]<\/p>\n","protected":false},"author":20,"featured_media":0,"parent":0,"menu_order":0,"comment_status":"closed","ping_status":"closed","template":"","meta":{"footnotes":""},"class_list":["post-989","page","type-page","status-publish","hentry"],"_links":{"self":[{"href":"https:\/\/webs.uab.cat\/cedid\/wp-json\/wp\/v2\/pages\/989","targetHints":{"allow":["GET"]}}],"collection":[{"href":"https:\/\/webs.uab.cat\/cedid\/wp-json\/wp\/v2\/pages"}],"about":[{"href":"https:\/\/webs.uab.cat\/cedid\/wp-json\/wp\/v2\/types\/page"}],"author":[{"embeddable":true,"href":"https:\/\/webs.uab.cat\/cedid\/wp-json\/wp\/v2\/users\/20"}],"replies":[{"embeddable":true,"href":"https:\/\/webs.uab.cat\/cedid\/wp-json\/wp\/v2\/comments?post=989"}],"version-history":[{"count":0,"href":"https:\/\/webs.uab.cat\/cedid\/wp-json\/wp\/v2\/pages\/989\/revisions"}],"wp:attachment":[{"href":"https:\/\/webs.uab.cat\/cedid\/wp-json\/wp\/v2\/media?parent=989"}],"curies":[{"name":"wp","href":"https:\/\/api.w.org\/{rel}","templated":true}]}}