{"id":991,"date":"2013-04-22T16:40:49","date_gmt":"2013-04-22T16:40:49","guid":{"rendered":"https:\/\/webs.uab.cat\/cedid\/centre-documental-de-la-comunicacio-cedoc\/"},"modified":"2025-07-24T11:03:31","modified_gmt":"2025-07-24T11:03:31","slug":"centre-documental-de-la-comunicacio-cedoc","status":"publish","type":"page","link":"https:\/\/webs.uab.cat\/cedid\/centre-documental-de-la-comunicacio-cedoc\/","title":{"rendered":"CENTRE DOCUMENTAL DE LA COMUNICACI\u00d3 (CEDOC)"},"content":{"rendered":"<p align=\"justify\">El Centre Documental de la Comunicaci\u00f3 (CEDOC) aplega uns 36.000 documents entre llibres, fullets, cartells i adhesius pol\u00edtics i m\u00e9s de 9.950 t\u00edtols de revistes. Es tracta d&#8217;un fons per a l&#8217;an\u00e0lisi de la situaci\u00f3 pol\u00edtica contempor\u00e0nia de Catalunya i Espanya. Hi ha material de m\u00e9s de 300 partits pol\u00edtics, sindicats, associacions de ve\u00efns, ONG, entitats municipals, i diverses entitats c\u00edviques i moviments socials. El centre compta amb documents de campanyes electorals locals, auton\u00f2miques, generals, del Parlament Europeu i refer\u00e8ndums.<\/p>\n<p align=\"justify\"><a href=\"https:\/\/www.uab.cat\/ca\/biblioteques\/documentacio-politica\" target=\"_blank\" rel=\"noopener\">M\u00e9s informaci\u00f3<\/a><\/p>\n","protected":false},"excerpt":{"rendered":"<p>El Centre Documental de la Comunicaci\u00f3 (CEDOC) aplega uns 36.000 documents entre llibres, fullets, cartells i adhesius pol\u00edtics i m\u00e9s de 9.950 t\u00edtols de revistes. Es tracta d&#8217;un fons per a l&#8217;an\u00e0lisi de la situaci\u00f3 pol\u00edtica contempor\u00e0nia de Catalunya i Espanya. Hi ha material de m\u00e9s de 300 partits pol\u00edtics, sindicats, associacions de ve\u00efns, ONG, [&hellip;]<\/p>\n","protected":false},"author":20,"featured_media":0,"parent":0,"menu_order":0,"comment_status":"closed","ping_status":"closed","template":"","meta":{"footnotes":""},"class_list":["post-991","page","type-page","status-publish","hentry"],"_links":{"self":[{"href":"https:\/\/webs.uab.cat\/cedid\/wp-json\/wp\/v2\/pages\/991","targetHints":{"allow":["GET"]}}],"collection":[{"href":"https:\/\/webs.uab.cat\/cedid\/wp-json\/wp\/v2\/pages"}],"about":[{"href":"https:\/\/webs.uab.cat\/cedid\/wp-json\/wp\/v2\/types\/page"}],"author":[{"embeddable":true,"href":"https:\/\/webs.uab.cat\/cedid\/wp-json\/wp\/v2\/users\/20"}],"replies":[{"embeddable":true,"href":"https:\/\/webs.uab.cat\/cedid\/wp-json\/wp\/v2\/comments?post=991"}],"version-history":[{"count":3,"href":"https:\/\/webs.uab.cat\/cedid\/wp-json\/wp\/v2\/pages\/991\/revisions"}],"predecessor-version":[{"id":9717,"href":"https:\/\/webs.uab.cat\/cedid\/wp-json\/wp\/v2\/pages\/991\/revisions\/9717"}],"wp:attachment":[{"href":"https:\/\/webs.uab.cat\/cedid\/wp-json\/wp\/v2\/media?parent=991"}],"curies":[{"name":"wp","href":"https:\/\/api.w.org\/{rel}","templated":true}]}}