{"id":992,"date":"2013-04-22T16:44:09","date_gmt":"2013-04-22T16:44:09","guid":{"rendered":"https:\/\/webs.uab.cat\/cedid\/el-grup-destudis-de-literatura-catalana-contemporania\/"},"modified":"2013-04-22T16:44:09","modified_gmt":"2013-04-22T16:44:09","slug":"el-grup-destudis-de-literatura-catalana-contemporania","status":"publish","type":"page","link":"https:\/\/webs.uab.cat\/cedid\/el-grup-destudis-de-literatura-catalana-contemporania\/","title":{"rendered":"EL GRUP D&#8217;ESTUDIS DE LITERATURA CATALANA CONTEMPOR\u00c0NIA"},"content":{"rendered":"<p align=\"justify\">El Grup d&#8217;Estudis de Literatura Catalana Contempor\u00e0nia es un grup de recerca consolidat (2017 SGR 590) format per investigadors de la Universitat Aut\u00f2noma de Barcelona, Universitat Pompeu Fabra i Universitat de Girona. Ha centrat la seva investigaci\u00f3 en el camp de la literatura catalana contempor\u00e1nia, especialment en l&#8217;estudi de moviments i g\u00e8neres. En aquest sentit, ha comptat amb diversos projectes centrats en diferents \u00e0mbits tem\u00e0tics, com els corrents literaris i models est\u00e8tics de la narrativa catalana des de 1890, hist\u00f2ria de la cr\u00edtica liter\u00e0ria, del teatre, la poesia o el Realisme. Entre aquests projectes cal destacar &#8220;La novela catalana contempor\u00e0nia. Hist\u00f2ria i cr\u00edtica&#8221; (2000-2002), &#8220;L&#8217;escriptor i la seva imatge. Projecci\u00f3 social de la literatura a la Catalunya contempor\u00e0nia&#8221; (2003-2005) i &#8220;Concepcions i discursos sobre la modernitat en la literatura catalana dels segles XIX i XX&#8221; (2006-2008). Ha estudiat, tamb\u00e9, la recepci\u00f3 del teatre forani a Catalunya (Grup de la UPF). Compta, a m\u00e9s, amb el banc de dades bibliogr\u00e0fiques &#8220;Traces&#8221;, a trav\u00e8s del <a href=\"http:\/\/www.cbuc.es\/llc\/\" target=\"_blank\" rel=\"noopener\">Cat\u00e0leg Col\u00b7lectiu de Biblioteques Universit\u00e0ries de Catalunya<\/a>.&nbsp;<\/p>\n<p><a href=\"http:\/\/filcat.uab.cat\/gelcc\/\" target=\"_blank\" rel=\"noopener\">M\u00e9s informaci\u00f3<\/a><\/p>\n<p><a href=\"mailto:gelcc@uab.cat\" target=\"_blank\" rel=\"noopener\">gelcc@uab.cat<\/a><\/p>\n","protected":false},"excerpt":{"rendered":"<p>El Grup d&#8217;Estudis de Literatura Catalana Contempor\u00e0nia es un grup de recerca consolidat (2017 SGR 590) format per investigadors de la Universitat Aut\u00f2noma de Barcelona, Universitat Pompeu Fabra i Universitat de Girona. Ha centrat la seva investigaci\u00f3 en el camp de la literatura catalana contempor\u00e1nia, especialment en l&#8217;estudi de moviments i g\u00e8neres. En aquest sentit, [&hellip;]<\/p>\n","protected":false},"author":20,"featured_media":0,"parent":0,"menu_order":0,"comment_status":"closed","ping_status":"closed","template":"","meta":{"footnotes":""},"class_list":["post-992","page","type-page","status-publish","hentry"],"_links":{"self":[{"href":"https:\/\/webs.uab.cat\/cedid\/wp-json\/wp\/v2\/pages\/992","targetHints":{"allow":["GET"]}}],"collection":[{"href":"https:\/\/webs.uab.cat\/cedid\/wp-json\/wp\/v2\/pages"}],"about":[{"href":"https:\/\/webs.uab.cat\/cedid\/wp-json\/wp\/v2\/types\/page"}],"author":[{"embeddable":true,"href":"https:\/\/webs.uab.cat\/cedid\/wp-json\/wp\/v2\/users\/20"}],"replies":[{"embeddable":true,"href":"https:\/\/webs.uab.cat\/cedid\/wp-json\/wp\/v2\/comments?post=992"}],"version-history":[{"count":0,"href":"https:\/\/webs.uab.cat\/cedid\/wp-json\/wp\/v2\/pages\/992\/revisions"}],"wp:attachment":[{"href":"https:\/\/webs.uab.cat\/cedid\/wp-json\/wp\/v2\/media?parent=992"}],"curies":[{"name":"wp","href":"https:\/\/api.w.org\/{rel}","templated":true}]}}