{"id":1109,"date":"2023-03-30T17:21:19","date_gmt":"2023-03-30T15:21:19","guid":{"rendered":"https:\/\/webs.uab.cat\/cephis\/projectes-rd-2\/"},"modified":"2023-03-30T20:09:21","modified_gmt":"2023-03-30T18:09:21","slug":"projectes-rd-2","status":"publish","type":"page","link":"https:\/\/webs.uab.cat\/cephis\/en\/projectes-rd-2\/","title":{"rendered":"R+D Projects"},"content":{"rendered":"\r\n<figure class=\"wp-block-table is-style-stripes\">\r\n\t<table>\r\n\t\t<tbody>\r\n\t\t\t<tr>\r\n\t\t\t\t<td><strong>T\u00cdTOL<\/strong><\/td>\r\n\t\t\t\t<td><strong>REFER\u00c8NCIA<\/strong><\/td>\r\n\t\t\t\t<td><strong>DATA INICI<\/strong><\/td>\r\n\t\t\t\t<td><strong>DATA FINALITZACI\u00d3<\/strong><\/td>\r\n\t\t\t<\/tr>\r\n\t\t\t\t\r\n\r\n\t\t\t<tr>\r\n\t\t\t\t<td><a href=\"https:\/\/webs.uab.cat\/cephis\/en\/projecte\/spremid-smart-platform-for-remote-medical-imaging-diagnostics\/\">SPREMID: Smart Platform for Remote Medical Imaging Diagnostics<\/a><\/td>\r\n\t\t\t\t<td>CPP2023-010628<\/td>\r\n\t\t\t\t<td>2024-09-30<\/td>\r\n\t\t\t\t<td>2027-09-29<\/td>\r\n\r\n\t\t\t<tr>\r\n\t\t\t\t<td><a href=\"https:\/\/webs.uab.cat\/cephis\/en\/projecte\/plataforma-iomt-per-al-seguiment-de-ferides-complexes-amb-telefons-mobils-i-ia-generativa\/\">Plataforma IoMT per al seguiment de ferides complexes amb tel\u00e8fons m\u00f2bils i IA generativa<\/a><\/td>\r\n\t\t\t\t<td>SDC006\/25\/000012<\/td>\r\n\t\t\t\t<td>2024-01-01<\/td>\r\n\t\t\t\t<td>2026-02-28<\/td>\r\n\r\n\t\t\t<tr>\r\n\t\t\t\t<td><a href=\"https:\/\/webs.uab.cat\/cephis\/en\/projecte\/1127\/\">Plataforma inteligente para gesti\u00f3n farmac\u00e9utica<\/a><\/td>\r\n\t\t\t\t<td>CPP2021-008436<\/td>\r\n\t\t\t\t<td>2022-01-03<\/td>\r\n\t\t\t\t<td>2025-09-29<\/td>\r\n\r\n\t\t\t<tr>\r\n\t\t\t\t<td><a href=\"https:\/\/webs.uab.cat\/cephis\/en\/projecte\/wise-low-power-wireless-iot-platform-with-edge-computing-and-predictive-analysis-for-steam-traps-monitoring\/\">WISE: Low-Power WIrelesS IoT platform with Edge computing and predictive analysis for steam traps monitoring<\/a><\/td>\r\n\t\t\t\t<td>PID2020-116890RB-I00<\/td>\r\n\t\t\t\t<td>2021-08-31<\/td>\r\n\t\t\t\t<td>2025-08-30<\/td>\r\n\r\n\t\t\t<tr>\r\n\t\t\t\t<td><a href=\"https:\/\/webs.uab.cat\/cephis\/en\/projecte\/cyberlung-cyber-physical-bronchoscopy-navigation-system-for-lung-cancer-biopsy\/\">CYBERLUNG: Cyber-Physical Bronchoscopy Navigation System for Lung Cancer Biopsy<\/a><\/td>\r\n\t\t\t\t<td>2019PROD00089<\/td>\r\n\t\t\t\t<td>2020-06-29<\/td>\r\n\t\t\t\t<td><\/td>\r\n\r\n\t\t\t<tr>\r\n\t\t\t\t<td><a href=\"https:\/\/webs.uab.cat\/cephis\/en\/projecte\/base-3d-hybri3d-technologies-for-multimaterial-hibridization\/\">BASE 3D. HYBRI3D: Technologies for multimaterial hibridization<\/a><\/td>\r\n\t\t\t\t<td>001-P-001646<\/td>\r\n\t\t\t\t<td>2018-12-31<\/td>\r\n\t\t\t\t<td>2022-11-30<\/td>\r\n\r\n\t\t\t<tr>\r\n\t\t\t\t<td><a href=\"https:\/\/webs.uab.cat\/cephis\/en\/projecte\/plataformas-heterogeneas-para-la-identificacion-de-musica-bebop\/\">Plataformas Heterog\u00e9neas para la identificaci\u00f3n de m\u00fasica (BEBOP)<\/a><\/td>\r\n\t\t\t\t<td>RTC-2016-4920-7<\/td>\r\n\t\t\t\t<td>2016-06-29<\/td>\r\n\t\t\t\t<td>2019-03-31<\/td>\r\n\r\n\t\t\t<tr>\r\n\t\t\t\t<td><a href=\"https:\/\/webs.uab.cat\/cephis\/en\/projecte\/harp\/\">HARP<\/a><\/td>\r\n\t\t\t\t<td>IPT-2012-0847-430000<\/td>\r\n\t\t\t\t<td>2012-10-31<\/td>\r\n\t\t\t\t<td>2014-11-30<\/td>\r\n\r\n\t\t\t<tr>\r\n\t\t\t\t<td><a href=\"https:\/\/webs.uab.cat\/cephis\/en\/projecte\/probador-virtual-3d-360-visualizacion-3d-de-la-ropa-en-360-grados\/\">Probador Virtual 3D 360\u00b0: visualizaci\u00f3n 3D de la ropa en 360 grados<\/a><\/td>\r\n\t\t\t\t<td>IPT-2012-0630-020000<\/td>\r\n\t\t\t\t<td>2012-10-31<\/td>\r\n\t\t\t\t<td>2014-11-30<\/td>\r\n\r\n\t\t\t<tr>\r\n\t\t\t\t<td><a href=\"https:\/\/webs.uab.cat\/cephis\/en\/projecte\/sistema-interoperable-inteligente-y-distribuido-de-gestion-energetica-integral-y-centrada-0\/\">Sistema interoperable, inteligente y distribuido de gesti\u00f3n energ\u00e9tica integral y centrada en el usuario<\/a><\/td>\r\n\t\t\t\t<td>IPT-2012-1028-120000<\/td>\r\n\t\t\t\t<td>2012-10-31<\/td>\r\n\t\t\t\t<td>2014-11-30<\/td>\r\n\r\n\t\t\t<tr>\r\n\t\t\t\t<td><a href=\"https:\/\/webs.uab.cat\/cephis\/en\/projecte\/diseno-de-portales-de-internet-adaptados-para-personas-con-movilidad-reducida-tetraplejicas\/\">Dise\u00f1o de portales de internet adaptados para personas con movilidad reducida (tetrapl\u00e9jicas)<\/a><\/td>\r\n\t\t\t\t<td>FIT-070000-2002-243<\/td>\r\n\t\t\t\t<td>2011-12-31<\/td>\r\n\t\t\t\t<td>2012-11-30<\/td>\r\n\r\n\t\t\t<tr>\r\n\t\t\t\t<td><a href=\"https:\/\/webs.uab.cat\/cephis\/en\/projecte\/projecte-avanza-cobra-plataforma-computacional-de-altas-prestaciones-anualitat-2012\/\">Projecte Avanza \u201cCobra\u201d-Plataforma computacional de altas prestaciones. Anualitat 2012<\/a><\/td>\r\n\t\t\t\t<td>TSI-2020400-2010-82<\/td>\r\n\t\t\t\t<td>2011-12-31<\/td>\r\n\t\t\t\t<td>2012-11-30<\/td>\r\n\r\n\t\t\t<tr>\r\n\t\t\t\t<td><a href=\"https:\/\/webs.uab.cat\/cephis\/en\/projecte\/technology-design-kits-printed-electronics\/\">Technology Design Kits for Printed Electronics<\/a><\/td>\r\n\t\t\t\t<td>FP7-287682-TDK4PE<\/td>\r\n\t\t\t\t<td>2011-09-29<\/td>\r\n\t\t\t\t<td>2014-08-30<\/td>\r\n\r\n\t\t\t<tr>\r\n\t\t\t\t<td><a href=\"https:\/\/webs.uab.cat\/cephis\/en\/projecte\/del-dispositivo-la-aplicacion-con-tecnologia-nfc-desarrollo-cualificacion-certificacion-nfc\/\">Del dispositivo a la aplicaci\u00f3n con tecnolog\u00eda NFC: Desarrollo-Cualificaci\u00f3n-Certificaci\u00f3n (NFC-DCC)<\/a><\/td>\r\n\t\t\t\t<td>IPT-2011-1176-430000<\/td>\r\n\t\t\t\t<td>2011-04-29<\/td>\r\n\t\t\t\t<td>2014-02-28<\/td>\r\n\r\n\t\t\t<tr>\r\n\t\t\t\t<td><a href=\"https:\/\/webs.uab.cat\/cephis\/en\/projecte\/avanza-pep-tsi-020110-2009-360-poster-electronico-con-printed-electronics-anualitat-2011\/\">Avanza PEP \u201cTSI-020110-2009-360\u201d Poster Electr\u00f3nico con Printed Electronics. Anualitat 2011<\/a><\/td>\r\n\t\t\t\t<td><\/td>\r\n\t\t\t\t<td>2010-12-31<\/td>\r\n\t\t\t\t<td>2011-11-30<\/td>\r\n\r\n\t\t<\/tbody>\r\n\t<\/table>\r\n<\/figure>\r\n\n<p class=\"pods-pagination\">\n\n<span class=\"pods-pagination-advanced \">\n\t\n\t<span\n\t\tclass=\"pods-pagination-number pods-pagination-current \">1<\/span>\n\n\t\t\t\t<a href=\"\/cephis\/en\/wp-json\/wp\/v2\/pages\/1109?pg=2\"\n\t\t\t   class=\"pods-pagination-number pods-pagination-2 \">2<\/a>\n\t\t\t\t\t\t<a href=\"\/cephis\/en\/wp-json\/wp\/v2\/pages\/1109?pg=3\"\n\t\t\t   class=\"pods-pagination-number pods-pagination-3 \">3<\/a>\n\t\t\t\t\t<a href=\"\/cephis\/en\/wp-json\/wp\/v2\/pages\/1109?pg=11\"\n\t\t   class=\"pods-pagination-number pods-pagination-last pods-pagination-11 \">11<\/a>\n\t\t\t\t\t<a href=\"\/cephis\/en\/wp-json\/wp\/v2\/pages\/1109?pg=2\"\n\t\t\t   class=\"pods-pagination-label pods-pagination-next \">Next &rsaquo;<\/a>\n\t\t\t\t\t\t\t<a href=\"\/cephis\/en\/wp-json\/wp\/v2\/pages\/1109?pg=11\"\n\t\t\t   class=\"pods-pagination-label pods-pagination-last \">Last &raquo;<\/a>\n\t\t\t\t\n<\/span>\n\n<\/p>\n","protected":false},"excerpt":{"rendered":"","protected":false},"author":20,"featured_media":0,"parent":0,"menu_order":0,"comment_status":"closed","ping_status":"closed","template":"","meta":{"footnotes":""},"class_list":["post-1109","page","type-page","status-publish","hentry"],"_links":{"self":[{"href":"https:\/\/webs.uab.cat\/cephis\/en\/wp-json\/wp\/v2\/pages\/1109","targetHints":{"allow":["GET"]}}],"collection":[{"href":"https:\/\/webs.uab.cat\/cephis\/en\/wp-json\/wp\/v2\/pages"}],"about":[{"href":"https:\/\/webs.uab.cat\/cephis\/en\/wp-json\/wp\/v2\/types\/page"}],"author":[{"embeddable":true,"href":"https:\/\/webs.uab.cat\/cephis\/en\/wp-json\/wp\/v2\/users\/20"}],"replies":[{"embeddable":true,"href":"https:\/\/webs.uab.cat\/cephis\/en\/wp-json\/wp\/v2\/comments?post=1109"}],"version-history":[{"count":2,"href":"https:\/\/webs.uab.cat\/cephis\/en\/wp-json\/wp\/v2\/pages\/1109\/revisions"}],"predecessor-version":[{"id":1121,"href":"https:\/\/webs.uab.cat\/cephis\/en\/wp-json\/wp\/v2\/pages\/1109\/revisions\/1121"}],"wp:attachment":[{"href":"https:\/\/webs.uab.cat\/cephis\/en\/wp-json\/wp\/v2\/media?parent=1109"}],"curies":[{"name":"wp","href":"https:\/\/api.w.org\/{rel}","templated":true}]}}