{"id":193,"date":"2009-05-25T13:07:54","date_gmt":"2009-05-25T11:07:54","guid":{"rendered":"https:\/\/webs.uab.cat\/cephis\/inici-2\/"},"modified":"2010-01-21T13:43:49","modified_gmt":"2010-01-21T11:43:49","slug":"inici-2","status":"publish","type":"page","link":"https:\/\/webs.uab.cat\/cephis\/es\/","title":{"rendered":"Inicio"},"content":{"rendered":"<p>El Centro&nbsp;de Prototipos y&nbsp;Soluciones Hardware-Software se focaliza en la investifaci\u00f3n en dise\u00f1o&nbsp;de sistemas empotrados basados en plataformas y&nbsp;modelos, a diferentes niveles (HW, FW, eSW, aSW, web) para el aumento de prestaciones y&nbsp;productividad&nbsp;en el dise\u00f1o&nbsp;de sistemas electr\u00f3nicos a medida.<\/p>\n<p>El Centro&nbsp;est\u00e1&nbsp;formado&nbsp;por profesores, doctores, ingenieros y&nbsp;t\u00e9cnicos de reconocido&nbsp;prestigio nacional e&nbsp;internacional, expertos en la especificaci\u00f3n, dise\u00f1o&nbsp;e&nbsp;implementaci\u00f3n de prototipos orientados a su integraci\u00f3n en todo&nbsp;tipo&nbsp;de soluciones microelectr\u00f3nicas en el \u00e1mbito TIC (Electr\u00f3nica, Inform\u00e1tica y&nbsp;Telecomunicaciones).<\/p>\n<p>Los prototipos y&nbsp;soluciones se desarrollan utilizando&nbsp;lenguages de especificaci\u00f3n y&nbsp;dise\u00f1o&nbsp;(html5, UML, XML, Python, C++, C, Java, SystemC, VHDL),&nbsp;metodolog\u00edas de codise\u00f1o&nbsp;HW\/SW y&nbsp;herramientas de dise\u00f1o&nbsp;electr\u00f3nico actuales para los diversos niveles de abstracci\u00f3n;&nbsp;desde la computaci\u00f3n empotrada de altas prestaciones hasta el layout&nbsp;de circuitos integrados o impresos flexibles. El centro&nbsp;dispone&nbsp;de una elevada flexibilidad&nbsp;y&nbsp;capacidad&nbsp;de integraci\u00f3n de nuevos dispositivos y&nbsp;componentes (reales y&nbsp;virtuales) en sistemas electr\u00f3nicos&nbsp;para diversos \u00e1mbitos de aplicaci\u00f3n, en la actualidad&nbsp;centrados en Automoci\u00f3n\/Industrial e&nbsp;IoT\/wearables\/eHealth.<\/p>\n","protected":false},"excerpt":{"rendered":"<p>El Centro&nbsp;de Prototipos y&nbsp;Soluciones Hardware-Software se focaliza en la investifaci\u00f3n en dise\u00f1o&nbsp;de sistemas empotrados basados en plataformas y&nbsp;modelos, a diferentes niveles (HW, FW, eSW, aSW, web) para el aumento de prestaciones y&nbsp;productividad&nbsp;en el dise\u00f1o&nbsp;de sistemas electr\u00f3nicos a medida. El Centro&nbsp;est\u00e1&nbsp;formado&nbsp;por profesores, doctores, ingenieros y&nbsp;t\u00e9cnicos de reconocido&nbsp;prestigio nacional e&nbsp;internacional, expertos en la especificaci\u00f3n, dise\u00f1o&nbsp;e&nbsp;implementaci\u00f3n de prototipos [&hellip;]<\/p>\n","protected":false},"author":20,"featured_media":0,"parent":0,"menu_order":0,"comment_status":"closed","ping_status":"closed","template":"","meta":{"footnotes":""},"class_list":["post-193","page","type-page","status-publish","hentry"],"_links":{"self":[{"href":"https:\/\/webs.uab.cat\/cephis\/es\/wp-json\/wp\/v2\/pages\/193","targetHints":{"allow":["GET"]}}],"collection":[{"href":"https:\/\/webs.uab.cat\/cephis\/es\/wp-json\/wp\/v2\/pages"}],"about":[{"href":"https:\/\/webs.uab.cat\/cephis\/es\/wp-json\/wp\/v2\/types\/page"}],"author":[{"embeddable":true,"href":"https:\/\/webs.uab.cat\/cephis\/es\/wp-json\/wp\/v2\/users\/20"}],"replies":[{"embeddable":true,"href":"https:\/\/webs.uab.cat\/cephis\/es\/wp-json\/wp\/v2\/comments?post=193"}],"version-history":[{"count":0,"href":"https:\/\/webs.uab.cat\/cephis\/es\/wp-json\/wp\/v2\/pages\/193\/revisions"}],"wp:attachment":[{"href":"https:\/\/webs.uab.cat\/cephis\/es\/wp-json\/wp\/v2\/media?parent=193"}],"curies":[{"name":"wp","href":"https:\/\/api.w.org\/{rel}","templated":true}]}}