{"id":197,"date":"2010-01-21T13:45:43","date_gmt":"2010-01-21T11:45:43","guid":{"rendered":"https:\/\/webs.uab.cat\/cephis\/linias-de-investigacion\/"},"modified":"2010-01-21T13:45:43","modified_gmt":"2010-01-21T11:45:43","slug":"linias-de-investigacion","status":"publish","type":"page","link":"https:\/\/webs.uab.cat\/cephis\/es\/linias-de-investigacion\/","title":{"rendered":"L\u00ednias de investigaci\u00f3n"},"content":{"rendered":"<p>L\u00ednias de investigaci\u00f3n<\/p>\n","protected":false},"excerpt":{"rendered":"<p>L\u00ednias de investigaci\u00f3n<\/p>\n","protected":false},"author":20,"featured_media":0,"parent":0,"menu_order":0,"comment_status":"closed","ping_status":"closed","template":"","meta":{"footnotes":""},"class_list":["post-197","page","type-page","status-publish","hentry"],"_links":{"self":[{"href":"https:\/\/webs.uab.cat\/cephis\/es\/wp-json\/wp\/v2\/pages\/197","targetHints":{"allow":["GET"]}}],"collection":[{"href":"https:\/\/webs.uab.cat\/cephis\/es\/wp-json\/wp\/v2\/pages"}],"about":[{"href":"https:\/\/webs.uab.cat\/cephis\/es\/wp-json\/wp\/v2\/types\/page"}],"author":[{"embeddable":true,"href":"https:\/\/webs.uab.cat\/cephis\/es\/wp-json\/wp\/v2\/users\/20"}],"replies":[{"embeddable":true,"href":"https:\/\/webs.uab.cat\/cephis\/es\/wp-json\/wp\/v2\/comments?post=197"}],"version-history":[{"count":0,"href":"https:\/\/webs.uab.cat\/cephis\/es\/wp-json\/wp\/v2\/pages\/197\/revisions"}],"wp:attachment":[{"href":"https:\/\/webs.uab.cat\/cephis\/es\/wp-json\/wp\/v2\/media?parent=197"}],"curies":[{"name":"wp","href":"https:\/\/api.w.org\/{rel}","templated":true}]}}