{"id":159,"date":"2009-05-25T13:07:54","date_gmt":"2009-05-25T11:07:54","guid":{"rendered":"https:\/\/webs.uab.cat\/cephis\/inici\/"},"modified":"2023-03-30T17:09:24","modified_gmt":"2023-03-30T15:09:24","slug":"inici","status":"publish","type":"page","link":"https:\/\/webs.uab.cat\/cephis\/","title":{"rendered":"Inici"},"content":{"rendered":"\n<p>El Centre de Prototips i Solucions Hardware-Software focalitza la seva recerca en el disseny de sistemes encastats basats en plataformes i models, a diferents nivells (HW, FW, eSW, aSW, web) per a l\u2019increment de prestacions i productivitat en el disseny de sistemes electr\u00f2nics a mida.<\/p>\n\n\n\n<p>El Centre est\u00e0 format per professors, doctors, enginyers i t\u00e8cnics de reconegut prestigi nacional i internacional, experts en l\u2019especificaci\u00f3, disseny i implementaci\u00f3 de prototips orientats a la seva integraci\u00f3 en tot tipus solucions microelectr\u00f3niques en l&#8217;\u00e0mbit TIC (Electr\u00f2nica, Inform\u00e0tica i Telecomunicacions).<\/p>\n\n\n\n<p>Els prototips i solucions es desenvolupen utilitzant llenguatges d\u2019especificaci\u00f3 i disseny (html5, UML, XML, Python, C++, C, Java, SystemC, VHDL),&nbsp;metodologies de codisseny HW\/SW i eines de disseny electr\u00f2nic actuals per als diversos nivells d&#8217;abstracci\u00f3, des de computaci\u00f3 encastada d&#8217;altes prestacions fins al layout&nbsp;de circuits integrats o impresos flexibles. Per aquests motius, el centre disposa d\u2019una elevada flexibilitat i capacitat d\u2019integraci\u00f3 de nous dispositius i&nbsp;components (reals i virtuals) en sistemes electr\u00f2nics&nbsp;per a diversos entorns d&#8217;aplicaci\u00f3, en l&#8217;actualitat focalitzats en Automoci\u00f3\/Industrial i IoT\/wearables\/eHealth.<\/p>\n","protected":false},"excerpt":{"rendered":"<p>El Centre de Prototips i Solucions Hardware-Software focalitza la seva recerca en el disseny de sistemes encastats basats en plataformes i models, a diferents nivells (HW, FW, eSW, aSW, web) per a l\u2019increment de prestacions i productivitat en el disseny de sistemes electr\u00f2nics a mida. El Centre est\u00e0 format per professors, doctors, enginyers i t\u00e8cnics [&hellip;]<\/p>\n","protected":false},"author":20,"featured_media":0,"parent":0,"menu_order":0,"comment_status":"closed","ping_status":"closed","template":"","meta":{"footnotes":""},"class_list":["post-159","page","type-page","status-publish","hentry"],"_links":{"self":[{"href":"https:\/\/webs.uab.cat\/cephis\/wp-json\/wp\/v2\/pages\/159","targetHints":{"allow":["GET"]}}],"collection":[{"href":"https:\/\/webs.uab.cat\/cephis\/wp-json\/wp\/v2\/pages"}],"about":[{"href":"https:\/\/webs.uab.cat\/cephis\/wp-json\/wp\/v2\/types\/page"}],"author":[{"embeddable":true,"href":"https:\/\/webs.uab.cat\/cephis\/wp-json\/wp\/v2\/users\/20"}],"replies":[{"embeddable":true,"href":"https:\/\/webs.uab.cat\/cephis\/wp-json\/wp\/v2\/comments?post=159"}],"version-history":[{"count":1,"href":"https:\/\/webs.uab.cat\/cephis\/wp-json\/wp\/v2\/pages\/159\/revisions"}],"predecessor-version":[{"id":1049,"href":"https:\/\/webs.uab.cat\/cephis\/wp-json\/wp\/v2\/pages\/159\/revisions\/1049"}],"wp:attachment":[{"href":"https:\/\/webs.uab.cat\/cephis\/wp-json\/wp\/v2\/media?parent=159"}],"curies":[{"name":"wp","href":"https:\/\/api.w.org\/{rel}","templated":true}]}}