{"id":162,"date":"2009-05-25T13:22:59","date_gmt":"2009-05-25T11:22:59","guid":{"rendered":"https:\/\/webs.uab.cat\/cephis\/serveis\/"},"modified":"2023-03-30T17:10:33","modified_gmt":"2023-03-30T15:10:33","slug":"serveis","status":"publish","type":"page","link":"https:\/\/webs.uab.cat\/cephis\/serveis\/","title":{"rendered":"Serveis"},"content":{"rendered":"\n<p>Dintre dels <a href=\"http:\/\/www.uab.cat\/web\/investigar\/serveis-cientificotecnics\/tecnologies-i-ciencies-experimentals\/tic-1345680640413.html\">serveis&nbsp;cient\u00edficot\u00e8cnics<\/a>&nbsp;de la UAB oferim el servei de<a href=\"http:\/\/sct.uab.cat\/lampes\/\"> LAMPES (Laboratori de Muntatge de Prototips Electr\u00f2nics per a Sistemes Embedded)<\/a>&nbsp;<\/p>\n\n\n\n<p><strong>Prototips de sistemes electr\u00f2nics<\/strong><\/p>\n\n\n\n<ul class=\"wp-block-list\"><li>&nbsp;&nbsp; &nbsp;Disseny de PCBs amb eines CAD professionals<\/li><li>&nbsp;&nbsp; &nbsp;Muntatge incremental de PCBs amb m\u00e0quina de muntatge SMD<\/li><li>&nbsp;&nbsp; &nbsp;Gesti\u00f3 fabricaci\u00f3 prototips preindustrials<\/li><li>&nbsp;&nbsp; &nbsp;Suport processos certificaci\u00f3<\/li><\/ul>\n\n\n\n<p><strong>Disseny de sistemes electr\u00f2nics a mida<\/strong><\/p>\n\n\n\n<ul class=\"wp-block-list\"><li>&nbsp;&nbsp; &nbsp;Plataformes basades en FPGA, SoC, MPSoC<\/li><li>&nbsp;&nbsp; &nbsp;Subsistemes de comunicacions<\/li><li>&nbsp;&nbsp; &nbsp;Drivers i middleware<\/li><li>&nbsp;&nbsp; &nbsp;Aplicacions de gesti\u00f3 (web, smartphone)<\/li><li>&nbsp;&nbsp; &nbsp;Sistemes de molt baix consum amb o sense bateries<\/li><\/ul>\n\n\n\n<p><strong>Implementaci\u00f3 de sistemes embedded<\/strong><\/p>\n\n\n\n<ul class=\"wp-block-list\"><li>&nbsp;&nbsp; &nbsp;Solucions amb plataformes industrials embedded i m\u00f2bils<\/li><li>&nbsp;&nbsp; &nbsp;Subsistemes de comunicacions estandarditzats (LTE\/UMTS\/GPRS\/GSM, GPS, wifi, bluetooth, BLE, Zigbee, NFC, USB, Ethernet, busos de camp)<\/li><li>&nbsp;&nbsp; &nbsp;Solucions i aplicacions basades en plataformes Windows, Linux, Android i iOS<\/li><li>&nbsp;&nbsp; &nbsp;Estereoscopia &#8216;3D i interf\u00edcies d&#8217;usuari avancades<\/li><li>&nbsp;&nbsp; &nbsp;SmartTV i Set-Top-Box<\/li><\/ul>\n\n\n\n<p><strong>Printed Electronics<\/strong><\/p>\n\n\n\n<ul class=\"wp-block-list\"><li>&nbsp;&nbsp; &nbsp;An\u00e0lisi morfol\u00f2gic amb microscopi confocal i interferom\u00e8tric de materials<\/li><li>&nbsp;&nbsp; &nbsp;An\u00e0lisi de dispositius funcionals amb taula de puntes i instrumentaci\u00f3<\/li><li>&nbsp;&nbsp; &nbsp;Impressi\u00f3 inkjet de materials funcionals i dispositius<\/li><li>&nbsp;&nbsp; &nbsp;Disseny de sistemes amb tecnologies flexibles i\/o org\u00e0niques (OLED, OPV, Bateries, RF, Biosensors, OTFTs)<\/li><\/ul>\n","protected":false},"excerpt":{"rendered":"<p>Dintre dels serveis&nbsp;cient\u00edficot\u00e8cnics&nbsp;de la UAB oferim el servei de LAMPES (Laboratori de Muntatge de Prototips Electr\u00f2nics per a Sistemes Embedded)&nbsp; Prototips de sistemes electr\u00f2nics &nbsp;&nbsp; &nbsp;Disseny de PCBs amb eines CAD professionals &nbsp;&nbsp; &nbsp;Muntatge incremental de PCBs amb m\u00e0quina de muntatge SMD &nbsp;&nbsp; &nbsp;Gesti\u00f3 fabricaci\u00f3 prototips preindustrials &nbsp;&nbsp; &nbsp;Suport processos certificaci\u00f3 Disseny de sistemes electr\u00f2nics [&hellip;]<\/p>\n","protected":false},"author":20,"featured_media":0,"parent":0,"menu_order":0,"comment_status":"closed","ping_status":"closed","template":"","meta":{"footnotes":""},"class_list":["post-162","page","type-page","status-publish","hentry"],"_links":{"self":[{"href":"https:\/\/webs.uab.cat\/cephis\/wp-json\/wp\/v2\/pages\/162","targetHints":{"allow":["GET"]}}],"collection":[{"href":"https:\/\/webs.uab.cat\/cephis\/wp-json\/wp\/v2\/pages"}],"about":[{"href":"https:\/\/webs.uab.cat\/cephis\/wp-json\/wp\/v2\/types\/page"}],"author":[{"embeddable":true,"href":"https:\/\/webs.uab.cat\/cephis\/wp-json\/wp\/v2\/users\/20"}],"replies":[{"embeddable":true,"href":"https:\/\/webs.uab.cat\/cephis\/wp-json\/wp\/v2\/comments?post=162"}],"version-history":[{"count":1,"href":"https:\/\/webs.uab.cat\/cephis\/wp-json\/wp\/v2\/pages\/162\/revisions"}],"predecessor-version":[{"id":1051,"href":"https:\/\/webs.uab.cat\/cephis\/wp-json\/wp\/v2\/pages\/162\/revisions\/1051"}],"wp:attachment":[{"href":"https:\/\/webs.uab.cat\/cephis\/wp-json\/wp\/v2\/media?parent=162"}],"curies":[{"name":"wp","href":"https:\/\/api.w.org\/{rel}","templated":true}]}}