{"id":131,"date":"2017-06-22T12:51:37","date_gmt":"2017-06-22T12:51:37","guid":{"rendered":"https:\/\/webs.uab.cat\/cien\/noticies\/"},"modified":"2022-07-27T11:03:52","modified_gmt":"2022-07-27T11:03:52","slug":"noticies","status":"publish","type":"page","link":"https:\/\/webs.uab.cat\/cien\/ca\/noticies\/","title":{"rendered":"Not\u00edcies"},"content":{"rendered":"\n<div class=\"wp-block-query is-layout-flow wp-block-query-is-layout-flow\"><ul class=\"wp-block-post-template is-layout-flow wp-block-post-template-is-layout-flow\"><li class=\"wp-block-post post-451 post type-post status-publish format-standard hentry category-noticias category-uncategorized-ca\">\n<h2 class=\"wp-block-post-title\"><a href=\"https:\/\/webs.uab.cat\/cien\/ca\/2022\/07\/27\/congres-de-la-asociacio-espanyola-de-logopedia-18-de-maig-2018\/\" target=\"_self\" >Congres de la Asociaci\u00f3 Espanyola de Logopedia, 18 de maig 2018<\/a><\/h2>\n\n\n\n<div class=\"wp-block-post-excerpt\"><p class=\"wp-block-post-excerpt__excerpt\">Premio&nbsp;a&nbsp;la&nbsp;mejor&nbsp;ponenciaPremi a la millor presentaci\u00f2 L\u2019equip d\u00b4investigaci\u00f3 format per la IP Melissa Moyer, la logopeda Marta Gim\u00e9nez del &nbsp;, el Robert de Miguel, arquitect i usuari de la aplicaci\u00f3 Voiceitt a m\u00e9s dels &nbsp;investigadors &nbsp;Gema Rubio, Ignasi Clemente i el psiquiatra Dr. Jes\u00fas Ru\u00edz&nbsp;&nbsp;presentaron en el Congreso de la Asociaci\u00f3n Espa\u00f1ola de Logopedia celebrado en&hellip; <\/p><\/div>\n\n\n<hr class=\"wp-block-separator has-css-opacity\"\/>\n\n\n<div class=\"wp-block-post-date\"><time datetime=\"2022-07-27T10:36:24+00:00\">27 de juliol de 2022<\/time><\/div>\n<\/li><li class=\"wp-block-post post-453 post type-post status-publish format-standard hentry category-noticias category-uncategorized-ca\">\n<h2 class=\"wp-block-post-title\"><a href=\"https:\/\/webs.uab.cat\/cien\/ca\/2022\/07\/27\/cien-hosting-a-visiting-phd-researcher-peter-browning-ucl\/\" target=\"_self\" >PhD Training Workshop amb Beatriz Lorente a l\u2019Institute of Education (UCL)<\/a><\/h2>\n\n\n\n<div class=\"wp-block-post-excerpt\"><p class=\"wp-block-post-excerpt__excerpt\">Taller \u201cLanguage and Historicity\u201d L\u2019Andrea Sunyol ha participat al taller \u201cLanguage and Historicity\u201d dirigit per Beatriz Lorente (Universitat de Bern) i organitzat per Alfonso del Percio (UCL, Institute of Education). Un grup d\u2019estudiants de doctorat de diverses universitats europees van presentar i debatre q\u00fcestions relatives al rol de la historicitzaci\u00f3 en la seva recerca en&hellip; <\/p><\/div>\n\n\n<hr class=\"wp-block-separator has-css-opacity\"\/>\n\n\n<div class=\"wp-block-post-date\"><time datetime=\"2022-07-27T10:35:50+00:00\">27 de juliol de 2022<\/time><\/div>\n<\/li><li class=\"wp-block-post post-455 post type-post status-publish format-standard hentry category-noticias category-uncategorized-ca\">\n<h2 class=\"wp-block-post-title\"><a href=\"https:\/\/webs.uab.cat\/cien\/ca\/2022\/07\/27\/concurso-la-teva-tesi-en-4-minuts\/\" target=\"_self\" >Concurs \u201cla teva tesi en 4 minuts\u201d<\/a><\/h2>\n\n\n\n<div class=\"wp-block-post-excerpt\"><p class=\"wp-block-post-excerpt__excerpt\">Finalistes de la UAB per al concurs L\u2019Andrea Sunyol va ser una dels 10 estudiants finalistes de la UAB per al concurs \u201ctesi en 4 minuts\u201d organitzat pel Consell Interuniversitari de Catalunya, que va tenir lloc el passat 15 de Maig al teatre de la UAB. Cada participant va fer un discurs de 4 minuts&hellip; <\/p><\/div>\n\n\n<hr class=\"wp-block-separator has-css-opacity\"\/>\n\n\n<div class=\"wp-block-post-date\"><time datetime=\"2022-07-27T10:35:29+00:00\">27 de juliol de 2022<\/time><\/div>\n<\/li><\/ul><\/div>\n","protected":false},"excerpt":{"rendered":"","protected":false},"author":20,"featured_media":0,"parent":0,"menu_order":0,"comment_status":"closed","ping_status":"closed","template":"","meta":{"footnotes":""},"class_list":["post-131","page","type-page","status-publish","hentry"],"_links":{"self":[{"href":"https:\/\/webs.uab.cat\/cien\/ca\/wp-json\/wp\/v2\/pages\/131","targetHints":{"allow":["GET"]}}],"collection":[{"href":"https:\/\/webs.uab.cat\/cien\/ca\/wp-json\/wp\/v2\/pages"}],"about":[{"href":"https:\/\/webs.uab.cat\/cien\/ca\/wp-json\/wp\/v2\/types\/page"}],"author":[{"embeddable":true,"href":"https:\/\/webs.uab.cat\/cien\/ca\/wp-json\/wp\/v2\/users\/20"}],"replies":[{"embeddable":true,"href":"https:\/\/webs.uab.cat\/cien\/ca\/wp-json\/wp\/v2\/comments?post=131"}],"version-history":[{"count":2,"href":"https:\/\/webs.uab.cat\/cien\/ca\/wp-json\/wp\/v2\/pages\/131\/revisions"}],"predecessor-version":[{"id":471,"href":"https:\/\/webs.uab.cat\/cien\/ca\/wp-json\/wp\/v2\/pages\/131\/revisions\/471"}],"wp:attachment":[{"href":"https:\/\/webs.uab.cat\/cien\/ca\/wp-json\/wp\/v2\/media?parent=131"}],"curies":[{"name":"wp","href":"https:\/\/api.w.org\/{rel}","templated":true}]}}