{"id":158,"date":"2017-06-22T11:51:14","date_gmt":"2017-06-22T11:51:14","guid":{"rendered":"https:\/\/webs.uab.cat\/cien\/melissa-g-moyer-2\/"},"modified":"2022-07-27T10:05:26","modified_gmt":"2022-07-27T10:05:26","slug":"melissa-g-moyer-2","status":"publish","type":"page","link":"https:\/\/webs.uab.cat\/cien\/ca\/melissa-g-moyer-2\/","title":{"rendered":"Melissa G. Moyer"},"content":{"rendered":"\n<p><strong>Melissa G. Moyer<\/strong>, (<a href=\"mailto:melissa.moyer@uab.cat\">melissa.moyer@uab.cat<\/a>), \u00e9s professora titular d\u2019universitat en l\u2019\u00e0rea de ling\u00fc\u00edstica anglesa de la Universitat Aut\u00f2noma de Barcelona. Lidera el grup de recerca CIEN i \u00e9s la investigadora principal del projecte HUM2007-61864 sobre La Gesti\u00f3 del Multiling\u00fcisme en l\u2019\u00e0mbit Institucional i 2007ARAFI00018 sobre Gesti\u00f3 de l\u2019Acollida Ling\u00fc\u00edstica dels Nouvinguts en una Instituci\u00f3 P\u00fablica i en una Instituci\u00f3 No Governamental. La seva recerca actual estudia la llengua i les migracions actuals en relaci\u00f3 a les institucions socials de l\u2019estat-naci\u00f3 (com ara l\u2019estat del benestar, el sistema judicial, l\u2019\u00e0mbit sanitari, l\u2019administraci\u00f3 p\u00fablica, el sistema educatiu, etc.) i com les ideologies institucionals determinen les pol\u00edtiques i les pr\u00e0ctiques multiling\u00fces. \u00e9s editora, conjuntament amb Li Wei, del llibre The Blackwell Guide to Research Methods in Bilingualism and Multilingualism (Blackwell, 2008).<\/p>\n\n\n\n<h2 class=\"wp-block-heading\"><strong>Publicacions<\/strong><\/h2>\n\n\n\n<ul class=\"wp-block-list\"><li class=\"rtejustify\">Moyer, M. 2016. Language and Work. En N. Flores, O. Garc\u00eda, M. Spotti&nbsp;(eds.),&nbsp;<em>The Oxford Handbook of Language and Society<\/em>. Oxford: Oxford University Press.<\/li><li class=\"rtejustify\">Moyer, M. 2016. &nbsp;Invited review of Ofelia Garcia and Li Wei. Translanguaging:Language, Bilingualism and Education. Basingstoke, U.K.: Palgrave Macmillan. 2014. &nbsp;<em>Journal of Sociolinguistics,<\/em>&nbsp;20,1:125-130.<\/li><li class=\"rtejustify\">Auer, P., M. Moyer, y P. Muysken.&nbsp;2014. Connecting approaches to code-switching in West&nbsp;Africa.<em>The International Journal of Bilingualism<\/em>&nbsp;18, 4: 447-454.doi: 10.1177\/1367006913481146<\/li><li class=\"rtejustify\">Duch\u00eane, A., M. Moyer y C. Roberts, (eds.). 2013.&nbsp;<em>Language, Migration and Social &nbsp;&nbsp;&nbsp;&nbsp;&nbsp;&nbsp; Inequalities: A Critical Sociolinguistic Perspective on Institutions and Work<\/em>. Bristol: &nbsp;&nbsp;&nbsp;&nbsp;&nbsp;&nbsp;&nbsp; Multilingual Matters. ISBN:-13:978-1-78309-099-0<\/li><li class=\"rtejustify\">Moyer, M. 2013.&nbsp;Language as a resource. Migrant agency, positioning and resistance in a &nbsp;&nbsp;&nbsp;&nbsp;&nbsp;&nbsp; health care clinic<em>.&nbsp;<\/em>In&nbsp; A. Duch\u00eane, M. Moyer and C. Roberts (eds.)&nbsp;<em>Language, &nbsp;&nbsp;&nbsp;&nbsp;&nbsp;&nbsp;&nbsp;&nbsp;&nbsp;&nbsp; Migration and Social Inequalities: A Critical Sociolinguistic Perspective on Institutions &nbsp; and Work<\/em>, pp.196-224.&nbsp; Bristol: Multilingual Matters. ISBN:-13:978-1-78309-099-0<\/li><li class=\"rtejustify\">Moyer, M. 2012.&nbsp;Sociolinguistic perspectives on language and multilingualism in institutions. In Marilyn Martin-Jones and Sheena Gardner (eds.)&nbsp;<em>Multilingualism, Discourse and &nbsp;&nbsp;&nbsp;&nbsp;&nbsp;&nbsp;&nbsp;&nbsp;&nbsp;&nbsp;&nbsp; Ethnography,<\/em>&nbsp;pp.34-47, London: Routledge, ISBN:&nbsp;978-0-415-87494-6.<\/li><li class=\"rtejustify\">Moyer, M. 2011. What Multilingualism? Agency and Unintended Consequences of Multilingual Practices in a Barcelona Health Clinic.&nbsp;<em>Journal of Pragmatics<\/em>&nbsp;Vol. 43 (5), &nbsp;&nbsp;&nbsp; pp. 1209-1221, ISSN: 0378-2166<\/li><li class=\"rtejustify\">Wei, L. y M. Moyer, (eds.). 2008.&nbsp;<em>The Blackwell Guide of Research Methods in Bilingualism &nbsp;&nbsp;&nbsp;&nbsp; and Multilingualism<\/em>,&nbsp;Oxford: Blackwell. ISBN: 978-1-4051-7900-3<\/li><li class=\"rtejustify\">Moyer, Melissa G. i Luisa Martin Rojo. 2007. Language Migration and Citizenship: New Challenges in the Regulation of Bilingualism. Dins M. Heller (ed.)&nbsp;<em>Bilingualism: Social Approaches.<\/em>&nbsp;Nova York: Palgrave-MacMillan, pp. 137-160<\/li><li class=\"rtejustify\">Moyer, Melissa. 2007. Researching as practice: Linking theory, method and data. Dins Li Wei &amp; Melissa Moyer (eds.)<em>&nbsp;The Blackwell Handbook of Research. Methods in Bilingualism and Multilingualism.<\/em>&nbsp;Oxford: Blackwell, pp. 21-41.&nbsp;&nbsp;<br>P\u00e0ina web per a comprar aquest llibre:&nbsp;<a href=\"http:\/\/www.blackwellpublishing.com\/book.asp?ref=9781405126076\" target=\"_blank\" rel=\"noopener\">http:\/\/www.blackwellpublishing.com<\/a><\/li><li class=\"rtejustify\">Turell, Maria Teresa i Melissa Moyer. 2007. Transcription. Dins Li Wei &amp; Melissa Moyer (eds.)&nbsp;<em>The Blackwell Handbook of Research. Methods in Bilingualism and Multilingualism.<\/em>&nbsp;Oxford: Blackwell, pp. 143-175.<\/li><li class=\"rtejustify\">Sebba, Mark, Melissa Moyer i Pen\u00e1lope Gardner-Chloros. 2007. Coding and analyzing multilingual data. The LIDES project. Dins Karen Corrigan et al. (eds.)&nbsp;<em>Creating and Digitizing Language Corpora: Synchronic Databases,<\/em>Vol.2, pp.91-120. Nova York: MacMillan.&nbsp;<\/li><li class=\"rtejustify\">Moyer, Melissa. 2000. Negotiating agreement and disagreement in Spanish-English bilingual conversations with no.&nbsp;&nbsp;<em>The International Journal of Bilingualism 4<\/em>&nbsp;(4): 485-504.<\/li><\/ul>\n\n\n\n<p>&nbsp;<\/p>\n\n\n\n<h2 class=\"wp-block-heading\"><strong>Curr\u00edculum<\/strong><\/h2>\n\n\n\n<p><a href=\"https:\/\/webs.uab.cat\/cien\/wp-content\/uploads\/sites\/88\/2022\/07\/curriculummelissa.pdf\" data-type=\"attachment\" data-id=\"390\" target=\"_blank\" rel=\"noreferrer noopener\">Descarrega el curr\u00edculum de Melissa G. Moyer<\/a><\/p>\n","protected":false},"excerpt":{"rendered":"<p>Melissa G. Moyer, (melissa.moyer@uab.cat), \u00e9s professora titular d\u2019universitat en l\u2019\u00e0rea de ling\u00fc\u00edstica anglesa de la Universitat Aut\u00f2noma de Barcelona. Lidera el grup de recerca CIEN i \u00e9s la investigadora principal del projecte HUM2007-61864 sobre La Gesti\u00f3 del Multiling\u00fcisme en l\u2019\u00e0mbit Institucional i 2007ARAFI00018 sobre Gesti\u00f3 de l\u2019Acollida Ling\u00fc\u00edstica dels Nouvinguts en una Instituci\u00f3 P\u00fablica i [&hellip;]<\/p>\n","protected":false},"author":20,"featured_media":63,"parent":0,"menu_order":0,"comment_status":"closed","ping_status":"closed","template":"","meta":{"footnotes":""},"class_list":["post-158","page","type-page","status-publish","has-post-thumbnail","hentry"],"_links":{"self":[{"href":"https:\/\/webs.uab.cat\/cien\/ca\/wp-json\/wp\/v2\/pages\/158","targetHints":{"allow":["GET"]}}],"collection":[{"href":"https:\/\/webs.uab.cat\/cien\/ca\/wp-json\/wp\/v2\/pages"}],"about":[{"href":"https:\/\/webs.uab.cat\/cien\/ca\/wp-json\/wp\/v2\/types\/page"}],"author":[{"embeddable":true,"href":"https:\/\/webs.uab.cat\/cien\/ca\/wp-json\/wp\/v2\/users\/20"}],"replies":[{"embeddable":true,"href":"https:\/\/webs.uab.cat\/cien\/ca\/wp-json\/wp\/v2\/comments?post=158"}],"version-history":[{"count":2,"href":"https:\/\/webs.uab.cat\/cien\/ca\/wp-json\/wp\/v2\/pages\/158\/revisions"}],"predecessor-version":[{"id":393,"href":"https:\/\/webs.uab.cat\/cien\/ca\/wp-json\/wp\/v2\/pages\/158\/revisions\/393"}],"wp:featuredmedia":[{"embeddable":true,"href":"https:\/\/webs.uab.cat\/cien\/ca\/wp-json\/wp\/v2\/media\/63"}],"wp:attachment":[{"href":"https:\/\/webs.uab.cat\/cien\/ca\/wp-json\/wp\/v2\/media?parent=158"}],"curies":[{"name":"wp","href":"https:\/\/api.w.org\/{rel}","templated":true}]}}