{"id":168,"date":"2017-06-22T11:59:18","date_gmt":"2017-06-22T11:59:18","guid":{"rendered":"https:\/\/webs.uab.cat\/cien\/eva-codo-2\/"},"modified":"2022-07-27T10:08:06","modified_gmt":"2022-07-27T10:08:06","slug":"eva-codo-2","status":"publish","type":"page","link":"https:\/\/webs.uab.cat\/cien\/ca\/eva-codo-2\/","title":{"rendered":"Eva Cod\u00f3"},"content":{"rendered":"\n<p><strong>Eva Cod\u00f3<\/strong>, (<a href=\"mailto:eva.codo@uab.cat\" target=\"_blank\" rel=\"noopener\">eva.codo@uab.cat<\/a>), \u00e9s professora agregada de llengua i ling\u00fc\u00edstica angleses a la Universitat Aut\u00f2noma de Barcelona. Actualment \u00e9s vicedegana d\u2019Ordenaci\u00f3 dels Estudis de la Facultat de Filosofia i Lletres i secret\u00e0ria de la Societat Catalana de Socioling\u00fc\u00edstica (Institut d\u2019Estudis Catalans). La seva recerca se centra en el multiling\u00fcisme en \u00e0mbits institucionals, en les relacions entre llengua, migraci\u00f3 i exclusi\u00f3 social, i en la socioling\u00fc\u00edstica de l\u2019angl\u00e8s com a llengua de contacte a Espanya. Actualment \u00e9s IP d\u2019un projecte de recerca finan\u00e7at (2015-2007) sobre la creixent pres\u00e8ncia de la llengua anglesa en el sistema educatiu catal\u00e0. Per a m\u00e9s informaci\u00f3, visiteu l\u2019apartat \u201cRecerca\u201d. Publica regularment en les principals revistes cient\u00edfiques del seu camp i \u00e9s autora d\u2019una monografia publicada per l\u2019editorial Mouton de Gruyter l\u2019any 2008. Ha estat professora visitant a la Universitat de Toronto. Podeu veure el seu cv complet a:&nbsp;<a href=\"http:\/\/pagines.uab.cat\/evacodo\">http:\/\/pagines.uab.cat\/evacodo<\/a>&nbsp;&nbsp;<\/p>\n\n\n\n<h2 class=\"wp-block-heading\"><strong>Publicacions<\/strong><\/h2>\n\n\n\n<ul class=\"wp-block-list\"><li class=\"rtejustify\">Cod\u00f3, Eva (in preparation) Language awareness in multi-ethnic organisations. For Garret, P. and J.M. Cots (eds.)&nbsp;<em>The Routledge Handbook of Language Awareness<\/em>.&nbsp;<\/li><li class=\"rtejustify\">Cod\u00f3, Eva (under review) Language policy and planning, institutions and neoliberalization. For Tollefson, J. and M. P\u00e9rez-Milans (eds.)&nbsp;<em>The Oxford Handbook of Language Policy and Planning<\/em>.&nbsp;<\/li><li class=\"rtejustify\">Cod\u00f3, Eva (accepted) Lifestyle migrants in Barcelona: A narrative perspective on language, transnational mobility and identity. For Pati\u00f1o-Santos, A. and A.M. Rela\u00f1o-Pastor (eds.) &#8220;Storytelling in globalized spaces: A linguistic ethnographic perspective&#8221;. Special issue of the<em>International Journal of the Sociology of Language<\/em>.<\/li><li class=\"rtejustify\">Sabat\u00e9, Maria, M. Rosa Garrido and Eva Cod\u00f3 (in press, 2016) Language Services for Migrants: Top-down Monolingualist Nation-State Policies and Bottom-up Multilingual Practices. For Canagarajah, S. (eds.)&nbsp;<em>The Routledge Handbook of Migration and Language<\/em>. London: Routledge.<\/li><li class=\"rtejustify\">Eppler, Eva and Eva Cod\u00f3 (2016) Challenges for language and identity researchers in the collection and transcription of spoken interaction. For Preece, S. (ed.)&nbsp;<em>The Routledge Handbook of Language and Identity. Routledge Handbooks in Applied Linguistics<\/em>. London: Routledge, pp. 304-319. ISBN: 978-1-138-77472-8.<\/li><li class=\"rtejustify\">Cod\u00f3, Eva (2015) Langue et insertion professionnelle de migrants africains \u00e0 Barcelone: une \u00e9tude etnographique. For Duch\u00eane, A. and M. Daveluy (eds.) &#8220;Sp\u00e9culations langagi\u00e8res: n\u00e9gocier des ressources \u00e0 valeurs fluctuantes&#8221;. Special issue of&nbsp;<em>Anthropologie &amp; Soci\u00e9t\u00e9s<\/em>&nbsp;39(3): 153-172.<a href=\"https:\/\/www.anthropologie-societes.ant.ulaval.ca\/numero\/4466\">https:\/\/www.anthropologie-societes.ant.ulaval.ca\/numero\/4466<\/a><\/li><li class=\"rtejustify\">Cod\u00f3, Eva (2015)&nbsp;<em>Buscando sinergias, enlazando tradiciones: tranversalidades e interdisciplinariedad en los estudios sobre discurso, migraciones y multiling\u00fcismo<\/em>. Presentaci\u00f3n y discusi\u00f3n del Seminario &#8220;Discurso, migraciones y multiling\u00fcismo&#8221; del I Congreso Internacional de EDiSo. Discurso &amp; Sociedad9(1-2): 158-164.<a href=\"http:\/\/www.dissoc.org\/ediciones\/v09n01-2\/DS9%281-2%29Codo.pdf\">http:\/\/www.dissoc.org\/ediciones\/v09n01-2\/DS9%281-2%29Codo.pdf<\/a><\/li><li class=\"rtejustify\">Cod\u00f3, Eva and Miguel P\u00e9rez-Milans (2014) Multilingual discursive practices and processes of social change in globalizing institutional spaces. Special issue of the&nbsp;<em>International Journal of Multilingualism<\/em>&nbsp;11(4), 381-474.<\/li><li class=\"rtejustify\">Cod\u00f3, Eva (2014) Cosmopolitanism, mobility and multilingualism: New discourses for new identities? In Casesnoves, R., M. Forcadell and N. Gavald\u00e0 (eds.)&nbsp;<em>Ens queda la paraula. Estudis de Ling\u00fc\u00edstica Aplicada en honor a M. Teresa Turell<\/em>. Barcelona: Institut Universitari de Ling\u00fc\u00edstica Aplicada, pp. 153-169. ISBN: 978-84-9984-149-6.<\/li><li class=\"rtejustify\">Garrido, M. Rosa &amp; Eva Cod\u00f3 (2014) Deskilling and delanguaging African migrants in Barcelona: Pathways of labor market incorporation and the value of global English. For S. Canajarah and F. Giampapa (eds.) Skilled Migration and Global English. Special issue of&nbsp;<em>Globalisation, Societies and Education<\/em>. DOI: 10.1080\/14767724.2014.944757.<\/li><li class=\"rtejustify\">Cod\u00f3, Eva &amp; M. Rosa Garrido (2014) Shifting discourses of migrant incorporation at a time of crisis: Understanding the articulation of language and labour in the Catalan non-governmental sector. For Cod\u00f3, E. and M. P\u00e9rez-Milans (eds.) Multilingual discursive practices and processes of social change in globalizing institutional spaces. Special issue of the<em>International Journal of Multilingualism<\/em>&nbsp;11(4): 389-408.<\/li><li class=\"rtejustify\">Cod\u00f3, Eva &amp; Adriana Pati\u00f1o-Santos (2014) Beyond language: Class, social categorisation and academic achievement in a Catalan high school.<em>Linguistics and Education<\/em>&nbsp;25: 51-63.<\/li><li class=\"rtejustify\">Cod\u00f3, Eva (2013) Trade unions and NGOs under neoliberalism: Between regimenting migrants and subverting the state. In Duch\u00eane, A.,M. Moyer and C. Roberts (eds.)&nbsp;<em>Language, Migration and Social Inequalities<\/em>. Bristol: Multilingual Matters, pp. 25-55.<\/li><li class=\"rtejustify\">Cod\u00f3, Eva, Adriana Pati\u00f1o &amp; Virginia Unamuno (2012) Hacer socioling\u00fc\u00edstica etnogr\u00e1fica en un mundo cambiante: retos y aportaciones desde la perspectiva hispana. For Cod\u00f3, E., Pati\u00f1o A. and Unamuno, V. (eds.) La socioling\u00fc\u00edstica con perspectiva etnogr\u00e1fica en el mundo hispano: nuevos contextos, nuevas realidades<em>.&nbsp;<\/em>Special Issue of&nbsp;<em>Spanish in Context&nbsp;<\/em>9(2): 167-190.<\/li><li class=\"rtejustify\">Cod\u00f3, Eva (2011) Regimenting discourse, controlling bodies: Disinformation, evaluation and moral categorisation in a state bureaucratic agency.&nbsp;<em>Discourse &amp; Society&nbsp;<\/em>22(6): 723-742.<\/li><li class=\"rtejustify\">Cod\u00f3, Eva &amp; Maria Rosa Garrido (2010) Ideologies and practices of multilingualism in bureaucratic and legal advice encounters.&nbsp;<em>Sociolinguistic Studies&nbsp;<\/em>4 (2):&nbsp;297-332<em>.<\/em><\/li><li class=\"rtejustify\">Cod\u00f3, Eva (2008)&nbsp;<em>Immigration and Bureaucratic Control: Language Practices in Public Administration.<\/em>&nbsp;Berlin: Mouton de Gruyter.<\/li><li class=\"rtejustify\">Cod\u00f3, Eva (2008) Interviews and Questionnaires. Dins Wei, L. &amp; M. G. Moyer (eds.)&nbsp;<em>The Blackwell Guide to Research Methods in Bilingualism and Multilingualism.<\/em>&nbsp;Oxford: Blackwell, pp. 158-176<\/li><li class=\"rtejustify\">Cod\u00f3, Eva &amp; Luci Nussbaum (2007) Plurilinguisme et promotion d\u2019une langue minoritaire: tensions et contradictions.&nbsp;<em>Langage et soci\u00e9t\u00e9,<\/em>&nbsp;121-122: 275-288.<\/li><\/ul>\n\n\n\n<p>Unamuno, Virginia &amp; Eva Cod\u00f3 (2007) Categorizar a trav\u00e9s del habla: la construcci\u00f3n interactiva de la extranjeridad.&nbsp;<em>Discurso y Sociedad<\/em>, 1 (1): 117-143.<\/p>\n","protected":false},"excerpt":{"rendered":"<p>Eva Cod\u00f3, (eva.codo@uab.cat), \u00e9s professora agregada de llengua i ling\u00fc\u00edstica angleses a la Universitat Aut\u00f2noma de Barcelona. Actualment \u00e9s vicedegana d\u2019Ordenaci\u00f3 dels Estudis de la Facultat de Filosofia i Lletres i secret\u00e0ria de la Societat Catalana de Socioling\u00fc\u00edstica (Institut d\u2019Estudis Catalans). La seva recerca se centra en el multiling\u00fcisme en \u00e0mbits institucionals, en les relacions [&hellip;]<\/p>\n","protected":false},"author":20,"featured_media":67,"parent":0,"menu_order":0,"comment_status":"closed","ping_status":"closed","template":"","meta":{"footnotes":""},"class_list":["post-168","page","type-page","status-publish","has-post-thumbnail","hentry"],"_links":{"self":[{"href":"https:\/\/webs.uab.cat\/cien\/ca\/wp-json\/wp\/v2\/pages\/168","targetHints":{"allow":["GET"]}}],"collection":[{"href":"https:\/\/webs.uab.cat\/cien\/ca\/wp-json\/wp\/v2\/pages"}],"about":[{"href":"https:\/\/webs.uab.cat\/cien\/ca\/wp-json\/wp\/v2\/types\/page"}],"author":[{"embeddable":true,"href":"https:\/\/webs.uab.cat\/cien\/ca\/wp-json\/wp\/v2\/users\/20"}],"replies":[{"embeddable":true,"href":"https:\/\/webs.uab.cat\/cien\/ca\/wp-json\/wp\/v2\/comments?post=168"}],"version-history":[{"count":1,"href":"https:\/\/webs.uab.cat\/cien\/ca\/wp-json\/wp\/v2\/pages\/168\/revisions"}],"predecessor-version":[{"id":397,"href":"https:\/\/webs.uab.cat\/cien\/ca\/wp-json\/wp\/v2\/pages\/168\/revisions\/397"}],"wp:featuredmedia":[{"embeddable":true,"href":"https:\/\/webs.uab.cat\/cien\/ca\/wp-json\/wp\/v2\/media\/67"}],"wp:attachment":[{"href":"https:\/\/webs.uab.cat\/cien\/ca\/wp-json\/wp\/v2\/media?parent=168"}],"curies":[{"name":"wp","href":"https:\/\/api.w.org\/{rel}","templated":true}]}}