{"id":169,"date":"2017-06-22T13:04:20","date_gmt":"2017-06-22T13:04:20","guid":{"rendered":"https:\/\/webs.uab.cat\/cien\/monica-heller-2\/"},"modified":"2022-07-27T10:06:04","modified_gmt":"2022-07-27T10:06:04","slug":"monica-heller-2","status":"publish","type":"page","link":"https:\/\/webs.uab.cat\/cien\/ca\/monica-heller-2\/","title":{"rendered":"Monica Heller"},"content":{"rendered":"\n<p><strong>Monica Heller<\/strong>, (<a href=\"mailto:mheller@oise.utoronto.ca\" target=\"_blank\" rel=\"noopener\">mheller@oise.utoronto.ca<\/a>), \u00e9s catedr\u00e0tica de l\u2019Institut d\u2019Ontario de estudis i educaci\u00f3 i del Departament d\u2019antropologia de&nbsp;la Universitat de Toronto (Canad\u00e0). \u00c9s membre de la Royal Society de Canad\u00e0. La seva recerca se centra en el paper de les ideologies i les pr\u00e0ctiques ling\u00fc\u00edstiques en la construcci\u00f3 de les difer\u00e8ncies i les desigualtats socials, en les relacions entre llengua, nacionalisme i postnacionalisme, i tamb\u00e9 en la intersecci\u00f3 entre llengua i identitat en la nova economia globalitzada.&nbsp;<\/p>\n\n\n\n<h2 class=\"wp-block-heading\"><strong>Publicacions<\/strong><\/h2>\n\n\n\n<ul class=\"wp-block-list\"><li class=\"rtejustify\">Monica&nbsp;Heller, Lindsay Bell, Michelle Daveluy, Mireille McLaughlin and Hubert No\u00ebl. 2015. Sustaining the Nation: the Making and Moving of Language and Nation. Oxford: Oxford University Press.<\/li><li class=\"rtejustify\">Heller, Monica. 2011.&nbsp;<em>Paths to Post-nationalism:&nbsp;A Critical Ethnography of Language and Identity.<\/em>&nbsp;Oxford: Oxford University Press.<\/li><li class=\"rtejustify\">Heller, Monica. 2010. Linguistic commodification.&nbsp;<em>Annual Review of Anthropology<\/em>&nbsp;39: 101-114.<\/li><li class=\"rtejustify\">Duch\u00eane, Alexandre i Monica Heller (eds.). 2007.&nbsp;<em>Discourses of Endangerment: Ideology and Interest in the Defense of Languages<\/em>. Londres: Continuum.<\/li><li class=\"rtejustify\">Heller, Monica (ed.). 2007.&nbsp;<em>Bilingualism: A Social Approach<\/em>. Londres: Palgrave Macmillan.<\/li><li class=\"rtejustify\">Heller, Monica with Mark Campbell, Phyllis Dalley i Donna Patrick . 2006.&nbsp;<em>Linguistic Minorities and Modernity: A Sociolinguistic Ethnography<\/em>&nbsp;(2\u00aa edici\u00f3). London: Continuum (1\u00aa edici\u00f3 1999, Londres: Longman.)<\/li><\/ul>\n\n\n\n<p>&nbsp;<\/p>\n\n\n\n<p>Heller, Monica, Jean-Paul Bartholomot, Laurette L\u00e9vy i Luc Ostiguy. 2005.&nbsp;<em>Le processus de francisation dans une entreprise montr\u00e9alaise: une analyse sociolinguistique<\/em>. Qu\u00e9bec: l\u2019\u00e9diteur officiel.<\/p>\n","protected":false},"excerpt":{"rendered":"<p>Monica Heller, (mheller@oise.utoronto.ca), \u00e9s catedr\u00e0tica de l\u2019Institut d\u2019Ontario de estudis i educaci\u00f3 i del Departament d\u2019antropologia de&nbsp;la Universitat de Toronto (Canad\u00e0). \u00c9s membre de la Royal Society de Canad\u00e0. La seva recerca se centra en el paper de les ideologies i les pr\u00e0ctiques ling\u00fc\u00edstiques en la construcci\u00f3 de les difer\u00e8ncies i les desigualtats socials, en [&hellip;]<\/p>\n","protected":false},"author":20,"featured_media":75,"parent":0,"menu_order":0,"comment_status":"closed","ping_status":"closed","template":"","meta":{"footnotes":""},"class_list":["post-169","page","type-page","status-publish","has-post-thumbnail","hentry"],"_links":{"self":[{"href":"https:\/\/webs.uab.cat\/cien\/ca\/wp-json\/wp\/v2\/pages\/169","targetHints":{"allow":["GET"]}}],"collection":[{"href":"https:\/\/webs.uab.cat\/cien\/ca\/wp-json\/wp\/v2\/pages"}],"about":[{"href":"https:\/\/webs.uab.cat\/cien\/ca\/wp-json\/wp\/v2\/types\/page"}],"author":[{"embeddable":true,"href":"https:\/\/webs.uab.cat\/cien\/ca\/wp-json\/wp\/v2\/users\/20"}],"replies":[{"embeddable":true,"href":"https:\/\/webs.uab.cat\/cien\/ca\/wp-json\/wp\/v2\/comments?post=169"}],"version-history":[{"count":1,"href":"https:\/\/webs.uab.cat\/cien\/ca\/wp-json\/wp\/v2\/pages\/169\/revisions"}],"predecessor-version":[{"id":394,"href":"https:\/\/webs.uab.cat\/cien\/ca\/wp-json\/wp\/v2\/pages\/169\/revisions\/394"}],"wp:featuredmedia":[{"embeddable":true,"href":"https:\/\/webs.uab.cat\/cien\/ca\/wp-json\/wp\/v2\/media\/75"}],"wp:attachment":[{"href":"https:\/\/webs.uab.cat\/cien\/ca\/wp-json\/wp\/v2\/media?parent=169"}],"curies":[{"name":"wp","href":"https:\/\/api.w.org\/{rel}","templated":true}]}}