{"id":170,"date":"2017-06-22T13:16:31","date_gmt":"2017-06-22T13:16:31","guid":{"rendered":"https:\/\/webs.uab.cat\/cien\/alexandre-duchene-2\/"},"modified":"2022-07-27T10:08:29","modified_gmt":"2022-07-27T10:08:29","slug":"alexandre-duchene-2","status":"publish","type":"page","link":"https:\/\/webs.uab.cat\/cien\/ca\/alexandre-duchene-2\/","title":{"rendered":"Alexandre Duch\u00eane"},"content":{"rendered":"\n<p><strong>Alexandre Duch\u00eane<\/strong>, (<a href=\"mailto:alexandre.duch%C3%AAne@unifr.ch\" target=\"_blank\" rel=\"noopener\">alexandre.duch\u00eane@unifr.ch<\/a>), \u00e9s professor de sociologia de la llengua i director del Departament d\u2019Estudis del multiling\u00fcisme i de la Universitat de Friburg. La seva recerca se centra en el llenguatge i les desigualtats socials, el llenguatge i l\u2019economia pol\u00edtica i el multiling\u00fcisme i la globalitzaci\u00f3. \u00c9s l\u2019ex-President de l\u2019Associaci\u00f3 Franc\u00f2fona de Socioling\u00fc\u00edstica (RFS) i co-President de la Comissi\u00f3 de les antropologies del m\u00f3n de l\u2019Associaci\u00f3 Americana d\u2019Antropologia. Les seves publicacions m\u00e9s recents s\u00f3n La llengua en el capitalisme tard\u00e0: Orgull i benefici (amb M\u00f3nica Heller, 2012, Routledge); Llengua, Migraci\u00f3 i Desigualtats Socials (amb Melissa Moyer i Celia Roberts, 2013, Multilingual Matters), Mehrsprachigkeit verwalten? Spannungsfeld Personalrekrutierung beim Bund (amb Renata Coray, Emilienne Kobelt et al .., 2015, Seismo Verlag) i Sp\u00e9culations langagi\u00e8res (amb Michelle Daveluy de 2015, un n\u00famero especial per a la revista Anthropologie et Soci\u00e9t\u00e9s). \u00c9s l\u2019investigador principal del projecte de recerca finan\u00e7at per la SNF titulat: A web of Care: Linguistic resources and the management of labour in the healthcare industry (2015-2018).<\/p>\n\n\n\n<h2 class=\"wp-block-heading\"><strong>Publicacions<\/strong><\/h2>\n\n\n\n<p>Selecci\u00f3 de publicacions:<\/p>\n\n\n\n<ul class=\"wp-block-list\"><li class=\"rtejustify\">Duch\u00eane, A. &amp; Daveluy, M. (2015). Sp\u00e9culations langagi\u00e8res.&nbsp;<em>Special Issue of Anthropologie &amp; Soci\u00e9t\u00e9s<\/em>&nbsp;39-3.<\/li><li class=\"rtejustify\">Del Percio, A. &amp; Duch\u00eane, A. (2015). Sprache und sozialer Ausschluss. Eine Genealogie des schulischen Berufsintegrationsprozesses jugendlicher Migranten in der Schweiz. In Schnitzer, A. &amp; &nbsp;M\u00f6rgen, R. (eds).&nbsp;<em>Mehr-Sprachigkeit und (Un)gesagtes<\/em>. Berlin : Juventa.<\/li><li class=\"rtejustify\">Duch\u00eane, A., Moyer, M. &amp; Roberts, C. (2013). L<em>anguage, migration and social (in)equalities<\/em>: &nbsp;New York: Multilingual Matters.<\/li><li class=\"rtejustify\">Duch\u00eane, A. &amp; Heller, M. (eds) (2012).&nbsp;<em>Language in Late Capitalism<\/em>: Pride and Profit. New York: Routledge<\/li><\/ul>\n\n\n\n<p>Duch\u00eane, A. (2011(2014)). N\u00e9olib\u00e9ralisme, in\u00e9galit\u00e9s sociales et plurilinguismes : l\u2019exploitation des ressources langagi\u00e8res et des locuteurs.&nbsp;<em>Langage &amp; Soci\u00e9t\u00e9<\/em>, 136 :81-106. (English translation Open Access Neoliberalism, Social Inequalities, and Multilingualism: The Exploitation of Linguistic Resources and Speakers :<a href=\"http:\/\/www.cairn-int.info\/article-E_LS_136_0081--neoliberalism-social-inequalities-and.htm\">&nbsp;http:\/\/www.cairn-int.info\/article-E_LS_136_0081&#8211;neoliberalism-social-inequalities-and.htm<\/a>)<\/p>\n","protected":false},"excerpt":{"rendered":"<p>Alexandre Duch\u00eane, (alexandre.duch\u00eane@unifr.ch), \u00e9s professor de sociologia de la llengua i director del Departament d\u2019Estudis del multiling\u00fcisme i de la Universitat de Friburg. La seva recerca se centra en el llenguatge i les desigualtats socials, el llenguatge i l\u2019economia pol\u00edtica i el multiling\u00fcisme i la globalitzaci\u00f3. \u00c9s l\u2019ex-President de l\u2019Associaci\u00f3 Franc\u00f2fona de Socioling\u00fc\u00edstica (RFS) i [&hellip;]<\/p>\n","protected":false},"author":20,"featured_media":79,"parent":0,"menu_order":0,"comment_status":"closed","ping_status":"closed","template":"","meta":{"footnotes":""},"class_list":["post-170","page","type-page","status-publish","has-post-thumbnail","hentry"],"_links":{"self":[{"href":"https:\/\/webs.uab.cat\/cien\/ca\/wp-json\/wp\/v2\/pages\/170","targetHints":{"allow":["GET"]}}],"collection":[{"href":"https:\/\/webs.uab.cat\/cien\/ca\/wp-json\/wp\/v2\/pages"}],"about":[{"href":"https:\/\/webs.uab.cat\/cien\/ca\/wp-json\/wp\/v2\/types\/page"}],"author":[{"embeddable":true,"href":"https:\/\/webs.uab.cat\/cien\/ca\/wp-json\/wp\/v2\/users\/20"}],"replies":[{"embeddable":true,"href":"https:\/\/webs.uab.cat\/cien\/ca\/wp-json\/wp\/v2\/comments?post=170"}],"version-history":[{"count":1,"href":"https:\/\/webs.uab.cat\/cien\/ca\/wp-json\/wp\/v2\/pages\/170\/revisions"}],"predecessor-version":[{"id":398,"href":"https:\/\/webs.uab.cat\/cien\/ca\/wp-json\/wp\/v2\/pages\/170\/revisions\/398"}],"wp:featuredmedia":[{"embeddable":true,"href":"https:\/\/webs.uab.cat\/cien\/ca\/wp-json\/wp\/v2\/media\/79"}],"wp:attachment":[{"href":"https:\/\/webs.uab.cat\/cien\/ca\/wp-json\/wp\/v2\/media?parent=170"}],"curies":[{"name":"wp","href":"https:\/\/api.w.org\/{rel}","templated":true}]}}