{"id":174,"date":"2017-06-22T13:41:20","date_gmt":"2017-06-22T13:41:20","guid":{"rendered":"https:\/\/webs.uab.cat\/cien\/andrea-sunyol-garcia-moreno-2\/"},"modified":"2022-07-27T10:09:48","modified_gmt":"2022-07-27T10:09:48","slug":"andrea-sunyol-garcia-moreno-2","status":"publish","type":"page","link":"https:\/\/webs.uab.cat\/cien\/ca\/andrea-sunyol-garcia-moreno-2\/","title":{"rendered":"Andrea Sunyol Garcia-Moreno"},"content":{"rendered":"\n<p><strong>Andrea Sunyol i Garcia-Moreno<\/strong>&nbsp;(<a href=\"mailto:andrea.sunyol@uab.cat\">andrea.sunyol@uab.cat<\/a>) \u00e9s llicenciada en Filologia Anglesa i en Filologia Catalana per la Universitat Aut\u00f2noma de Barcelona. Actualment treballa de professora associada al Departament de Filologia Anglesa i German\u00edstica de la Universitat Aut\u00f2noma de Barcelona. \u00c9s membre del projecte de recerca I+D \u201cThe appropriation of English as a global language in Catalan schools:&nbsp; A multilingual, situated and comparative approach\u201d (FFI2014-54179-C2-1-P) que s\u2019emmarca en el projecte compartit amb la Universidad de Castilla y La Mancha \u201cEducaci\u00f3n multiling\u00fce en la era global: Mercados, deseos, pr\u00e1cticas e identidades entre adolescentes espa\u00f1oles en dos comunidades aut\u00f3nomas\u201d (MUEDGE) IP: Dra. Eva Cod\u00f3 (UAB), i membre del grup d\u2019investigaci\u00f3 CIEN (UAB). La seva recerca es centra en l\u2019\u00e0mbit de la socioling\u00fc\u00edstica, i entre els seus interessos de recerca hi ha l\u2019educaci\u00f3 multiling\u00fce, ideologies ling\u00fc\u00edstiques, la construcci\u00f3 de l\u2019elitisme a trav\u00e9s de les pr\u00e0ctiques ling\u00fc\u00edstiques. El seu TFM (en curs), dirigit per la Dra. Eva Cod\u00f3, \u00e9s una etnografia ling\u00fc\u00edstica sobre el multiling\u00fcisme en una instituci\u00f3 educatives internacional a Catalunya.<\/p>\n","protected":false},"excerpt":{"rendered":"<p>Andrea Sunyol i Garcia-Moreno&nbsp;(andrea.sunyol@uab.cat) \u00e9s llicenciada en Filologia Anglesa i en Filologia Catalana per la Universitat Aut\u00f2noma de Barcelona. Actualment treballa de professora associada al Departament de Filologia Anglesa i German\u00edstica de la Universitat Aut\u00f2noma de Barcelona. \u00c9s membre del projecte de recerca I+D \u201cThe appropriation of English as a global language in Catalan schools:&nbsp; [&hellip;]<\/p>\n","protected":false},"author":20,"featured_media":96,"parent":0,"menu_order":0,"comment_status":"closed","ping_status":"closed","template":"","meta":{"footnotes":""},"class_list":["post-174","page","type-page","status-publish","has-post-thumbnail","hentry"],"_links":{"self":[{"href":"https:\/\/webs.uab.cat\/cien\/ca\/wp-json\/wp\/v2\/pages\/174","targetHints":{"allow":["GET"]}}],"collection":[{"href":"https:\/\/webs.uab.cat\/cien\/ca\/wp-json\/wp\/v2\/pages"}],"about":[{"href":"https:\/\/webs.uab.cat\/cien\/ca\/wp-json\/wp\/v2\/types\/page"}],"author":[{"embeddable":true,"href":"https:\/\/webs.uab.cat\/cien\/ca\/wp-json\/wp\/v2\/users\/20"}],"replies":[{"embeddable":true,"href":"https:\/\/webs.uab.cat\/cien\/ca\/wp-json\/wp\/v2\/comments?post=174"}],"version-history":[{"count":1,"href":"https:\/\/webs.uab.cat\/cien\/ca\/wp-json\/wp\/v2\/pages\/174\/revisions"}],"predecessor-version":[{"id":401,"href":"https:\/\/webs.uab.cat\/cien\/ca\/wp-json\/wp\/v2\/pages\/174\/revisions\/401"}],"wp:featuredmedia":[{"embeddable":true,"href":"https:\/\/webs.uab.cat\/cien\/ca\/wp-json\/wp\/v2\/media\/96"}],"wp:attachment":[{"href":"https:\/\/webs.uab.cat\/cien\/ca\/wp-json\/wp\/v2\/media?parent=174"}],"curies":[{"name":"wp","href":"https:\/\/api.w.org\/{rel}","templated":true}]}}