{"id":175,"date":"2017-06-22T13:44:17","date_gmt":"2017-06-22T13:44:17","guid":{"rendered":"https:\/\/webs.uab.cat\/cien\/gema-rubio-carbonero-2\/"},"modified":"2022-07-27T10:10:12","modified_gmt":"2022-07-27T10:10:12","slug":"gema-rubio-carbonero-2","status":"publish","type":"page","link":"https:\/\/webs.uab.cat\/cien\/ca\/gema-rubio-carbonero-2\/","title":{"rendered":"Gema Rubio Carbonero"},"content":{"rendered":"\n<p>Gema Rubio Carbonero t\u00e9 un doctorat en comuniaci\u00f3 ling\u00fc\u00edstica (Universitat Pompeu Fabra, 2011). \u00c9s llicencida en filologia anglesa per la Universitat Complutense de Madrid i t\u00e9 un m\u00e0ster en ling\u00fc\u00edstica per la universitat de Lancaster, Anglaterra. La seva tesi de doctorat va ser sobre l\u2019an\u00e0lisi del discurs pol\u00edtic del Partit Popular sobre immigraci\u00f3. Va treballar durant quatre anys al GRITIM de la Universitat Pompeu Fabra com a investigadora postdoctoral. Actualment treballa en el departament de filologia anglesa de la Universitat Aut\u00f2noma de Barcelona.Les seves l\u00ednies de recerca s\u00f3n: An\u00e0lisi Cr\u00edtica del Discurs, discurs pol\u00edtic, interculuturalitat, immigraci\u00f3, diversitat, discurs dels mitjans de comunicaci\u00f3<\/p>\n\n\n\n<h2 class=\"wp-block-heading\"><strong>Publicacions<\/strong><\/h2>\n\n\n\n<p>Zapata-Barrero, R. and Rubio-Carbonero, G. (2016). (eds.). Interculturalidad y pol\u00edtica cultural en las ciudades. Barcelona: Eds. Bellaterra.<\/p>\n\n\n\n<p>Rubio-Carbonero, G. and Van Dijk, T. A. ( 2015). Marco discursivo. Hacia la construcci\u00f3n de un discurso anti-racista. En Zapata Barrero, R. (ed). Las condiciones de la interculturalidad. Gesti\u00f3n local de la diversidad en Espa\u00f1a. Tirant lo Blanch.<\/p>\n\n\n\n<p>Zapata-Barrero, R. and Rubio-Carbonero, G. (2014) Monitoring xenophobic political discourses: a pilot study in Catalonia. Barcelona: GRITIM-UPF Policy Series, no. 2 [Free access: http:\/\/www.upf.edu\/gritim\/_pdf\/gritimps2.pdf] &nbsp;&nbsp;<\/p>\n\n\n\n<p>Rubio-Carbonero, G. (2013), Spanish political discourse on immigration in times of economic crisis. In Martinez Lirola, M. (ed.).Discourses on immigration in times of economic crisis. Cambridge: Cambridge Scholars Publishers.<\/p>\n\n\n\n<p>Rubio-Carbonero, G. (2013), &#8220;Los programas interculturales RECI: Comparativa estructural y discursiva&#8221;. In Zapata-Barrero, R. and Pinyol, G. (eds.) Manual para el dise\u00f1o de pol\u00edticas interculturales.GRITIM-UPF policy book series.<\/p>\n\n\n\n<p>Rubio-Carbonero, G. (2011) Representaci\u00f3n social de la inmigraci\u00f3n en el discurso del Partido Popular . Cultura, Lenguaje y Representaci\u00f3n. N\u00famero especial sobre discurso pol\u00edtico. Vol IX: pp.173-199;<\/p>\n\n\n\n<p>Rubio-Carbonero, G. &amp; Van Dijk, T.A. (2011). Inmigrantes en el parlamento catal\u00e1n y en la prensa espa\u00f1ola y catalana (2010) .Articles per la reflexi\u00f3. Catalunya: Sos Racisme Catalunya.<\/p>\n","protected":false},"excerpt":{"rendered":"<p>Gema Rubio Carbonero t\u00e9 un doctorat en comuniaci\u00f3 ling\u00fc\u00edstica (Universitat Pompeu Fabra, 2011). \u00c9s llicencida en filologia anglesa per la Universitat Complutense de Madrid i t\u00e9 un m\u00e0ster en ling\u00fc\u00edstica per la universitat de Lancaster, Anglaterra. La seva tesi de doctorat va ser sobre l\u2019an\u00e0lisi del discurs pol\u00edtic del Partit Popular sobre immigraci\u00f3. Va treballar [&hellip;]<\/p>\n","protected":false},"author":20,"featured_media":100,"parent":0,"menu_order":0,"comment_status":"closed","ping_status":"closed","template":"","meta":{"footnotes":""},"class_list":["post-175","page","type-page","status-publish","has-post-thumbnail","hentry"],"_links":{"self":[{"href":"https:\/\/webs.uab.cat\/cien\/ca\/wp-json\/wp\/v2\/pages\/175","targetHints":{"allow":["GET"]}}],"collection":[{"href":"https:\/\/webs.uab.cat\/cien\/ca\/wp-json\/wp\/v2\/pages"}],"about":[{"href":"https:\/\/webs.uab.cat\/cien\/ca\/wp-json\/wp\/v2\/types\/page"}],"author":[{"embeddable":true,"href":"https:\/\/webs.uab.cat\/cien\/ca\/wp-json\/wp\/v2\/users\/20"}],"replies":[{"embeddable":true,"href":"https:\/\/webs.uab.cat\/cien\/ca\/wp-json\/wp\/v2\/comments?post=175"}],"version-history":[{"count":1,"href":"https:\/\/webs.uab.cat\/cien\/ca\/wp-json\/wp\/v2\/pages\/175\/revisions"}],"predecessor-version":[{"id":402,"href":"https:\/\/webs.uab.cat\/cien\/ca\/wp-json\/wp\/v2\/pages\/175\/revisions\/402"}],"wp:featuredmedia":[{"embeddable":true,"href":"https:\/\/webs.uab.cat\/cien\/ca\/wp-json\/wp\/v2\/media\/100"}],"wp:attachment":[{"href":"https:\/\/webs.uab.cat\/cien\/ca\/wp-json\/wp\/v2\/media?parent=175"}],"curies":[{"name":"wp","href":"https:\/\/api.w.org\/{rel}","templated":true}]}}