{"id":176,"date":"2017-06-22T13:47:42","date_gmt":"2017-06-22T13:47:42","guid":{"rendered":"https:\/\/webs.uab.cat\/cien\/hanna-klimava-2\/"},"modified":"2022-07-27T10:10:28","modified_gmt":"2022-07-27T10:10:28","slug":"hanna-klimava-2","status":"publish","type":"page","link":"https:\/\/webs.uab.cat\/cien\/ca\/hanna-klimava-2\/","title":{"rendered":"Hanna Klimava"},"content":{"rendered":"\n<p>Hanna Klimava (Hanna.Klimava@uab.cat) t\u00e9 una llicenciatura en Lleng\u00fces Modernes per la Universitat de l\u2019Estat de Ling\u00fc\u00edstica de Minsk i un m\u00e0ster en Estudis Avan\u00e7ats d\u2019Angl\u00e8s a l\u2019Universitat Aut\u00f2noma de Barcelona. En l\u2019actualitat \u00e9s candidata a Doctorat al Departament de Filologia Anglesa i Alemanya de la Universitat Aut\u00f2noma de Barcelona i membre de l\u2019Equip de Recerca de CIEN des de l\u2019any 2016. \u00c9s investigadora en el Projecte Neophon II &#8220;Les mudes ling\u00fc\u00edstiques: una aproximaci\u00f3 etnogr\u00e0fica als Nous parlants a Europa &#8220;- FFI2015-67232-C3-1-P Dirigit per Joan Pujolar a la Universitat Oberta de Catalunya. T\u00e9 una beca beca FI-DGR 2017 i actualmente est\u00e0 Investigant el paper de l\u2019angl\u00e8s al contexte de contractaci\u00f3 de personal.\u00a0<\/p>\n","protected":false},"excerpt":{"rendered":"<p>Hanna Klimava (Hanna.Klimava@uab.cat) t\u00e9 una llicenciatura en Lleng\u00fces Modernes per la Universitat de l\u2019Estat de Ling\u00fc\u00edstica de Minsk i un m\u00e0ster en Estudis Avan\u00e7ats d\u2019Angl\u00e8s a l\u2019Universitat Aut\u00f2noma de Barcelona. En l\u2019actualitat \u00e9s candidata a Doctorat al Departament de Filologia Anglesa i Alemanya de la Universitat Aut\u00f2noma de Barcelona i membre de l\u2019Equip de Recerca [&hellip;]<\/p>\n","protected":false},"author":20,"featured_media":104,"parent":0,"menu_order":0,"comment_status":"closed","ping_status":"closed","template":"","meta":{"footnotes":""},"class_list":["post-176","page","type-page","status-publish","has-post-thumbnail","hentry"],"_links":{"self":[{"href":"https:\/\/webs.uab.cat\/cien\/ca\/wp-json\/wp\/v2\/pages\/176","targetHints":{"allow":["GET"]}}],"collection":[{"href":"https:\/\/webs.uab.cat\/cien\/ca\/wp-json\/wp\/v2\/pages"}],"about":[{"href":"https:\/\/webs.uab.cat\/cien\/ca\/wp-json\/wp\/v2\/types\/page"}],"author":[{"embeddable":true,"href":"https:\/\/webs.uab.cat\/cien\/ca\/wp-json\/wp\/v2\/users\/20"}],"replies":[{"embeddable":true,"href":"https:\/\/webs.uab.cat\/cien\/ca\/wp-json\/wp\/v2\/comments?post=176"}],"version-history":[{"count":1,"href":"https:\/\/webs.uab.cat\/cien\/ca\/wp-json\/wp\/v2\/pages\/176\/revisions"}],"predecessor-version":[{"id":403,"href":"https:\/\/webs.uab.cat\/cien\/ca\/wp-json\/wp\/v2\/pages\/176\/revisions\/403"}],"wp:featuredmedia":[{"embeddable":true,"href":"https:\/\/webs.uab.cat\/cien\/ca\/wp-json\/wp\/v2\/media\/104"}],"wp:attachment":[{"href":"https:\/\/webs.uab.cat\/cien\/ca\/wp-json\/wp\/v2\/media?parent=176"}],"curies":[{"name":"wp","href":"https:\/\/api.w.org\/{rel}","templated":true}]}}