{"id":177,"date":"2017-06-22T16:11:30","date_gmt":"2017-06-22T16:11:30","guid":{"rendered":"https:\/\/webs.uab.cat\/cien\/recerca-en-curs\/"},"modified":"2017-07-27T11:36:24","modified_gmt":"2017-07-27T11:36:24","slug":"recerca-en-curs","status":"publish","type":"page","link":"https:\/\/webs.uab.cat\/cien\/ca\/recerca-en-curs\/","title":{"rendered":"Recerca en Curs"},"content":{"rendered":"<p class=\"rtejustify\"><strong>La gesti\u00f3 del multiling\u00fcisme en l&#8217;\u00e0mbit institucional<\/strong><br \/>\n&nbsp;<\/p>\n<p class=\"rtejustify\"><strong>ONGs:<\/strong><br \/>\nAquesta recerca estudia la gesti\u00f3 del multiling\u00fcisme en organitzacions no governamentals locals i internacionals. L\u2019estudi de les ideologies d\u2019aquestes ONGs i de les seves relacions amb les projeccions locals i globals de les organitzacions dedicades a l\u2019ajuda a nouvinguts ens permet entendre com funcionen els processos socials d\u2019inclusi\u00f3 i exclusi\u00f3 de les noves poblacions.<\/p>\n<p class=\"rtejustify\"><strong>El sector de les telecomunicacions:<\/strong><br \/>\nLa recerca que estem realitzant en el sector de les telecomunicacions dintre de la nova economia se centra en la llengua i en la manera en qu\u00e8 els serveis de comunicaci\u00f3 es comercialitzen i s\u00f3n utilitzats per part de les poblacions migrades. L\u2019estat i les empreses de comunicaci\u00f3 privades i privatitzades, a trav\u00e9s del seu paper en l\u2019organitzaci\u00f3 i control de les xarxes globals de comunicaci\u00f3, de la diversitat ling\u00fc\u00edstica i dels fluxos migratoris, estan generant noves formes de control de la ciutadania i d\u2019exclusi\u00f3 social.<\/p>\n<p class=\"rtejustify\"><strong>Mediadors culturals:<\/strong><br \/>\nAquest estudi se centra en el rol dels mediadors culturals en el context sanitari. La tria de la llengua de comunicaci\u00f3, aix\u00ed com la traducci\u00f3 de significats culturals i d\u2019informaci\u00f3 sanit\u00e0ria, s\u00f3n font de nombroses tensions. Aquestes tensions s\u2019articulen al voltant del control del coneixement especialitzat. Les formes de multiling\u00fcisme i els patrons de tria de llengua per part dels diferents actors socials al centre d\u2019atenci\u00f3 prim\u00e0ria reflecteixen les relacions de poder a dins i a fora de la instituci\u00f3.<\/p>\n<p class=\"rtejustify\"><strong>Centre de salut:<\/strong><br \/>\nActualment estem analitzant els modes i modalitats del multiling\u00fcisme en un centre de salut p\u00fablic i les conseq\u00fc\u00e8ncies que tenen certes decisions per als usuaris del sistema sanitari. Els usuaris es categoritzen a trav\u00e9s de les pr\u00e0ctiques multiling\u00fces implementades per la instituci\u00f3. Hem observat que les ideologies institucionals no es corresponen amb la realitat di\u00e0ria d\u2019aquest centre.<\/p>\n<p class=\"rtejustify\"><strong>El turisme i la nova economia<\/strong><br \/>\n&nbsp;<\/p>\n<p class=\"rtejustify\"><strong>Context I: Llengua, Estructuraci\u00f3 i Barreres en una Comunitat Tur\u00edstica a la Costa Brava<\/strong><br \/>\nAquest estudi etnogr\u00e0fic d\u2019una comunitat tur\u00edstica a la Costa Brava explora el paper de la llengua en processos socials d\u2019estructuraci\u00f3 i construcci\u00f3 de barreres entre diverses nacionalitats y grups \u00e8tnics. Pret\u00e9n demostrar com la diversitat en aquesta petita comunitat catalana planteja un repte vers les maneres tradicionals de treball aix\u00ed com vers les lleng\u00fces que s\u2019utilitzen a la comunitat. Les barreres que es construeixen entre els membres de la comunitat catalana local divergeixen de les din\u00e0miques d\u2019estructuraci\u00f3 social entre la comunitat \u2018d\u2019estrangers\u2019 que estan en una constant competici\u00f3 pel control dels recursos materials i simb\u00f2lics i en una lluita per la (re)definici\u00f3 dels espais de pr\u00e0ctica ling\u00fc\u00edstica, econ\u00f2mica i pol\u00edtica.<\/p>\n<p class=\"rtejustify\"><strong>Context II: Catalunya Nord\/Languedoc-Rosell\u00f3<\/strong><br \/>\nLa reactivaci\u00f3 de l\u2019economia local es basa en el turisme i en la recuperaci\u00f3 dels s\u00edmbols locals de llengua i identitat catalanes. Entre els diferents grups socials que participen en aquesta construcci\u00f3, hi trobem els productors locals de menjar i de productes art\u00edstics (mel, cervesa, begudes de cola, formatge, samarretes, pintura), els moviments cooperatius involucrats en la producci\u00f3 ecol\u00f2gica i biol\u00f2gica a m\u00e9s del sector immobiliari. D\u2019altra banda, s\u2019evidencia el ressorgiment de la narrativa oral hist\u00f2rica de caire tradicional. Aquesta construcci\u00f3 mercantilitzada dels s\u00edmbols catalans entra en tensi\u00f3 amb les recuperacions de la llengua catalana m\u00e9s nacionalistes finan\u00e7ades pel govern aut\u00f2nom catal\u00e0 a l\u2019estat espanyol.<\/p>\n","protected":false},"excerpt":{"rendered":"<p>La gesti\u00f3 del multiling\u00fcisme en l&#8217;\u00e0mbit institucional &nbsp; ONGs: Aquesta recerca estudia la gesti\u00f3 del multiling\u00fcisme en organitzacions no governamentals locals i internacionals. L\u2019estudi de les ideologies d\u2019aquestes ONGs i de les seves relacions amb les projeccions locals i globals de les organitzacions dedicades a l\u2019ajuda a nouvinguts ens permet entendre com funcionen els processos [&hellip;]<\/p>\n","protected":false},"author":20,"featured_media":0,"parent":0,"menu_order":0,"comment_status":"closed","ping_status":"closed","template":"","meta":{"footnotes":""},"class_list":["post-177","page","type-page","status-publish","hentry"],"_links":{"self":[{"href":"https:\/\/webs.uab.cat\/cien\/ca\/wp-json\/wp\/v2\/pages\/177","targetHints":{"allow":["GET"]}}],"collection":[{"href":"https:\/\/webs.uab.cat\/cien\/ca\/wp-json\/wp\/v2\/pages"}],"about":[{"href":"https:\/\/webs.uab.cat\/cien\/ca\/wp-json\/wp\/v2\/types\/page"}],"author":[{"embeddable":true,"href":"https:\/\/webs.uab.cat\/cien\/ca\/wp-json\/wp\/v2\/users\/20"}],"replies":[{"embeddable":true,"href":"https:\/\/webs.uab.cat\/cien\/ca\/wp-json\/wp\/v2\/comments?post=177"}],"version-history":[{"count":0,"href":"https:\/\/webs.uab.cat\/cien\/ca\/wp-json\/wp\/v2\/pages\/177\/revisions"}],"wp:attachment":[{"href":"https:\/\/webs.uab.cat\/cien\/ca\/wp-json\/wp\/v2\/media?parent=177"}],"curies":[{"name":"wp","href":"https:\/\/api.w.org\/{rel}","templated":true}]}}