{"id":180,"date":"2017-07-27T11:50:37","date_gmt":"2017-07-27T11:50:37","guid":{"rendered":"https:\/\/webs.uab.cat\/cien\/projecte-2014-2016\/"},"modified":"2017-07-27T11:50:37","modified_gmt":"2017-07-27T11:50:37","slug":"projecte-2014-2016","status":"publish","type":"page","link":"https:\/\/webs.uab.cat\/cien\/ca\/projecte-2014-2016\/","title":{"rendered":"Projecte 2014-2016"},"content":{"rendered":"<p class=\"rtejustify\"><strong><em>T\u00edtol del projecte:<\/em><\/strong>&nbsp;SGR- reconeixement de C.I.E.N com a grup de recerca consolidat<\/p>\n<p class=\"rtejustify\"><strong><em>IP:<\/em><\/strong>&nbsp;Melissa Moyer<\/p>\n<p class=\"rtejustify\"><strong><em>Membres de l\u2019equip:<\/em><\/strong>&nbsp;Eva Cod\u00f3, Mar\u00eda Rosa Garrido, Gema Rubio Carbonero, Massimiliano Sassi,&nbsp;Andrea Sunyol<\/p>\n<p class=\"rtejustify\"><strong><em>Entitat finan\u00e7adora:<\/em><\/strong>&nbsp;Generalitat de Catalunya- AGAUR (SGR 2014 1508)<\/p>\n<p class=\"rtejustify\"><strong><em>Resum del projecte:<\/em><\/strong><\/p>\n<p class=\"rtejustify\">Els objectius de recerca clau del grup CIEN dins d\u2019aquest projecte s\u00f3n:<\/p>\n<p>1. mantenir i tractar d\u2019augmentar la difusi\u00f3 dels resultats de la recerca en publicacions revisades per parells internacionals (monografies, articles i nombres especials de revistes).<br \/>\n2. Mantenir la participaci\u00f3 del grup en les principals reunions internacionals i nacionals relacionats amb l\u2019\u00e0rea de recerca del grup.&nbsp;<br \/>\n3. Incorporar nous membres al grup SGR, tant investigadors nacionals i internacionals establerts com a doctors i joves investigadors que estan duent a terme estudis de postgrau (mestratge i doctorat).<br \/>\n4. Sol\u00b7licitar un nou projecte de recerca del Pla Nacional de Recerca, MINECO despr\u00e9s que finalitzi el projecte de la convocat\u00f2ria del 2011.&nbsp;<br \/>\n5. Organitzar un petit seminari internacional en 2015 amb investigadors que estiguin desenvolupant temes similars als de l\u2019equip de recerca CIEN.<br \/>\n6. Produir una publicaci\u00f3 revisada per parells (monografia o un nombre especial) com a resultat d\u2019aquest seminari. Possibles revistes que ens agradaria tenir en compte s\u00f3n The Journal of Sociolinguistics, Language and Society, Journal of Pragmatics, Multilingua.<\/p>\n<p>7. Millorar l\u2019aplicaci\u00f3 dels coneixements generats en el projecte a la realitat social de Catalunya i Espanya. El coneixement sobre el multiling\u00fcisme pot ser no solament transferit als materials d\u2019ensenyament, sin\u00f3 que tamb\u00e9 ofereix informaci\u00f3 pertinent per a l\u2019execuci\u00f3 de pol\u00edtiques i pr\u00e0ctiques del llenguatge en les institucions p\u00fabliques i privades.<br \/>\n8. Promoure una major col\u00b7laboraci\u00f3 interdisciplin\u00e0ria amb especialistes de Filologia Anglesa que treballen en l\u2019\u00e0mbit de la cultura.<br \/>\n9. Finan\u00e7ar parcialment una posici\u00f3 post-doc per a un jove investigador que participar\u00e0 en la recerca de l\u2019equip CIEN.&nbsp;<br \/>\n10. Ajudar a finan\u00e7ar a tres investigadors visitants que realitzin recerca d\u2019avantguarda sobre el llenguatge i la mobilitat.<\/p>\n","protected":false},"excerpt":{"rendered":"<p>T\u00edtol del projecte:&nbsp;SGR- reconeixement de C.I.E.N com a grup de recerca consolidat IP:&nbsp;Melissa Moyer Membres de l\u2019equip:&nbsp;Eva Cod\u00f3, Mar\u00eda Rosa Garrido, Gema Rubio Carbonero, Massimiliano Sassi,&nbsp;Andrea Sunyol Entitat finan\u00e7adora:&nbsp;Generalitat de Catalunya- AGAUR (SGR 2014 1508) Resum del projecte: Els objectius de recerca clau del grup CIEN dins d\u2019aquest projecte s\u00f3n: 1. mantenir i tractar d\u2019augmentar [&hellip;]<\/p>\n","protected":false},"author":20,"featured_media":0,"parent":0,"menu_order":0,"comment_status":"closed","ping_status":"closed","template":"","meta":{"footnotes":""},"class_list":["post-180","page","type-page","status-publish","hentry"],"_links":{"self":[{"href":"https:\/\/webs.uab.cat\/cien\/ca\/wp-json\/wp\/v2\/pages\/180","targetHints":{"allow":["GET"]}}],"collection":[{"href":"https:\/\/webs.uab.cat\/cien\/ca\/wp-json\/wp\/v2\/pages"}],"about":[{"href":"https:\/\/webs.uab.cat\/cien\/ca\/wp-json\/wp\/v2\/types\/page"}],"author":[{"embeddable":true,"href":"https:\/\/webs.uab.cat\/cien\/ca\/wp-json\/wp\/v2\/users\/20"}],"replies":[{"embeddable":true,"href":"https:\/\/webs.uab.cat\/cien\/ca\/wp-json\/wp\/v2\/comments?post=180"}],"version-history":[{"count":0,"href":"https:\/\/webs.uab.cat\/cien\/ca\/wp-json\/wp\/v2\/pages\/180\/revisions"}],"wp:attachment":[{"href":"https:\/\/webs.uab.cat\/cien\/ca\/wp-json\/wp\/v2\/media?parent=180"}],"curies":[{"name":"wp","href":"https:\/\/api.w.org\/{rel}","templated":true}]}}