{"id":185,"date":"2017-07-27T12:02:34","date_gmt":"2017-07-27T12:02:34","guid":{"rendered":"https:\/\/webs.uab.cat\/cien\/anuncis-de-publicacions\/"},"modified":"2017-07-27T12:02:34","modified_gmt":"2017-07-27T12:02:34","slug":"anuncis-de-publicacions","status":"publish","type":"page","link":"https:\/\/webs.uab.cat\/cien\/ca\/anuncis-de-publicacions\/","title":{"rendered":"Anuncis de publicacions"},"content":{"rendered":"<p><strong>Language, Mobility and Institutions Series<\/strong><br \/>\nInformaci\u00f3 sobre la nova col\u00b7lecci\u00f3 de l\u2019editorial Multilingual Matters editada per Melissa G. Moyer i Celia Roberts.<br \/>\n<a href=\"http:\/\/grupsderecerca.uab.cat\/cien\/content\/language-mobility-and-institutions\">Language, Mobility and Institutions<\/a><\/p>\n<p>\n<strong>Immigration and Bureaucratic Control: Language Practices in Public Administration<\/strong><br \/>\nInformaci\u00f3 sobre el llibre d&#8217;Eva Cod\u00f3 <em>Immigration and Bureaucratic Control<\/em> ARA DISPONIBLE EN TAPA TOVA.<br \/>\n<a href=\"http:\/\/grupsderecerca.uab.cat\/cien\/sites\/grupsderecerca.uab.cat.cien\/files\/immigration_and_bureaucratic_control.pdf\" target=\"_blank\" rel=\"noopener\">Immigration and Bureaucratic Control<\/a><\/p>\n<p>\n<strong>The Blackwell Handbook of Research: Methods in Bilingualism and Multilingualism<\/strong><br \/>\nInformation on Li Wei and Melissa Moyer&#8217;s edited volume on research methods.<br \/>\n<a href=\"http:\/\/grupsderecerca.uab.cat\/cien\/sites\/grupsderecerca.uab.cat.cien\/files\/li_moyer_flyer_2008.pdf\" target=\"_blank\" rel=\"noopener\">The Blackwell Handbook of Research Methods<\/a><\/p>\n<p>\n<strong>Interview with Alexandre Duch\u00eane<\/strong><br \/>\n\u00abLa langue est un instrument de pouvoir\u00bb que va ser publicada a \u201cLa Libert\u00e9\u201d el 18 de novembre de 2008.<br \/>\n<a href=\"http:\/\/grupsderecerca.uab.cat\/cien\/sites\/grupsderecerca.uab.cat.cien\/files\/interview.pdf\" target=\"_blank\" rel=\"noopener\">Interview with Alexandre Duch\u00eane<\/a><\/p>\n<p>\n<strong>Ideologies Across Nations: The Construction of Linguistic Minorities at the United Nations<\/strong><br \/>\nInformation on Alexandre Duch\u00eane&#8217;s book<br \/>\n<a href=\"http:\/\/grupsderecerca.uab.cat\/cien\/sites\/grupsderecerca.uab.cat.cien\/files\/ideologies_across_nations.pdf\" target=\"_blank\" rel=\"noopener\">Ideologies Across Nations: The Construction of Linguistic Minorities at the United Nations<\/a><\/p>\n<p>\n<strong>\u00c9coles Plurilingues- Multilingual Schools<\/strong><br \/>\nIInformaci\u00f3 sobre el volum editat per Gabriele Budach J\u00fcrgen Erfurt i Melanie Kunkel que tracta d\u2019educaci\u00f3 multiling\u00fce en diversos contextos a Europa i als EUA. El formulari per demanar el llibre est\u00e0 disponible en format pdf.<br \/>\n<a href=\"http:\/\/grupsderecerca.uab.cat\/cien\/sites\/grupsderecerca.uab.cat.cien\/files\/ecoles_plurilingues_multilingual_schools.pdf\" target=\"_blank\" rel=\"noopener\">\u00c9coles Plurilingues- Multilingual Schools<\/a><br \/>\n<a href=\"http:\/\/grupsderecerca.uab.cat\/cien\/sites\/grupsderecerca.uab.cat.cien\/files\/budach_order_form.pdf\" target=\"_blank\" rel=\"noopener\">Budach Order Form<\/a><\/p>\n","protected":false},"excerpt":{"rendered":"<p>Language, Mobility and Institutions Series Informaci\u00f3 sobre la nova col\u00b7lecci\u00f3 de l\u2019editorial Multilingual Matters editada per Melissa G. Moyer i Celia Roberts. Language, Mobility and Institutions Immigration and Bureaucratic Control: Language Practices in Public Administration Informaci\u00f3 sobre el llibre d&#8217;Eva Cod\u00f3 Immigration and Bureaucratic Control ARA DISPONIBLE EN TAPA TOVA. Immigration and Bureaucratic Control The [&hellip;]<\/p>\n","protected":false},"author":20,"featured_media":0,"parent":0,"menu_order":0,"comment_status":"closed","ping_status":"closed","template":"","meta":{"footnotes":""},"class_list":["post-185","page","type-page","status-publish","hentry"],"_links":{"self":[{"href":"https:\/\/webs.uab.cat\/cien\/ca\/wp-json\/wp\/v2\/pages\/185","targetHints":{"allow":["GET"]}}],"collection":[{"href":"https:\/\/webs.uab.cat\/cien\/ca\/wp-json\/wp\/v2\/pages"}],"about":[{"href":"https:\/\/webs.uab.cat\/cien\/ca\/wp-json\/wp\/v2\/types\/page"}],"author":[{"embeddable":true,"href":"https:\/\/webs.uab.cat\/cien\/ca\/wp-json\/wp\/v2\/users\/20"}],"replies":[{"embeddable":true,"href":"https:\/\/webs.uab.cat\/cien\/ca\/wp-json\/wp\/v2\/comments?post=185"}],"version-history":[{"count":0,"href":"https:\/\/webs.uab.cat\/cien\/ca\/wp-json\/wp\/v2\/pages\/185\/revisions"}],"wp:attachment":[{"href":"https:\/\/webs.uab.cat\/cien\/ca\/wp-json\/wp\/v2\/media?parent=185"}],"curies":[{"name":"wp","href":"https:\/\/api.w.org\/{rel}","templated":true}]}}