{"id":186,"date":"2017-06-28T12:14:21","date_gmt":"2017-06-28T12:14:21","guid":{"rendered":"https:\/\/webs.uab.cat\/cien\/working-papers-2\/"},"modified":"2022-07-27T10:14:39","modified_gmt":"2022-07-27T10:14:39","slug":"working-papers-2","status":"publish","type":"page","link":"https:\/\/webs.uab.cat\/cien\/ca\/working-papers-2\/","title":{"rendered":"Working Papers"},"content":{"rendered":"\n<p><strong>Acta de la reuni\u00f3 de l&#8217;equip investigador, 03-05-2010.<\/strong><\/p>\n\n\n\n<p>En angl\u00e8s.<\/p>\n\n\n\n<p>\u00a0<a href=\"https:\/\/webs.uab.cat\/cien\/wp-content\/uploads\/sites\/88\/2022\/07\/report_research_meeting_03_05_2010.pdf\" data-type=\"attachment\" data-id=\"351\" target=\"_blank\" rel=\"noreferrer noopener\">See Full Report<\/a><\/p>\n\n\n\n<p><strong>Acta de la reuni\u00f3 de l&#8217;equip investigador, 19-05-2010.<\/strong><\/p>\n\n\n\n<p>En angl\u00e8s.<\/p>\n\n\n\n<p>\u00a0<a href=\"https:\/\/webs.uab.cat\/cien\/wp-content\/uploads\/sites\/88\/2022\/07\/report_research_meeting_19_05_2010.pdf\" data-type=\"attachment\" data-id=\"354\" target=\"_blank\" rel=\"noreferrer noopener\">See Full Report<\/a><\/p>\n\n\n\n<p><strong>The Radein Initiative: Some Directions in Research on Multilingualism<\/strong><br>Motivats per la preocupaci\u00f3 sobre el futur de la recerca en el camp del multiling\u00fcisme, nou acad\u00e8mics europeus es van reunir en el poble de Radein, lloc de treball situat a les muntanyes Dolomites, el setembre de 2010, per tal d&#8217;identificar els assumptes m\u00e9s punyents sobre aquest \u00e0mbit i proposar passos actius a trav\u00e9s dels quals es pugui promoure una recerca cont\u00ednua i avan\u00e7ada en aquest camp. La Iniciativa sorgeix d&#8217;una conscienciaci\u00f3 profunda sobre la import\u00e0ncia del multiling\u00fcisme en les societats contempor\u00e0nies i de la necessitat de respondre a les diverses realitats socials, culturals i ling\u00fc\u00edstiques amb qu\u00e8 ens trobem en front a les forces de mercat global i a la subseg\u00fcent &nbsp;mobilitat de persones. Les seves discussions s\u2019han recollit en aquest document esborrany que presenta noves direccions de recerca en torn al multiling\u00fcisme, amb l&#8217;objectiu d&#8217;iniciar un debat m\u00e9s ampli sobre futures direccions d\u2019investigaci\u00f3. El prop\u00f2sit d\u2019aquest recull \u00e9s motivar el comprom\u00eds i la participaci\u00f3 de col\u00b7legues que tamb\u00e9 duen a terme recerca en el camp del multiling\u00fcisme en diversos entorns des de perspectives disciplin\u00e0ries diferents.<\/p>\n\n\n\n<p><a href=\"https:\/\/webs.uab.cat\/cien\/wp-content\/uploads\/sites\/88\/2022\/07\/radein_initiative_v2.0.pdf\" data-type=\"attachment\" data-id=\"348\" target=\"_blank\" rel=\"noreferrer noopener\">Document Draft Radein Initiative<\/a><\/p>\n\n\n\n<p>&nbsp;<\/p>\n","protected":false},"excerpt":{"rendered":"<p>Acta de la reuni\u00f3 de l&#8217;equip investigador, 03-05-2010. En angl\u00e8s. \u00a0See Full Report Acta de la reuni\u00f3 de l&#8217;equip investigador, 19-05-2010. En angl\u00e8s. \u00a0See Full Report The Radein Initiative: Some Directions in Research on MultilingualismMotivats per la preocupaci\u00f3 sobre el futur de la recerca en el camp del multiling\u00fcisme, nou acad\u00e8mics europeus es van reunir [&hellip;]<\/p>\n","protected":false},"author":20,"featured_media":0,"parent":0,"menu_order":0,"comment_status":"closed","ping_status":"closed","template":"","meta":{"footnotes":""},"class_list":["post-186","page","type-page","status-publish","hentry"],"_links":{"self":[{"href":"https:\/\/webs.uab.cat\/cien\/ca\/wp-json\/wp\/v2\/pages\/186","targetHints":{"allow":["GET"]}}],"collection":[{"href":"https:\/\/webs.uab.cat\/cien\/ca\/wp-json\/wp\/v2\/pages"}],"about":[{"href":"https:\/\/webs.uab.cat\/cien\/ca\/wp-json\/wp\/v2\/types\/page"}],"author":[{"embeddable":true,"href":"https:\/\/webs.uab.cat\/cien\/ca\/wp-json\/wp\/v2\/users\/20"}],"replies":[{"embeddable":true,"href":"https:\/\/webs.uab.cat\/cien\/ca\/wp-json\/wp\/v2\/comments?post=186"}],"version-history":[{"count":1,"href":"https:\/\/webs.uab.cat\/cien\/ca\/wp-json\/wp\/v2\/pages\/186\/revisions"}],"predecessor-version":[{"id":409,"href":"https:\/\/webs.uab.cat\/cien\/ca\/wp-json\/wp\/v2\/pages\/186\/revisions\/409"}],"wp:attachment":[{"href":"https:\/\/webs.uab.cat\/cien\/ca\/wp-json\/wp\/v2\/media?parent=186"}],"curies":[{"name":"wp","href":"https:\/\/api.w.org\/{rel}","templated":true}]}}