{"id":195,"date":"2017-07-27T14:30:54","date_gmt":"2017-07-27T14:30:54","guid":{"rendered":"https:\/\/webs.uab.cat\/cien\/enllacos-0\/"},"modified":"2017-07-27T14:30:54","modified_gmt":"2017-07-27T14:30:54","slug":"enllacos-0","status":"publish","type":"page","link":"https:\/\/webs.uab.cat\/cien\/ca\/enllacos-0\/","title":{"rendered":"Enlla\u00e7os"},"content":{"rendered":"<p><strong>Institucions<\/strong><\/p>\n<p><a href=\"http:\/\/www.bbk.ac.uk\/\" target=\"_blank\" rel=\"noopener\">Birkbeck College, University of London<\/a><\/p>\n<p><a href=\"http:\/\/www.uab.cat\/departament\/filologia-anglesa-germanistica\/\" target=\"_blank\" rel=\"noopener\">Departament de Filologia Anglesa i de German\u00edstica, Universitat Aut\u00f2noma de Barcelona<\/a><\/p>\n<p><a href=\"http:\/\/www.oise.utoronto.ca\/oise\/Home\/index.html\" target=\"_blank\" rel=\"noopener\">Centre de Recerca en Educaci\u00f3 Franco-Ontariana (CREFO) a l&#8217;Ontario Institute for Studies in Education (OISE), Universitat de Toronto (Canad\u00e0)<\/a><\/p>\n<p><a href=\"https:\/\/www.upf.edu\/\" target=\"_blank\" rel=\"noopener\">Grup de recerca en literacitat cr\u00edtica de la Universitat Pompeu Fabra, Barcelona<\/a><\/p>\n<p>\n<strong>Recursos<\/strong><\/p>\n<p><a href=\"http:\/\/www.languageonthemove.org\/\" target=\"_blank\" rel=\"noopener\">Language on The Move<\/a><br \/>\nLa p\u00e0gina web Language on the Move est\u00e0 dedicada a temes relacionats amb la llengua i la comunicaci\u00f3 en contextos multiculturals i transnacionals. Es dirigeix a totes aquelles persones que estiguin interessades en l\u2019aprenentatge de lleng\u00fces, el multiling\u00fcisme i la comunicaci\u00f3 intercultural.<\/p>\n<p><a href=\"http:\/\/www.lancaster.ac.uk\/linguistics\/\" target=\"_blank\" rel=\"noopener\">LIPPS (Language Interaction in Plurilingual and Plurilectal Speakers) and LIDES (Language Interaction Data Exchange System)<\/a>:<br \/>\nLIDES cont\u00e9 bases de dades biling\u00fces a m\u00e9s d\u2019informaci\u00f3 sobre la transcripci\u00f3 i la codificaci\u00f3 de dades biling\u00fces.<\/p>\n<p><a href=\"http:\/\/www.jstor.org\/\" target=\"_blank\" rel=\"noopener\">JSTOR<\/a>: Arxiu electr\u00f2nic en l\u00ednia de revistes acad\u00e8miques anglosaxones publicades en formats digital i en paper<br \/>\nCal estar-hi subscrit per accedir-hi. Les biblioteques de la UAB hi estan subscrites.<\/p>\n<p><a href=\"http:\/\/www.proquest.com\/\" target=\"_blank\" rel=\"noopener\">LLBA (Linguistics and Language Behavior Abstracts)<\/a><br \/>\nResumeix i indexa la literatura internacional sobre ling\u00fc\u00edstica i sobre les disciplines dintre del camp de les ci\u00e8ncies de la llengua. La base de dades cont\u00e9 resums d\u2019articles publicats a revistes acad\u00e8miques i cites de ressenyes de llibres extretes de m\u00e9s de 1500 publicacions peri\u00f2diques. Tamb\u00e9 emmagatzema resums de llibres, cap\u00edtols de llibres i tesis doctorals.<\/p>\n<p><a href=\"http:\/\/www.segundaslenguaseinmigracion.es\/defaultsite\" target=\"_blank\" rel=\"noopener\">Segundas lenguas e inmigraci\u00f3n<\/a><br \/>\nCont\u00e9 articles acad\u00e8mics sobre l\u2019ensenyament de segones lleng\u00fces a migrants adults i tamb\u00e9 recursos did\u00e0ctics per a professors.<\/p>\n<p>\n<strong>F\u00f2rums<\/strong><\/p>\n<p><a href=\"https:\/\/linguistlist.org\/\" target=\"_blank\" rel=\"noopener\">Llista LINGUIST LIST<\/a><br \/>\nPer a rebre informaci\u00f3 essencial sobre totes les \u00e0rees de la ling\u00fc\u00edstica.<\/p>\n<p>Llista BILING<br \/>\nAquesta llista distribueix informaci\u00f3 sobre trobades i ofertes de feina en el camp del biling\u00fcisme i del multiling\u00fcisme. Per a subscriure\u2019s-hi escriviu a: biling@asu.edu<\/p>\n<p>DISCURS<br \/>\nLlista de distribuci\u00f3 entre els investigadors de la Universitat Pompeu Fabra, la Universitat Aut\u00f2noma de Barcelona i la Universitat de Barcelona que treballen en estudis del discurs i que pertanyen al Centro de Estudios del Discurso (Centre d\u2019Estudis del Discurs). Per a enviar un missatge a la llista de distribuci\u00f3, escriviu a: discurs@nic.surfnet.nl<\/p>\n<p>Per a publicar informaci\u00f3 sobre cursos de postgrau, confer\u00e8ncies o projectes a la plana web www.discurs.org, dirigiu-vos a en Teun A. van Dijk: teun@discursos.org<\/p>\n<p><a href=\"http:\/\/www.baal.org.uk\/\" target=\"_blank\" rel=\"noopener\">BAAL<\/a> (British Association for Applied Linguistics)<br \/>\n\u00c9s una associaci\u00f3 professional del Regne Unit que proporciona un f\u00f2rum per aquelles persones interessades en la llengua i en les aplicacions de la ling\u00fc\u00edstica. Per a enviar un missatge a la llista de distribuci\u00f3, escriviu a: baalmail-bounces@lists.leeds.ac.uk<br \/>\n&nbsp;<\/p>\n","protected":false},"excerpt":{"rendered":"<p>Institucions Birkbeck College, University of London Departament de Filologia Anglesa i de German\u00edstica, Universitat Aut\u00f2noma de Barcelona Centre de Recerca en Educaci\u00f3 Franco-Ontariana (CREFO) a l&#8217;Ontario Institute for Studies in Education (OISE), Universitat de Toronto (Canad\u00e0) Grup de recerca en literacitat cr\u00edtica de la Universitat Pompeu Fabra, Barcelona Recursos Language on The Move La p\u00e0gina [&hellip;]<\/p>\n","protected":false},"author":20,"featured_media":0,"parent":0,"menu_order":0,"comment_status":"closed","ping_status":"closed","template":"","meta":{"footnotes":""},"class_list":["post-195","page","type-page","status-publish","hentry"],"_links":{"self":[{"href":"https:\/\/webs.uab.cat\/cien\/ca\/wp-json\/wp\/v2\/pages\/195","targetHints":{"allow":["GET"]}}],"collection":[{"href":"https:\/\/webs.uab.cat\/cien\/ca\/wp-json\/wp\/v2\/pages"}],"about":[{"href":"https:\/\/webs.uab.cat\/cien\/ca\/wp-json\/wp\/v2\/types\/page"}],"author":[{"embeddable":true,"href":"https:\/\/webs.uab.cat\/cien\/ca\/wp-json\/wp\/v2\/users\/20"}],"replies":[{"embeddable":true,"href":"https:\/\/webs.uab.cat\/cien\/ca\/wp-json\/wp\/v2\/comments?post=195"}],"version-history":[{"count":0,"href":"https:\/\/webs.uab.cat\/cien\/ca\/wp-json\/wp\/v2\/pages\/195\/revisions"}],"wp:attachment":[{"href":"https:\/\/webs.uab.cat\/cien\/ca\/wp-json\/wp\/v2\/media?parent=195"}],"curies":[{"name":"wp","href":"https:\/\/api.w.org\/{rel}","templated":true}]}}