{"id":199,"date":"2017-07-27T14:34:05","date_gmt":"2017-07-27T14:34:05","guid":{"rendered":"https:\/\/webs.uab.cat\/cien\/publicacions\/"},"modified":"2017-07-27T14:34:05","modified_gmt":"2017-07-27T14:34:05","slug":"publicacions","status":"publish","type":"page","link":"https:\/\/webs.uab.cat\/cien\/ca\/publicacions\/","title":{"rendered":"Publicacions"},"content":{"rendered":"<p><strong>*&#8221;El moviment Emma\u00fas&#8221;: Nota al web de la C\u00e0tedra UNESCO de Diversitat Ling\u00fc\u00edstica i Cultural<\/strong>&nbsp;<br \/>\n<em>Maria Rosa Garrido Sard\u00e0<\/em><\/p>\n<p class=\"rtejustify\">El moviment Emma\u00fas: Una missi\u00f3 comuna en diferents lleng\u00fces<\/p>\n<p class=\"rtejustify\">Aquest \u00e9s un text divulgatiu basat en la tesi doctoral Emmaus as a transnational imagined community, defensada el passat mes de desembre de 2014.<\/p>\n<p><a href=\"http:\/\/catedra-unesco.espais.iec.cat\/2015\/03\/13\/4-el-moviment-emmaus-una-missio-comuna-en-diferents-llengues\/\" target=\"_blank\" rel=\"noopener\">Versi\u00f3 en catal\u00e0<\/a><\/p>\n<hr \/>\n<p>*<strong>Adult Language Education and Migration: Challenging agendas in policy and practice&nbsp;<\/strong><br \/>\n<em>James Simpson and Anne Whiteside (Eds.)<\/em><\/p>\n<p class=\"rtejustify\">&nbsp;<\/p>\n<p class=\"rtejustify\">Adult language education and migration: Challenging agendas in &nbsp;policy and practice provides a lively and critical examination of policy and practice in language education for adult migrants around the world. The language needs of new migrants often outpace the development of infrastructure that addresses them, and language policies for migrants are often controversial and hotly contested. At the same time, innovative teaching practices are emerging in response to the language learning needs of today\u2019s migrants.&nbsp;Painting a complex portrait of language learning for mobile populations in a diverse world, this book shows how opportunities for learning the powerful languages of a new country both shape and are shaped by policy moves.&nbsp;<\/p>\n<p>The book:&nbsp;<\/p>\n<p class=\"rtejustify\">\u00b7 analyses and challenges language education policies relating to adult migrants in nine countries;&nbsp;<\/p>\n<p class=\"rtejustify\">\u00b7 provides a comparative study with separate chapters on policy and practice in each country;&nbsp;<\/p>\n<p class=\"rtejustify\">\u00b7 focuses on Australia, Canada, Spain (Catalonia), Finland, France, Ireland, the Netherlands, the UK and the US.&nbsp;<\/p>\n<p class=\"rtejustify\">The book is essential reading for practitioners, advanced students and researchers working in the area of language education in migration contexts&nbsp;<\/p>\n<p class=\"rtejustify\">Maria Rosa Garrido i Xavier Oliva han publicat un article conjunt sobre un projecte col\u00b7laboratiu d\u2019acolliment ling\u00fc\u00edstic a Catalunya. <a href=\"https:\/\/www.routledge.com\/Adult-Language-Education-and-Migration-Challenging-agendas-in-policy-and\/Simpson-Whiteside\/p\/book\/9780415733601\" target=\"_blank\" rel=\"noopener\">&nbsp;M\u00e9s informaci\u00f3<\/a><\/p>\n<hr \/>\n<p>*<strong>Migrant Communication Enterprises<\/strong>&nbsp;<br \/>\n<em>Maria Sabate Dalmau<\/em><br \/>\nMigrant Communication Enterprises: Regimentation and Resistance Maria Sabat\u00e9 i Dalmau Summary<\/p>\n<p class=\"rtejustify\">This unique critical sociolinguistic ethnography explores alternative migrant-regulated institutions of resistance and subversive communication technology: the locutorios or ethnic call shops. These migrant-owned businesses act as a window into their multimodal and hybrid linguistic and communicative practices, and into their own linguistic hierarchies and non-mainstream sociolinguistic orders. Here, socially displaced but technologically empowered transnational migrant populations actively find subversive ways to access information and communication technologies. As such they mobilise their own resources to successfully inhabit Catalonia, at the margins of powerful institutions. The book also focuses on the (internal) social organisation dynamics, as well as on the simultaneous fight against, and re-production of, practices and processes of social difference and social inequality among migrants themselves.<\/p>\n<p class=\"rtejustify\">Review:<br \/>\nIn her in-depth and, at times, moving ethnography of a Barcelona locutorio, Maria Sabat\u00e9 i Dalmau affords us a unique and fascinating glimpse of migrants\u2019 multilingual practices, connections and mediations normally hidden from view. This book is an important contribution to the growing literature on languages, mobilities and globalization.<br \/>\nAdam Jaworski, University of Hong Kong<\/p>\n<p class=\"rtejustify\">Maria Sabat\u00e9 i Dalmau\u2019s work is a most welcome contribution to the sociolinguistics of globalization, particularly at the intersection of migration, multilingualism and communication technologies. This book makes a compelling account of how states and the telecommunication industries attempt to control and contain migrants in how they use languages or how they access mobile communications, even as migrants develop their own forms of sociability to cope with these restrictions or circumvent them.<br \/>\nJoan Pujolar Cos, Universitat Oberta de Catalunya, Spain<\/p>\n<hr \/>\n<p>\n<strong>*Language, Migration and Social Inequality: A Critical Sociolinguistic Perspective on Institutions and Work&nbsp;<\/strong><br \/>\n<em>Alexandre Duch\u00eane, Melissa G. Moyer and Celia Roberts<\/em><\/p>\n<p>\n<a href=\"http:\/\/www.multilingual-matters.com\/display.asp?isb=9781783090990\" target=\"_blank\" rel=\"noopener\">Coming soon!<\/a><\/p>\n<hr \/>\n<p>\n<strong>*The Radein Initiative: Some Directions in Research on Multilingualism<\/strong>&nbsp;<br \/>\n<em>S. Aalberse, J. Cenoz, V. Cook, K. De Bot, R. Franceschini, D. Gorter, M. Martin Jones, M. Moyer, P. Muysken, C. Williams<\/em><\/p>\n<p class=\"rtejustify\">Motivats per la preocupaci\u00f3 sobre el futur de la recerca en el camp del multiling\u00fcisme, nou acad\u00e8mics europeus es van reunir en el poble de Radein, lloc de treball situat a les muntanyes Dolomites, el setembre de 2010, per tal d&#8217;identificar els assumptes m\u00e9s punyents sobre aquest \u00e0mbit i proposar passos actius a trav\u00e9s dels quals es pugui promoure una recerca cont\u00ednua i avan\u00e7ada en aquest camp. La Iniciativa sorgeix d&#8217;una conscienciaci\u00f3 profunda sobre la import\u00e0ncia del multiling\u00fcisme en les societats contempor\u00e0nies i de la necessitat de respondre a les diverses realitats socials, culturals i ling\u00fc\u00edstiques amb qu\u00e8 ens trobem en front a les forces de mercat global i a la subseg\u00fcent&nbsp; mobilitat de persones.<\/p>\n<p class=\"rtejustify\">Les seves discussions s\u2019han recollit en aquest document esborrany que presenta noves direccions de recerca en torn al multiling\u00fcisme, amb l&#8217;objectiu d&#8217;iniciar un debat m\u00e9s ampli sobre futures direccions d\u2019investigaci\u00f3. El prop\u00f2sit d\u2019aquest recull \u00e9s motivar el comprom\u00eds i la participaci\u00f3 de col\u00b7legues que tamb\u00e9 duen a terme recerca en el camp del multiling\u00fcisme en diversos entorns des de perspectives disciplin\u00e0ries diferents.<\/p>\n<p class=\"rtejustify\">Per accedir-hi, aneu a Recursos, WORKING PAPERS<\/p>\n<p>&nbsp;<\/p>\n","protected":false},"excerpt":{"rendered":"<p>*&#8221;El moviment Emma\u00fas&#8221;: Nota al web de la C\u00e0tedra UNESCO de Diversitat Ling\u00fc\u00edstica i Cultural&nbsp; Maria Rosa Garrido Sard\u00e0 El moviment Emma\u00fas: Una missi\u00f3 comuna en diferents lleng\u00fces Aquest \u00e9s un text divulgatiu basat en la tesi doctoral Emmaus as a transnational imagined community, defensada el passat mes de desembre de 2014. Versi\u00f3 en catal\u00e0 [&hellip;]<\/p>\n","protected":false},"author":20,"featured_media":0,"parent":0,"menu_order":0,"comment_status":"closed","ping_status":"closed","template":"","meta":{"footnotes":""},"class_list":["post-199","page","type-page","status-publish","hentry"],"_links":{"self":[{"href":"https:\/\/webs.uab.cat\/cien\/ca\/wp-json\/wp\/v2\/pages\/199","targetHints":{"allow":["GET"]}}],"collection":[{"href":"https:\/\/webs.uab.cat\/cien\/ca\/wp-json\/wp\/v2\/pages"}],"about":[{"href":"https:\/\/webs.uab.cat\/cien\/ca\/wp-json\/wp\/v2\/types\/page"}],"author":[{"embeddable":true,"href":"https:\/\/webs.uab.cat\/cien\/ca\/wp-json\/wp\/v2\/users\/20"}],"replies":[{"embeddable":true,"href":"https:\/\/webs.uab.cat\/cien\/ca\/wp-json\/wp\/v2\/comments?post=199"}],"version-history":[{"count":0,"href":"https:\/\/webs.uab.cat\/cien\/ca\/wp-json\/wp\/v2\/pages\/199\/revisions"}],"wp:attachment":[{"href":"https:\/\/webs.uab.cat\/cien\/ca\/wp-json\/wp\/v2\/media?parent=199"}],"curies":[{"name":"wp","href":"https:\/\/api.w.org\/{rel}","templated":true}]}}