{"id":238,"date":"2018-02-07T16:23:30","date_gmt":"2018-02-07T16:23:30","guid":{"rendered":"https:\/\/webs.uab.cat\/cien\/ignasi-clemente\/"},"modified":"2022-07-27T10:11:01","modified_gmt":"2022-07-27T10:11:01","slug":"ignasi-clemente","status":"publish","type":"page","link":"https:\/\/webs.uab.cat\/cien\/ca\/ignasi-clemente\/","title":{"rendered":"Ignasi Clemente"},"content":{"rendered":"\n<p>Ignasi Clemente, Ph.D., \u00e9s antrop\u00f2leg i ling\u00fcista. Treballa a City of New York University i \u00e9s Honorary Senior Research Associate al Louis Dundas Centre for Children\u2019s Palliative Care, Institute of Child Health, University College London. La seva investigaci\u00f3 inclou estudis de la infantesa i la joventut; malalties cr\u00f2niques; comunicaci\u00f3 i cultura en l\u2019atenci\u00f3 de nens\/es i joves amb discapacitats, i malalties cr\u00f2niques i terminals; enfocaments psicosocials del dolor i el sofriment; treball aplicat en comunicaci\u00f3 sanit\u00e0ria; i multimodalitat i corpore\u00eftat\/ corporificaci\u00f3. El seu llibre, <em>Uncertain Futures: Communication and Culture in Childhood Cancer Treatment (<\/em>Wiley Blackwell), va ser guardonat amb el Premi Modest Reixach de la Societat Catalana de Socioling\u00fc\u00edstica de 2017.<\/p>\n","protected":false},"excerpt":{"rendered":"<p>Ignasi Clemente, Ph.D., \u00e9s antrop\u00f2leg i ling\u00fcista. Treballa a City of New York University i \u00e9s Honorary Senior Research Associate al Louis Dundas Centre for Children\u2019s Palliative Care, Institute of Child Health, University College London. La seva investigaci\u00f3 inclou estudis de la infantesa i la joventut; malalties cr\u00f2niques; comunicaci\u00f3 i cultura en l\u2019atenci\u00f3 de nens\/es [&hellip;]<\/p>\n","protected":false},"author":20,"featured_media":234,"parent":0,"menu_order":0,"comment_status":"closed","ping_status":"closed","template":"","meta":{"footnotes":""},"class_list":["post-238","page","type-page","status-publish","has-post-thumbnail","hentry"],"_links":{"self":[{"href":"https:\/\/webs.uab.cat\/cien\/ca\/wp-json\/wp\/v2\/pages\/238","targetHints":{"allow":["GET"]}}],"collection":[{"href":"https:\/\/webs.uab.cat\/cien\/ca\/wp-json\/wp\/v2\/pages"}],"about":[{"href":"https:\/\/webs.uab.cat\/cien\/ca\/wp-json\/wp\/v2\/types\/page"}],"author":[{"embeddable":true,"href":"https:\/\/webs.uab.cat\/cien\/ca\/wp-json\/wp\/v2\/users\/20"}],"replies":[{"embeddable":true,"href":"https:\/\/webs.uab.cat\/cien\/ca\/wp-json\/wp\/v2\/comments?post=238"}],"version-history":[{"count":1,"href":"https:\/\/webs.uab.cat\/cien\/ca\/wp-json\/wp\/v2\/pages\/238\/revisions"}],"predecessor-version":[{"id":405,"href":"https:\/\/webs.uab.cat\/cien\/ca\/wp-json\/wp\/v2\/pages\/238\/revisions\/405"}],"wp:featuredmedia":[{"embeddable":true,"href":"https:\/\/webs.uab.cat\/cien\/ca\/wp-json\/wp\/v2\/media\/234"}],"wp:attachment":[{"href":"https:\/\/webs.uab.cat\/cien\/ca\/wp-json\/wp\/v2\/media?parent=238"}],"curies":[{"name":"wp","href":"https:\/\/api.w.org\/{rel}","templated":true}]}}