{"id":124,"date":"2017-06-28T13:46:35","date_gmt":"2017-06-28T13:46:35","guid":{"rendered":"https:\/\/webs.uab.cat\/cien\/links\/"},"modified":"2017-06-28T13:46:35","modified_gmt":"2017-06-28T13:46:35","slug":"links","status":"publish","type":"page","link":"https:\/\/webs.uab.cat\/cien\/en\/links\/","title":{"rendered":"Links"},"content":{"rendered":"<p class=\"rtejustify\"><strong>Institutions<\/strong><\/p>\n<p class=\"rtejustify\"><a href=\"http:\/\/www.bbk.ac.uk\/\" target=\"_blank\" rel=\"noopener\">Birkbeck College, University of London<\/a><\/p>\n<p class=\"rtejustify\"><a href=\"http:\/\/www.uab.cat\/departament\/filologia-anglesa-germanistica\/\" target=\"_blank\" rel=\"noopener\">Departament de Filologia Anglesa i German\u00edstica (English and German Department), Universitat Aut\u00f2noma de Barcelona<\/a><\/p>\n<p class=\"rtejustify\"><a href=\"http:\/\/www.oise.utoronto.ca\/oise\/Home\/index.html\" target=\"_blank\" rel=\"noopener\">Centre de Recherches en \u00e9ducation franco-ontarienne (CREFO) at the Ontario Institute for Studies in Education of the University of Toronto (Canada)<\/a><\/p>\n<p class=\"rtejustify\"><a href=\"https:\/\/www.upf.edu\/\" target=\"_blank\" rel=\"noopener\">Research Group on Critical Literacy at Universitat Pompeu Fabra, Barcelona<\/a><\/p>\n<p class=\"rtejustify\">\n<strong>Library Resources<\/strong><\/p>\n<p class=\"rtejustify\"><a href=\"http:\/\/www.languageonthemove.org\/\" target=\"_blank\" rel=\"noopener\">Language on The Move<\/a><br \/>\nLanguage on the Move is dedicated to issues of language and communication in multicultural and transnational contexts and open to anyone interested in language learning, multilingualism and intercultural communication.<\/p>\n<p class=\"rtejustify\"><a href=\"http:\/\/www.lancaster.ac.uk\/linguistics\/\" target=\"_blank\" rel=\"noopener\">LIPPS (Language Interaction in Plurilingual and Plurilectal Speakers) and LIDES (Language Interaction Data Exchange System)<\/a><br \/>\nLIDES hosts bilingual databases and information on the transcription and coding of bilingual data.<\/p>\n<p class=\"rtejustify\"><a href=\"http:\/\/www.jstor.org\/\" target=\"_blank\" rel=\"noopener\">JSTOR: Online Archive of academic journals in both digital and print formats<\/a><br \/>\nIt is necessary to have a subscription to access it. UAB libraries are subscribed to it.<\/p>\n<p class=\"rtejustify\"><a href=\"http:\/\/www.proquest.com\/\" target=\"_blank\" rel=\"noopener\">LLBA: CSA Linguistics and Language Behavior Abstracts<\/a><br \/>\nAbstracts and indexes the international literature in linguistics and related disciplines in the language sciences. The database provides abstracts of journal articles and citations to book reviews drawn from over 1,500 serials publications, and also provides abstracts of books, book chapters, and dissertations.<\/p>\n<p class=\"rtejustify\"><a href=\"http:\/\/www.segundaslenguaseinmigracion.es\/defaultsite\" target=\"_blank\" rel=\"noopener\">Segundas lenguas e inmigraci\u00f3n (second languages and immigration)<\/a><br \/>\nIt hosts academic articles on second language teaching for adult migrants and teaching resources for teachers.<\/p>\n<p class=\"rtejustify\">\n<strong>Forums<\/strong><\/p>\n<p class=\"rtejustify\"><a href=\"https:\/\/linguistlist.org\/\" target=\"_blank\" rel=\"noopener\">LINGUIST list<\/a><br \/>\nFor key information on all areas of linguistics.<\/p>\n<p class=\"rtejustify\">BILING LIST<br \/>\nThis list sends around information about meetings and job openings related to the field of bilingualism and multilingualism. To subscribe write to: biling@asu.edu<\/p>\n<p class=\"rtejustify\">DISCURS<br \/>\nDistribution list for researchers in Discourse Studies from Universitat Pompeu Fabra, Universitat Aut\u00f2noma de Barcelona and Universitat de Barcelona belonging to the Centro de Estudios del Discurso (Discourse Studies Centre).<\/p>\n<p class=\"rtejustify\">To send a message to the distribution list, write to: discurs@nic.surfnet.nl<\/p>\n<p class=\"rtejustify\">To publish information about postgraduate courses, conferences or projects in<a href=\"http:\/\/www.discurs.org\/\" target=\"_blank\" rel=\"noopener\"> www.discurs.org<\/a>, contact Teun A. van Dijk at: teun@discursos.org<\/p>\n<p class=\"rtejustify\"><a href=\"http:\/\/www.baal.org.uk\/\" target=\"_blank\" rel=\"noopener\">BAAL (British Association for Applied Linguistics)<\/a><br \/>\nIs professional association based in the UK, which provides a forum for people interested in language and the applications of linguistics. To send a message to the distribution list, please write to: baalmail-bounces@lists.leeds.ac.uk<br \/>\n&nbsp;<\/p>\n","protected":false},"excerpt":{"rendered":"<p>Institutions Birkbeck College, University of London Departament de Filologia Anglesa i German\u00edstica (English and German Department), Universitat Aut\u00f2noma de Barcelona Centre de Recherches en \u00e9ducation franco-ontarienne (CREFO) at the Ontario Institute for Studies in Education of the University of Toronto (Canada) Research Group on Critical Literacy at Universitat Pompeu Fabra, Barcelona Library Resources Language on [&hellip;]<\/p>\n","protected":false},"author":20,"featured_media":0,"parent":0,"menu_order":0,"comment_status":"closed","ping_status":"closed","template":"","meta":{"footnotes":""},"class_list":["post-124","page","type-page","status-publish","hentry"],"_links":{"self":[{"href":"https:\/\/webs.uab.cat\/cien\/en\/wp-json\/wp\/v2\/pages\/124","targetHints":{"allow":["GET"]}}],"collection":[{"href":"https:\/\/webs.uab.cat\/cien\/en\/wp-json\/wp\/v2\/pages"}],"about":[{"href":"https:\/\/webs.uab.cat\/cien\/en\/wp-json\/wp\/v2\/types\/page"}],"author":[{"embeddable":true,"href":"https:\/\/webs.uab.cat\/cien\/en\/wp-json\/wp\/v2\/users\/20"}],"replies":[{"embeddable":true,"href":"https:\/\/webs.uab.cat\/cien\/en\/wp-json\/wp\/v2\/comments?post=124"}],"version-history":[{"count":0,"href":"https:\/\/webs.uab.cat\/cien\/en\/wp-json\/wp\/v2\/pages\/124\/revisions"}],"wp:attachment":[{"href":"https:\/\/webs.uab.cat\/cien\/en\/wp-json\/wp\/v2\/media?parent=124"}],"curies":[{"name":"wp","href":"https:\/\/api.w.org\/{rel}","templated":true}]}}