{"id":227,"date":"2018-01-17T10:34:13","date_gmt":"2018-01-17T10:34:13","guid":{"rendered":"https:\/\/webs.uab.cat\/cien\/adriana-patino-santos\/"},"modified":"2022-07-27T10:24:39","modified_gmt":"2022-07-27T10:24:39","slug":"adriana-patino-santos","status":"publish","type":"page","link":"https:\/\/webs.uab.cat\/cien\/en\/adriana-patino-santos\/","title":{"rendered":"Adriana Pati\u00f1o-Santos"},"content":{"rendered":"\n<p>Dr Adriana Pati\u00f1o-Santos is a Lecturer in Modern Languages and Linguistics\u00a0at the <a rel=\"noopener\" href=\"https:\/\/www.southampton.ac.uk\/\" target=\"_blank\">University of Southampton<\/a>. She holds a PhD in Linguistics (Sociolinguistic ethnography) from the <a rel=\"noopener\" href=\"http:\/\/www.uam.es\/UAM\/Home.htm?language=es\" target=\"_blank\">Universidad Aut\u00f3noma de Madrid<\/a>, Spain, an MA in Hispanic Linguistics from the <a rel=\"noopener\" href=\"http:\/\/www.caroycuervo.gov.co\/\" target=\"_blank\">Instituto Caro y Cuervo<\/a>, Bogot\u00e1, Colombia and an MA in Linguistics (Discourse Analysis) from the Universidad Aut\u00f3noma de Madrid. She has been a member of the Department of Modern Languages in the University of Southampton since 2012. Her research interests include interactional sociolinguistics, language socialisation, intercultural communication and multilingualism. Her research has been focussed on the relationship between Spanish and other languages within the framework of globalisation, from a sociolinguistic ethnographic perspective. She has concentrated on the social processes involved in interaction by focussing on the intersection between language, ideology and identity in institutional settings. In this regard, she has identified multilingual schools as key sites for my research, offering an ideal window through which to observe complex sociolinguistic situations.<\/p>\n\n\n\n<p><span style=\"color: #b22222;\">Publications<\/span><\/p>\n\n\n\n<p>Patino, A.&nbsp;(2018).&nbsp;<a href=\"https:\/\/eprints.soton.ac.uk\/cgi\/eprintbypureuuid?uuid=9be9a6e9-c61e-4e3f-8931-be2415b5d4cd\" target=\"_blank\" rel=\"noopener\">\u201cNo-one told me it would all be in Catalan!\u201d \u2013 Narratives and language ideologies in the Latin American community at school<\/a>.&nbsp;International Journal of the Sociology of Language.&nbsp;<\/p>\n\n\n\n<p>Patino, A.&nbsp;(2017).&nbsp;<a href=\"https:\/\/eprints.soton.ac.uk\/cgi\/eprintbypureuuid?uuid=d4d4a9e9-b37c-4fa9-820c-128bf2b4255d\" target=\"_blank\" rel=\"noopener\">Producing knowledge about plurilingualism with young students: a challenge for collaborative ethnography<\/a>. In E. Moore, &amp; M. Dooly (Eds.),&nbsp;Qualitative approaches to research on plurilingual education&nbsp;(pp. 129-149). Dublin, Ireland\/Voillans, France: Research-publishing.net.<\/p>\n\n\n\n<p>Patino, A., &amp; Rela\u00f1o Pastor, A. M. (Eds.) (2017).&nbsp;<a href=\"https:\/\/eprints.soton.ac.uk\/cgi\/eprintbypureuuid?uuid=bbca6baa-67f4-462a-b05c-dc8bdfd84edf\" target=\"_blank\" rel=\"noopener\">Storytelling in globalized: a linguistic ethnographic perspective<\/a>. (Special Issue International Journal of Sociology of Language). Mouton de Gruyter.<\/p>\n\n\n\n<p>Cod\u00f3, E., &amp; Patino, A.&nbsp;(2017).&nbsp;<a href=\"https:\/\/eprints.soton.ac.uk\/cgi\/eprintbypureuuid?uuid=fa266fcb-bff4-4738-9306-b6e077f06881\" target=\"_blank\" rel=\"noopener\">CLIL, unequal working conditions and neoliberal subjectivities in a state secondary school<\/a>.&nbsp;Language Policy. DOI:&nbsp;<a href=\"http:\/\/dx.doi.org\/10.1007\/s10993-017-9451-5\">10.1007\/s10993-017-9451-5<\/a><\/p>\n\n\n\n<p>Patino-Santos, A.&nbsp;(2017).&nbsp;<a href=\"https:\/\/eprints.soton.ac.uk\/cgi\/eprintbypureuuid?uuid=d7395a81-4a6d-4c2b-b80c-bbdd5672042c\" target=\"_blank\" rel=\"noopener\">Trapped in a moral order: moral identity, positioning and reflexivity in stories of confrontation among Latin American teenage school girls in Madrid<\/a>.&nbsp;AILA Review,&nbsp;29(1), 1-37.&nbsp;<\/p>\n\n\n\n<p>Patino-Santos, A.&nbsp;(2016).&nbsp;<a href=\"https:\/\/eprints.soton.ac.uk\/cgi\/eprintbypureuuid?uuid=c5f81c95-3fe9-4376-8044-ff544200da92\" target=\"_blank\" rel=\"noopener\">Etnograf\u00eda y socioling\u00fc\u00edstica<\/a>. In J. Guti\u00e9rrez-Rexach (Ed.),&nbsp;Enciclopedia de Ling\u00fc\u00edstica Hisp\u00e1nica&nbsp;Abingdon, GB: Routledge.<\/p>\n\n\n\n<p>Patino-Santos, A.&nbsp;(2015).&nbsp;<a href=\"https:\/\/eprints.soton.ac.uk\/cgi\/eprintbypureuuid?uuid=fe4c777f-d969-4045-bfeb-6d90ea6d82dc\" target=\"_blank\" rel=\"noopener\">On Being a Latin American in La Sagrada Familia: the Negotiation of Identities and the Construction of Authenticity.<\/a>&nbsp;In R. M\u00e1rquez Reiter, &amp; L. Mart\u00edn Rojo (Eds.),&nbsp;A Sociolinguistics of Diaspora: Latino Practices, Identities and Ideologies&nbsp;(pp. 102-121). (Routledge Critical Studies in Multilingualism). Abingdon, GB: Routledge.<\/p>\n\n\n\n<p>Patino-Santos, A., P\u00e9rez-Milans, M., &amp; Relano-Pastor, A. M. (2015).&nbsp;<a href=\"https:\/\/eprints.soton.ac.uk\/cgi\/eprintbypureuuid?uuid=14de805a-c23a-400e-8ac0-1a51e3aa55bc\" target=\"_blank\" rel=\"noopener\">\u2018We don&#8217;t do anything\u2019: analyzing the construction of legitimate knowledge in multilingual schools<\/a>.&nbsp;Pedagogies: An International Journal, 1-32.&nbsp;<\/p>\n\n\n\n<p>Cod\u00f3, E., &amp; Patino-Santos, A.&nbsp;(2014).&nbsp;<a href=\"https:\/\/eprints.soton.ac.uk\/cgi\/eprintbypureuuid?uuid=3b9bf18f-4bb3-4092-b857-1d145b8ce07f\" target=\"_blank\" rel=\"noopener\">Beyond language: class, social categorisation and academic achievement in a Catalan high school<\/a>.&nbsp;Linguistics and Education,&nbsp;25, 51-63. DOI:&nbsp;<a href=\"http:\/\/dx.doi.org\/10.1016\/j.linged.2013.08.002\">10.1016\/j.linged.2013.08.002<\/a><\/p>\n\n\n\n<p>P\u00e9rez-Milans, M., &amp; Patino-Santos, A.&nbsp;(2014).&nbsp;<a href=\"https:\/\/eprints.soton.ac.uk\/cgi\/eprintbypureuuid?uuid=fba01e4c-372c-4b55-812a-b81721ca37d2\" target=\"_blank\" rel=\"noopener\">Language education and institutional change in a Madrid multilingual school<\/a>.&nbsp;International Journal of Multilingualism,&nbsp;11(4).&nbsp;<\/p>\n\n\n\n<p>Moore, E., &amp; Patino-Santos, A.&nbsp;(2014).&nbsp;<a href=\"https:\/\/eprints.soton.ac.uk\/cgi\/eprintbypureuuid?uuid=f7adbacd-00ae-4ea9-8ef4-bdfd6f8daf16\" target=\"_blank\" rel=\"noopener\">Plurilingual resources for \u2018welcoming\u2019 at a university service for international students<\/a>.&nbsp;Journal of Multilingual and Multicultural Development, 1-21. DOI:&nbsp;<a href=\"http:\/\/dx.doi.org\/10.1080\/01434632.2013.874437\">10.1080\/01434632.2013.874437<\/a><\/p>\n\n\n\n<p>Newman, M., Pati\u00f1o-Santos, A., &amp; Trenchs-Parera, M. (2013).&nbsp;<a href=\"https:\/\/eprints.soton.ac.uk\/cgi\/eprintbypureuuid?uuid=81acfe7b-5690-4e4d-ad1f-3a43afbdaef2\" target=\"_blank\" rel=\"noopener\">Linguistic integration of Latin American immigrants in Catalonia and their responses to the implementation of educational language policies<\/a>.&nbsp;International Journal of Bilingual Education and Bilingualism,&nbsp;16(2), 195-209. DOI:&nbsp;<a href=\"http:\/\/dx.doi.org\/10.1080\/13670050.2012.720669\" target=\"_blank\" rel=\"noopener\">10.1080\/13670050.2012.720669<\/a><\/p>\n","protected":false},"excerpt":{"rendered":"<p>Dr Adriana Pati\u00f1o-Santos is a Lecturer in Modern Languages and Linguistics\u00a0at the University of Southampton. She holds a PhD in Linguistics (Sociolinguistic ethnography) from the Universidad Aut\u00f3noma de Madrid, Spain, an MA in Hispanic Linguistics from the Instituto Caro y Cuervo, Bogot\u00e1, Colombia and an MA in Linguistics (Discourse Analysis) from the Universidad Aut\u00f3noma de [&hellip;]<\/p>\n","protected":false},"author":20,"featured_media":224,"parent":0,"menu_order":0,"comment_status":"closed","ping_status":"closed","template":"","meta":{"footnotes":""},"class_list":["post-227","page","type-page","status-publish","has-post-thumbnail","hentry"],"_links":{"self":[{"href":"https:\/\/webs.uab.cat\/cien\/en\/wp-json\/wp\/v2\/pages\/227","targetHints":{"allow":["GET"]}}],"collection":[{"href":"https:\/\/webs.uab.cat\/cien\/en\/wp-json\/wp\/v2\/pages"}],"about":[{"href":"https:\/\/webs.uab.cat\/cien\/en\/wp-json\/wp\/v2\/types\/page"}],"author":[{"embeddable":true,"href":"https:\/\/webs.uab.cat\/cien\/en\/wp-json\/wp\/v2\/users\/20"}],"replies":[{"embeddable":true,"href":"https:\/\/webs.uab.cat\/cien\/en\/wp-json\/wp\/v2\/comments?post=227"}],"version-history":[{"count":1,"href":"https:\/\/webs.uab.cat\/cien\/en\/wp-json\/wp\/v2\/pages\/227\/revisions"}],"predecessor-version":[{"id":428,"href":"https:\/\/webs.uab.cat\/cien\/en\/wp-json\/wp\/v2\/pages\/227\/revisions\/428"}],"wp:featuredmedia":[{"embeddable":true,"href":"https:\/\/webs.uab.cat\/cien\/en\/wp-json\/wp\/v2\/media\/224"}],"wp:attachment":[{"href":"https:\/\/webs.uab.cat\/cien\/en\/wp-json\/wp\/v2\/media?parent=227"}],"curies":[{"name":"wp","href":"https:\/\/api.w.org\/{rel}","templated":true}]}}