{"id":91,"date":"2017-06-22T13:33:52","date_gmt":"2017-06-22T13:33:52","guid":{"rendered":"https:\/\/webs.uab.cat\/cien\/maria-rosa-garrido-sarda\/"},"modified":"2022-07-27T10:22:57","modified_gmt":"2022-07-27T10:22:57","slug":"maria-rosa-garrido-sarda","status":"publish","type":"page","link":"https:\/\/webs.uab.cat\/cien\/en\/maria-rosa-garrido-sarda\/","title":{"rendered":"Maria Rosa Garrido Sard\u00e0"},"content":{"rendered":"\n<p><strong>Maria Rosa Garrido Sard\u00e0<\/strong>, (mariarosa.garridosarda@unifr.ch), is a member of the CIEN research group in the Department de Filologia Anglesa i de German\u00edstica at Universitat Aut\u00f2noma de Barcelona. She is currently\u00a0\u00a0a post-doc researcher at the Institute of Multilingualism, University of Fribourg.\u00a0Her on-going project &#8220;Humanitarians on the move&#8221; (2015-16), directed by Prof. Dr. Alexandre Duch\u00eane, explores language, mobility and identity in the trajectories of skilled workers who cross linguistic and national borders for humanitarian work. Her main research interests include language, mobilities and social exclusion; the sociolinguistic construction of transnational identities in international NGOs and social movements; multilingualism in globalised workplaces and plurilingual approaches &amp; multilingualism in non-formal and voluntary language education. Her recent PhD dissertation (UAB, 2014), supervised by Dr. Eva Cod\u00f3, is a multi-sited, critical sociolinguistic ethnography of a transnational social movement called Emmaus.\u00a0\u00a0<a rel=\"noopener\" href=\"https:\/\/unifr.academia.edu\/MariaRosaGarridoSard%C3%A0\" target=\"_blank\">Personal page on Academia.edu<\/a>\u00a0\u00a0<\/p>\n\n\n\n<p><span style=\"color: #b22222;\">Publications<\/span><\/p>\n\n\n\n<p>&nbsp;<\/p>\n\n\n\n<ul class=\"wp-block-list\"><li class=\"rtejustify\">Garrido, Maria Rosa (accepted, 2018). Storytelling practices in the construction of sameness in a transnational social movement. In Adriana Pati\u00f1o-Santos and Ana Mar\u00eda Rela\u00f1o-Pastor (Eds.), Storytelling in Globalized Spaces: A Linguistic Ethnographic Perspective. Special Issue of&nbsp;<em>International Journal of the Sociology of Language.&nbsp;<\/em><\/li><li class=\"rtejustify\">Sabat\u00e9 Dalmau, Maria; Garrido, Maria Rosa &amp; Cod\u00f3, Eva (2017).&nbsp;Language-mediated Services for Migrants: Monolingualist Institutional Regimes and Translinguistic User Practices. In Suresh Canagarajah (Ed.),&nbsp;<em>The Routledge Handbook of Migration and Language.<\/em>&nbsp;London: Routledge.<\/li><li class=\"rtejustify\">Garrido, Maria Rosa (2017). Multilingualism\u202fand cosmopolitanism in the construction of a humanitarian elite. In Adam Jaworski and Crispin Thurlow (Eds.), Elite discourse: The rhethorics of status and privilege, Special Issue of&nbsp;<em>Social Semiotics<\/em>, 27 (3): 359-369.&nbsp;<\/li><li class=\"rtejustify\">&nbsp;Garrido, Maria Rosa &amp; Cod\u00f3, Eva (2017).&nbsp;Deskilling and delanguaging African migrants in Barcelona: Pathways of labour market incorporation and the value of &#8220;global&#8221; English.&nbsp;<em>Globalisation, Societies and Education<\/em>, 15 (1): 29-49.&nbsp;<\/li><li class=\"rtejustify\">Garrido, Maria Rosa (2016). \u00abThe homeless charity that works\u202f\u00bb: A critical sociolinguistic analysis of charity discourses and English-only ideologies in Emmaus London. In Mi-Cha Flubacher, Catherine Diederich &amp; Philipp Dankel (Eds.), New perspectives in empirical linguistics: Studies from young researchers in Switzerland, Special Issue of&nbsp;<em>Bulletin Suisse de Linguistique Apliqu\u00e9e<\/em>, 104: 9-26.\u202f&nbsp;&nbsp;<\/li><li class=\"rtejustify\">Garrido, Maria Rosa &amp; Moore, Emilee (2016).&nbsp;\u201c<a href=\"http:\/\/www.sciencedirect.com\/science\/article\/pii\/S0898589816300699?via%3Dihub\" target=\"_blank\" rel=\"noopener\">We can speak we do it our way<\/a>\u201d: Linguistic ideologies in Catalan adolescents\u2019 language biography raps. In Emilee Moore, Maria Rosa Garrido &amp; Cristina Aliagas (Eds.) Hip Hop, language and identity: Bridging organic learning and institutional learning spaces, Special Issue of&nbsp;<em>Linguistics and Education.<\/em><\/li><li class=\"rtejustify\">Aliagas, Cristina; Garrido, Maria Rosa &amp; Moore, Emilee (2016).&nbsp;<a href=\"http:\/\/www.sciencedirect.com\/science\/article\/pii\/S0898589816300924?via%3Dihub\" target=\"_blank\" rel=\"noopener\">Hip Hop, language and identity: Bridging organic learning and institutional learning spaces<\/a>. In Emilee Moore, Maria Rosa Garrido &amp; Cristina Aliagas (Eds.) Hip Hop, language and identity: Bridging organic learning and institutional learning spaces, Special Issue of&nbsp;<em>Linguistics and Education<\/em>.<\/li><li class=\"rtejustify\">Garrido, Maria Rosa &amp; Oliva, Xavier. 2015.&nbsp;A multilingual, collaborative and functional literacy approach to Catalan language learning in a voluntary settlement project.&nbsp;In: Simpson, James &amp; Whiteside, Anne (Eds.),&nbsp;<em>A<\/em><em>dult language education and migration: Challenging agendas in policy and practice<\/em>&nbsp;(pp.94-106).&nbsp;London: Routledge.<\/li><li class=\"rtejustify\">Garrido, Maria Rosa. 2014. <a href=\"http:\/\/www.tdx.cat\/handle\/10803\/285359\" target=\"_blank\" rel=\"noopener\">Emmaus as a transnational imagined community: Language, interdiscursivity and stratification in a social movement<\/a>. Unpublished PhD Thesis: Universitat Aut\u00f2noma de Barcelona. TDX<\/li><li class=\"rtejustify\">Garrido, Maria Rosa &amp; Cod\u00f3, Eva. 2014. Deskilling and delanguaging African migrants in Barcelona: Pathways of labour market incorporation and the vlaue of &#8220;global&#8221; English.&nbsp;<em>Globalisation, Societies and Education.<\/em>&nbsp;<\/li><li class=\"rtejustify\">Cod\u00f3, Eva &amp; Garrido, Maria Rosa. 2014. Shifting discourses of migrant incorporation at a time of crisis: Understanding the articulation of language and labour in the Catalan non-governmental sector.&nbsp;<em>International Journal of Multilingualism<\/em>, 11 (4), pages 389-408.<\/li><li class=\"rtejustify\">Garrido, Maria Rosa. 2013. La gesti\u00f3 del multiling\u00fcisme en els serveis d\u2019acollida de les ONG: un estudi de cas. In Vila, F. Xavier i Salvat, E. (Eds.),&nbsp;<em>Noves immigracions i lleng\u00fces<\/em>. Barcelona: MRR.<\/li><li class=\"rtejustify\">Garrido, Maria Rosa. 2010.&nbsp;<em>\u2019If you slept in Catalunya you know that here it\u2019s a paradise\u2019: Multilingual Practices and Ideologies in a Residential Project for Migrants.<\/em>&nbsp;Unpublished MA thesis: Universitat Aut\u00f2noma de Barcelona.<\/li><li class=\"rtejustify\">Cod\u00f3, Eva &amp;&nbsp;Garrido, Maria Rosa. 2010. Ideologies and practices of multilingualism in bureaucratic and legal advice encounters. In M\u00e1rquez-Reiter, R.&nbsp;&amp; L. Martin Rojo (eds.) Sociolinguistic and pragmatic aspects of institutional discourse: Service encounters in multilingual and multicultural contexts, Special Issue of&nbsp;<em>Sociolinguistic Studies<\/em>&nbsp;4 (2): 297-332.<\/li><\/ul>\n\n\n\n<p>&nbsp;<\/p>\n\n\n\n<p>Garrido, Maria Rosa. 2010. Tensions ideol\u00f2giques sobre &#8220;la llengua d\u2019acollida&#8221; en un projecte residencial per a migrants.&nbsp;<em>Llengua, societat i comunicaci\u00f3<\/em>&nbsp;8: 9-26.<\/p>\n","protected":false},"excerpt":{"rendered":"<p>Maria Rosa Garrido Sard\u00e0, (mariarosa.garridosarda@unifr.ch), is a member of the CIEN research group in the Department de Filologia Anglesa i de German\u00edstica at Universitat Aut\u00f2noma de Barcelona. She is currently\u00a0\u00a0a post-doc researcher at the Institute of Multilingualism, University of Fribourg.\u00a0Her on-going project &#8220;Humanitarians on the move&#8221; (2015-16), directed by Prof. Dr. Alexandre Duch\u00eane, explores language, [&hellip;]<\/p>\n","protected":false},"author":20,"featured_media":88,"parent":0,"menu_order":0,"comment_status":"closed","ping_status":"closed","template":"","meta":{"footnotes":""},"class_list":["post-91","page","type-page","status-publish","has-post-thumbnail","hentry"],"_links":{"self":[{"href":"https:\/\/webs.uab.cat\/cien\/en\/wp-json\/wp\/v2\/pages\/91","targetHints":{"allow":["GET"]}}],"collection":[{"href":"https:\/\/webs.uab.cat\/cien\/en\/wp-json\/wp\/v2\/pages"}],"about":[{"href":"https:\/\/webs.uab.cat\/cien\/en\/wp-json\/wp\/v2\/types\/page"}],"author":[{"embeddable":true,"href":"https:\/\/webs.uab.cat\/cien\/en\/wp-json\/wp\/v2\/users\/20"}],"replies":[{"embeddable":true,"href":"https:\/\/webs.uab.cat\/cien\/en\/wp-json\/wp\/v2\/comments?post=91"}],"version-history":[{"count":1,"href":"https:\/\/webs.uab.cat\/cien\/en\/wp-json\/wp\/v2\/pages\/91\/revisions"}],"predecessor-version":[{"id":422,"href":"https:\/\/webs.uab.cat\/cien\/en\/wp-json\/wp\/v2\/pages\/91\/revisions\/422"}],"wp:featuredmedia":[{"embeddable":true,"href":"https:\/\/webs.uab.cat\/cien\/en\/wp-json\/wp\/v2\/media\/88"}],"wp:attachment":[{"href":"https:\/\/webs.uab.cat\/cien\/en\/wp-json\/wp\/v2\/media?parent=91"}],"curies":[{"name":"wp","href":"https:\/\/api.w.org\/{rel}","templated":true}]}}