{"id":99,"date":"2017-06-22T13:41:20","date_gmt":"2017-06-22T13:41:20","guid":{"rendered":"https:\/\/webs.uab.cat\/cien\/andrea-sunyol-garcia-moreno\/"},"modified":"2022-07-27T10:23:31","modified_gmt":"2022-07-27T10:23:31","slug":"andrea-sunyol-garcia-moreno","status":"publish","type":"page","link":"https:\/\/webs.uab.cat\/cien\/en\/andrea-sunyol-garcia-moreno\/","title":{"rendered":"Andrea Sunyol Garcia-Moreno"},"content":{"rendered":"\n<p><span style=\"text-align: justify;\">Andrea&nbsp;Sunyol (andrea.sunyol@uab.cat)&nbsp;is a PhD Candidate at the Universitat Aut\u00f2noma de Barcelona. Her PhD Thesis, supervised by Dr. Eva Cod\u00f3, explores the discursive and semiotic construction of social inequality in the Catalan education system from a critical ethnographic perspective. It focuses on the relationships between multilingualism, privilege and ideologies of globalism in two elite schools in the area of Barcelona that are undergoing internationalizing processes. This PhD continues the research line of her MA Thesis, a sociolinguistic ethnography on multilingualism in an international school in Catalonia. This piece of work was one of the four selected for the&nbsp;I Jornada Nous Talents en Socioling\u00fc\u00edstica Catalana&nbsp;organised by Societat Catalana de Socioling\u00fc\u00edstica (SOCS-IEC).<\/span><\/p>\n\n\n\n<p>Andrea Sunyol holds an MA in Advanced English Studies (Multilingualism and Acquisition of English); a BA in English Philology; and a BA in Catalan Philology from Universitat Aut\u00f2noma de Barcelona, where she teaches in the English Department, at the Faculty of Arts and Humanities.<\/p>\n\n\n\n<p>She is a member of the research group CIEN (UAB) and is also a co-researcher&nbsp;of the R &amp; D project &#8220;The approvation of English as a global language in Catalan schools: a multilingual, situated and comparative approach (FFI2014-54179-C2-1-P) under the joint project with the University Castilla y la Mancha (UCLM) &#8220;Multilingual Education in the Global Age: Markets, desires, practices and identities among Spanish teenagers in two autonomous communities&#8221; (MUEDGE) -IP: Dr. Eva Cod\u00f3 (UAB).<\/p>\n\n\n\n<p>&nbsp;<\/p>\n\n\n\n<p>My research interests include, broadly, sociolinguistic ethnography, and issues concerning language, the political economy, and the production and reproduction of social inequality. I am particularly interested in language and education, the articulation of privilege in and through education systems, the discursive construction of social identities, affect and language ideologies.<\/p>\n\n\n\n<p>&nbsp;<\/p>\n","protected":false},"excerpt":{"rendered":"<p>Andrea&nbsp;Sunyol (andrea.sunyol@uab.cat)&nbsp;is a PhD Candidate at the Universitat Aut\u00f2noma de Barcelona. Her PhD Thesis, supervised by Dr. Eva Cod\u00f3, explores the discursive and semiotic construction of social inequality in the Catalan education system from a critical ethnographic perspective. It focuses on the relationships between multilingualism, privilege and ideologies of globalism in two elite schools in [&hellip;]<\/p>\n","protected":false},"author":20,"featured_media":96,"parent":0,"menu_order":0,"comment_status":"closed","ping_status":"closed","template":"","meta":{"footnotes":""},"class_list":["post-99","page","type-page","status-publish","has-post-thumbnail","hentry"],"_links":{"self":[{"href":"https:\/\/webs.uab.cat\/cien\/en\/wp-json\/wp\/v2\/pages\/99","targetHints":{"allow":["GET"]}}],"collection":[{"href":"https:\/\/webs.uab.cat\/cien\/en\/wp-json\/wp\/v2\/pages"}],"about":[{"href":"https:\/\/webs.uab.cat\/cien\/en\/wp-json\/wp\/v2\/types\/page"}],"author":[{"embeddable":true,"href":"https:\/\/webs.uab.cat\/cien\/en\/wp-json\/wp\/v2\/users\/20"}],"replies":[{"embeddable":true,"href":"https:\/\/webs.uab.cat\/cien\/en\/wp-json\/wp\/v2\/comments?post=99"}],"version-history":[{"count":1,"href":"https:\/\/webs.uab.cat\/cien\/en\/wp-json\/wp\/v2\/pages\/99\/revisions"}],"predecessor-version":[{"id":424,"href":"https:\/\/webs.uab.cat\/cien\/en\/wp-json\/wp\/v2\/pages\/99\/revisions\/424"}],"wp:featuredmedia":[{"embeddable":true,"href":"https:\/\/webs.uab.cat\/cien\/en\/wp-json\/wp\/v2\/media\/96"}],"wp:attachment":[{"href":"https:\/\/webs.uab.cat\/cien\/en\/wp-json\/wp\/v2\/media?parent=99"}],"curies":[{"name":"wp","href":"https:\/\/api.w.org\/{rel}","templated":true}]}}