{"id":132,"date":"2017-06-22T12:51:37","date_gmt":"2017-06-22T12:51:37","guid":{"rendered":"https:\/\/webs.uab.cat\/cien\/noticias\/"},"modified":"2022-07-27T10:37:35","modified_gmt":"2022-07-27T10:37:35","slug":"noticias","status":"publish","type":"page","link":"https:\/\/webs.uab.cat\/cien\/noticias\/","title":{"rendered":"Not\u00edcias"},"content":{"rendered":"\n<div class=\"wp-block-query is-layout-flow wp-block-query-is-layout-flow\"><ul class=\"wp-block-post-template is-layout-flow wp-block-post-template-is-layout-flow\"><li class=\"wp-block-post post-448 post type-post status-publish format-standard hentry category-noticias\">\n<h2 class=\"wp-block-post-title\"><a href=\"https:\/\/webs.uab.cat\/cien\/2022\/07\/27\/congreso-de-la-asociacion-espanola-de-logopedia-18-de-mayo-2018\/\" target=\"_self\" >Congreso de la Asociaci\u00f3n Espa\u00f1ola de Logopedia, 18 de mayo 2018<\/a><\/h2>\n\n\n\n<div class=\"wp-block-post-excerpt\"><p class=\"wp-block-post-excerpt__excerpt\">Premio&nbsp;a&nbsp;la&nbsp;mejor&nbsp;ponencia El equipo de investigaci\u00f3n formado por la IP Melissa Moyer, la logopeda Marta Gim\u00e9nez del Pont del Drag\u00f3, &nbsp;y Robert de Miguel, arquitecto y usuario de la aplicaci\u00f3n Voiceitt adem\u00e1s &nbsp;de los investigadores &nbsp;Gema Rubio, Ignasi Clemente y el psiquiatra Dr. Jes\u00fas Ru\u00edz&nbsp;&nbsp;presentaron en el Congreso de la Asociaci\u00f3n Espa\u00f1ola de Logopedia celebrado en&hellip; <\/p><\/div>\n\n\n<hr class=\"wp-block-separator has-css-opacity\"\/>\n\n\n<div class=\"wp-block-post-date\"><time datetime=\"2022-07-27T10:36:24+00:00\">27 de julio de 2022<\/time><\/div>\n<\/li><li class=\"wp-block-post post-446 post type-post status-publish format-standard hentry category-noticias\">\n<h2 class=\"wp-block-post-title\"><a href=\"https:\/\/webs.uab.cat\/cien\/2022\/07\/27\/cien-hosting-a-visiting-phd-researcher-peter-browning-ucl\/\" target=\"_self\" >CIEN Hosting a Visiting PhD Researcher Peter Browning (UCL)<\/a><\/h2>\n\n\n\n<div class=\"wp-block-post-excerpt\"><p class=\"wp-block-post-excerpt__excerpt\">&nbsp;Estancia de nvestigaci\u00f3n&nbsp;Peter Browning (UCL) El grupo de investigaci\u00f3n CIEN acoge Peter Browning, investigador doctoral en UCL, Institute of Education. Durante su estancia de investigaci\u00f3n, Browning profundizar\u00e1 sus conocimientos en metodolog\u00edas de investigaci\u00f3n etnogr\u00e1fica y presentar\u00e1 su estudio sobre la implementaci\u00f3n de pol\u00edticas biling\u00fces en Colombia, en el marco del \u201cpost-conflicto\u201d. <\/p><\/div>\n\n\n<hr class=\"wp-block-separator has-css-opacity\"\/>\n\n\n<div class=\"wp-block-post-date\"><time datetime=\"2022-07-27T10:35:50+00:00\">27 de julio de 2022<\/time><\/div>\n<\/li><li class=\"wp-block-post post-444 post type-post status-publish format-standard hentry category-noticias\">\n<h2 class=\"wp-block-post-title\"><a href=\"https:\/\/webs.uab.cat\/cien\/2022\/07\/27\/concurso-la-teva-tesi-en-4-minuts\/\" target=\"_self\" >Concurso \u201cla teva tesi en 4 minuts\u201d<\/a><\/h2>\n\n\n\n<div class=\"wp-block-post-excerpt\"><p class=\"wp-block-post-excerpt__excerpt\">Finalistas en el concurso \u00abTesis en 4 Minutos\u00bb Andrea Sunyol estuvo entre los 10 estudiantes finalistas de la UAB en el concurso \u201ctesis en 4 minutos\u201d organizado por el Consell Interuniversitari de Catalunya, que tuvo lugar el pasado 15 de mayo en el teatro de la UAB. Los participantes hicieron un discurso de 4 minutos&hellip; <\/p><\/div>\n\n\n<hr class=\"wp-block-separator has-css-opacity\"\/>\n\n\n<div class=\"wp-block-post-date\"><time datetime=\"2022-07-27T10:35:29+00:00\">27 de julio de 2022<\/time><\/div>\n<\/li><\/ul><\/div>\n","protected":false},"excerpt":{"rendered":"","protected":false},"author":20,"featured_media":0,"parent":0,"menu_order":0,"comment_status":"closed","ping_status":"closed","template":"","meta":{"footnotes":""},"class_list":["post-132","page","type-page","status-publish","hentry"],"_links":{"self":[{"href":"https:\/\/webs.uab.cat\/cien\/wp-json\/wp\/v2\/pages\/132","targetHints":{"allow":["GET"]}}],"collection":[{"href":"https:\/\/webs.uab.cat\/cien\/wp-json\/wp\/v2\/pages"}],"about":[{"href":"https:\/\/webs.uab.cat\/cien\/wp-json\/wp\/v2\/types\/page"}],"author":[{"embeddable":true,"href":"https:\/\/webs.uab.cat\/cien\/wp-json\/wp\/v2\/users\/20"}],"replies":[{"embeddable":true,"href":"https:\/\/webs.uab.cat\/cien\/wp-json\/wp\/v2\/comments?post=132"}],"version-history":[{"count":1,"href":"https:\/\/webs.uab.cat\/cien\/wp-json\/wp\/v2\/pages\/132\/revisions"}],"predecessor-version":[{"id":450,"href":"https:\/\/webs.uab.cat\/cien\/wp-json\/wp\/v2\/pages\/132\/revisions\/450"}],"wp:attachment":[{"href":"https:\/\/webs.uab.cat\/cien\/wp-json\/wp\/v2\/media?parent=132"}],"curies":[{"name":"wp","href":"https:\/\/api.w.org\/{rel}","templated":true}]}}