{"id":134,"date":"2017-06-22T11:43:05","date_gmt":"2017-06-22T11:43:05","guid":{"rendered":"https:\/\/webs.uab.cat\/cien\/personas\/"},"modified":"2022-07-27T07:46:18","modified_gmt":"2022-07-27T07:46:18","slug":"personas","status":"publish","type":"page","link":"https:\/\/webs.uab.cat\/cien\/personas\/","title":{"rendered":"Personas"},"content":{"rendered":"\n<p><img loading=\"lazy\" decoding=\"async\" class=\" size-full wp-image-59\" style=\"padding: 0px !important; background-color: #ffffff !important;\" src=\"https:\/\/webs.uab.cat\/cien\/wp-content\/uploads\/sites\/88\/2017\/06\/fletxa2.fw_.png\" alt=\"fletxa2.fw_.png\" width=\"15\" height=\"15\"><a href=\"https:\/\/webs.uab.cat\/cien\/melissa-g-moyer\/\" data-type=\"page\" data-id=\"141\">Melissa G. Moyer<\/a><br>&nbsp; &nbsp; melissa.moyer@uab.cat<\/p>\n\n\n\n<p><img loading=\"lazy\" decoding=\"async\" class=\" size-full wp-image-59\" style=\"padding: 0px !important; background-color: #ffffff !important;\" src=\"https:\/\/webs.uab.cat\/cien\/wp-content\/uploads\/sites\/88\/2017\/06\/fletxa2.fw_.png\" alt=\"fletxa2.fw_.png\" width=\"15\" height=\"15\"><a href=\"https:\/\/webs.uab.cat\/cien\/eva-codo\/\" data-type=\"page\" data-id=\"142\">Eva Cod\u00f3<\/a><br>&nbsp; &nbsp; eva.codo@uab.cat<\/p>\n\n\n\n<p><img loading=\"lazy\" decoding=\"async\" class=\" size-full wp-image-59\" style=\"padding: 0px !important; background-color: #ffffff !important;\" src=\"https:\/\/webs.uab.cat\/cien\/wp-content\/uploads\/sites\/88\/2017\/06\/fletxa2.fw_.png\" alt=\"fletxa2.fw_.png\" width=\"15\" height=\"15\"><a href=\"https:\/\/webs.uab.cat\/cien\/monica-heller\/\" data-type=\"page\" data-id=\"143\">Monica Heller<\/a><br>&nbsp; &nbsp; mheller@oise.utoronto.ca<\/p>\n\n\n\n<p><img loading=\"lazy\" decoding=\"async\" class=\" size-full wp-image-59\" style=\"padding: 0px !important; background-color: #ffffff !important;\" src=\"https:\/\/webs.uab.cat\/cien\/wp-content\/uploads\/sites\/88\/2017\/06\/fletxa2.fw_.png\" alt=\"fletxa2.fw_.png\" width=\"15\" height=\"15\"><a href=\"https:\/\/webs.uab.cat\/cien\/alexandre-duchene\/\" data-type=\"page\" data-id=\"144\">Alexandre Duch\u00eane<\/a><br>&nbsp; &nbsp; alexandre.duchene@unifr.ch<\/p>\n\n\n\n<p><img loading=\"lazy\" decoding=\"async\" class=\" size-full wp-image-59\" style=\"padding: 0px !important; background-color: #ffffff !important;\" src=\"https:\/\/webs.uab.cat\/cien\/wp-content\/uploads\/sites\/88\/2017\/06\/fletxa2.fw_.png\" alt=\"fletxa2.fw_.png\" width=\"15\" height=\"15\"><a href=\"https:\/\/webs.uab.cat\/cien\/gabriele-budach\/\" data-type=\"page\" data-id=\"145\">Gabriele Budach<\/a><br>&nbsp; &nbsp; G.Budach@soton.ac.uk<\/p>\n\n\n\n<p><img loading=\"lazy\" decoding=\"async\" class=\" size-full wp-image-59\" style=\"padding: 0px !important; background-color: #ffffff !important;\" src=\"https:\/\/webs.uab.cat\/cien\/wp-content\/uploads\/sites\/88\/2017\/06\/fletxa2.fw_.png\" alt=\"fletxa2.fw_.png\" width=\"15\" height=\"15\"><a href=\"https:\/\/webs.uab.cat\/cien\/maria-rosa-garrido-sarda\/\" data-type=\"page\" data-id=\"146\">Maria Rosa Garrido Sard\u00e0<\/a><br>&nbsp; &nbsp; mariarosa.garridosarda@unifr.ch<\/p>\n\n\n\n<p><img loading=\"lazy\" decoding=\"async\" class=\" size-full wp-image-59\" style=\"padding: 0px !important; background-color: #ffffff !important;\" src=\"https:\/\/webs.uab.cat\/cien\/wp-content\/uploads\/sites\/88\/2017\/06\/fletxa2.fw_.png\" alt=\"fletxa2.fw_.png\" width=\"15\" height=\"15\"><a href=\"https:\/\/webs.uab.cat\/cien\/massimiliano-paolo-sassi\/\" data-type=\"page\" data-id=\"147\">Massimiliano Paolo Sassi<\/a><br>&nbsp; &nbsp; massimilianopaolo.sassi@e-campus.uab.cat<\/p>\n\n\n\n<p><img loading=\"lazy\" decoding=\"async\" class=\" size-full wp-image-59\" style=\"padding: 0px !important; background-color: #ffffff !important;\" src=\"https:\/\/webs.uab.cat\/cien\/wp-content\/uploads\/sites\/88\/2017\/06\/fletxa2.fw_.png\" alt=\"fletxa2.fw_.png\" width=\"15\" height=\"15\"><a href=\"https:\/\/webs.uab.cat\/cien\/andrea-sunyol-garcia-moreno\/\" data-type=\"page\" data-id=\"148\">Andrea Sunyol Garcia-Moreno<\/a><br>&nbsp; &nbsp; andrea.sunyol@uab.cat<\/p>\n\n\n\n<p><img loading=\"lazy\" decoding=\"async\" class=\" size-full wp-image-59\" style=\"padding: 0px !important; background-color: #ffffff !important;\" src=\"https:\/\/webs.uab.cat\/cien\/wp-content\/uploads\/sites\/88\/2017\/06\/fletxa2.fw_.png\" alt=\"fletxa2.fw_.png\" width=\"15\" height=\"15\"><a href=\"https:\/\/webs.uab.cat\/cien\/gema-rubio-carbonero\/\" data-type=\"page\" data-id=\"149\">Gema Rubio Carbonero<\/a><br>&nbsp; &nbsp; gema.rubio@uab.cat<\/p>\n\n\n\n<p><img loading=\"lazy\" decoding=\"async\" class=\" size-full wp-image-59\" style=\"padding: 0px !important; background-color: #ffffff !important;\" src=\"https:\/\/webs.uab.cat\/cien\/wp-content\/uploads\/sites\/88\/2017\/06\/fletxa2.fw_.png\" alt=\"fletxa2.fw_.png\" width=\"15\" height=\"15\"><a href=\"https:\/\/webs.uab.cat\/cien\/hanna-klimava\/\" data-type=\"page\" data-id=\"150\">Hanna Klimava<\/a><br>&nbsp; &nbsp; Hanna.Klimava@uab.cat<\/p>\n\n\n\n<p><img loading=\"lazy\" decoding=\"async\" class=\" size-full wp-image-59\" style=\"padding: 0px !important;\" src=\"https:\/\/webs.uab.cat\/cien\/wp-content\/uploads\/sites\/88\/2017\/06\/fletxa2.fw_.png\" alt=\"fletxa2.fw_.png\" width=\"15\" height=\"15\"><a href=\"https:\/\/webs.uab.cat\/cien\/adriana-patino-santos\/\" data-type=\"page\" data-id=\"228\">Adriana Pati\u00f1o-Santos<\/a><br>&nbsp; &nbsp; A.Patino@soton.ac.uk<\/p>\n\n\n\n<p><img loading=\"lazy\" decoding=\"async\" class=\" size-full wp-image-59\" style=\"padding: 0px !important;\" src=\"https:\/\/webs.uab.cat\/cien\/wp-content\/uploads\/sites\/88\/2017\/06\/fletxa2.fw_.png\" alt=\"fletxa2.fw_.png\" width=\"15\" height=\"15\"><a href=\"https:\/\/webs.uab.cat\/cien\/ignasi-clemente\/\" data-type=\"page\" data-id=\"239\">Ignasi Clemente<\/a><br>ignasiclemente@gmail.com<\/p>\n","protected":false},"excerpt":{"rendered":"<p>Melissa G. Moyer&nbsp; &nbsp; melissa.moyer@uab.cat Eva Cod\u00f3&nbsp; &nbsp; eva.codo@uab.cat Monica Heller&nbsp; &nbsp; mheller@oise.utoronto.ca Alexandre Duch\u00eane&nbsp; &nbsp; alexandre.duchene@unifr.ch Gabriele Budach&nbsp; &nbsp; G.Budach@soton.ac.uk Maria Rosa Garrido Sard\u00e0&nbsp; &nbsp; mariarosa.garridosarda@unifr.ch Massimiliano Paolo Sassi&nbsp; &nbsp; massimilianopaolo.sassi@e-campus.uab.cat Andrea Sunyol Garcia-Moreno&nbsp; &nbsp; andrea.sunyol@uab.cat Gema Rubio Carbonero&nbsp; &nbsp; gema.rubio@uab.cat Hanna Klimava&nbsp; &nbsp; Hanna.Klimava@uab.cat Adriana Pati\u00f1o-Santos&nbsp; &nbsp; A.Patino@soton.ac.uk Ignasi Clementeignasiclemente@gmail.com<\/p>\n","protected":false},"author":20,"featured_media":59,"parent":0,"menu_order":0,"comment_status":"closed","ping_status":"closed","template":"","meta":{"footnotes":""},"class_list":["post-134","page","type-page","status-publish","has-post-thumbnail","hentry"],"_links":{"self":[{"href":"https:\/\/webs.uab.cat\/cien\/wp-json\/wp\/v2\/pages\/134","targetHints":{"allow":["GET"]}}],"collection":[{"href":"https:\/\/webs.uab.cat\/cien\/wp-json\/wp\/v2\/pages"}],"about":[{"href":"https:\/\/webs.uab.cat\/cien\/wp-json\/wp\/v2\/types\/page"}],"author":[{"embeddable":true,"href":"https:\/\/webs.uab.cat\/cien\/wp-json\/wp\/v2\/users\/20"}],"replies":[{"embeddable":true,"href":"https:\/\/webs.uab.cat\/cien\/wp-json\/wp\/v2\/comments?post=134"}],"version-history":[{"count":2,"href":"https:\/\/webs.uab.cat\/cien\/wp-json\/wp\/v2\/pages\/134\/revisions"}],"predecessor-version":[{"id":320,"href":"https:\/\/webs.uab.cat\/cien\/wp-json\/wp\/v2\/pages\/134\/revisions\/320"}],"wp:featuredmedia":[{"embeddable":true,"href":"https:\/\/webs.uab.cat\/cien\/wp-json\/wp\/v2\/media\/59"}],"wp:attachment":[{"href":"https:\/\/webs.uab.cat\/cien\/wp-json\/wp\/v2\/media?parent=134"}],"curies":[{"name":"wp","href":"https:\/\/api.w.org\/{rel}","templated":true}]}}