{"id":146,"date":"2017-06-22T13:33:52","date_gmt":"2017-06-22T13:33:52","guid":{"rendered":"https:\/\/webs.uab.cat\/cien\/maria-rosa-garrido-sarda\/"},"modified":"2022-07-27T07:55:33","modified_gmt":"2022-07-27T07:55:33","slug":"maria-rosa-garrido-sarda","status":"publish","type":"page","link":"https:\/\/webs.uab.cat\/cien\/maria-rosa-garrido-sarda\/","title":{"rendered":"Maria Rosa Garrido Sard\u00e0"},"content":{"rendered":"\n<p><strong>Maria Rosa Garrido Sard\u00e0<\/strong>, (<a href=\"mailto:mariarosa.garrido@uab.cat\" target=\"_blank\" rel=\"noopener\">m<\/a>ariarosa.garridosarda@unifr.ch), es miembro del grupo de investigaci\u00f3n Comunicaci\u00f3n Intercultural y Estrategias de Negociaci\u00f3n del Departamento de Filolog\u00eda Inglesa y de German\u00edstica de la Universitat Aut\u00f2noma de Barcelona. Actualmente es investigadora postdoc en el Instituto del Pluriling\u00fcismo, Universit\u00e9 de Fribourg\/ Universit\u00e4t Freiburg (Suiza). Su proyecto en curso \u00abHumanitarians on the move\u00bb (2015-16), sueprvisado por el Prof. Dr. Alexandre Duch\u00eane, investiga la lengua, la movilidad y la identidad en las trayectorias de trabajadores cualificados que cruzan fronteras ling\u00fc\u00edsticas y nacionales para trabajar en el sector humanitario.&nbsp; Sus intereses de investigaci\u00f3n abarcan la lengua, las movilidades transnacionales y la exclusi\u00f3n social; la construcci\u00f3n interdiscursiva de las identidades transnacionales en ONG y movimientos sociales; as\u00ed como el multiling\u00fcismo en la acogida ling\u00fc\u00edstica de personas adultas reci\u00e9n llegadas en contextos no formales. Su reciente tesis doctoral (UAB, 2014), supervisada por la Dra. Eva Cod\u00f3, es una etnograf\u00eda socioling\u00fc\u00edstica cr\u00edtica en m\u00faltiples contextos sobre un movimiento social llamado Ema\u00fas.&nbsp;<a href=\"https:\/\/unifr.academia.edu\/MariaRosaGarridoSard%C3%A0\">Perfil en Academia.edu<\/a><\/p>\n\n\n\n<h2 class=\"wp-block-heading\"><strong>Publicaciones<\/strong><\/h2>\n\n\n\n<ul class=\"wp-block-list\"><li>Garrido, Maria Rosa (accepted, 2018). Storytelling practices in the construction of sameness in a transnational social movement. In Adriana Pati\u00f1o-Santos and Ana Mar\u00eda Rela\u00f1o-Pastor (Eds.), Storytelling in Globalized Spaces: A Linguistic Ethnographic Perspective. Special Issue of\u00a0<em>International Journal of the Sociology of Language.\u00a0<\/em><\/li><li>Sabat\u00e9 Dalmau, Maria; Garrido, Maria Rosa &amp; Cod\u00f3, Eva (2017).\u00a0Language-mediated Services for Migrants: Monolingualist Institutional Regimes and Translinguistic User Practices. In Suresh Canagarajah (Ed.),\u00a0<em>The Routledge Handbook of Migration and Language.<\/em>\u00a0London: Routledge.<\/li><li>Garrido, Maria Rosa (2017). Multilingualism\u202fand cosmopolitanism in the construction of a humanitarian elite. In Adam Jaworski and Crispin Thurlow (Eds.), Elite discourse: The rhethorics of status and privilege, Special Issue of\u00a0<em>Social Semiotics<\/em>, 27 (3): 359-369.\u00a0<\/li><li>Garrido, Maria Rosa &amp; Cod\u00f3, Eva (2017).\u00a0Deskilling and delanguaging African migrants in Barcelona: Pathways of labour market incorporation and the value of \u00abglobal\u00bb English.\u00a0<em>Globalisation, Societies and Education<\/em>, 15 (1): 29-49.\u00a0<\/li><li>Garrido, Maria Rosa (2016). \u00abThe homeless charity that works\u202f\u00bb: A critical sociolinguistic analysis of charity discourses and English-only ideologies in Emmaus London. In Mi-Cha Flubacher, Catherine Diederich &amp; Philipp Dankel (Eds.), New perspectives in empirical linguistics: Studies from young researchers in Switzerland, Special Issue of\u00a0<em>Bulletin Suisse de Linguistique Apliqu\u00e9e<\/em>, 104: 9-26.\u202f\u00a0<\/li><li>Garrido, Maria Rosa &amp; Moore, Emilee (2016).\u00a0\u201cWe can speak we do it our way\u201d: Linguistic ideologies in Catalan adolescents\u2019 language biography raps. En Emilee Moore, Maria Rosa Garrido &amp; Cristina Aliagas (Eds.) Hip Hop, language and identity: Bridging organic learning and institutional learning spaces, Special Issue of\u00a0<em>Linguistics and Education.<\/em>\u00a0<a href=\"http:\/\/dx.doi.org\/10.1016\/j.linged.2016.07.006\">http:\/\/dx.doi.org\/10.1016\/j.linged.2016.07.006<\/a><\/li><li>Aliagas, Cristina; Garrido, Maria Rosa &amp; Moore, Emilee (2016).\u00a0Hip Hop, language and identity: Bridging organic learning and institutional learning spaces. En Emilee Moore, Maria Rosa Garrido &amp; Cristina Aliagas (Eds.) Hip Hop, language and identity: Bridging organic learning and institutional learning spaces, Special Issue of\u00a0<em>Linguistics and Education<\/em>.<a href=\"http:\/\/dx.doi.org\/10.1016\/j.linged.2016.08.001\">http:\/\/dx.doi.org\/10.1016\/j.linged.2016.08.001<\/a><\/li><li>Garrido, Maria Rosa &amp; Oliva, Xavier. 2015.\u00a0A multilingual, collaborative and functional literacy approach to Catalan language learning in a voluntary settlement project.\u00a0In: Simpson, James &amp; Whiteside, Anne (Eds.),\u00a0A<em>dult language education and migration: Challenging agendas in policy and practice\u00a0<\/em>(pp.94-106)<em>.\u00a0<\/em>London: Routledge.<\/li><li>Garrido, Maria Rosa. 2014. Emmaus as a transnational imagined community: Language, interdiscursivity and stratification in a social movement. Tesis doctoral no publicada: Universitat Aut\u00f2noma de Barcelona. TDX:\u00a0<a href=\"http:\/\/www.tdx.cat\/handle\/10803\/285359\">http:\/\/www.tdx.cat\/handle\/10803\/285359<\/a><\/li><li>Garrido, Maria Rosa &amp; Cod\u00f3, Eva. 2014. Deskilling and delanguaging African migrants in Barcelona: Pathways of labour market incorporation and the vlaue of \u00abglobal\u00bb English.\u00a0<em>Globalisation, Societies and Education.<\/em>\u00a0<\/li><li>Cod\u00f3, Eva &amp; Garrido, Maria Rosa. 2014. Shifting discourses of migrant incorporation at a time of crisis: Understanding the articulation of language and labour in the Catalan non-governmental sector.\u00a0<em>International Journal of Multilingualism<\/em>, 11 (4), p. 389-408.\u00a0<\/li><li>Garrido, Maria Rosa. 2013. La gesti\u00f3 del multiling\u00fcisme en els serveis d\u2019acollida de les ONG: un estudi de cas. En: Vila, F. Xavier i Salvat, E. (Eds.),\u00a0<em>Noves immigracions i lleng\u00fces<\/em>. Barcelona: MRR.<\/li><li>Garrido, Maria Rosa. 2010.\u00a0<em>\u2019If you slept in Catalunya you know that here it\u2019s a paradise\u2019: Multilingual Practices and Ideologies in a Residential Project for Migrants.<\/em>\u00a0Trabajo de investigaci\u00f3n no publicado: Universitat Aut\u00f2noma de Barcelona<\/li><li>Cod\u00f3, Eva y Maria Rosa Garrido. 2010. Ideologies and practices of multilingualism in bureaucratic and legal advice encounters. En M\u00e1rquez-Reiter, R.\u00a0y L. Martin Rojo (eds.) Sociolinguistic and pragmatic aspects of institutional discourse: Service encounters in multilingual and multicultural contexts, n\u00famero especial de\u00a0<em>Sociolinguistic Studies\u00a0<\/em>4 (2): 297-332.<\/li><li>Garrido, Maria Rosa. 2010.\u00a0Tensions ideol\u00f2giques sobre \u00abla llengua d\u2019acollida\u00bb en un projecte residencial per a migrants.\u00a0<em>Llengua, societat i comunicaci\u00f3\u00a0<\/em>8: 9-26.<\/li><\/ul>\n\n\n\n<h2 class=\"wp-block-heading\"><strong>Curr\u00edculum<\/strong><\/h2>\n\n\n\n<p><a rel=\"noopener\" href=\"http:\/\/groupcien.uab.es\/documents\/CV_UNIFR_JUL2016FINAL.pdf\" target=\"_blank\">Descarga el curr\u00edculum de Maria Rosa Garrido Sard\u00e0<\/a><\/p>\n","protected":false},"excerpt":{"rendered":"<p>Maria Rosa Garrido Sard\u00e0, (mariarosa.garridosarda@unifr.ch), es miembro del grupo de investigaci\u00f3n Comunicaci\u00f3n Intercultural y Estrategias de Negociaci\u00f3n del Departamento de Filolog\u00eda Inglesa y de German\u00edstica de la Universitat Aut\u00f2noma de Barcelona. Actualmente es investigadora postdoc en el Instituto del Pluriling\u00fcismo, Universit\u00e9 de Fribourg\/ Universit\u00e4t Freiburg (Suiza). Su proyecto en curso \u00abHumanitarians on the move\u00bb (2015-16), [&hellip;]<\/p>\n","protected":false},"author":20,"featured_media":88,"parent":0,"menu_order":0,"comment_status":"closed","ping_status":"closed","template":"","meta":{"footnotes":""},"class_list":["post-146","page","type-page","status-publish","has-post-thumbnail","hentry"],"_links":{"self":[{"href":"https:\/\/webs.uab.cat\/cien\/wp-json\/wp\/v2\/pages\/146","targetHints":{"allow":["GET"]}}],"collection":[{"href":"https:\/\/webs.uab.cat\/cien\/wp-json\/wp\/v2\/pages"}],"about":[{"href":"https:\/\/webs.uab.cat\/cien\/wp-json\/wp\/v2\/types\/page"}],"author":[{"embeddable":true,"href":"https:\/\/webs.uab.cat\/cien\/wp-json\/wp\/v2\/users\/20"}],"replies":[{"embeddable":true,"href":"https:\/\/webs.uab.cat\/cien\/wp-json\/wp\/v2\/comments?post=146"}],"version-history":[{"count":1,"href":"https:\/\/webs.uab.cat\/cien\/wp-json\/wp\/v2\/pages\/146\/revisions"}],"predecessor-version":[{"id":334,"href":"https:\/\/webs.uab.cat\/cien\/wp-json\/wp\/v2\/pages\/146\/revisions\/334"}],"wp:featuredmedia":[{"embeddable":true,"href":"https:\/\/webs.uab.cat\/cien\/wp-json\/wp\/v2\/media\/88"}],"wp:attachment":[{"href":"https:\/\/webs.uab.cat\/cien\/wp-json\/wp\/v2\/media?parent=146"}],"curies":[{"name":"wp","href":"https:\/\/api.w.org\/{rel}","templated":true}]}}